{"id":230,"date":"2025-04-10T12:08:58","date_gmt":"2025-04-10T12:08:58","guid":{"rendered":"https:\/\/red-lighttherapy.com\/?post_type=product&#038;p=230"},"modified":"2025-04-10T12:20:59","modified_gmt":"2025-04-10T12:20:59","slug":"custom-advent-calendar-skincare-beauty-gift-box-wholesale","status":"publish","type":"product","link":"https:\/\/red-lighttherapy.com\/pl\/custom-advent-calendar-skincare-beauty-gift-box-wholesale\/","title":{"rendered":"Niestandardowy kalendarz adwentowy Piel\u0119gnacja sk\u00f3ry Pude\u0142ko upominkowe Hurtownia"},"content":{"rendered":"<h2 id=\"customized-christmas-countdown-calendar-skin-care-beauty-gift-box-product-description\">Niestandardowy kalendarz adwentowy Piel\u0119gnacja sk\u00f3ry Pude\u0142ko upominkowe Hurtownia Opis produktu<\/h2>\n<h2 id=\"-i-product-design-concept-\"><strong>1. Koncepcja projektu produktu<\/strong><\/h2>\n<p>Pude\u0142ko upominkowe Christmas Countdown Calendar Skin Care Beauty Gift Box \u0142\u0105czy w sobie \u015bwi\u0105teczn\u0105 atmosfer\u0119 z piel\u0119gnacj\u0105 sk\u00f3ry i tworzy kreatywne pude\u0142ko upominkowe, kt\u00f3re jest zar\u00f3wno estetyczne, jak i funkcjonalne. Pude\u0142ko upominkowe wykorzystuje srebrno-szar\u0105 specjaln\u0105 papierow\u0105 pow\u0142ok\u0119, a jego powierzchnia jest zintegrowana z technologi\u0105 brokatu. Pod wp\u0142ywem za\u0142amuj\u0105cego si\u0119 \u015bwiat\u0142a powstaje efekt b\u0142yszcz\u0105cej gwiazdy. Dzi\u0119ki dwuskrzyd\u0142owej konstrukcji wieczka, otwieranie i zamykanie pokazuje regularny uk\u0142ad siatki wewn\u0105trz, kt\u00f3ry ma silny wp\u0142yw wizualny i wysokiej jako\u015bci tekstur\u0119, spe\u0142niaj\u0105c potrzeby m\u0142odych grup w zakresie personalizacji i wykwintno\u015bci.<\/p>\n<h2 id=\"-ii-core-functions-and-design-highlights-\"><strong>2. Podstawowe funkcje i najwa\u017cniejsze cechy konstrukcyjne<\/strong><\/h2>\n<ol>\n<li><strong>Wygl\u0105d i materia\u0142<\/strong><\/li>\n<li><strong>Specjalna pow\u0142oka papierowa<\/strong>: Wybierany jest specjalny papier per\u0142owy lub papier brokatowy, srebrnoszara podstawa jest dopasowana do brokatowej pow\u0142oki, kt\u00f3ra ma delikatny dotyk i jest odporna na zu\u017cycie i sk\u0142adanie, zwi\u0119kszaj\u0105c luksus i ochron\u0119 \u015brodowiska pude\u0142ka upominkowego.<\/li>\n<li><strong>Struktura dwuskrzyd\u0142owa<\/strong>: Pokrywa pude\u0142ka jest otwierana i zamykana magnetycznie. Po otwarciu, 18 ma\u0142ych kwadrat\u00f3w wewn\u0105trz jest widocznych na pierwszy rzut oka, co jest wygodne do wy\u015bwietlania rytualnego poczucia ekspozycji produktu.<\/li>\n<li><strong>Interaktywna struktura wewn\u0119trzna<\/strong><\/li>\n<li><strong>Cyfrowa kostka<\/strong>: Ka\u017cdy kwadrat ma wbudowan\u0105 bia\u0142\u0105 akrylow\u0105 lub przyjazn\u0105 dla \u015brodowiska papierow\u0105 kostk\u0119 z czarnymi wyt\u0142oczonymi cyframi (1-18) nadrukowanymi na powierzchni, umo\u017cliwiaj\u0105cymi spersonalizowane oznaczanie dat (np. odliczanie \u015bwi\u0105teczne, cykl rocznicowy).<\/li>\n<li><strong>Elastyczny projekt dost\u0119pu<\/strong>: Kostki mo\u017cna wyjmowa\u0107 oddzielnie, co jest wygodne dla konsument\u00f3w do otwierania wed\u0142ug daty i zwi\u0119ksza przyjemno\u015b\u0107 u\u017cytkowania; ma\u0142e pude\u0142ko mo\u017cna dostosowa\u0107 do r\u00f3\u017cnych specyfikacji pr\u00f3bek do piel\u0119gnacji sk\u00f3ry lub mini makija\u017cu (takich jak 5 ml esencji, 3 g kremu).<\/li>\n<li><strong>Mo\u017cliwo\u015b\u0107 zastosowania w wielu scenach<\/strong><\/li>\n<li><strong>Personalizacja wakacyjna<\/strong>: Obs\u0142uguje dostosowywanie zakresu liczb (np. 1-24) lub zast\u0119powanie \u015bwi\u0105tecznych wzor\u00f3w tematycznych (\u015bwi\u0105teczne p\u0142atki \u015bniegu, walentynkowe serca), odpowiednich na Bo\u017ce Narodzenie, urodziny, rocznice i inne sceny.<\/li>\n<li><strong>Wsp\u00f3\u0142tworzenie marki<\/strong>: Logo marki mo\u017ce by\u0107 wyt\u0142oczone na gor\u0105co na pow\u0142oce lub kategorie okre\u015blone przez klienta (takie jak pr\u00f3bki perfum, krem do r\u0105k) mog\u0105 by\u0107 zintegrowane z wbudowan\u0105 kombinacj\u0105 produkt\u00f3w, aby zwi\u0119kszy\u0107 ekskluzywno\u015b\u0107 marki.<\/li>\n<\/ol>\n<h2 id=\"-three-customized-service-solutions-\"><strong>3. Indywidualne rozwi\u0105zania serwisowe<\/strong><\/h2>\n<ol>\n<li><strong>Projektowanie opakowa\u0144<\/strong><\/li>\n<li><strong>Wyb\u00f3r materia\u0142u<\/strong>: Zapewnia papier per\u0142owy, papier dotykowy, papier wype\u0142niony sk\u00f3r\u0105 i inne specjalne opcje papieru, obs\u0142uguje t\u0142oczenie na gor\u0105co, druk UV, wyt\u0142aczanie i inne procesy.<\/li>\n<li><strong>Kolor i wz\u00f3r<\/strong>: Opr\u00f3cz srebrno-szarego brokatu mo\u017cna dostosowa\u0107 ciemnoniebieskie z\u0142ocenia, r\u00f3\u017cowe z\u0142oto i inne kolory lub doda\u0107 \u015bwi\u0105teczne ilustracje (takie jak zimowa gwia\u017adzista noc, motyw zorzy polarnej).<\/li>\n<li><strong>Konfiguracja zawarto\u015bci<\/strong><\/li>\n<li><strong>Po\u0142\u0105czenie produkt\u00f3w<\/strong>: Dopasuj produkty do piel\u0119gnacji sk\u00f3ry, makija\u017cu, pr\u00f3bki zapach\u00f3w zgodnie z potrzebami klienta lub dodaj interaktywne karty, kupony i inne tre\u015bci o warto\u015bci dodanej.<\/li>\n<li><strong>Dostosowanie specyfikacji<\/strong>: Obs\u0142uga regulacji rozmiaru kostki, kompatybilna z produktami o r\u00f3\u017cnych pojemno\u015bciach.<\/li>\n<li><strong>Zalety zakupu wsadowego<\/strong><\/li>\n<li><strong>Elastyczna minimalna ilo\u015b\u0107 zam\u00f3wienia<\/strong>: Dostarczanie ma\u0142ych partii zam\u00f3wie\u0144 pr\u00f3bnych do us\u0142ug produkcyjnych na du\u017c\u0105 skal\u0119, aby zaspokoi\u0107 potrzeby promocji marki, prezent\u00f3w korporacyjnych itp.<\/li>\n<li><strong>Certyfikacja \u015brodowiskowa<\/strong>: U\u017cywaj papieru z certyfikatem FSC i materia\u0142\u00f3w degradowalnych, aby sprosta\u0107 trendowi zr\u00f3wnowa\u017conych opakowa\u0144.<\/li>\n<\/ol>\n<h2 id=\"-fourth-applicable-scenarios-and-marketing-value-\"><strong>4. Odpowiednie scenariusze i warto\u015b\u0107 marketingowa<\/strong><\/h2>\n<ul>\n<li><strong>Marketing wakacyjny<\/strong>: Jako \u015bwi\u0105teczne pude\u0142ko z limitowanej edycji przyci\u0105ga konsument\u00f3w koncepcj\u0105 \"jednej niespodzianki dziennie\" i zwi\u0119ksza lojalno\u015b\u0107 wobec marki.<\/li>\n<li><strong>Prezent dla cz\u0142onka<\/strong>: W po\u0142\u0105czeniu z wysokiej klasy produktami do piel\u0119gnacji sk\u00f3ry lub ekskluzywnymi nowymi produktami, s\u0142u\u017cy do obs\u0142ugi klienta VIP lub dzia\u0142a\u0144 zwi\u0105zanych z wymian\u0105 punkt\u00f3w.<\/li>\n<li><strong>Komunikacja w mediach spo\u0142eczno\u015bciowych<\/strong>: Dzi\u0119ki warto\u015bciowemu projektowi i interaktywnej rozgrywce inspiruje u\u017cytkownik\u00f3w do rozpakowywania i udost\u0119pniania, a tak\u017ce zwi\u0119ksza ekspozycj\u0119 marki.<\/li>\n<\/ul>\n<h2 id=\"-five-technical-parameters-and-delivery-\"><strong>5. Parametry techniczne i dostawa<\/strong><\/h2>\n<ul>\n<li><strong>Rozmiar<\/strong>: Mo\u017cna go dostosowa\u0107 do w\u0142asnych potrzeb.<\/li>\n<li><strong>Cykl produkcyjny<\/strong>7-14 dni roboczych (w zale\u017cno\u015bci od z\u0142o\u017cono\u015bci personalizacji).<\/li>\n<li><strong>Opakowanie<\/strong>: Ka\u017cde pude\u0142ko upominkowe jest wyposa\u017cone w worek na kurz i wst\u0105\u017ck\u0119 upominkow\u0105 oraz obs\u0142uguje niestandardowe drukowanie zewn\u0119trznego pude\u0142ka upominkowego.<\/li>\n<\/ul>","protected":false},"excerpt":{"rendered":"<p>Pude\u0142ko na kalendarz adwentowy ma kwadratowy kszta\u0142t, srebrnoszar\u0105 pow\u0142ok\u0119 zewn\u0119trzn\u0105 i b\u0142yszcz\u0105cy brokat na powierzchni. Wykonane jest ze specjalnego papieru, dzi\u0119ki czemu ca\u0142e pude\u0142ko jest ol\u015bniewaj\u0105ce wizualnie i ma wyj\u0105tkow\u0105 tekstur\u0119.<\/p>","protected":false},"featured_media":232,"template":"","meta":{"_kad_post_transparent":"default","_kad_post_title":"","_kad_post_layout":"default","_kad_post_sidebar_id":"","_kad_post_content_style":"default","_kad_post_vertical_padding":"default","_kad_post_feature":"","_kad_post_feature_position":"","_kad_post_header":false,"_kad_post_footer":false,"_kad_post_classname":""},"product_brand":[],"product_cat":[15,28,17],"product_tag":[62,63,64],"class_list":{"0":"post-230","1":"product","2":"type-product","3":"status-publish","4":"has-post-thumbnail","6":"product_cat-red-light-therapy","7":"product_cat-customize","8":"product_cat-services","9":"product_tag-advent-calendar-skincare-box","10":"product_tag-beauty-gift-box-wholesale","11":"product_tag-skincare-gift-box","13":"first","14":"instock","15":"shipping-taxable","16":"product-type-simple","17":"entry","18":"content-bg","19":"loop-entry"},"_links":{"self":[{"href":"https:\/\/red-lighttherapy.com\/pl\/wp-json\/wp\/v2\/product\/230","targetHints":{"allow":["GET"]}}],"collection":[{"href":"https:\/\/red-lighttherapy.com\/pl\/wp-json\/wp\/v2\/product"}],"about":[{"href":"https:\/\/red-lighttherapy.com\/pl\/wp-json\/wp\/v2\/types\/product"}],"wp:featuredmedia":[{"embeddable":true,"href":"https:\/\/red-lighttherapy.com\/pl\/wp-json\/wp\/v2\/media\/232"}],"wp:attachment":[{"href":"https:\/\/red-lighttherapy.com\/pl\/wp-json\/wp\/v2\/media?parent=230"}],"wp:term":[{"taxonomy":"product_brand","embeddable":true,"href":"https:\/\/red-lighttherapy.com\/pl\/wp-json\/wp\/v2\/product_brand?post=230"},{"taxonomy":"product_cat","embeddable":true,"href":"https:\/\/red-lighttherapy.com\/pl\/wp-json\/wp\/v2\/product_cat?post=230"},{"taxonomy":"product_tag","embeddable":true,"href":"https:\/\/red-lighttherapy.com\/pl\/wp-json\/wp\/v2\/product_tag?post=230"}],"curies":[{"name":"wp","href":"https:\/\/api.w.org\/{rel}","templated":true}]}}