{"id":224,"date":"2025-04-10T11:54:03","date_gmt":"2025-04-10T11:54:03","guid":{"rendered":"https:\/\/red-lighttherapy.com\/?post_type=product&#038;p=224"},"modified":"2025-04-10T12:08:39","modified_gmt":"2025-04-10T12:08:39","slug":"high-quality-customized-jewelry-drawer-gift-box-wholesale","status":"publish","type":"product","link":"https:\/\/red-lighttherapy.com\/pl\/high-quality-customized-jewelry-drawer-gift-box-wholesale\/","title":{"rendered":"Wysokiej jako\u015bci niestandardowe pude\u0142ko na bi\u017cuteri\u0119 z szuflad\u0105 hurtowo"},"content":{"rendered":"<h2 id=\"-high-quality-custom-jewelry-drawer-gift-box-product-description-\"><strong>Wysokiej jako\u015bci niestandardowe pude\u0142ko na bi\u017cuteri\u0119 Opis produktu<\/strong><\/h2>\n<h2 id=\"-1-environmentally-friendly-materials-ingenious-choice-\"><strong>1. Materia\u0142y przyjazne dla \u015brodowiska, pomys\u0142owy wyb\u00f3r<\/strong><\/h2>\n<p>To pude\u0142ko na bi\u017cuteri\u0119 wykorzystuje\u00a0<strong>papier powlekany i pojedyncza czarna szara tektura<\/strong>\u00a0jako podstawowe materia\u0142y, bior\u0105c pod uwag\u0119 zar\u00f3wno ochron\u0119 \u015brodowiska, jak i trwa\u0142o\u015b\u0107.<\/p>\n<ul>\n<li><strong>Papier powlekany<\/strong>: Powierzchnia jest g\u0142adka i delikatna, a wysoki po\u0142ysk zapewnia pe\u0142ny kolor nadruku. Jednocze\u015bnie ma doskona\u0142\u0105 odporno\u015b\u0107 na rozdarcia i nacisk, zapewniaj\u0105c solidn\u0105 ochron\u0119 bi\u017cuterii.<\/li>\n<li><strong>Pojedyncza szaro-czarna tablica<\/strong>: Jest przetwarzany przy u\u017cyciu przyjaznej dla \u015brodowiska technologii, nie ma dra\u017cni\u0105cego zapachu, jest zgodny z mi\u0119dzynarodowymi normami \u015brodowiskowymi (takimi jak RoHS), ma zar\u00f3wno sztywno\u015b\u0107, jak i odporno\u015b\u0107 na odkszta\u0142cenia i nadaje si\u0119 do transportu na du\u017ce odleg\u0142o\u015bci i d\u0142ugotrwa\u0142ego przechowywania.<\/li>\n<li><strong>Certyfikacja \u015brodowiskowa<\/strong>: Wszystkie materia\u0142y przesz\u0142y certyfikacj\u0119 le\u015bn\u0105 FSC i testy degradowalno\u015bci, pomagaj\u0105c marce w realizacji koncepcji zr\u00f3wnowa\u017conego rozwoju.<\/li>\n<\/ul>\n<h2 id=\"-two-and-four-color-printing-technology-artistic-brand-expression-\"><strong>2. Czterokolorowa technologia druku, artystyczna ekspresja marki<\/strong><\/h2>\n<p>Przez\u00a0<strong>Technologia druku czterokolorowego (CMYK)<\/strong>LOGO marki i elementy wizualne s\u0105 dok\u0142adnie odtworzone, nadaj\u0105c pude\u0142ku prezentowemu artystyczn\u0105 prezentacj\u0119:<\/p>\n<ul>\n<li><strong>Drukowanie w wysokiej rozdzielczo\u015bci<\/strong>: 300 linii\/cal precyzyjnych punkt\u00f3w zapewnia, \u017ce kraw\u0119dzie czcionek LOGO s\u0105 ostre i wyra\u017ane, szczeg\u00f3\u0142y s\u0105 wyra\u017ane, a r\u00f3\u017cnice kolor\u00f3w i problemy z rozmazywaniem s\u0105 unikane.<\/li>\n<li><strong>Wydajno\u015b\u0107 kolor\u00f3w<\/strong>: Poprzez superpozycj\u0119 cyjanu, magenty, \u017c\u00f3\u0142tego i czarnego,\u00a0<strong>99% Pokrycie gamy kolor\u00f3w Pantone<\/strong>\u00a0dok\u0142adnie dopasowuj\u0105c si\u0119 do systemu VI marki i wzmacniaj\u0105c wizualn\u0105 jedno\u015b\u0107.<\/li>\n<li><strong>Technologia matowej z\u0142otej czcionki<\/strong>: G\u0142\u00f3wny czarny kolor jest dopasowany do\u00a0<strong>Cz\u0119\u015bciowy matowy z\u0142oty hot stamping<\/strong>Czcionka ma tekstur\u0119 matowego metalu, tworz\u0105c jasny i ciemny kontrast z obudow\u0105 pude\u0142ka, pokazuj\u0105c luksusowy styl w stonowanym stylu.<\/li>\n<\/ul>\n<h2 id=\"-three-black-and-gold-aesthetic-design-creating-visual-memory-points-\"><strong>3. Czarno-z\u0142oty estetyczny design, tworz\u0105cy wizualne punkty pami\u0119ci<\/strong><\/h2>\n<p>Korzystanie z\u00a0<strong>Minimalistyczny czarno-z\u0142oty styl<\/strong>\u00a0jako podstawowy j\u0119zyk projektowania, tworzymy ekskluzywne symbole estetyczne marki:<\/p>\n<ul>\n<li><strong>Dopasowanie g\u0142\u00f3wnego koloru<\/strong>: Klasyczna czarna podstawa symbolizuje stabilno\u015b\u0107 i tajemniczo\u015b\u0107, a matowe z\u0142ote zdobienie LOGO zwi\u0119ksza wizualn\u0105 ostro\u015b\u0107. Kontrast kolor\u00f3w jest silny i wielowarstwowy.<\/li>\n<li><strong>Integracja logo marki<\/strong>: LOGO wykorzystuje wbudowan\u0105 technologi\u0119 reliefow\u0105 lub tr\u00f3jwymiarowy druk UV, kt\u00f3ry p\u0142ynnie \u0142\u0105czy si\u0119 z korpusem pude\u0142ka, poprawia rozpoznawalno\u015b\u0107 dotykow\u0105 i wizualn\u0105 oraz wzmacnia \u015bwiadomo\u015b\u0107 marki.<\/li>\n<li><strong>Wysuwane interaktywne do\u015bwiadczenie<\/strong>: Z\u0142ota wst\u0105\u017cka ci\u0105gnie si\u0119 g\u0142adko i bez przeszk\u00f3d, a konstrukcja otwierania w stylu szuflady daje\u00a0<strong>poczucie rytua\u0142u otwierania pude\u0142ka<\/strong>, kt\u00f3ra zaspokaja emocjonalne potrzeby \"kolekcjonowania\" i \"ujawniania\" wysokiej klasy bi\u017cuterii.<\/li>\n<\/ul>\n<h2 id=\"-four-multi-functional-lining-customization-all-round-protection-\"><strong>4. Wielofunkcyjna personalizacja podszewki, wszechstronna ochrona<\/strong><\/h2>\n<p>Zapewnia zr\u00f3\u017cnicowane rozwi\u0105zania w zakresie podszewek, aby zaspokoi\u0107 potrzeby w zakresie ochrony r\u00f3\u017cnych kategorii bi\u017cuterii:<\/p>\n<ul>\n<li><strong>Per\u0142owa bawe\u0142na<\/strong>: Mi\u0119kki i odporny na wstrz\u0105sy, odpowiedni do delikatnych klejnot\u00f3w, jadeitu itp., aby zmniejszy\u0107 uszkodzenia spowodowane wibracjami podczas transportu.<\/li>\n<li><strong>Materia\u0142 EVA<\/strong>Struktura o wysokiej g\u0119sto\u015bci, odporna na zu\u017cycie i uderzenia, odpowiednia do mocowania bi\u017cuterii metalowej i inkrustowanej.<\/li>\n<li><strong>Flokowanie g\u0105bk\u0105<\/strong>: Powierzchnia pokryta aksamitn\u0105 lub satynow\u0105 tkanin\u0105, delikatna w dotyku, poprawia estetyk\u0119 wy\u015bwietlacza i zapobiega zarysowaniom.<\/li>\n<li><strong>Niestandardowe \u015bcianki dzia\u0142owe<\/strong>: Obs\u0142uguje projekty strukturalne, takie jak przegr\u00f3dki, szczeliny i zagnie\u017cd\u017cone pude\u0142ka, elastycznie oddziela naszyjniki, pier\u015bcionki, kolczyki itp. i optymalizuje wykorzystanie przestrzeni.<\/li>\n<\/ul>\n<h2 id=\"-v-large-scale-production-strength-one-stop-customization-service-\"><strong>5. Si\u0142a produkcji na du\u017c\u0105 skal\u0119, kompleksowa us\u0142uga dostosowywania<\/strong><\/h2>\n<p>Poleganie na\u00a0<strong>5 320 metr\u00f3w kwadratowych inteligentnego warsztatu<\/strong>\u00a0Zapewniamy wydajne i dok\u0142adne rozwi\u0105zania w zakresie dostosowywania:<\/p>\n<ul>\n<li><strong>Elastyczny \u0142a\u0144cuch produkcyjny<\/strong>: Wyposa\u017cony w 5-tonowe windy towarowe i w pe\u0142ni automatyczny sprz\u0119t do ci\u0119cia, obs\u0142uguje elastyczne przyjmowanie zam\u00f3wie\u0144 od 100 do 100 000 sztuk i skraca cykl dostaw o 30%.<\/li>\n<li><strong>Badanie wst\u0119pne efektu 3D<\/strong>: Dzi\u0119ki technologii wirtualnego modelowania struktura pude\u0142ka, tekstura materia\u0142u i efekt drukowania s\u0105 prezentowane z wyprzedzeniem, aby zapewni\u0107 zerowy b\u0142\u0105d w projekcie.<\/li>\n<li><strong>Kontrola jako\u015bci<\/strong>: Wdro\u017cenie systemu zarz\u0105dzania jako\u015bci\u0105 ISO 9001, ka\u017cda partia produkt\u00f3w przechodzi 12 rygorystycznych test\u00f3w (w tym test no\u015bno\u015bci, tolerancji na wilgo\u0107 itp.), a kwalifikowany wska\u017anik osi\u0105ga 99,8%.<\/li>\n<\/ul>\n<h2 id=\"-advantages-of-cooperation-\"><strong>Zalety wsp\u00f3\u0142pracy<\/strong>:<\/h2>\n<ul>\n<li><strong>Ekskluzywny zesp\u00f3\u0142 projektant\u00f3w<\/strong>: Zapewnienie kompleksowego wsparcia kreatywnego od szkicu koncepcyjnego po masow\u0105 produkcj\u0119 i dog\u0142\u0119bne zbadanie element\u00f3w kulturowych marki.<\/li>\n<li><strong>Optymalizacja koszt\u00f3w<\/strong>: Zakupy na du\u017c\u0105 skal\u0119 zmniejszaj\u0105 koszty jednostkowe, a pe\u0142ne zam\u00f3wienia korzystaj\u0105 z ekskluzywnych rabat\u00f3w i dotacji logistycznych.<\/li>\n<li><strong>Wsparcie w zakresie certyfikacji \u015brodowiskowej<\/strong>: Pomaganie klientom w ubieganiu si\u0119 o logo zielonych opakowa\u0144 i wzmacnianie wizerunku marki odpowiedzialnej spo\u0142ecznie.<\/li>\n<\/ul>","protected":false},"excerpt":{"rendered":"<p>To papierowe pude\u0142ko z szufladami jest g\u0142\u00f3wnie czarne, z matowymi z\u0142otymi czcionkami z folii t\u0142oczonej na gor\u0105co, kt\u00f3re wzajemnie si\u0119 uzupe\u0142niaj\u0105. Po\u0142\u0105czenie kolor\u00f3w jest harmonijne i warstwowe, tworz\u0105c luksusowy i elegancki efekt wizualny dla konsument\u00f3w.<\/p>","protected":false},"featured_media":228,"template":"","meta":{"_kad_post_transparent":"default","_kad_post_title":"","_kad_post_layout":"default","_kad_post_sidebar_id":"","_kad_post_content_style":"default","_kad_post_vertical_padding":"default","_kad_post_feature":"","_kad_post_feature_position":"","_kad_post_header":false,"_kad_post_footer":false,"_kad_post_classname":""},"product_brand":[],"product_cat":[15,20,17],"product_tag":[60,59,61],"class_list":{"0":"post-224","1":"product","2":"type-product","3":"status-publish","4":"has-post-thumbnail","6":"product_cat-red-light-therapy","7":"product_cat-led-face-light-therapy","8":"product_cat-services","9":"product_tag-customized-jewelry-gift-box","10":"product_tag-jewelry-drawer-box","11":"product_tag-jewelry-gift-box-wholesale","13":"first","14":"instock","15":"shipping-taxable","16":"product-type-simple","17":"entry","18":"content-bg","19":"loop-entry"},"_links":{"self":[{"href":"https:\/\/red-lighttherapy.com\/pl\/wp-json\/wp\/v2\/product\/224","targetHints":{"allow":["GET"]}}],"collection":[{"href":"https:\/\/red-lighttherapy.com\/pl\/wp-json\/wp\/v2\/product"}],"about":[{"href":"https:\/\/red-lighttherapy.com\/pl\/wp-json\/wp\/v2\/types\/product"}],"wp:featuredmedia":[{"embeddable":true,"href":"https:\/\/red-lighttherapy.com\/pl\/wp-json\/wp\/v2\/media\/228"}],"wp:attachment":[{"href":"https:\/\/red-lighttherapy.com\/pl\/wp-json\/wp\/v2\/media?parent=224"}],"wp:term":[{"taxonomy":"product_brand","embeddable":true,"href":"https:\/\/red-lighttherapy.com\/pl\/wp-json\/wp\/v2\/product_brand?post=224"},{"taxonomy":"product_cat","embeddable":true,"href":"https:\/\/red-lighttherapy.com\/pl\/wp-json\/wp\/v2\/product_cat?post=224"},{"taxonomy":"product_tag","embeddable":true,"href":"https:\/\/red-lighttherapy.com\/pl\/wp-json\/wp\/v2\/product_tag?post=224"}],"curies":[{"name":"wp","href":"https:\/\/api.w.org\/{rel}","templated":true}]}}