{"id":218,"date":"2025-04-10T11:34:05","date_gmt":"2025-04-10T11:34:05","guid":{"rendered":"https:\/\/red-lighttherapy.com\/?post_type=product&#038;p=218"},"modified":"2025-04-12T08:10:32","modified_gmt":"2025-04-12T08:10:32","slug":"custom-design-knife-circular-saw-blade-packaging-box-factory","status":"publish","type":"product","link":"https:\/\/red-lighttherapy.com\/pl\/custom-design-knife-circular-saw-blade-packaging-box-factory\/","title":{"rendered":"Niestandardowy projekt no\u017ca pi\u0142y tarczowej Fabryka opakowa\u0144 pude\u0142kowych"},"content":{"rendered":"<h2 id=\"-customized-circular-saw-blade-packaging-box-product-description-\"><strong>Niestandardowe pude\u0142ko do pakowania brzeszczot\u00f3w tarczowych opis produktu<\/strong><\/h2>\n<h2 id=\"-1-material-and-structural-design-\"><strong>1. Projekt materia\u0142owy i konstrukcyjny<\/strong><\/h2>\n<p>Sztywny karton laserowy o gramaturze 183 g i zag\u0119szczona szara tektura kompozytowa o gramaturze 1200 g zapewniaj\u0105 odporno\u015b\u0107 na nacisk, uderzenia i sztywno\u015b\u0107. Szara tektura ma mocne podparcie, skutecznie zapobiegaj\u0105c deformacji wyt\u0142aczania podczas transportu, a powierzchnia tektury laserowej jest odporna na zu\u017cycie i zarysowania.<\/p>\n<h2 id=\"-2-functional-box-design-\"><strong>2. Funkcjonalna konstrukcja pude\u0142ka<\/strong><\/h2>\n<p>Pude\u0142ko typu flip-top jest po\u0142\u0105czone z magnetycznym lub zatrzaskowym zamkni\u0119ciem, kt\u00f3re jest \u0142atwe do otwierania i zamykania oraz zapewnia doskona\u0142\u0105 szczelno\u015b\u0107. Pokryw\u0119 pude\u0142ka mo\u017cna ca\u0142kowicie sp\u0142aszczy\u0107 w celu ekspozycji produktu; po zamkni\u0119ciu \u015bci\u015ble przylega, jest py\u0142oszczelna i odporna na wilgo\u0107 oraz uwzgl\u0119dnia potrzeby ekspozycji detalicznej i scenariuszy magazynowania przemys\u0142owego.<\/p>\n<h2 id=\"-3-innovative-appearance-design-\"><strong>3. Innowacyjny wygl\u0105d<\/strong><\/h2>\n<ul>\n<li><strong>Podstawowe elementy<\/strong>: Zainspirowany estetyk\u0105 maszyn przek\u0142adniowych, prezentuje dynamiczny efekt gradientu kolor\u00f3w dzi\u0119ki technologii laserowego wyt\u0142aczania 3D i wy\u015bwietla wielopoziomowy metaliczny po\u0142ysk pod za\u0142amaniem \u015bwiat\u0142a, wzmacniaj\u0105c poczucie technologii i wizualne punkty pami\u0119ci marki.<\/li>\n<li><strong>Dopasowanie kolor\u00f3w<\/strong>: G\u0142\u00f3wnym kolorem jest g\u0142\u0119boki morski b\u0142\u0119kit, kt\u00f3ry symbolizuje profesjonalizm i niezawodno\u015b\u0107, uzupe\u0142niony opalizuj\u0105cym odbiciem procesu laserowego, tworz\u0105c wizualn\u0105 hierarchi\u0119 dynamiczn\u0105 i statyczn\u0105 oraz zwi\u0119kszaj\u0105c rozpoznawalno\u015b\u0107 p\u00f3\u0142ki.<\/li>\n<li><strong>Logo marki<\/strong>: Obs\u0142uguje precyzyjny proces t\u0142oczenia na gor\u0105co \/ UV w celu drukowania LOGO i parametr\u00f3w produktu, a kraw\u0119dzie tekstu s\u0105 ostre i pozbawione zadzior\u00f3w, aby zapewni\u0107, \u017ce informacje o marce s\u0105 wyra\u017ane i przyci\u0105gaj\u0105 wzrok.<\/li>\n<\/ul>\n<h2 id=\"-4-refined-lining-system-\"><strong>4. Udoskonalony system ok\u0142adzin<\/strong><\/h2>\n<p>W ok\u0142adzinie zastosowano bia\u0142\u0105, przyjazn\u0105 dla \u015brodowiska piank\u0119 EVA lub tac\u0119 blistrow\u0105, a forma jest precyzyjnie otwierana, aby dostosowa\u0107 si\u0119 do \u0142uku tarczy pi\u0142y tarczowej, aby uzyska\u0107 mocowanie pod k\u0105tem 360 \u00b0 bez martwego k\u0105ta. Powierzchnia wy\u015bci\u00f3\u0142ki jest pokryta delikatnym aksamitem, aby unikn\u0105\u0107 zarysowa\u0144 na powierzchni brzeszczotu, jednocze\u015bnie poprawiaj\u0105c poczucie jako\u015bci podczas rozpakowywania.<\/p>\n<h2 id=\"-5-full-link-customization-service-\"><strong>5. Us\u0142uga pe\u0142nego dostosowania \u0142\u0105cza<\/strong><\/h2>\n<ul>\n<li><strong>Spersonalizowana adaptacja<\/strong>: Obs\u0142uguje dostosowywanie rozmiar\u00f3w brzeszczot\u00f3w o \u015brednicy 80-500 mm, a korpus skrzynki mo\u017ce dodawa\u0107 przek\u0142adki, szczeliny na akcesoria lub kieszenie r\u0119czne zgodnie z wymaganiami.<\/li>\n<li><strong>G\u0142\u0119boka implantacja marki<\/strong>: Zapewnienie sk\u0142adu graficznego, implantacji kod\u00f3w QR, drukowania wieloj\u0119zycznych informacji i innych us\u0142ug w celu zaspokojenia potrzeb handlu transgranicznego, promocyjnych pude\u0142ek na prezenty i innych scenariuszy.<\/li>\n<li><strong>Aktualizacja procesu<\/strong>: Opcjonalne lokalne UV, wyt\u0142aczanie, sitodruk i inne ponad 20 proces\u00f3w przetwarzania ko\u0144cowego w celu uzyskania etykiet zapobiegaj\u0105cych podrabianiu, tekstur antypo\u015blizgowych i innych funkcji specjalnych.<\/li>\n<\/ul>\n<h2 id=\"-6-intelligent-manufacturing-and-quality-control-system-\"><strong>6. Inteligentny system produkcji i kontroli jako\u015bci<\/strong><\/h2>\n<p>Fabryka wyposa\u017cona jest w pe\u0142ni zautomatyzowane maszyny sztancuj\u0105ce, maszyny do druku cyfrowego i linie do produkcji krat laserowych, a tak\u017ce przyjmuje system zarz\u0105dzania jako\u015bci\u0105 ISO9001, od projektu do gotowego produktu, aby osi\u0105gn\u0105\u0107 72 godziny szybkiego proofingu i 15 dni dostawy partii. Ka\u017cda partia produkt\u00f3w przechodzi symulowany test drga\u0144 transportowych i test no\u015bno\u015bci, aby zapewni\u0107, \u017ce wytrzyma\u0142o\u015b\u0107 opakowania na upadek wynosi \u22651,5 metra.<\/p>\n<h2 id=\"-7-application-scenarios-and-added-value-\"><strong>7. Scenariusze zastosowa\u0144 i warto\u015b\u0107 dodana<\/strong><\/h2>\n<p>Nadaje si\u0119 do przemys\u0142owych pi\u0142 tarczowych, diamentowych tarcz tn\u0105cych, elektronicznych akcesori\u00f3w do pi\u0142 panelowych i innych precyzyjnych opakowa\u0144 narz\u0119dziowych, kt\u00f3re mo\u017cna rozszerzy\u0107 na wysokiej klasy pude\u0142ka upominkowe lub pude\u0142ka wystawowe dla dealer\u00f3w. Wzmocnienie profesjonalnego wizerunku marki poprzez opakowanie i pomoc w zwi\u0119kszeniu sprzeda\u017cy terminali.<\/p>\n<h2 id=\"-technical-parameters-\"><strong>Parametry techniczne<\/strong><\/h2>\n<table>\n<thead>\n<tr>\n<th>Projekt<\/th>\n<th>Specyfikacje<\/th>\n<\/tr>\n<\/thead>\n<tbody>\n<tr>\n<td>Materia\u0142<\/td>\n<td>183 g kartonu laserowego + 1200 g szarej tektury<\/td>\n<\/tr>\n<tr>\n<td>Kolory druku<\/td>\n<td>4-8 kolor\u00f3w druku o wysokiej wierno\u015bci (kalibracja kolor\u00f3w Pantone)<\/td>\n<\/tr>\n<tr>\n<td>Rozmiar pude\u0142ka<\/td>\n<td>Obs\u0142uguje dostosowanie \u015brednicy 80-500 mm<\/td>\n<\/tr>\n<tr>\n<td>Minimalna ilo\u015b\u0107 zam\u00f3wienia<\/td>\n<td>500 (obs\u0142uguje elastyczn\u0105 produkcj\u0119 ma\u0142ych partii)<\/td>\n<\/tr>\n<tr>\n<td>Certyfikacja \u015brodowiskowa<\/td>\n<td>Certyfikat le\u015bny FSC\/materia\u0142y degradowalne opcjonalnie<\/td>\n<\/tr>\n<\/tbody>\n<\/table>","protected":false},"excerpt":{"rendered":"<p>Pude\u0142ko z magnetycznym zamkni\u0119ciem, kt\u00f3re mo\u017cna \u0142atwo otwiera\u0107 i zamyka\u0107, jest zar\u00f3wno praktyczne, jak i praktyczne. Wykorzystuje technologi\u0119 laserow\u0105, aby zaprezentowa\u0107 kolorowy efekt gradientu, kt\u00f3ry ma silny wp\u0142yw wizualny.<\/p>","protected":false},"featured_media":219,"template":"","meta":{"_kad_post_transparent":"default","_kad_post_title":"","_kad_post_layout":"default","_kad_post_sidebar_id":"","_kad_post_content_style":"default","_kad_post_vertical_padding":"default","_kad_post_feature":"","_kad_post_feature_position":"","_kad_post_header":false,"_kad_post_footer":false,"_kad_post_classname":""},"product_brand":[],"product_cat":[15,17],"product_tag":[57,56,58],"class_list":{"0":"post-218","1":"product","2":"type-product","3":"status-publish","4":"has-post-thumbnail","6":"product_cat-red-light-therapy","7":"product_cat-services","8":"product_tag-custom-saw-blade-packaging","9":"product_tag-saw-blade-packaging-box","10":"product_tag-saw-blade-packaging-factory","12":"first","13":"instock","14":"shipping-taxable","15":"product-type-simple","16":"entry","17":"content-bg","18":"loop-entry"},"_links":{"self":[{"href":"https:\/\/red-lighttherapy.com\/pl\/wp-json\/wp\/v2\/product\/218","targetHints":{"allow":["GET"]}}],"collection":[{"href":"https:\/\/red-lighttherapy.com\/pl\/wp-json\/wp\/v2\/product"}],"about":[{"href":"https:\/\/red-lighttherapy.com\/pl\/wp-json\/wp\/v2\/types\/product"}],"wp:featuredmedia":[{"embeddable":true,"href":"https:\/\/red-lighttherapy.com\/pl\/wp-json\/wp\/v2\/media\/219"}],"wp:attachment":[{"href":"https:\/\/red-lighttherapy.com\/pl\/wp-json\/wp\/v2\/media?parent=218"}],"wp:term":[{"taxonomy":"product_brand","embeddable":true,"href":"https:\/\/red-lighttherapy.com\/pl\/wp-json\/wp\/v2\/product_brand?post=218"},{"taxonomy":"product_cat","embeddable":true,"href":"https:\/\/red-lighttherapy.com\/pl\/wp-json\/wp\/v2\/product_cat?post=218"},{"taxonomy":"product_tag","embeddable":true,"href":"https:\/\/red-lighttherapy.com\/pl\/wp-json\/wp\/v2\/product_tag?post=218"}],"curies":[{"name":"wp","href":"https:\/\/api.w.org\/{rel}","templated":true}]}}