{"id":211,"date":"2025-04-10T11:03:57","date_gmt":"2025-04-10T11:03:57","guid":{"rendered":"https:\/\/red-lighttherapy.com\/?post_type=product&#038;p=211"},"modified":"2025-04-10T11:17:27","modified_gmt":"2025-04-10T11:17:27","slug":"personalized-perfume-bottle-paper-box-packaging-wholesale","status":"publish","type":"product","link":"https:\/\/red-lighttherapy.com\/pl\/personalized-perfume-bottle-paper-box-packaging-wholesale\/","title":{"rendered":"Spersonalizowane opakowanie papierowe na butelk\u0119 perfum hurtowo"},"content":{"rendered":"<h2 id=\"customized-perfume-paper-box-packaging-an-environmental-and-luxurious-feast-from-design-to-experience\">Niestandardowe opakowania papierowe na perfumy: ekologiczna i luksusowa uczta od projektu po do\u015bwiadczenie<\/h2>\n<p>W czasach, gdy konkurencja na rynku perfum jest zaci\u0119ta, opakowanie jest nie tylko pow\u0142ok\u0105 ochronn\u0105 dla produktu, ale tak\u017ce pierwszym medium, za pomoc\u0105 kt\u00f3rego marki komunikuj\u0105 si\u0119 z konsumentami. Spersonalizowane papierowe pude\u0142ko na perfumy, kt\u00f3re jest zar\u00f3wno praktyczne, jak i artystyczne, mo\u017ce przekszta\u0142ci\u0107 warto\u015b\u0107 marki w dotykalne wra\u017cenia zmys\u0142owe dzi\u0119ki innowacyjnemu po\u0142\u0105czeniu materia\u0142\u00f3w, kunsztu i struktury. Poni\u017cej przeanalizowano innowacyjny projekt spersonalizowanych opakowa\u0144 perfum w siedmiu podstawowych wymiarach.<\/p>\n<p><img fetchpriority=\"high\" decoding=\"async\" class=\"wp-image-212 size-full\" src=\"https:\/\/red-lighttherapy.com\/wp-content\/uploads\/2025\/04\/Perfume-Bottle-Paper-Box-001.jpg\" alt=\"Papierowe pude\u0142ko na butelk\u0119 perfum\" width=\"1000\" height=\"1000\" srcset=\"https:\/\/red-lighttherapy.com\/wp-content\/uploads\/2025\/04\/Perfume-Bottle-Paper-Box-001.jpg 1000w, https:\/\/red-lighttherapy.com\/wp-content\/uploads\/2025\/04\/Perfume-Bottle-Paper-Box-001-300x300.jpg 300w, https:\/\/red-lighttherapy.com\/wp-content\/uploads\/2025\/04\/Perfume-Bottle-Paper-Box-001-150x150.jpg 150w, https:\/\/red-lighttherapy.com\/wp-content\/uploads\/2025\/04\/Perfume-Bottle-Paper-Box-001-768x768.jpg 768w, https:\/\/red-lighttherapy.com\/wp-content\/uploads\/2025\/04\/Perfume-Bottle-Paper-Box-001-12x12.jpg 12w, https:\/\/red-lighttherapy.com\/wp-content\/uploads\/2025\/04\/Perfume-Bottle-Paper-Box-001-600x600.jpg 600w, https:\/\/red-lighttherapy.com\/wp-content\/uploads\/2025\/04\/Perfume-Bottle-Paper-Box-001-100x100.jpg 100w\" sizes=\"(max-width: 1000px) 100vw, 1000px\" \/><\/p>\n<h2 id=\"1-drawer-box-type-a-perfect-balance-between-ritual-sense-and-convenience-\">1.\u00a0<strong>Typ szuflady: idealna r\u00f3wnowaga mi\u0119dzy zmys\u0142em rytualnym a wygod\u0105<\/strong><\/h2>\n<p>Typ pude\u0142ka z szuflad\u0105 sta\u0142 si\u0119 pierwszym wyborem dla wysokiej klasy opakowa\u0144 perfum z jego\u00a0<strong>Dwuwarstwowa struktura pude\u0142ka<\/strong>\u00a0oraz\u00a0<strong>Konstrukcja z wysuwanym otworem<\/strong>. Korpus skrzyni przyjmuje\u00a0<strong>Technologia ci\u0119cia uko\u015bnego 15<\/strong>\u00a0aby zapewni\u0107 p\u0142ynne otwieranie i zamykanie bez zacinania si\u0119 oraz z\u00a0<strong>T\u0142umienie magnetyczne<\/strong>\u00a0lub\u00a0<strong>niewidoczna szyna prowadz\u0105ca<\/strong>Daje to u\u017cytkownikom poczucie rytua\u0142u \"jedwabistego wyci\u0105gania\". Ten projekt jest nie tylko wygodny dla klient\u00f3w ko\u0144cowych do wielokrotnego u\u017cytku, ale tak\u017ce wzmacnia punkty pami\u0119ci marki poprzez\u00a0<strong>Dynamiczne interaktywne do\u015bwiadczenie<\/strong>. Na przyk\u0142ad mi\u0119dzynarodowa marka LANVIN przekszta\u0142ci\u0142a kiedy\u015b proces otwierania w wizualn\u0105 gr\u0119 dzi\u0119ki wbudowanej lustrzanej dekoracji pude\u0142ka szuflady.<\/p>\n<h2 id=\"2-environmentally-friendly-materials-a-dual-commitment-to-sustainability-and-quality-\">2.\u00a0<strong>Materia\u0142y przyjazne dla \u015brodowiska: podw\u00f3jne zobowi\u0105zanie do zr\u00f3wnowa\u017conego rozwoju i jako\u015bci<\/strong><\/h2>\n<p>Korpus skrzynki wykonany jest z\u00a0<strong>Szara tektura 1000g nadaj\u0105ca si\u0119 do recyklingu<\/strong>\u00a0jako szkielet, a powierzchnia jest pokryta\u00a0<strong>Papier powlekany z certyfikatem FSC<\/strong>kt\u00f3re s\u0105 \u0142\u0105czone za pomoc\u0105 przyjaznego dla \u015brodowiska kleju na bazie wody. W\u0142\u00f3kno s\u0142omiane 30% jest dodawane do surowca szarej tektury, zmniejszaj\u0105c \u015blad w\u0119glowy o 63% w por\u00f3wnaniu z tradycyjnymi materia\u0142ami; papier powlekany jest drukowany za pomoc\u0105\u00a0<strong>Atrament na bazie wody<\/strong>\u00a0oraz\u00a0<strong>Matowa pow\u0142oka UV<\/strong>\u00a0aby unikn\u0105\u0107 emisji LZO. Kombinacja ta nie tylko spe\u0142nia wymogi unijnej normy RoHS, ale tak\u017ce jest zgodna z norm\u0105\u00a0<strong>Globalny certyfikat recyklingu GRS<\/strong>staj\u0105c si\u0119 \"zielon\u0105 przepustk\u0105\" preferowan\u0105 przez konsument\u00f3w z pokolenia Z.<\/p>\n<h2 id=\"3-visual-impact-the-golden-rule-of-color-and-craftsmanship-\">3.\u00a0<strong>Efekt wizualny: z\u0142ota zasada koloru i rzemios\u0142a<\/strong><\/h2>\n<p>G\u0142\u00f3wnym kolorem jest\u00a0<strong>g\u0142\u0119boki granat<\/strong>\u00a0(Pantone 19-4052 Classic Blue), a ponad 90% pokrycia gamy kolor\u00f3w zosta\u0142o osi\u0105gni\u0119te poprzez\u00a0<strong>sitodruk na poziomie nano<\/strong>. Srebrne t\u0142oczenie na gor\u0105co przyjmuje\u00a0<strong>Technologia t\u0142oczenia na zimno<\/strong>i wykorzystuje precyzyjn\u0105 technologi\u0119 tr\u00f3jwymiarowego reliefu o grubo\u015bci 0,1 mm, aby nakre\u015bli\u0107 LOGO marki lub abstrakcyjne wzory na powierzchni pude\u0142ka. Na przyk\u0142ad niestandardowe etui \u0142\u0105czy wzory konstelacji ze srebrnymi meteorami, prezentuj\u0105c dynamiczny efekt \"p\u0142yn\u0105cego gwia\u017adzistego nieba\" pod za\u0142amaniem \u015bwiat\u0142a, a wsp\u00f3\u0142czynnik konwersji otwarcia pude\u0142ka wzr\u00f3s\u0142 o 27%.<\/p>\n<h2 id=\"4-protection-system-scientific-buffering-and-precise-adaptation-\">4.\u00a0<strong>System ochrony: naukowe buforowanie i precyzyjna adaptacja<\/strong><\/h2>\n<p>Wewn\u0119trzna taca przyjmuje\u00a0<strong>EVA i przyjazny dla \u015brodowiska proces wykrawania kompozyt\u00f3w g\u0105bczastych<\/strong>o g\u0119sto\u015bci 45 kg\/m\u00b3. Przez\u00a0<strong>Skanowanie laserowe 3D<\/strong>Uzyskiwane s\u0105 dane dotycz\u0105ce kszta\u0142tu butelki perfum i dostosowywany jest rowek o specjalnym kszta\u0142cie z dopasowaniem 98%. Powierzchnia podszewki jest pokryta\u00a0<strong>Flokowanie PETG nadaj\u0105ce si\u0119 do recyklingu<\/strong>G\u0119sto\u015b\u0107 w\u0142\u00f3kna aksamitnego wynosi 12 000 pasm\/cm\u00b2, co zapewnia zar\u00f3wno w\u0142a\u015bciwo\u015bci antypo\u015blizgowe, jak i amortyzuj\u0105ce. Dane testowe pokazuj\u0105, \u017ce struktura mo\u017ce wytrzyma\u0107 upadek z wysoko\u015bci 1,2 metra, co stanowi 3 razy wi\u0119ksz\u0105 ochron\u0119 ni\u017c zwyk\u0142a bawe\u0142na per\u0142owa.<\/p>\n<h2 id=\"5-tactile-upgrade-delicate-expression-of-matte-film-technology-\">5.\u00a0<strong>Ulepszenie dotykowe: delikatna ekspresja technologii matowej folii<\/strong><\/h2>\n<p>Po wydrukowaniu powierzchnia pude\u0142ka jest pokryta\u00a0<strong>Folia matowa 12 \u03bcm<\/strong>a dotyk przypominaj\u0105cy sk\u00f3r\u0119 powstaje dzi\u0119ki technologii prasowania na gor\u0105co. Wyj\u0105tkowy\u00a0<strong>w\u0142a\u015bciwo\u015b\u0107 odbicia rozproszonego<\/strong>\u00a0matowej folii mo\u017ce wyeliminowa\u0107 90% pozosta\u0142o\u015bci odcisk\u00f3w palc\u00f3w, jednocze\u015bnie poprawiaj\u0105c nasycenie kolor\u00f3w i odporno\u015b\u0107 na zarysowania. Eksperymenty por\u00f3wnawcze pokazuj\u0105, \u017ce odporno\u015b\u0107 na blakni\u0119cie opakowa\u0144 z folii matowej w wilgotnym \u015brodowisku jest 40% wy\u017csza ni\u017c folii b\u0142yszcz\u0105cej, a matowa tekstura jest bardziej zgodna z luksusowym pozycjonowaniem perfum z wy\u017cszej p\u00f3\u0142ki.<\/p>\n<h2 id=\"6-interactive-details-sensory-economics-of-ribbon-handles-\">6.\u00a0<strong>Interaktywne szczeg\u00f3\u0142y: ekonomia sensoryczna uchwyt\u00f3w ta\u015bmowych<\/strong><\/h2>\n<p>G\u00f3rna cz\u0119\u015b\u0107 pude\u0142ka jest osadzona za pomoc\u0105\u00a0<strong>jedwabna wst\u0105\u017cka \u017cakardowa<\/strong>Szeroko\u015b\u0107 zosta\u0142a zoptymalizowana do 28 mm ze wzgl\u0119du na ergonomi\u0119, a ko\u0144cowe zastosowania\u00a0<strong>Technologia zgrzewania kraw\u0119dzi na gor\u0105co<\/strong>\u00a0aby zapobiec wykolejeniu. Wst\u0105\u017ck\u0119 mo\u017cna dostosowa\u0107 do kolor\u00f3w motywu marki i wszczepi\u0107 za pomoc\u0105\u00a0<strong>Chipy NFC<\/strong>\u00a0lub\u00a0<strong>Tusz wra\u017cliwy na temperatur\u0119<\/strong>. Zeskanuj kod, aby przej\u015b\u0107 do strony z histori\u0105 marki. Niszowa marka perfum przekszta\u0142ca proces rozpakowywania w wielozmys\u0142owe, wci\u0105gaj\u0105ce do\u015bwiadczenie, barwi\u0105c wst\u0105\u017ck\u0119 zapachem lawendy, a wska\u017anik odkupu wzr\u00f3s\u0142 o 34%.<\/p>\n<h2 id=\"7-full-dimensional-customization-unlimited-possibilities-for-flexible-production-\">7.\u00a0<strong>Pe\u0142nowymiarowa personalizacja: nieograniczone mo\u017cliwo\u015bci elastycznej produkcji<\/strong><\/h2>\n<p>Pi\u0119\u0107 poziom\u00f3w personalizacji od projektu do dostawy:<\/p>\n<ol>\n<li><strong>Typ pude\u0142ka<\/strong>Zapewniaj\u0105 6 podstawowych struktur, takich jak szuflada, g\u00f3rna i dolna pokrywa, a tak\u017ce wspieraj\u0105 rozw\u00f3j skrzynek o specjalnych kszta\u0142tach;<\/li>\n<li><strong>Materia\u0142<\/strong>: 12 kombinacji opcjonalnego szarego papieru powlekanego, wyt\u0142aczanej sk\u00f3ry, kompozytu metalowego itp;<\/li>\n<li><strong>Proces<\/strong>Obs\u0142uga 8 superpozycji proces\u00f3w, takich jak lokalne UV, wyt\u0142aczanie, laser itp;<\/li>\n<li><strong>Inteligentne komponenty<\/strong>: mog\u0105 by\u0107 wyposa\u017cone w interaktywne modu\u0142y, takie jak paski \u015bwietlne LED i kody identyfikacyjne AR;<\/li>\n<li><strong>Elastyczno\u015b\u0107 partii<\/strong>Minimalna ilo\u015b\u0107 zam\u00f3wienia 500 sztuk, 48-godzinna dostawa pr\u00f3bek i 72-godzinna przyspieszona produkcja masowa.<\/li>\n<\/ol>\n<h2 id=\"conclusion-redefine-the-value-chain-of-perfume-packaging\">Wnioski: Przedefiniowanie \u0142a\u0144cucha warto\u015bci opakowa\u0144 perfum<\/h2>\n<p>To niestandardowe papierowe pude\u0142ko na perfumy tworzy zamkni\u0119ty system warto\u015bci od produkcji do konsumpcji poprzez zderzenie\u00a0<strong>technologia \u015brodowiskowa<\/strong>\u00a0oraz\u00a0<strong>Luksusowe rzemios\u0142o<\/strong>. Kiedy opuszki palc\u00f3w konsument\u00f3w przesuwaj\u0105 si\u0119 po matowej powierzchni folii, s\u0142ysz\u0105 subtelne tarcie wysuwanych szuflad i widz\u0105 totemy marki przeplatane srebrem i b\u0142\u0119kitem, te wielowymiarowe do\u015bwiadczenia ostatecznie utrwal\u0105 lojalno\u015b\u0107 wobec marki. W erze, w kt\u00f3rej zr\u00f3wnowa\u017cony rozw\u00f3j i spersonalizowana konsumpcja id\u0105 ze sob\u0105 w parze, tego typu design nie tylko spe\u0142nia potrzeby biznesowe, ale tak\u017ce staje si\u0119 konkretnym no\u015bnikiem dla firm, kt\u00f3re praktykuj\u0105 koncepcj\u0119 ESG.<\/p>","protected":false},"excerpt":{"rendered":"<p>Luksusowe pude\u0142ko na perfumy w stylu szuflady, kt\u00f3re mo\u017cna \u0142atwo otwiera\u0107 i zamyka\u0107. Wzory i teksty s\u0105 t\u0142oczone srebrn\u0105 foli\u0105 na gor\u0105co, co mo\u017ce wyr\u00f3\u017cni\u0107 Twoj\u0105 mark\u0119.<\/p>","protected":false},"featured_media":212,"template":"","meta":{"_kad_post_transparent":"default","_kad_post_title":"","_kad_post_layout":"default","_kad_post_sidebar_id":"","_kad_post_content_style":"default","_kad_post_vertical_padding":"default","_kad_post_feature":"","_kad_post_feature_position":"","_kad_post_header":false,"_kad_post_footer":false,"_kad_post_classname":""},"product_brand":[],"product_cat":[15,20,17],"product_tag":[53,54,55],"class_list":{"0":"post-211","1":"product","2":"type-product","3":"status-publish","4":"has-post-thumbnail","6":"product_cat-red-light-therapy","7":"product_cat-led-face-light-therapy","8":"product_cat-services","9":"product_tag-perfume-bottle-paper-box","10":"product_tag-perfume-box-packaging","11":"product_tag-personalized-perfume-packaging","13":"first","14":"instock","15":"shipping-taxable","16":"product-type-simple","17":"entry","18":"content-bg","19":"loop-entry"},"_links":{"self":[{"href":"https:\/\/red-lighttherapy.com\/pl\/wp-json\/wp\/v2\/product\/211","targetHints":{"allow":["GET"]}}],"collection":[{"href":"https:\/\/red-lighttherapy.com\/pl\/wp-json\/wp\/v2\/product"}],"about":[{"href":"https:\/\/red-lighttherapy.com\/pl\/wp-json\/wp\/v2\/types\/product"}],"wp:featuredmedia":[{"embeddable":true,"href":"https:\/\/red-lighttherapy.com\/pl\/wp-json\/wp\/v2\/media\/212"}],"wp:attachment":[{"href":"https:\/\/red-lighttherapy.com\/pl\/wp-json\/wp\/v2\/media?parent=211"}],"wp:term":[{"taxonomy":"product_brand","embeddable":true,"href":"https:\/\/red-lighttherapy.com\/pl\/wp-json\/wp\/v2\/product_brand?post=211"},{"taxonomy":"product_cat","embeddable":true,"href":"https:\/\/red-lighttherapy.com\/pl\/wp-json\/wp\/v2\/product_cat?post=211"},{"taxonomy":"product_tag","embeddable":true,"href":"https:\/\/red-lighttherapy.com\/pl\/wp-json\/wp\/v2\/product_tag?post=211"}],"curies":[{"name":"wp","href":"https:\/\/api.w.org\/{rel}","templated":true}]}}