{"id":186,"date":"2025-04-10T08:21:48","date_gmt":"2025-04-10T08:21:48","guid":{"rendered":"https:\/\/red-lighttherapy.com\/?post_type=product&#038;p=186"},"modified":"2025-04-10T10:35:53","modified_gmt":"2025-04-10T10:35:53","slug":"high-end-custom-vip-card-gift-box-with-velvet-coated-holder","status":"publish","type":"product","link":"https:\/\/red-lighttherapy.com\/pl\/high-end-custom-vip-card-gift-box-with-velvet-coated-holder\/","title":{"rendered":"Wysokiej klasy niestandardowe pude\u0142ko upominkowe na kart\u0119 VIP z aksamitnym uchwytem"},"content":{"rendered":"<h2 id=\"exclusive-customization-interpretation-of-luxury-ingenious-design-and-environmental-innovation-of-high-end-vip-card-gift-boxes\">Ekskluzywna personalizacja, interpretacja luksusu: pomys\u0142owe wzornictwo i innowacje \u015brodowiskowe wysokiej klasy pude\u0142ek upominkowych na karty VIP<\/h2>\n<p>W dziedzinie wysokiej klasy biznesowych pude\u0142ek upominkowych, opakowania kart VIP s\u0105 nie tylko no\u015bnikiem wizerunku marki, ale tak\u017ce konkretnym wyrazem wyj\u0105tkowego do\u015bwiadczenia u\u017cytkownika. Niniejszy artyku\u0142 przedstawia niestandardowe pude\u0142ko upominkowe, kt\u00f3re \u0142\u0105czy w sobie pomys\u0142owe rzemios\u0142o i koncepcje ochrony \u015brodowiska jako przyk\u0142ad, aby przeanalizowa\u0107 jego siedem g\u0142\u00f3wnych cech konstrukcyjnych i pokaza\u0107, jak osi\u0105gn\u0105\u0107 podw\u00f3jny prze\u0142om w funkcjonalno\u015bci i estetyce poprzez innowacje w szczeg\u00f3\u0142ach.<\/p>\n<h2 id=\"1-material-innovation-the-art-of-balancing-firmness-and-luxury\">1. Innowacja materia\u0142owa: sztuka r\u00f3wnowa\u017cenia j\u0119drno\u015bci i luksusu<\/h2>\n<p>G\u0142\u00f3wny korpus pude\u0142ka upominkowego przyjmuje kompozytow\u0105 struktur\u0119\u00a0<strong>Szara p\u0142yta o wysokiej wytrzyma\u0142o\u015bci<\/strong>\u00a0oraz\u00a0<strong>z\u0142oty papier wizyt\u00f3wkowy<\/strong>. Wytrzyma\u0142o\u015b\u0107 na \u015bciskanie szarej tektury zapewnia stabilne podparcie dla opakowania, podczas gdy powierzchnia z\u0142otego papieru kartonowego ma delikatn\u0105 tekstur\u0119.\u00a0<strong>grawerowanie laserowe<\/strong>\u00a0oraz\u00a0<strong>Proces t\u0142oczenia na gor\u0105co UV<\/strong>tworz\u0105c p\u0142ynn\u0105 z\u0142ot\u0105 aureol\u0119 pod wp\u0142ywem za\u0142amania \u015bwiat\u0142a. To po\u0142\u0105czenie materia\u0142\u00f3w nie tylko nadaje pude\u0142ku\u00a0<strong>Trwa\u0142o\u015b\u0107 na poziomie biznesowym<\/strong>ale tak\u017ce przekazuje stonowany i luksusowy j\u0119zyk wizualny poprzez metaliczny po\u0142ysk.<\/p>\n<h2 id=\"2-upgraded-touch-a-win-win-design-of-environmental-protection-and-high-end\">2. Ulepszony dotyk: korzystny dla obu stron projekt ochrony \u015brodowiska i wysokiej jako\u015bci<\/h2>\n<p>Wewn\u0119trzna taca wykorzystuje\u00a0<strong>degradowalna g\u0105bka przyjazna dla \u015brodowiska<\/strong>\u00a0jako podstawa, a powierzchnia jest pokryta\u00a0<strong>Technologia flokowania aksamitem<\/strong>. G\u0119sto\u015b\u0107 aksamitnej powierzchni osi\u0105ga 12 000 w\u0142\u00f3kien na centymetr kwadratowy, a dotyk jest g\u0142adki jak jedwab. Przyjazna dla \u015brodowiska g\u0105bka nie tylko spe\u0142nia nast\u0119puj\u0105ce wymagania\u00a0<strong>Norma RoHS UE<\/strong>ale jego mikroporowata struktura mo\u017ce r\u00f3wnie\u017c skutecznie buforowa\u0107 wibracje i chroni\u0107 karty VIP przed uszkodzeniami transportowymi. Zastosowanie technologii flokowania sprawia, \u017ce ka\u017cde wyj\u0119cie karty jest\u00a0<strong>przyjemno\u015b\u0107 sensoryczna opuszk\u00f3w palc\u00f3w<\/strong>, co jest g\u0142\u0119boko zgodne z pozycjonowaniem marki w segmencie high-end.<\/p>\n<h2 id=\"3-structural-ingenuity-the-fusion-of-ritual-sense-and-practicality\">3. Pomys\u0142owo\u015b\u0107 strukturalna: po\u0142\u0105czenie zmys\u0142u rytualnego i praktyczno\u015bci<\/h2>\n<p>Pude\u0142ko upominkowe przyjmuje\u00a0<strong>Magnetyczne zamkni\u0119cie z przyssawk\u0105 typu flip-top<\/strong>. Klamra magnetyczna zosta\u0142a precyzyjnie obliczona, aby osi\u0105gn\u0105\u0107\u00a0<strong>Pr\u00f3g ssania 15N<\/strong>. Podczas otwierania i zamykania towarzyszy mu wyra\u017any d\u017awi\u0119k \"tykania\", tworz\u0105c unikalny efekt wizualny.\u00a0<strong>punkt pami\u0119ci s\u0142uchowej<\/strong>. Kraw\u0119d\u017a korpusu pude\u0142ka jest przetwarzana za pomoc\u0105\u00a0<strong>Proces ukosowania 5<\/strong>kt\u00f3ra nie tylko zapobiega zadrapaniom d\u0142oni, ale tak\u017ce zwi\u0119ksza p\u0142ynno\u015b\u0107 otwierania. Po\u0142\u0105czenie struktury magnetycznej i konstrukcji z klapk\u0105 sublimuje pojedyncz\u0105 funkcj\u0119 tradycyjnego opakowania w jedno.\u00a0<strong>rytua\u0142 otwarcia<\/strong>, odzwierciedlaj\u0105c logik\u0119 luksusowych opakowa\u0144.<\/p>\n<h2 id=\"4-interactive-innovation-the-ultimate-expression-of-humanized-details\">4. Interaktywne innowacje: ostateczny wyraz humanizowanych detali<\/h2>\n<p>G\u00f3rna cz\u0119\u015b\u0107 jest osadzona w\u00a0<strong>uchwyt z jedwabnej \u017cakardowej wst\u0105\u017cki<\/strong>, kt\u00f3rej szeroko\u015b\u0107 zosta\u0142a zoptymalizowana pod k\u0105tem ergonomii do 28 mm i pasuje do krzywizny d\u0142oni podczas trzymania. Ko\u0144c\u00f3wka ta\u015bmy wykorzystuje\u00a0<strong>Technologia zgrzewania kraw\u0119dzi na gor\u0105co<\/strong>\u00a0aby zapobiec wykolejeniu, i mo\u017cna je dostosowa\u0107 do koloru logo marki, aby funkcjonalne akcesoria by\u0142y\u00a0<strong>mobilna reklama marki<\/strong>. Taka konstrukcja nie tylko poprawia przeno\u015bno\u015b\u0107, ale tak\u017ce wzmacnia emocjonaln\u0105 wi\u0119\u017a mi\u0119dzy u\u017cytkownikami a markami poprzez dotyk.<\/p>\n<h2 id=\"5-visual-language-the-golden-interpretation-of-brand-value\">5. J\u0119zyk wizualny: z\u0142ota interpretacja warto\u015bci marki<\/h2>\n<p>Powierzchnia pude\u0142ka przyjmuje\u00a0<strong>Technologia t\u0142oczenia na gor\u0105co w kolorze r\u00f3\u017cowego z\u0142ota<\/strong>, a tekst i wz\u00f3r s\u0105 prezentowane z tr\u00f3jwymiarowym efektem reliefu poprzez\u00a0<strong>Precyzyjna technologia nanodruku 0,1 mm<\/strong>. Warstwa t\u0142oczona na gor\u0105co jest na\u0142o\u017cona na\u00a0<strong>Pow\u0142oka przeciwutleniaj\u0105ca<\/strong>\u00a0aby zapewni\u0107 stabilno\u015b\u0107 koloru w wilgotnym \u015brodowisku. Projektant umiej\u0119tnie wykorzystuje\u00a0<strong>kompozycja ko\u0142owa<\/strong>\u00a0oraz\u00a0<strong>rysunek linii krajobrazu<\/strong>\u00a0aby po\u0142\u0105czy\u0107 orientaln\u0105 estetyk\u0119 z nowoczesnym minimalizmem, tak aby LOGO marki przekazywa\u0142o g\u0142\u0119bi\u0119 kulturow\u0105 na ma\u0142ej przestrzeni.<\/p>\n<h2 id=\"6-customization-freedom-unlimited-extension-of-brand-personality\">6. Swoboda personalizacji: nieograniczone rozszerzanie osobowo\u015bci marki<\/h2>\n<p>Pude\u0142ko upominkowe obs\u0142uguje\u00a0<strong>Pi\u0119ciowymiarowy system personalizacji<\/strong>:<\/p>\n<ol>\n<li><strong>Struktura pude\u0142ka<\/strong>Dost\u0119pnych jest 6 typ\u00f3w skrzynek, w tym z szufladami, pokryw\u0105 g\u00f3rn\u0105 i doln\u0105 itp;<\/li>\n<li><strong>Kombinacja materia\u0142\u00f3w<\/strong>: Dost\u0119pnych jest 12 materia\u0142\u00f3w powierzchniowych, w tym papier dotykowy i sk\u00f3ra t\u0142oczona;<\/li>\n<li><strong>Superpozycja proces\u00f3w<\/strong>Obs\u0142uguje do 8 kombinacji proces\u00f3w, w tym lokalne UV, wyt\u0142aczanie, laser itp;<\/li>\n<li><strong>Modu\u0142 funkcyjny<\/strong>Wbudowany chip NFC lub wra\u017cliwy na temperatur\u0119 atrament zmieniaj\u0105cy kolor i inne inteligentne komponenty;<\/li>\n<li><strong>Certyfikacja \u015brodowiskowa<\/strong>: przeszed\u0142 certyfikacj\u0119 le\u015bn\u0105 FSC i globalne standardy recyklingu GRS.<\/li>\n<\/ol>\n<h2 id=\"7-green-revolution-a-model-of-sustainable-packaging\">7. Zielona rewolucja: Model zr\u00f3wnowa\u017conych opakowa\u0144<\/h2>\n<p>Ca\u0142y materia\u0142 pude\u0142ka to\u00a0<strong>98% nadaje si\u0119 do recyklingu<\/strong>\u00a0szara tablica u\u017cywa\u00a0<strong>Masa celulozowa z recyklingu w\u0142\u00f3kien s\u0142omy<\/strong>\u00a0, a z\u0142ota pow\u0142oka kartonowa wykorzystuje\u00a0<strong>przyjazny dla \u015brodowiska atrament na bazie wody<\/strong>\u00a0. W por\u00f3wnaniu z tradycyjnymi opakowaniami metalowymi, pojedynczy produkt zmniejsza\u00a0<strong>\u015alad w\u0119glowy 63%<\/strong>\u00a0. Wewn\u0119trzna g\u0105bka ulega degradacji w glebie poprzez\u00a0<strong>Technologia poliuretanowa na bazie biologicznej<\/strong>\u00a0, a w\u0142\u00f3kno flokowane wykorzystuje\u00a0<strong>Poliester PETG nadaj\u0105cy si\u0119 do recyklingu<\/strong>\u00a0buduj\u0105c kompletny zielony \u0142a\u0144cuch od produkcji do odpad\u00f3w.<\/p>\n<h2 id=\"conclusion-defining-a-new-standard-for-high-end-packaging\">Wnioski: Definiowanie nowego standardu dla wysokiej klasy opakowa\u0144<\/h2>\n<p>Projekt tego pude\u0142ka upominkowego z kart\u0105 VIP prze\u0142amuje ograniczenia tradycyjnych opakowa\u0144 pod wzgl\u0119dem materia\u0142\u00f3w, struktury, interakcji itp. i na nowo definiuje konotacj\u0119 wysokiej klasy personalizacji poprzez zderzenie\u00a0<strong>technologia \u015brodowiskowa<\/strong>\u00a0oraz\u00a0<strong>Luksusowe rzemios\u0142o<\/strong>\u00a0. Kiedy klienci przesuwaj\u0105 opuszkami palc\u00f3w po aksamitnym flokowaniu, wyra\u017any d\u017awi\u0119k magnetycznej klamry dzwoni w ich uszach, a odcisk marki w r\u00f3\u017cowym z\u0142ocie odbija si\u0119 w ich oczach, superpozycja tych wielozmys\u0142owych do\u015bwiadcze\u0144 zostanie ostatecznie przekszta\u0142cona w g\u0142\u0119bokie uznanie warto\u015bci marki. Dzi\u015b, gdy koncepcja zr\u00f3wnowa\u017conego rozwoju jest g\u0142\u0119boko zakorzeniona w umys\u0142ach ludzi, ten rodzaj projektowania nie tylko spe\u0142nia potrzeby biznesowe, ale tak\u017ce staje si\u0119 wa\u017cnym narz\u0119dziem dla firm do wype\u0142niania ich obowi\u0105zk\u00f3w spo\u0142ecznych.<\/p>","protected":false},"excerpt":{"rendered":"<p>Wysokiej klasy pude\u0142ko upominkowe na karty VIP z bezp\u0142atnym nadrukiem i aksamitnym uchwytem. Pude\u0142ko zawiera jedwabn\u0105 wst\u0105\u017ck\u0119 i tekst t\u0142oczony foli\u0105 na gor\u0105co w kolorze r\u00f3\u017cowym.<\/p>","protected":false},"featured_media":187,"template":"","meta":{"_kad_post_transparent":"default","_kad_post_title":"","_kad_post_layout":"default","_kad_post_sidebar_id":"","_kad_post_content_style":"default","_kad_post_vertical_padding":"default","_kad_post_feature":"","_kad_post_feature_position":"","_kad_post_header":false,"_kad_post_footer":false,"_kad_post_classname":""},"product_brand":[],"product_cat":[15,27,17],"product_tag":[50,49,48],"class_list":{"0":"post-186","1":"product","2":"type-product","3":"status-publish","4":"has-post-thumbnail","6":"product_cat-red-light-therapy","7":"product_cat-red-light-therapy-belt","8":"product_cat-services","9":"product_tag-custom-vip-card-box","10":"product_tag-high-end-gift-box","11":"product_tag-vip-card-gift-box","13":"first","14":"instock","15":"shipping-taxable","16":"product-type-simple","17":"entry","18":"content-bg","19":"loop-entry"},"_links":{"self":[{"href":"https:\/\/red-lighttherapy.com\/pl\/wp-json\/wp\/v2\/product\/186","targetHints":{"allow":["GET"]}}],"collection":[{"href":"https:\/\/red-lighttherapy.com\/pl\/wp-json\/wp\/v2\/product"}],"about":[{"href":"https:\/\/red-lighttherapy.com\/pl\/wp-json\/wp\/v2\/types\/product"}],"wp:featuredmedia":[{"embeddable":true,"href":"https:\/\/red-lighttherapy.com\/pl\/wp-json\/wp\/v2\/media\/187"}],"wp:attachment":[{"href":"https:\/\/red-lighttherapy.com\/pl\/wp-json\/wp\/v2\/media?parent=186"}],"wp:term":[{"taxonomy":"product_brand","embeddable":true,"href":"https:\/\/red-lighttherapy.com\/pl\/wp-json\/wp\/v2\/product_brand?post=186"},{"taxonomy":"product_cat","embeddable":true,"href":"https:\/\/red-lighttherapy.com\/pl\/wp-json\/wp\/v2\/product_cat?post=186"},{"taxonomy":"product_tag","embeddable":true,"href":"https:\/\/red-lighttherapy.com\/pl\/wp-json\/wp\/v2\/product_tag?post=186"}],"curies":[{"name":"wp","href":"https:\/\/api.w.org\/{rel}","templated":true}]}}