{"id":1820,"date":"2025-04-20T07:09:19","date_gmt":"2025-04-20T07:09:19","guid":{"rendered":"https:\/\/red-lighttherapy.com\/?post_type=product&#038;p=1820"},"modified":"2025-04-22T08:20:42","modified_gmt":"2025-04-22T08:20:42","slug":"texture-fancy-paper-lid-and-base-gift-box-for-jewelry-rings","status":"publish","type":"product","link":"https:\/\/red-lighttherapy.com\/pl\/texture-fancy-paper-lid-and-base-gift-box-for-jewelry-rings\/","title":{"rendered":"Teksturowane pude\u0142ko na bi\u017cuteri\u0119 z papierow\u0105 pokrywk\u0105 i podstaw\u0105"},"content":{"rendered":"<h2 id=\"-product-name-tiangong-series-jewelry-storage-box\">Teksturowane pude\u0142ko na bi\u017cuteri\u0119 z papierow\u0105 pokrywk\u0105 i podstaw\u0105<\/h2>\n<h2 id=\"-1-opening-and-closing-design-of-the-top-and-bottom-lid-both-tightness-and-smoothness-\"><strong>1. Konstrukcja otwierania i zamykania pokrywy i podstawy: szczelno\u015b\u0107 i p\u0142ynno\u015b\u0107<\/strong><\/h2>\n<p>Konstrukcja otwierania i zamykania g\u00f3rnej i dolnej pokrywy: obie trzecie i smary. G\u00f3rna i dolna pokrywa przyjmuje dok\u0142adny magnetyczny system zamykania, aby zapewni\u0107, \u017ce pude\u0142ko z pokryw\u0105 oryginalnie pasuje do cia\u0142a i nie jest \u0142atwe do poluzowania lub otwarcia podczas transportu, zapewniaj\u0105c 360 \u00b0 dla bi\u017cuterii. Tor otwierania i zamykania jest ergonomicznie dostosowany i mo\u017cna go p\u0142ynnie otwiera\u0107 i zamyka\u0107 tym samym naci\u015bni\u0119ciem d\u0142oni. Obs\u0142uga jest wygodna i odpowiada nawykom wsp\u00f3\u0142czesnych konsument\u00f3w.<\/p>\n<h2 id=\"-2-universally-compatible-box-type-flexible-response-to-various-jewelry-sizes-\"><strong>2. Uniwersalnie kompatybilny typ pude\u0142ka: elastyczna reakcja na r\u00f3\u017cne rozmiary bi\u017cuterii<\/strong><\/h2>\n<p>Wn\u0119trze pude\u0142ka przyjmuje modu\u0142ow\u0105 warstwow\u0105 konstrukcj\u0119, kt\u00f3ra jest wyposa\u017cona w regulowane flanelowe szczeliny na karty i podzia\u0142 g\u0105bki, wspieraj\u0105c stabilne przechowywanie bi\u017cuterii o r\u00f3\u017cnych rozmiarach, takich jak pier\u015bcionek, naszyjnik i kolczyki. Dostosowuj\u0105c wysoko\u015b\u0107 i wolne miejsca w przedzia\u0142ach, mo\u017ce by\u0107 kompatybilny z bi\u017cuteri\u0105 o wysoko\u015bci 1-5 cm, spe\u0142niaj\u0105c wymagania dotycz\u0105ce wydajno\u015bci i przechowywania wielu scen.<\/p>\n<h2 id=\"-3-textured-paper-material-both-texture-and-environmental-protection-\"><strong>3. Teksturowany materia\u0142 papierowy: zar\u00f3wno tekstura, jak i ochrona \u015brodowiska<\/strong><\/h2>\n<ul>\n<li><strong>Wzmocnienie wizualne i dotykowe<\/strong>: Na powierzchni zastosowano specjaln\u0105 technologi\u0119 wyt\u0142aczania, aby stworzy\u0107 delikatn\u0105 tr\u00f3jwymiarow\u0105 tekstur\u0119, kt\u00f3ra pod wp\u0142ywem za\u0142amania \u015bwiat\u0142a wygl\u0105da jak matowa i ma ciep\u0142y i delikatny dotyk, tworz\u0105c estetyczny kontrast z blaskiem bi\u017cuterii.<\/li>\n<li><strong>Lekka i kompresyjna struktura<\/strong>: Wybrano wysokowytrzyma\u0142\u0105 szar\u0105 tektur\u0119 kompozytow\u0105 Textured Paper, waga pude\u0142ka wynosi tylko 180 g, a wytrzyma\u0142o\u015b\u0107 na \u015bciskanie osi\u0105ga 50 kg\/\u33a1, bior\u0105c pod uwag\u0119 zar\u00f3wno lekko\u015b\u0107, jak i trwa\u0142o\u015b\u0107.<\/li>\n<li><strong>Certyfikacja \u015brodowiskowa<\/strong>: Materia\u0142 przeszed\u0142 certyfikacj\u0119 le\u015bn\u0105 FSC, proces produkcji osi\u0105ga zerowy dodatek plastiku, a cykl degradacji jest kr\u00f3tszy ni\u017c 6 miesi\u0119cy, co spe\u0142nia standardy zr\u00f3wnowa\u017conego rozwoju ESG.<\/li>\n<\/ul>\n<h2 id=\"-4-brand-logo-and-color-aesthetics-\"><strong>4. Logo marki i estetyka kolor\u00f3w<\/strong><\/h2>\n<ul>\n<li><strong>Precyzyjna technologia druku<\/strong>: Pokrywa pude\u0142ka wykorzystuje technologi\u0119 mikro-rze\u017abienia UV do drukowania logo marki, dok\u0142adno\u015b\u0107 linii osi\u0105ga 0,1 mm, a na kraw\u0119dzi nie ma zadzior\u00f3w ani smug, co wzmacnia profesjonalny wizerunek marki.<\/li>\n<li><strong>Jasnozielona konstrukcja<\/strong>: Pantone 13-6008 TPG (mi\u0119kka mgie\u0142ka zieleni) to g\u0142\u00f3wny kolor inspirowany naturalnym jadeitem. Kolor o niskim nasyceniu \u0142agodzi zm\u0119czenie wzroku i pasuje do podw\u00f3jnego d\u0105\u017cenia bran\u017cy jubilerskiej do natury i wysokiej klasy.<\/li>\n<\/ul>\n<h2 id=\"-5-multi-layer-protective-lining-system-\"><strong>5. Wielowarstwowy system ok\u0142adzin ochronnych<\/strong><\/h2>\n<p>Podszewka ma tr\u00f3jwarstwow\u0105 struktur\u0119 \"flanela + g\u0105bka o wysokiej g\u0119sto\u015bci + szara p\u0142yta\":<\/p>\n<ul>\n<li><strong>Warstwa flaneli<\/strong>: 2 mm ultracienki kr\u00f3tki aksamit, aby zmniejszy\u0107 uszkodzenia spowodowane tarciem bi\u017cuterii i jednocze\u015bnie poch\u0142ania\u0107 kurz.<\/li>\n<li><strong>Warstwa g\u0105bki<\/strong>: 5 mm g\u0105bka odblaskowa do buforowania drga\u0144 transportowych i poprawy odporno\u015bci na uderzenia 40%.<\/li>\n<li><strong>Warstwa szarej p\u0142yty<\/strong>: Szara p\u0142yta o grubo\u015bci 1,5 mm, podtrzymuj\u0105ca korpus pude\u0142ka bez deformacji i wytrzymuj\u0105ca do 2 kg.<\/li>\n<\/ul>\n<h2 id=\"-applicable-scenarios-\"><strong>Obowi\u0105zuj\u0105ce scenariusze<\/strong><\/h2>\n<ul>\n<li><strong>Koniec sprzeda\u017cy detalicznej<\/strong>: ekspozytor na lad\u0119, opakowanie na prezent<\/li>\n<li><strong>U\u017cytek osobisty<\/strong>: przechowywanie w domu, przenoszenie w podr\u00f3\u017cy<\/li>\n<li><strong>Personalizacja marki<\/strong>upominki firmowe, ekskluzywne opakowania z limitowanej edycji<\/li>\n<\/ul>","protected":false},"excerpt":{"rendered":"<p>Z naturaln\u0105 estetyk\u0105 i funkcjonalizmem jako rdzeniem, poprzez innowacyjne po\u0142\u0105czenie ergonomicznej struktury i przyjaznych dla \u015brodowiska materia\u0142\u00f3w, na nowo definiujemy praktyczn\u0105 warto\u015b\u0107 i artystyczn\u0105 ekspresj\u0119 opakowa\u0144 bi\u017cuterii i pomagamy markom tworzy\u0107 wysokiej klasy i zr\u00f3wnowa\u017cony wizerunek rynkowy.<\/p>","protected":false},"featured_media":2137,"template":"","meta":{"_kad_post_transparent":"default","_kad_post_title":"","_kad_post_layout":"default","_kad_post_sidebar_id":"","_kad_post_content_style":"default","_kad_post_vertical_padding":"default","_kad_post_feature":"","_kad_post_feature_position":"","_kad_post_header":false,"_kad_post_footer":false,"_kad_post_classname":""},"product_brand":[],"product_cat":[15,19,17],"product_tag":[542,541,540],"class_list":{"0":"post-1820","1":"product","2":"type-product","3":"status-publish","4":"has-post-thumbnail","6":"product_cat-red-light-therapy","7":"product_cat-red-light-therapy-stand","8":"product_cat-services","9":"product_tag-fancy-paper-rings-box","10":"product_tag-lid-and-base-gift-box","11":"product_tag-texture-paper-jewelry-gift-box","13":"first","14":"instock","15":"shipping-taxable","16":"product-type-simple","17":"entry","18":"content-bg","19":"loop-entry"},"_links":{"self":[{"href":"https:\/\/red-lighttherapy.com\/pl\/wp-json\/wp\/v2\/product\/1820","targetHints":{"allow":["GET"]}}],"collection":[{"href":"https:\/\/red-lighttherapy.com\/pl\/wp-json\/wp\/v2\/product"}],"about":[{"href":"https:\/\/red-lighttherapy.com\/pl\/wp-json\/wp\/v2\/types\/product"}],"wp:featuredmedia":[{"embeddable":true,"href":"https:\/\/red-lighttherapy.com\/pl\/wp-json\/wp\/v2\/media\/2137"}],"wp:attachment":[{"href":"https:\/\/red-lighttherapy.com\/pl\/wp-json\/wp\/v2\/media?parent=1820"}],"wp:term":[{"taxonomy":"product_brand","embeddable":true,"href":"https:\/\/red-lighttherapy.com\/pl\/wp-json\/wp\/v2\/product_brand?post=1820"},{"taxonomy":"product_cat","embeddable":true,"href":"https:\/\/red-lighttherapy.com\/pl\/wp-json\/wp\/v2\/product_cat?post=1820"},{"taxonomy":"product_tag","embeddable":true,"href":"https:\/\/red-lighttherapy.com\/pl\/wp-json\/wp\/v2\/product_tag?post=1820"}],"curies":[{"name":"wp","href":"https:\/\/api.w.org\/{rel}","templated":true}]}}