{"id":1273,"date":"2025-04-17T14:52:03","date_gmt":"2025-04-17T14:52:03","guid":{"rendered":"https:\/\/red-lighttherapy.com\/?post_type=product&#038;p=1273"},"modified":"2025-04-20T07:09:12","modified_gmt":"2025-04-20T07:09:12","slug":"distributor-custom-vintage-tea-rigid-drawer-boxes-packaging","status":"publish","type":"product","link":"https:\/\/red-lighttherapy.com\/pl\/distributor-custom-vintage-tea-rigid-drawer-boxes-packaging\/","title":{"rendered":"Dystrybutor Niestandardowe sztywne pude\u0142ka na herbat\u0119 Vintage Szuflady Opakowania"},"content":{"rendered":"<h2 id=\"-customized-retro-tea-rigid-drawer-box-packaging-product-description-\"><strong>Niestandardowe sztywne pude\u0142ko na herbat\u0119 Retro Opis produktu<\/strong><\/h2>\n<h2 id=\"-1-spot-color-printing-and-craft-design-\"><strong>1. Druk w kolorze dodatkowym i projektowanie rzemie\u015blnicze<\/strong><\/h2>\n<p>Ten papierowy pojemnik na herbat\u0119 w stylu retro jest wykonany z\u00a0<strong>papier powlekany<\/strong>\u00a0materia\u0142. The\u00a0<strong>Technologia druku w kolorze dodatkowym<\/strong>\u00a0dok\u0142adnie przywraca tonacj\u0119 kolor\u00f3w retro i jest uzupe\u0142niany przez\u00a0<strong>cz\u0119\u015bciowy proces UV<\/strong>\u00a0dzi\u0119ki czemu wz\u00f3r lub tekst ma tr\u00f3jwymiarowy dotyk i mi\u0119kki po\u0142ysk, a zmys\u0142y wizualne i dotykowe s\u0105 wzmocnione. Wysoka g\u0142adko\u015b\u0107 i absorpcja atramentu przez papier powlekany zapewniaj\u0105, \u017ce kolor druku jest pe\u0142ny, a szczeg\u00f3\u0142y wyra\u017ane. W po\u0142\u0105czeniu z odpornymi na zu\u017cycie w\u0142a\u015bciwo\u015bciami technologii UV, podkre\u015bla to wysokiej klasy temperament i dziedzictwo kulturowe marki.<\/p>\n<h2 id=\"-2-classic-paper-drawer-box-opening-and-closing-design-\"><strong>2. Klasyczna konstrukcja otwierania i zamykania szuflady na papier<\/strong><\/h2>\n<p>W opakowaniu zastosowano\u00a0<strong>Struktura szuflady na papier<\/strong>Szuflada jest g\u0142adka i wygodna w otwieraniu i zamykaniu, ma zar\u00f3wno praktyczny charakter, jak i poczucie rytua\u0142u. Konstrukcja papierowej szuflady jest nie tylko wygodna do picia herbaty, ale mo\u017ce r\u00f3wnie\u017c zwi\u0119kszy\u0107 interakcj\u0119 konsumenta poprzez stopniowe wy\u015bwietlanie zawarto\u015bci wewn\u0119trznego pude\u0142ka. Ten projekt jest inspirowany tradycyjn\u0105 kultur\u0105 herbaty, w po\u0142\u0105czeniu z nowoczesn\u0105 estetyk\u0105, kt\u00f3ra nadaje produktowi poczucie rytua\u0142u \"otwierania pude\u0142ka jak skarbu\".<\/p>\n<h2 id=\"-3-high-density-sponge-lining-protection-\"><strong>3. Podszewka z g\u0105bki o wysokiej g\u0119sto\u015bci<\/strong><\/h2>\n<p>Wewn\u0119trzna podszewka wykorzystuje\u00a0<strong>35 kg przyjaznej dla \u015brodowiska g\u0105bki o wysokiej g\u0119sto\u015bci<\/strong>G\u0105bka jest precyzyjnie wyci\u0119ta i zaprojektowana z wbudowan\u0105 tac\u0105, aby mocno przymocowa\u0107 ciasto herbaciane lub ceg\u0142\u0119 herbacian\u0105, aby unikn\u0105\u0107 wstrz\u0105s\u00f3w i kolizji podczas transportu lub przechowywania. G\u0105bka ma doskona\u0142\u0105 spr\u0119\u017cysto\u015b\u0107 i odporno\u015b\u0107 na nacisk, mo\u017ce utrzyma\u0107 stabilny kszta\u0142t przez d\u0142ugi czas i zapewnia fizyczn\u0105 ochron\u0119 oraz bufor temperatury i wilgotno\u015bci herbaty.<\/p>\n<h2 id=\"-4-warm-color-inner-box-visual-presentation-\"><strong>4. Prezentacja wizualna pude\u0142ka wewn\u0119trznego w ciep\u0142ym kolorze<\/strong><\/h2>\n<p>Na pude\u0142ku wewn\u0119trznym nadrukowano\u00a0<strong>Papier powlekany 157 g<\/strong>Papier powlekany z ciep\u0142ymi kolorami jako g\u0142\u00f3wnym tonem (takimi jak be\u017c i ochra), a tekstura retro jest wzmocniona przez matow\u0105 lub gor\u0105c\u0105 technologi\u0119 t\u0142oczenia. Delikatna powierzchnia i wysoka bia\u0142o\u015b\u0107 powlekanego papieru, w po\u0142\u0105czeniu z mi\u0119kkim przej\u015bciem kolor\u00f3w, tworz\u0105 wizualn\u0105 atmosfer\u0119 \"wykwintnego magazynu herbaty\", odzwierciedlaj\u0105c naturalne w\u0142a\u015bciwo\u015bci i kulturowe konotacje herbaty.<\/p>\n<h2 id=\"-5-factory-qualifications-and-design-support-\"><strong>5. Kwalifikacje fabryczne i wsparcie projektowe<\/strong><\/h2>\n<p>Producent posiada\u00a0<strong>niezale\u017cne budynki fabryczne<\/strong>\u00a0i profesjonalny zesp\u00f3\u0142 projektant\u00f3w, wyposa\u017cony w zaawansowany sprz\u0119t, taki jak niemiecka linia produkcyjna BHS i technologia wst\u0119pnego druku cyfrowego, kt\u00f3ry mo\u017ce zapewni\u0107 kompleksow\u0105 obs\u0142ug\u0119 od projektu do masowej produkcji. Zesp\u00f3\u0142 jest dobry w dostarczaniu niestandardowych sugestii opartych na charakterystyce kategorii herbat (takich jak Pu'er i bia\u0142a herbata), takich jak warstwowe struktury dostosowane do cegie\u0142 herbacianych z r\u00f3\u017cnych lat lub integracja tradycyjnych wzor\u00f3w z nowoczesnymi minimalistycznymi elementami.<\/p>\n<h2 id=\"-6-environmental-certification-and-high-cost-performance-\"><strong>6. Certyfikacja \u015brodowiskowa i wysoka wydajno\u015b\u0107 kosztowa<\/strong><\/h2>\n<p>Fabryka przesz\u0142a certyfikacj\u0119 FSC One, aby zapewni\u0107, \u017ce materia\u0142 opakowaniowy pochodzi z las\u00f3w zarz\u0105dzanych w spos\u00f3b ci\u0105g\u0142y i wykorzystuje procesy przyjazne dla \u015brodowiska, takie jak atrament na bazie wody i degradowalna podszewka. Dzi\u0119ki produkcji na du\u017c\u0105 skal\u0119 i inteligentnemu zarz\u0105dzaniu (np. magazyn papieru bazowego i automatyczna logistyka) kontrolujemy koszty, zapewniaj\u0105c jako\u015b\u0107 i dostarczaj\u0105c klientom rozwi\u0105zania, kt\u00f3re s\u0105 zar\u00f3wno przyjazne dla \u015brodowiska, jak i przyst\u0119pne cenowo.<\/p>","protected":false},"excerpt":{"rendered":"<p>Ten produkt jest odpowiedni dla wysokiej klasy marek herbaty, upomink\u00f3w kulturalnych i kolekcjonerskich produkt\u00f3w herbacianych. Rozmiar, rodzaj pude\u0142ka (takie jak g\u00f3rne i dolne wieczka, pude\u0142ka o specjalnym kszta\u0142cie) i akcesoria (wst\u0105\u017cki, akcesoria sprz\u0119towe) mo\u017cna dostosowa\u0107. Dzi\u0119ki koordynacji materia\u0142\u00f3w, rzemios\u0142a i wzornictwa, nie tylko spe\u0142nia potrzeby estetyki retro, ale tak\u017ce uwzgl\u0119dnia praktyczne funkcje ochronne, pomagaj\u0105c markom zwi\u0119kszy\u0107 warto\u015b\u0107 dodan\u0105 i stworzy\u0107 zr\u00f3\u017cnicowan\u0105 konkurencyjno\u015b\u0107 rynkow\u0105.<\/p>","protected":false},"featured_media":1815,"template":"","meta":{"_kad_post_transparent":"default","_kad_post_title":"","_kad_post_layout":"default","_kad_post_sidebar_id":"","_kad_post_content_style":"default","_kad_post_vertical_padding":"default","_kad_post_feature":"","_kad_post_feature_position":"","_kad_post_header":false,"_kad_post_footer":false,"_kad_post_classname":""},"product_brand":[],"product_cat":[15,20,17],"product_tag":[537,539,538],"class_list":{"0":"post-1273","1":"product","2":"type-product","3":"status-publish","4":"has-post-thumbnail","6":"product_cat-red-light-therapy","7":"product_cat-led-face-light-therapy","8":"product_cat-services","9":"product_tag-custom-rigid-drawer-boxes","10":"product_tag-drawer-rigid-boxes","11":"product_tag-tea-box-packaging","13":"first","14":"instock","15":"shipping-taxable","16":"product-type-simple","17":"entry","18":"content-bg","19":"loop-entry"},"_links":{"self":[{"href":"https:\/\/red-lighttherapy.com\/pl\/wp-json\/wp\/v2\/product\/1273","targetHints":{"allow":["GET"]}}],"collection":[{"href":"https:\/\/red-lighttherapy.com\/pl\/wp-json\/wp\/v2\/product"}],"about":[{"href":"https:\/\/red-lighttherapy.com\/pl\/wp-json\/wp\/v2\/types\/product"}],"wp:featuredmedia":[{"embeddable":true,"href":"https:\/\/red-lighttherapy.com\/pl\/wp-json\/wp\/v2\/media\/1815"}],"wp:attachment":[{"href":"https:\/\/red-lighttherapy.com\/pl\/wp-json\/wp\/v2\/media?parent=1273"}],"wp:term":[{"taxonomy":"product_brand","embeddable":true,"href":"https:\/\/red-lighttherapy.com\/pl\/wp-json\/wp\/v2\/product_brand?post=1273"},{"taxonomy":"product_cat","embeddable":true,"href":"https:\/\/red-lighttherapy.com\/pl\/wp-json\/wp\/v2\/product_cat?post=1273"},{"taxonomy":"product_tag","embeddable":true,"href":"https:\/\/red-lighttherapy.com\/pl\/wp-json\/wp\/v2\/product_tag?post=1273"}],"curies":[{"name":"wp","href":"https:\/\/api.w.org\/{rel}","templated":true}]}}