{"id":1243,"date":"2025-04-17T08:15:49","date_gmt":"2025-04-17T08:15:49","guid":{"rendered":"https:\/\/red-lighttherapy.com\/?post_type=product&#038;p=1243"},"modified":"2025-04-17T08:48:04","modified_gmt":"2025-04-17T08:48:04","slug":"vendor-luxury-two-pack-red-wine-double-side-open-gift-box","status":"publish","type":"product","link":"https:\/\/red-lighttherapy.com\/pl\/vendor-luxury-two-pack-red-wine-double-side-open-gift-box\/","title":{"rendered":"Vendor Luxury Dwupak Czerwonego Wina Dwustronnie Otwarte Pude\u0142ko Upominkowe"},"content":{"rendered":"<h2 id=\"-double-sided-luxury-wine-gift-box-\">Vendor Luxury Dwupak Czerwonego Wina Dwustronnie Otwarte Pude\u0142ko Upominkowe<\/h2>\n<h4 id=\"-i-innovative-double-door-structure-design-\"><strong>1. Innowacyjna konstrukcja z podw\u00f3jnymi drzwiami<\/strong><\/h4>\n<ul>\n<li>Zewn\u0119trzny korpus pude\u0142ka wykonany jest z 2,5 mm szarej p\u0142yty o wysokiej g\u0119sto\u015bci, a wewn\u0119trzny rowek wykorzystuje technologi\u0119 precyzyjnego wykrawania EVA, kt\u00f3ra dok\u0142adnie dopasowuje si\u0119 do krzywizny standardowej butelki wina. Pozycje podw\u00f3jnych butelek s\u0105 oddzielone niezale\u017cnie z odst\u0119pem \u226515 mm, aby unikn\u0105\u0107 kolizji butelek podczas transportu.<\/li>\n<li>Ca\u0142kowicie otwarta, rozk\u0142adana o 180\u00b0 konstrukcja nie wymaga przechylania korpusu butelki podczas przechowywania i wyjmowania czerwonego wina. Dzi\u0119ki magnetycznemu systemowi zamykania b\u0142\u0105d zamkni\u0119cia wynosi \u22640,3 mm.<\/li>\n<\/ul>\n<h2 id=\"-ii-minimalist-aesthetics-and-functional-integration-\"><strong>2. Minimalistyczna estetyka i funkcjonalna integracja<\/strong><\/h2>\n<ul>\n<li>G\u0142\u00f3wny kolor korpusu pude\u0142ka to dwustronne zderzenie kolor\u00f3w r\u00f3\u017cowego i niebieskiego. Dzi\u0119ki matowej folii dotykowej i lokalnemu procesowi lakierowania UV powstaje wizualny kontrast mi\u0119dzy aksamitn\u0105 tekstur\u0105 a lustrzanym odbiciem.<\/li>\n<li>Rozwi\u0105zanie do identyfikacji marki bez LOGO: na bocznych kraw\u0119dziach pude\u0142ka uformowane s\u0105 charakterystyczne dla marki symbole marszczenia, kt\u00f3re poprawiaj\u0105 poznanie poprzez pami\u0119\u0107 dotykow\u0105.<\/li>\n<\/ul>\n<h2 id=\"-three-engineering-level-protection-system-\"><strong>3. System ochrony na poziomie in\u017cynieryjnym<\/strong><\/h2>\n<ul>\n<li>Modelowanie 3D s\u0142u\u017cy do dostosowania wewn\u0119trznego wspornika nachylonego pod k\u0105tem 15 \u00b0, z warstw\u0105 buforow\u0105 EVA o g\u0119sto\u015bci 40D, zweryfikowan\u0105 w te\u015bcie transportowym ISTA 3A, mo\u017ce wytrzyma\u0107 uderzenie z wysoko\u015bci 1,2 m.<\/li>\n<li>Warstwowa struktura ochronna: g\u00f3rna warstwa odporna na nacisk z tektury o strukturze plastra miodu 5 mm + \u015brodkowa warstwa amortyzuj\u0105ca EVA + dolna antypo\u015blizgowa podk\u0142adka silikonowa, potr\u00f3jna ochrona dostosowuje si\u0119 do zmian temperatury i wilgotno\u015bci od -20 \u2103 do 50 \u2103.<\/li>\n<\/ul>\n<h2 id=\"-fourth-flexible-customization-solutions-\"><strong>4. Elastyczne rozwi\u0105zania dostosowywania<\/strong><\/h2>\n<ul>\n<li><strong>Ulepszenie materia\u0142\u00f3w<\/strong>: Obs\u0142uga 12 pod\u0142o\u017cy, takich jak lite drewno orzechowe i przyjazna dla \u015brodowiska p\u0142yta z w\u0142\u00f3kna bambusowego<\/li>\n<li><strong>Rozszerzenie procesu<\/strong>: 18 bibliotek proces\u00f3w obr\u00f3bki powierzchni, takich jak t\u0142oczenie na gor\u0105co \/ wyt\u0142aczanie \/ grawerowanie laserowe<\/li>\n<li><strong>Inteligentna odpowied\u017a<\/strong>: Uko\u0144czenie sprawdzania struktury 3D w ci\u0105gu 48 godzin i dostarczenie ma\u0142ych partii gotowych produkt\u00f3w w ci\u0105gu 72 godzin.<\/li>\n<\/ul>\n<h2 id=\"-five-multi-scenario-application-value-\"><strong>5. Warto\u015b\u0107 aplikacji dla wielu scenariuszy<\/strong><\/h2>\n<table>\n<thead>\n<tr>\n<th>Scenariusz zastosowania<\/th>\n<th>G\u0142\u00f3wna zaleta rozwi\u0105zania<\/th>\n<\/tr>\n<\/thead>\n<tbody>\n<tr>\n<td>Wysokiej klasy prezenty biznesowe<\/td>\n<td>Dwukolorowy, dwuskrzyd\u0142owy design podkre\u015bla poczucie szlachetnej ceremonii<\/td>\n<\/tr>\n<tr>\n<td>Wy\u015bwietlacz detaliczny<\/td>\n<td>Samono\u015bna konstrukcja pozwala zaoszcz\u0119dzi\u0107 30% miejsca w gablocie.<\/td>\n<\/tr>\n<tr>\n<td>Magazynowanie i transport<\/td>\n<td>Mo\u017cliwo\u015b\u0107 sztaplowania zwi\u0119ksza wydajno\u015b\u0107 \u0142adowania o 40%<\/td>\n<\/tr>\n<tr>\n<td>Zr\u00f3wnowa\u017cone u\u017cytkowanie<\/td>\n<td>Wewn\u0119trzn\u0105 tack\u0119 mo\u017cna zast\u0105pi\u0107 modu\u0142em do przechowywania bi\u017cuterii<\/td>\n<\/tr>\n<\/tbody>\n<\/table>","protected":false},"excerpt":{"rendered":"<p>Dwustronnie otwarta konstrukcja pude\u0142ka upominkowego, zewn\u0119trzny korpus pude\u0142ka i wewn\u0119trzny rowek tworz\u0105 zagnie\u017cd\u017cony uk\u0142ad, dwie pozycje butelek s\u0105 niezale\u017cnie oddzielone, idealnie dopasowuj\u0105c si\u0119 do krzywizny standardowej butelki czerwonego wina, w pe\u0142ni otwarta konstrukcja jest \u0142atwa do przechowywania i pobierania, korpus pude\u0142ka pasuje ciasno po zamkni\u0119ciu, a og\u00f3lny kszta\u0142t jest prosty i schludny, co nie tylko spe\u0142nia potrzeby ochrony transportu, ale ma r\u00f3wnie\u017c estetyczny wygl\u0105d wy\u015bwietlacza.<\/p>","protected":false},"featured_media":1245,"template":"","meta":{"_kad_post_transparent":"default","_kad_post_title":"","_kad_post_layout":"default","_kad_post_sidebar_id":"","_kad_post_content_style":"default","_kad_post_vertical_padding":"default","_kad_post_feature":"","_kad_post_feature_position":"","_kad_post_header":false,"_kad_post_footer":false,"_kad_post_classname":""},"product_brand":[],"product_cat":[15,17],"product_tag":[488,486,487],"class_list":{"0":"post-1243","1":"product","2":"type-product","3":"status-publish","4":"has-post-thumbnail","6":"product_cat-red-light-therapy","7":"product_cat-services","8":"product_tag-luxury-red-wine-packaging","9":"product_tag-luxury-two-pack-red-wine-box","10":"product_tag-wine-gift-box","12":"first","13":"instock","14":"shipping-taxable","15":"product-type-simple","16":"entry","17":"content-bg","18":"loop-entry"},"_links":{"self":[{"href":"https:\/\/red-lighttherapy.com\/pl\/wp-json\/wp\/v2\/product\/1243","targetHints":{"allow":["GET"]}}],"collection":[{"href":"https:\/\/red-lighttherapy.com\/pl\/wp-json\/wp\/v2\/product"}],"about":[{"href":"https:\/\/red-lighttherapy.com\/pl\/wp-json\/wp\/v2\/types\/product"}],"wp:featuredmedia":[{"embeddable":true,"href":"https:\/\/red-lighttherapy.com\/pl\/wp-json\/wp\/v2\/media\/1245"}],"wp:attachment":[{"href":"https:\/\/red-lighttherapy.com\/pl\/wp-json\/wp\/v2\/media?parent=1243"}],"wp:term":[{"taxonomy":"product_brand","embeddable":true,"href":"https:\/\/red-lighttherapy.com\/pl\/wp-json\/wp\/v2\/product_brand?post=1243"},{"taxonomy":"product_cat","embeddable":true,"href":"https:\/\/red-lighttherapy.com\/pl\/wp-json\/wp\/v2\/product_cat?post=1243"},{"taxonomy":"product_tag","embeddable":true,"href":"https:\/\/red-lighttherapy.com\/pl\/wp-json\/wp\/v2\/product_tag?post=1243"}],"curies":[{"name":"wp","href":"https:\/\/api.w.org\/{rel}","templated":true}]}}