{"id":1236,"date":"2025-04-17T08:00:30","date_gmt":"2025-04-17T08:00:30","guid":{"rendered":"https:\/\/red-lighttherapy.com\/?post_type=product&#038;p=1236"},"modified":"2025-04-17T08:15:29","modified_gmt":"2025-04-17T08:15:29","slug":"glitter-paper-collapsible-magnetic-gift-boxes-for-hair-wigs","status":"publish","type":"product","link":"https:\/\/red-lighttherapy.com\/pl\/glitter-paper-collapsible-magnetic-gift-boxes-for-hair-wigs\/","title":{"rendered":"Papierowe, sk\u0142adane, magnetyczne pude\u0142ka prezentowe na peruki do w\u0142os\u00f3w"},"content":{"rendered":"<h2 id=\"glitter-paper-foldable-magnetic-wig-gift-box-product-description\">Pude\u0142ko na prezenty z brokatow\u0105 papierow\u0105, sk\u0142adan\u0105 pokrywk\u0105 magnetyczn\u0105 Opis produktu<\/h2>\n<h2 id=\"-1-easy-to-open-and-close-and-stable-folding-design-optimizes-transportation-and-storage-\"><strong>1. \u0141atwa do otwierania i zamykania oraz stabilna, sk\u0142adana konstrukcja optymalizuje transport i przechowywanie<\/strong><\/h2>\n<p>Ten produkt ma innowacyjn\u0105 sk\u0142adan\u0105 struktur\u0119. Po roz\u0142o\u017ceniu pude\u0142ko mo\u017cna szybko otworzy\u0107 i zamkn\u0105\u0107 za pomoc\u0105 magnetycznego systemu zamykania. Po zamkni\u0119ciu si\u0142a magnetyczna jest r\u00f3wnomiernie roz\u0142o\u017cona, aby zapewni\u0107 stabilno\u015b\u0107; grubo\u015b\u0107 po z\u0142o\u017ceniu wynosi tylko 1\/5 pierwotnej obj\u0119to\u015bci, co znacznie oszcz\u0119dza przestrze\u0144 magazynow\u0105 i logistyczn\u0105 oraz zmniejsza koszty transportu o ponad 30%. Korpus pude\u0142ka jest osadzony w ramie no\u015bnej z szarej p\u0142yty o wysokiej wytrzyma\u0142o\u015bci, z precyzyjn\u0105 technologi\u0105 bigowania, kt\u00f3ra nie odkszta\u0142ca si\u0119 po d\u0142ugotrwa\u0142ym u\u017cytkowaniu i mo\u017ce by\u0107 wielokrotnie sk\u0142adana ponad 500 razy bez strat, co jest odpowiednie do transportu transgranicznego i d\u0142ugoterminowego przechowywania potrzeby.<\/p>\n<h2 id=\"-2-magnetic-box-design-neat-lines-and-high-space-utilization-\"><strong>2. Magnetyczna konstrukcja pude\u0142ka, schludne linie i wysokie wykorzystanie przestrzeni<\/strong><\/h2>\n<p>W obudowie zastosowano zintegrowany magnetyczny system zamykania, a z boku znajduje si\u0119 silny arkusz magnetyczny NdFeB o sile ss\u0105cej 0,8 N\/cm\u00b2, p\u0142ynnym otwieraniu i zamykaniu oraz doskona\u0142ym uszczelnieniu. Konstrukcja przestrzeni wewn\u0119trznej jest zgodna ze z\u0142otym podzia\u0142em i umo\u017cliwia elastyczne przechowywanie lekkich, luksusowych przedmiot\u00f3w, takich jak peruki, bi\u017cuteria i kosmetyki. Nadaje si\u0119 do r\u00f3\u017cnych przedmiot\u00f3w o wysoko\u015bci 5-30 cm i jest wyposa\u017cony w regulowan\u0105 warstwow\u0105 podszewk\u0119, kt\u00f3ra zwi\u0119ksza stopie\u0144 wykorzystania przestrzeni o 40%.<\/p>\n<h2 id=\"-3-glitter-paper-material-smart-light-and-shadow-high-end-texture-\"><strong>3. Materia\u0142 Glitter Paper: inteligentne \u015bwiat\u0142o i cie\u0144, wysokiej jako\u015bci tekstura<\/strong><\/h2>\n<p>Powierzchnia wykonana jest z importowanego, przyjaznego dla \u015brodowiska papieru brokatowego z mikronowymi cz\u0105steczkami brokatu, kt\u00f3re pod wp\u0142ywem za\u0142amania \u015bwiat\u0142a tworz\u0105 wielopoziomowy efekt gwiazdy. Materia\u0142 posiada certyfikat SGS, jest odporny na zu\u017cycie i zarysowania oraz spe\u0142nia unijne normy ochrony \u015brodowiska REACH. Dost\u0119pny jest w czterech kolorach: czarnym, z\u0142otym, srebrnym i zielonym. G\u0142\u00f3wnym kolorem jest \"zielony\", kt\u00f3ry jest zgodny z koncepcj\u0105 ochrony \u015brodowiska i m\u0142odzie\u0144czym wizerunkiem marki.<\/p>\n<h2 id=\"-4-precision-technology-industrial-grade-quality-control-and-detail-processing-\"><strong>4. Precyzyjna technologia: przemys\u0142owa kontrola jako\u015bci i przetwarzanie detali<\/strong><\/h2>\n<ul>\n<li><strong>Przetwarzanie kraw\u0119dzi<\/strong>: Zastosowano technologi\u0119 precyzyjnego ci\u0119cia laserowego, naci\u0119cie jest g\u0142adkie i pozbawione zadzior\u00f3w, a b\u0142\u0105d wynosi \u22640,1 mm;<\/li>\n<li><strong>Proces \u0142\u0105czenia<\/strong>: Bezszwowe \u0142\u0105czenie za pomoc\u0105 przyjaznego dla \u015brodowiska kleju niemieckiej firmy Henkel, wytrzyma\u0142o\u015b\u0107 na rozci\u0105ganie osi\u0105ga 50 N\/cm, a szwy nie maj\u0105 p\u0119kni\u0119\u0107 po tysi\u0105cach test\u00f3w otwierania i zamykania;<\/li>\n<li><strong>Drukowanie powierzchniowe<\/strong>: Obs\u0142uguje drukowanie w kolorze dodatkowym 4C+0C (numer koloru Pantone \/ Pantone + CMYK), a dok\u0142adno\u015b\u0107 efektu gradientu si\u0119ga 175 linii\/cal.<\/li>\n<\/ul>\n<h2 id=\"-5-environmental-protection-theme-and-scene-adaptation-\"><strong>5. Temat ochrony \u015brodowiska i adaptacja sceny<\/strong><\/h2>\n<p>Z \"zielonym\" jako g\u0142\u00f3wnym kolorem, jest inspirowany ekologi\u0105 lasu i dopasowany do matowej pow\u0142oki UV, aby przekaza\u0107 stonowany luksus. Korpus pude\u0142ka mo\u017cna dostosowa\u0107 za pomoc\u0105 \u015bwi\u0105tecznych wzor\u00f3w t\u0142oczonych na gor\u0105co (takich jak \u015bwi\u0105teczne p\u0142atki \u015bniegu i wiosenne chmury), odpowiednich do walentynkowych pude\u0142ek na prezenty, opakowa\u0144 z limitowanej edycji marki i innych scen, bior\u0105c pod uwag\u0119 koncepcje ochrony \u015brodowiska i tworzenie \u015bwi\u0105tecznej atmosfery.<\/p>\n<h2 id=\"-6-ribbon-lifting-a-balance-between-function-and-aesthetics-\"><strong>6. Podnoszenie wst\u0105\u017cki: r\u00f3wnowaga mi\u0119dzy funkcjonalno\u015bci\u0105 a estetyk\u0105<\/strong><\/h2>\n<p>G\u00f3rna cz\u0119\u015b\u0107 pude\u0142ka jest wst\u0119pnie wype\u0142niona ta\u015bm\u0105 poliestrow\u0105 o wysokiej wytrzyma\u0142o\u015bci, kt\u00f3ra mo\u017ce ud\u017awign\u0105\u0107 do 5 kg. K\u0105t podnoszenia jest ergonomicznie zaprojektowany, a si\u0142a otwierania pude\u0142ka wynosi \u226410N. Wst\u0105\u017ck\u0119 mo\u017cna dostosowa\u0107 za pomoc\u0105 t\u0142oczonego na gor\u0105co \/ wyt\u0142aczanego LOGO, a dost\u0119pne s\u0105 dwie opcje tekstury: matowa i satynowa, aby zwi\u0119kszy\u0107 poczucie ceremonii rozpakowywania.<\/p>\n<h2 id=\"-8-full-link-personalized-customization-service-\"><strong>8. W pe\u0142ni spersonalizowana us\u0142uga dostosowywania \u0142\u0105cza<\/strong><\/h2>\n<ul>\n<li><strong>Rozmiar<\/strong>: Obs\u0142uguje regulacj\u0119 stosunku d\u0142ugo\u015bci, szeroko\u015bci i wysoko\u015bci od 1:1 do 1:3, przy minimalnej ilo\u015bci zam\u00f3wienia 500 sztuk;<\/li>\n<li><strong>Typ pude\u0142ka<\/strong>6 podstawowych typ\u00f3w pude\u0142ek, takich jak pude\u0142ko w kszta\u0142cie ksi\u0105\u017cki, g\u00f3rna i dolna pokrywa, pude\u0142ko z szufladami itp. s\u0105 opcjonalne, a rozw\u00f3j konstrukcji o specjalnym kszta\u0142cie jest obs\u0142ugiwany;<\/li>\n<li><strong>Drukowanie i proces<\/strong>: LOGO mo\u017ce wybra\u0107 12 proces\u00f3w, takich jak t\u0142oczenie na gor\u0105co, wyt\u0142aczanie i lokalne UV, z rozdzielczo\u015bci\u0105 \u22651200 dpi;<\/li>\n<li><strong>Certyfikacja \u015brodowiskowa<\/strong>: Zapewnienie ekologicznych rozwi\u0105za\u0144 produkcyjnych, takich jak papier z certyfikatem FSC i atrament na bazie wody.<\/li>\n<\/ul>","protected":false},"excerpt":{"rendered":"<p>To sk\u0142adane pude\u0142ko z magnetyczn\u0105 pokryw\u0105 jest \u0142atwe do otwierania i zamykania oraz stabilne. Jest \u0142atwe w transporcie i przechowywaniu po z\u0142o\u017ceniu, co zmniejsza koszty logistyczne i zapobiega deformacji korpusu pude\u0142ka przez d\u0142ugi czas. Korpus pude\u0142ka jest g\u0142\u00f3wnie zielony, co jest zgodne z tematem ochrony \u015brodowiska i nadaje marce ton m\u0142odo\u015bci i witalno\u015bci. Nadaje si\u0119 do pakowania peruk i innych scen.<\/p>","protected":false},"featured_media":1238,"template":"","meta":{"_kad_post_transparent":"default","_kad_post_title":"","_kad_post_layout":"default","_kad_post_sidebar_id":"","_kad_post_content_style":"default","_kad_post_vertical_padding":"default","_kad_post_feature":"","_kad_post_feature_position":"","_kad_post_header":false,"_kad_post_footer":false,"_kad_post_classname":""},"product_brand":[],"product_cat":[15,22,17],"product_tag":[484,483,485],"class_list":{"0":"post-1236","1":"product","2":"type-product","3":"status-publish","4":"has-post-thumbnail","6":"product_cat-red-light-therapy","7":"product_cat-red-light-therapy-blanket","8":"product_cat-services","9":"product_tag-collapsible-gift-boxes","10":"product_tag-custom-glitter-gift-boxes-wholesale","11":"product_tag-foldable-gift-box-wholesale","13":"first","14":"instock","15":"shipping-taxable","16":"product-type-simple","17":"entry","18":"content-bg","19":"loop-entry"},"_links":{"self":[{"href":"https:\/\/red-lighttherapy.com\/pl\/wp-json\/wp\/v2\/product\/1236","targetHints":{"allow":["GET"]}}],"collection":[{"href":"https:\/\/red-lighttherapy.com\/pl\/wp-json\/wp\/v2\/product"}],"about":[{"href":"https:\/\/red-lighttherapy.com\/pl\/wp-json\/wp\/v2\/types\/product"}],"wp:featuredmedia":[{"embeddable":true,"href":"https:\/\/red-lighttherapy.com\/pl\/wp-json\/wp\/v2\/media\/1238"}],"wp:attachment":[{"href":"https:\/\/red-lighttherapy.com\/pl\/wp-json\/wp\/v2\/media?parent=1236"}],"wp:term":[{"taxonomy":"product_brand","embeddable":true,"href":"https:\/\/red-lighttherapy.com\/pl\/wp-json\/wp\/v2\/product_brand?post=1236"},{"taxonomy":"product_cat","embeddable":true,"href":"https:\/\/red-lighttherapy.com\/pl\/wp-json\/wp\/v2\/product_cat?post=1236"},{"taxonomy":"product_tag","embeddable":true,"href":"https:\/\/red-lighttherapy.com\/pl\/wp-json\/wp\/v2\/product_tag?post=1236"}],"curies":[{"name":"wp","href":"https:\/\/api.w.org\/{rel}","templated":true}]}}