{"id":1231,"date":"2025-04-17T07:44:07","date_gmt":"2025-04-17T07:44:07","guid":{"rendered":"https:\/\/red-lighttherapy.com\/?post_type=product&#038;p=1231"},"modified":"2025-04-17T07:59:39","modified_gmt":"2025-04-17T07:59:39","slug":"custom-printed-hemp-cbd-essential-oil-box-brand-manufacturer","status":"publish","type":"product","link":"https:\/\/red-lighttherapy.com\/pl\/custom-printed-hemp-cbd-essential-oil-box-brand-manufacturer\/","title":{"rendered":"Niestandardowe drukowane pude\u0142ko na olejki eteryczne CBD marki Hemp Producent"},"content":{"rendered":"<h2 id=\"-customized-solution-for-hemp-cbd-essential-oil-box-\"><strong>Indywidualne rozwi\u0105zanie dla pude\u0142ka olejku eterycznego CBD z konopi<\/strong><\/h2>\n<h2 id=\"1-compression-and-shock-resistant-structure-\">1.\u00a0<strong>Struktura odporna na \u015bciskanie i wstrz\u0105sy<\/strong><\/h2>\n<p>Po\u0142\u0105czona struktura dwuwarstwowej kompozytowej tektury falistej i wbudowanej wewn\u0119trznej tacy buforowej EVA zosta\u0142a przyj\u0119ta w celu rozproszenia ci\u015bnienia zewn\u0119trznego za pomoc\u0105 zasady mechaniki plastra miodu, aby zapewni\u0107, \u017ce szklane butelki nie zostan\u0105 \u015bci\u015bni\u0119te i uszkodzone podczas transportu i przechowywania. Wyci\u0119ty rowek tacki wewn\u0119trznej jest precyzyjnie dostosowany do standardowej butelki olejku eterycznego o pojemno\u015bci 5-30 ml, zapewniaj\u0105c wykorzystanie przestrzeni 96%, bior\u0105c pod uwag\u0119 stabilno\u015b\u0107 wy\u015bwietlania pojedynczego pude\u0142ka i uk\u0142adania wielu pude\u0142ek.<\/p>\n<h2 id=\"2-right-angle-edge-and-modular-assembly-\">2.\u00a0<strong>Kraw\u0119d\u017a pod k\u0105tem prostym i monta\u017c modu\u0142owy<\/strong><\/h2>\n<p>Proces sk\u0142adania pod k\u0105tem prostym 90\u00b0 wzmacnia sztywno\u015b\u0107 korpusu pude\u0142ka i pozwala unikn\u0105\u0107 problemu koncentracji napr\u0119\u017ce\u0144 powodowanego przez zaokr\u0105glone rogi; bezklejowa konstrukcja blokuj\u0105ca j\u0119zyk upraszcza proces monta\u017cu, zmniejsza koszty pracy i nadaje opakowaniu rygorystyczny przemys\u0142owy temperament estetyczny.<\/p>\n<h2 id=\"3-right-angle-edge-shelf-competitiveness-\">3.\u00a0<strong>Konkurencyjno\u015b\u0107 p\u00f3\u0142ki z kraw\u0119dzi\u0105 pod k\u0105tem prostym<\/strong><\/h2>\n<p>Zgrabny kontur pod k\u0105tem prostym tworzy poczucie profesjonalnego zaufania do kosmetyk\u00f3w farmaceutycznych, maksymalizuje p\u0142asko\u015b\u0107 powierzchni wy\u015bwietlacza i zapewnia, \u017ce informacje na etykiecie nie s\u0105 wizualnie zdeformowane podczas wy\u015bwietlania na p\u00f3\u0142ce. Dzi\u0119ki matowej obr\u00f3bce powierzchni, rozpoznawalno\u015b\u0107 tekstu w warunkach silnego o\u015bwietlenia jest lepsza, spe\u0142niaj\u0105c obowi\u0105zkowe wymagania dotycz\u0105ce czytelno\u015bci produkt\u00f3w CBD w UE dla list sk\u0142adnik\u00f3w, ostrze\u017ce\u0144 i innych informacji.<\/p>\n<h2 id=\"4-color-system-and-psychological-application-\">4.\u00a0<strong>System kolor\u00f3w i zastosowanie psychologiczne<\/strong><\/h2>\n<ul>\n<li><strong>Kolor g\u0142\u00f3wny: ciemnozielony<\/strong>\u00a0Symbolizuje natur\u0119 i organiczno\u015b\u0107, odzwierciedla w\u0142a\u015bciwo\u015bci ekstrakcji ro\u015blinnej sk\u0142adnik\u00f3w CBD i spe\u0142nia specyfikacje kolorystyczne ostrze\u017ce\u0144 UE dotycz\u0105cych opakowa\u0144 CBD.<\/li>\n<\/ul>\n<h2 id=\"5-high-definition-printing-technology-guarantee-\">5.\u00a0<strong>Gwarancja technologii druku w wysokiej rozdzielczo\u015bci<\/strong><\/h2>\n<p>Druk cyfrowy UV w rozdzielczo\u015bci 1200 dpi gwarantuje, \u017ce kluczowe informacje, takie jak mikrodruki i kody partii, s\u0105 wyra\u017ane i czytelne, a odporno\u015b\u0107 na zu\u017cycie jest weryfikowana za pomoc\u0105 test\u00f3w tarcia, aby spe\u0142ni\u0107 potrzeby w zakresie identyfikowalno\u015bci informacji we wszystkich ogniwach \u0142a\u0144cucha dostaw.<\/p>\n<h2 id=\"6-fsc-certified-environmentally-friendly-substrate-\">6.\u00a0<strong>Pod\u0142o\u017ce przyjazne dla \u015brodowiska z certyfikatem FSC<\/strong><\/h2>\n<p>Wybierz bia\u0142\u0105 tektur\u0119 FSC Mix Credit (300 g\/m\u00b2), kt\u00f3ra przesz\u0142a certyfikacj\u0119 zr\u00f3wnowa\u017conej gospodarki le\u015bnej, a jej \u015blad w\u0119glowy jest o 42% ni\u017cszy ni\u017c w przypadku tradycyjnego papieru. Proces laminacji powierzchniowej na bazie wody zapewnia mo\u017cliwo\u015b\u0107 recyklingu 100%, co spe\u0142nia obowi\u0105zkowe wymagania rynk\u00f3w europejskich i ameryka\u0144skich dotycz\u0105ce opakowa\u0144 przyjaznych dla \u015brodowiska i wzmacnia \"naturaln\u0105 i organiczn\u0105\" ekspresj\u0119 warto\u015bci marki.<\/p>","protected":false},"excerpt":{"rendered":"<p>To kartonowe pude\u0142ko wykorzystuje ciemnozielony i jasno\u017c\u00f3\u0142ty jako g\u0142\u00f3wn\u0105 psychologi\u0119 kolor\u00f3w wizualnych, kt\u00f3ra jest zgodna z unijnymi standardami ostrzegania o produktach CBD. Koncentruje si\u0119 na dostarczaniu profesjonalnych rozwi\u0105za\u0144 opakowaniowych dla produkt\u00f3w kannabinoidowych klasy kosmeceutycznej i tworzy system wizualny marki, kt\u00f3ry spe\u0142nia mi\u0119dzynarodowe standardy z funkcjonaln\u0105 estetyk\u0105 jako rdzeniem.<\/p>","protected":false},"featured_media":1234,"template":"","meta":{"_kad_post_transparent":"default","_kad_post_title":"","_kad_post_layout":"default","_kad_post_sidebar_id":"","_kad_post_content_style":"default","_kad_post_vertical_padding":"default","_kad_post_feature":"","_kad_post_feature_position":"","_kad_post_header":false,"_kad_post_footer":false,"_kad_post_classname":""},"product_brand":[],"product_cat":[15,24,17],"product_tag":[481,478,482],"class_list":{"0":"post-1231","1":"product","2":"type-product","3":"status-publish","4":"has-post-thumbnail","6":"product_cat-red-light-therapy","7":"product_cat-red-light-therapy-bed","8":"product_cat-services","9":"product_tag-cbd-oil-boxes","10":"product_tag-custom-cannabis-boxes","11":"product_tag-get-hemp-oil-boxes-printing","13":"first","14":"instock","15":"shipping-taxable","16":"product-type-simple","17":"entry","18":"content-bg","19":"loop-entry"},"_links":{"self":[{"href":"https:\/\/red-lighttherapy.com\/pl\/wp-json\/wp\/v2\/product\/1231","targetHints":{"allow":["GET"]}}],"collection":[{"href":"https:\/\/red-lighttherapy.com\/pl\/wp-json\/wp\/v2\/product"}],"about":[{"href":"https:\/\/red-lighttherapy.com\/pl\/wp-json\/wp\/v2\/types\/product"}],"wp:featuredmedia":[{"embeddable":true,"href":"https:\/\/red-lighttherapy.com\/pl\/wp-json\/wp\/v2\/media\/1234"}],"wp:attachment":[{"href":"https:\/\/red-lighttherapy.com\/pl\/wp-json\/wp\/v2\/media?parent=1231"}],"wp:term":[{"taxonomy":"product_brand","embeddable":true,"href":"https:\/\/red-lighttherapy.com\/pl\/wp-json\/wp\/v2\/product_brand?post=1231"},{"taxonomy":"product_cat","embeddable":true,"href":"https:\/\/red-lighttherapy.com\/pl\/wp-json\/wp\/v2\/product_cat?post=1231"},{"taxonomy":"product_tag","embeddable":true,"href":"https:\/\/red-lighttherapy.com\/pl\/wp-json\/wp\/v2\/product_tag?post=1231"}],"curies":[{"name":"wp","href":"https:\/\/api.w.org\/{rel}","templated":true}]}}