{"id":1225,"date":"2025-04-17T07:11:47","date_gmt":"2025-04-17T07:11:47","guid":{"rendered":"https:\/\/red-lighttherapy.com\/?post_type=product&#038;p=1225"},"modified":"2025-04-17T07:43:52","modified_gmt":"2025-04-17T07:43:52","slug":"fabrication-cannabis-cbd-oil-packaging-custom-folding-carton","status":"publish","type":"product","link":"https:\/\/red-lighttherapy.com\/pl\/fabrication-cannabis-cbd-oil-packaging-custom-folding-carton\/","title":{"rendered":"Produkcja opakowa\u0144 oleju CBD z konopi indyjskich Niestandardowy sk\u0142adany karton"},"content":{"rendered":"<h2 id=\"customized-folding-carton-hemp-cbd-oil-packaging-product-description\">Indywidualne sk\u0142adane opakowanie kartonowe na olej CBD z konopi indyjskich Opis produktu<\/h2>\n<h2 id=\"1-card-box-structure-design-space-efficiency-and-stacking-stability-\">1.\u00a0<strong>Konstrukcja pude\u0142ka kartonowego: Efektywno\u015b\u0107 przestrzenna i stabilno\u015b\u0107 uk\u0142adania<\/strong><\/h2>\n<p>Przyj\u0119cie\u00a0<strong>samoblokuj\u0105ca si\u0119 konstrukcja dolna<\/strong>\u00a0oraz\u00a0<strong>Modu\u0142owa sk\u0142adana konstrukcja<\/strong>Dzi\u0119ki precyzyjnemu uk\u0142adowi linii no\u017cy, grubo\u015b\u0107 korpusu pude\u0142ka po z\u0142o\u017ceniu jest zmniejszona o 40%, a \u015bciany boczne tworz\u0105 blokuj\u0105ce podparcie podczas uk\u0142adania w stosy, aby zapewni\u0107 odporno\u015b\u0107 na \u015bciskanie podczas transportu. Wewn\u0119trzna przestrze\u0144 jest odpowiednia dla cylindrycznych\/kwadratowych butelek oleju CBD. Dzi\u0119ki tekturowej wy\u015bci\u00f3\u0142ce o strukturze plastra miodu, uwzgl\u0119dnia ona wydajno\u015b\u0107 buforowania i dostosowanie pojemno\u015bci, a stopie\u0144 wykorzystania przestrzeni magazynowej jest zwi\u0119kszony o 30%. Pokrywa pude\u0142ka jest wyposa\u017cona w klamr\u0119 magnetyczn\u0105 lub podw\u00f3jn\u0105 blokad\u0119 j\u0119zyka, aby unikn\u0105\u0107 przypadkowego otwarcia podczas transportu i obs\u0142uguje szybki monta\u017c zautomatyzowanych linii monta\u017cowych.<\/p>\n<h2 id=\"2-printing-process-zero-color-difference-visual-presentation-\">2.\u00a0<strong>Proces drukowania: prezentacja wizualna bez r\u00f3\u017cnicy kolor\u00f3w<\/strong><\/h2>\n<p>Zastosuj\u00a0<strong>Czterokolorowy druk offsetowy + lokalny proces UV<\/strong>Dzi\u0119ki systemowi kalibracji kolor\u00f3w punktowych Pantone, dok\u0142adnie przywraca zielony g\u0142\u00f3wny kolor logo marki (zalecany jest Pantone 347 C, symbolizuj\u0105cy natur\u0119 i witalno\u015b\u0107). Warstwa nadruku wykorzystuje matow\u0105 technologi\u0119 laminowania, aby zapewni\u0107, \u017ce informacje tekstowe (takie jak etykieta zawarto\u015bci THC i instrukcje u\u017cytkowania) s\u0105 nadal wyra\u017anie widoczne w silnym \u015bwietle. Elementy dekoracyjne wykorzystuj\u0105 wysoce precyzyjn\u0105 technologi\u0119 t\u0142oczenia na gor\u0105co 3D, aby doda\u0107 metalow\u0105 tekstur\u0119 w punkcie zwrotnym abstrakcyjnego wzoru czaszki, aby wzmocni\u0107 punkt pami\u0119ci dotykowej.<\/p>\n<h2 id=\"3-precision-manufacturing-process-burr-free-edge-and-crease-control-\">3.\u00a0<strong>Precyzyjny proces produkcji: kraw\u0119dzie bez zadzior\u00f3w i kontrola zagniece\u0144<\/strong><\/h2>\n<p>Korzystanie z\u00a0<strong>Technologia wycinania laserowego<\/strong>\u00a0(tolerancja \u00b10,1 mm), w po\u0142\u0105czeniu z przyjazn\u0105 dla \u015brodowiska tektur\u0105 z certyfikatem FSC o gramaturze 180 g\/m\u00b2, zapewniaj\u0105, \u017ce na kraw\u0119dzi korpusu pude\u0142ka nie ma zadzior\u00f3w z w\u0142\u00f3kien, g\u0142\u0119boko\u015b\u0107 linii nacisku jest dok\u0142adnie kontrolowana na 1\/3 grubo\u015bci tektury, a wsp\u00f3\u0142czynnik odbicia sk\u0142adanego jest mniejszy ni\u017c 5%. System kontroli wizualnej AI jest wbudowany w proces produkcyjny w celu skorygowania b\u0142\u0119du matrycy w czasie rzeczywistym, a wska\u017anik wydajno\u015bci gotowego produktu osi\u0105ga 99,6%.<\/p>\n<h2 id=\"4-skull-pattern-design-abstract-aesthetic-expression-\">4.\u00a0<strong>Wz\u00f3r czaszki: abstrakcyjna ekspresja estetyczna<\/strong><\/h2>\n<p>Tradycyjny obraz czaszki zosta\u0142 zdekonstruowany do postaci\u00a0<strong>geometryczna kombinacja linii<\/strong>Negatywna przestrze\u0144 pozostaje pusta, a gradientowa ziele\u0144 jest na\u0142o\u017cona, tworz\u0105c wizualn\u0105 metafor\u0119 tekstury \u017cy\u0142 li\u015bci (odnosz\u0105 si\u0119 do abstrakcyjnego logicznego j\u0119zyka projektowania marki Health Herb). Na poziomie dotykowym obszar oczu czaszki jest wyt\u0142oczony z tr\u00f3jwymiarowym reliefem o grubo\u015bci 0,3 mm, a dotyk palca jest znacznie zr\u00f3\u017cnicowany. Og\u00f3lny styl wzoru os\u0142abia kontrowersje i odzwierciedla naturalne w\u0142a\u015bciwo\u015bci lecznicze oleju CBD.<\/p>\n<h2 id=\"5-color-strategy-pure-perception-dominated-by-green-\">5.\u00a0<strong>Strategia kolorystyczna: czysta percepcja zdominowana przez kolor zielony<\/strong><\/h2>\n<p>G\u0142\u00f3wnym kolorem jest\u00a0<strong>ziele\u0144 le\u015bna o niskim nasyceniu (CMYK 60\/0\/80\/20)<\/strong>Z pustym obszarem 10% symuluj\u0105cym oddychanie ro\u015blin, a sp\u00f3d pude\u0142ka przechodzi w jasnozielony gradient mchu, aby os\u0142abi\u0107 skojarzenie z konopiami przemys\u0142owymi. System kolor\u00f3w pomocniczych dodaje linie w kolorze szampa\u0144skiego z\u0142ota (zajmuj\u0105ce \u22648% obszaru wizualnego), aby wzmocni\u0107 wysokiej klasy tekstur\u0119 i odr\u00f3\u017cni\u0107 j\u0105 od konkurencyjnych produkt\u00f3w. Wy\u015bci\u00f3\u0142ka pude\u0142ka wykorzystuje oryginalny kolor surowego papieru celulozowego, aby wzmocni\u0107 psychologiczn\u0105 sugesti\u0119 konsumenta \"niebielonego i naturalnego\".<\/p>\n<p>##Support\u00a0<strong>Adaptacja pe\u0142nej pojemno\u015bci 5ml-50ml<\/strong>Zapewniamy r\u00f3\u017cnorodne podstawowe typy pude\u0142ek (pude\u0142ka w kszta\u0142cie ksi\u0105\u017cki \/ pude\u0142ka z szufladami \/ ok\u0142adki itp.) Oraz ponad 20 specjalnych rozwi\u0105za\u0144 do wykrawania (takich jak okna w kszta\u0142cie serca, wydr\u0105\u017canie \u017cy\u0142 li\u015bciowych). Konstrukcja o specjalnym kszta\u0142cie wykorzystuje prefabrykowane linie sk\u0142adaj\u0105ce + wymienne modu\u0142y ok\u0142adzin. Linia produkcyjna mo\u017ce zako\u0144czy\u0107 zmian\u0119 matrycy w ci\u0105gu 2 godzin, a minimalna ilo\u015b\u0107 zam\u00f3wienia wynosi 500 sztuk. W przypadku produkt\u00f3w promocyjnych mo\u017cna rozszerzy\u0107 pozycj\u0119 osadzania tag\u00f3w RFID, aby zrealizowa\u0107 funkcj\u0119 \u015bledzenia podrabiania.<\/p>","protected":false},"excerpt":{"rendered":"<p>Pude\u0142ko kartonowe ma wyra\u017any nadruk bez r\u00f3\u017cnicy kolor\u00f3w, co sprzyja pe\u0142nej prezentacji logo marki, informacji prawnych i element\u00f3w dekoracyjnych. Korpus pude\u0142ka wykorzystuje ziele\u0144 jako g\u0142\u00f3wny kolor, aby symbolizowa\u0107 naturalno\u015b\u0107 i zdrowie, os\u0142abi\u0107 kontrowersje zwi\u0105zane z marihuan\u0105 i przekaza\u0107 czyste atrybuty produktu. Obs\u0142uguje pe\u0142ne dostosowanie rozmiaru i struktury pude\u0142ka (takie jak otwieranie okna i wykrawanie o specjalnym kszta\u0142cie), aby dopasowa\u0107 linie produkt\u00f3w o r\u00f3\u017cnych pojemno\u015bciach.<\/p>","protected":false},"featured_media":1227,"template":"","meta":{"_kad_post_transparent":"default","_kad_post_title":"","_kad_post_layout":"default","_kad_post_sidebar_id":"","_kad_post_content_style":"default","_kad_post_vertical_padding":"default","_kad_post_feature":"","_kad_post_feature_position":"","_kad_post_header":false,"_kad_post_footer":false,"_kad_post_classname":""},"product_brand":[],"product_cat":[15,24,17],"product_tag":[480,478,479],"class_list":{"0":"post-1225","1":"product","2":"type-product","3":"status-publish","4":"has-post-thumbnail","6":"product_cat-red-light-therapy","7":"product_cat-red-light-therapy-bed","8":"product_cat-services","9":"product_tag-cbd-packaging","10":"product_tag-custom-cannabis-boxes","11":"product_tag-custom-cbd-oil-boxes","13":"first","14":"instock","15":"shipping-taxable","16":"product-type-simple","17":"entry","18":"content-bg","19":"loop-entry"},"_links":{"self":[{"href":"https:\/\/red-lighttherapy.com\/pl\/wp-json\/wp\/v2\/product\/1225","targetHints":{"allow":["GET"]}}],"collection":[{"href":"https:\/\/red-lighttherapy.com\/pl\/wp-json\/wp\/v2\/product"}],"about":[{"href":"https:\/\/red-lighttherapy.com\/pl\/wp-json\/wp\/v2\/types\/product"}],"wp:featuredmedia":[{"embeddable":true,"href":"https:\/\/red-lighttherapy.com\/pl\/wp-json\/wp\/v2\/media\/1227"}],"wp:attachment":[{"href":"https:\/\/red-lighttherapy.com\/pl\/wp-json\/wp\/v2\/media?parent=1225"}],"wp:term":[{"taxonomy":"product_brand","embeddable":true,"href":"https:\/\/red-lighttherapy.com\/pl\/wp-json\/wp\/v2\/product_brand?post=1225"},{"taxonomy":"product_cat","embeddable":true,"href":"https:\/\/red-lighttherapy.com\/pl\/wp-json\/wp\/v2\/product_cat?post=1225"},{"taxonomy":"product_tag","embeddable":true,"href":"https:\/\/red-lighttherapy.com\/pl\/wp-json\/wp\/v2\/product_tag?post=1225"}],"curies":[{"name":"wp","href":"https:\/\/api.w.org\/{rel}","templated":true}]}}