{"id":1219,"date":"2025-04-17T07:00:44","date_gmt":"2025-04-17T07:00:44","guid":{"rendered":"https:\/\/red-lighttherapy.com\/?post_type=product&#038;p=1219"},"modified":"2025-04-17T07:11:35","modified_gmt":"2025-04-17T07:11:35","slug":"custom-hemp-oil-magnetic-closure-rigid-boxes-china-wholesale","status":"publish","type":"product","link":"https:\/\/red-lighttherapy.com\/pl\/custom-hemp-oil-magnetic-closure-rigid-boxes-china-wholesale\/","title":{"rendered":"Niestandardowe sztywne pude\u0142ka z zamkni\u0119ciem magnetycznym na olej konopny Chiny hurtowo"},"content":{"rendered":"<h2 id=\"-customized-sesame-oil-magnetic-buckle-hard-box-china-wholesale-product-description-\">Niestandardowe sztywne pude\u0142ka z zamkni\u0119ciem magnetycznym na olej konopny Chiny hurtowo<\/h2>\n<h2 id=\"-1-innovative-magnetic-box-design-taking-into-account-convenience-and-ritual-sense-\"><strong>1. Innowacyjna konstrukcja magnetycznego zamkni\u0119cia pude\u0142ka, uwzgl\u0119dniaj\u0105ca wygod\u0119 i zmys\u0142 rytualny<\/strong><\/h2>\n<p>To opakowanie przyjmuje\u00a0<strong>magnetyczna struktura zamkni\u0119cia<\/strong>Dzi\u0119ki wsp\u00f3\u0142pracy precyzyjnego magnetycznego arkusza ss\u0105cego i magnetycznego arkusza prowadz\u0105cego pokryw\u0119, mo\u017cna j\u0105 \u0142atwo otwiera\u0107 i zamyka\u0107 jedn\u0105 r\u0119k\u0105. Si\u0142a magnetyczna zosta\u0142a naukowo przetestowana, aby zapewni\u0107 szybki dost\u0119p do korpusu butelki i zachowa\u0107 integralno\u015b\u0107 opakowania po zamkni\u0119ciu, unikaj\u0105c przypadkowego otwarcia podczas transportu lub przechowywania. Konstrukcja pokrywy pude\u0142ka pasuje do ergonomii, otwiera si\u0119 i zamyka p\u0142ynnie, bez zacinania si\u0119, daj\u0105c u\u017cytkownikom poczucie rytua\u0142u podczas rozpakowywania, jednocze\u015bnie spe\u0142niaj\u0105c potrzeby wygody przy cz\u0119stym u\u017cytkowaniu.<\/p>\n<h2 id=\"-2-modern-aesthetic-design-suitable-for-multiple-scenes-\"><strong>2. Nowoczesny estetyczny wygl\u0105d, odpowiedni do wielu scen<\/strong><\/h2>\n<p>Opakowanie wykorzystuje\u00a0<strong>schludne linie proste<\/strong>\u00a0jako g\u0142\u00f3wny j\u0119zyk, porzuca zb\u0119dne dekoracje i prezentuje proste geometryczne pi\u0119kno. Wsp\u00f3\u0142czynnik typu pude\u0142ka zosta\u0142 zoptymalizowany przez z\u0142ot\u0105 sekcj\u0119, kt\u00f3ra nadaje si\u0119 do zr\u00f3\u017cnicowanych scen ekspozycyjnych, takich jak p\u00f3\u0142ki supermarket\u00f3w, lady marki i platformy handlu elektronicznego. Powierzchnia przyjmuje matowy, czysty czarny odcie\u0144, z logo marki t\u0142oczonym na gor\u0105co \/ srebrnym rzemios\u0142em, tworz\u0105c\u00a0<strong>spokojny i klimatyczny<\/strong>\u00a0Wra\u017cenia wizualne, kt\u00f3re pasuj\u0105 do naturalnego i wysokiej klasy pozycjonowania oleju CBD na rynku i stanowi\u0105 wyra\u017an\u0105 r\u00f3\u017cnic\u0119 w stosunku do konkurencyjnych produkt\u00f3w.<\/p>\n<h2 id=\"-3-coated-paper-reinforced-structure-long-term-protection-of-contents-\"><strong>3. Struktura wzmocniona papierem powlekanym, d\u0142ugotrwa\u0142a ochrona zawarto\u015bci<\/strong><\/h2>\n<p>Korpus skrzynki wykorzystuje\u00a0<strong>Papier powlekany o gramaturze 450 g<\/strong>kt\u00f3ry jest przetwarzany przez laminowanie i wielowarstwowy proces wklejania, a wytrzyma\u0142o\u015b\u0107 na \u015bciskanie jest zwi\u0119kszona o 30%, co mo\u017ce wytrzyma\u0107 wstrz\u0105sy transportowe i nacisk podczas uk\u0142adania w stosy. Wn\u0119trze jest po\u0142\u0105czone z podszewk\u0105 EVA o wysokiej g\u0119sto\u015bci,\u00a0<strong>precyzyjnie wyci\u0119te<\/strong>\u00a0zgodnie z konturem korpusu butelki, a korpus butelki jest szczelnie zamocowany, aby unikn\u0105\u0107 zu\u017cycia lub wyciek\u00f3w spowodowanych wstrz\u0105sami. Naro\u017cne os\u0142ony antykolizyjne s\u0105 dodane do czterech rog\u00f3w korpusu pude\u0142ka, aby jeszcze bardziej zwi\u0119kszy\u0107 odporno\u015b\u0107 na uderzenia i zapewni\u0107 d\u0142ugoterminowe bezpiecze\u0144stwo przechowywania.<\/p>\n<h2 id=\"-4-seiko-quality-details-show-ingenuity-\"><strong>4. Jako\u015b\u0107 Seiko, szczeg\u00f3\u0142y pokazuj\u0105 pomys\u0142owo\u015b\u0107<\/strong><\/h2>\n<p>Przyj\u0119cie\u00a0<strong>Precyzyjne formy i w pe\u0142ni zautomatyzowana technologia wykrawania<\/strong>Szwy korpusu s\u0105 g\u0142adkie i pozbawione zadzior\u00f3w, a t\u0142umienie otwierania i zamykania klapy jest umiarkowane, zapewniaj\u0105c p\u0142ynne wra\u017cenia u\u017cytkownika. Druk powierzchniowy wykorzystuje czterokolorowy druk offsetowy + technologi\u0119 lokalnego lakieru UV, wz\u00f3r jest wyra\u017any i delikatny, nasycenie kolor\u00f3w jest wysokie i jest odporne na zu\u017cycie i zarysowania. Po\u0142\u0105czenie podszewki wykorzystuje technologi\u0119 laminowania ultrad\u017awi\u0119kowego, aby unikn\u0105\u0107 zanieczyszczenia klejem i spe\u0142ni\u0107 normy bezpiecze\u0144stwa opakowa\u0144 spo\u017cywczych.<\/p>\n<h2 id=\"-5-full-dimensional-customization-service-empowering-brand-marketing-\"><strong>5. Pe\u0142nowymiarowa us\u0142uga dostosowywania, wzmacniaj\u0105ca marketing marki<\/strong><\/h2>\n<p>Obs\u0142uga nast\u0119puj\u0105cych elastycznych rozwi\u0105za\u0144 dostosowywania:<\/p>\n<ul>\n<li><strong>Rozmiar i typ pude\u0142ka<\/strong>: Dostosowanie do specyfikacji butelek oleju sezamowego 50 ml-500 ml i opracowanie innowacyjnych typ\u00f3w pude\u0142ek, takich jak szuflady i ksi\u0105\u017cki;<\/li>\n<li><strong>Drukowanie zawarto\u015bci<\/strong>: Obs\u0142uga ca\u0142ostronicowego drukowania logo marki, sloganu, kodu zabezpieczaj\u0105cego przed podrabianiem itp. oraz mo\u017cliwo\u015b\u0107 dodania laserowego kodu zabezpieczaj\u0105cego przed podrabianiem, kodu QR ze zmiennymi danymi i innych proces\u00f3w;<\/li>\n<li><strong>Wewn\u0119trzna struktura podszewki<\/strong>: Zapewniaj\u0105 opcje EVA, g\u0105bki, flokowania i innych materia\u0142\u00f3w, wspieraj\u0105 projektowanie przegr\u00f3d i spe\u0142niaj\u0105 potrzeby opakowa\u0144 kombinowanych z wieloma butelkami;<\/li>\n<li><strong>Ulepszenie magnetyczne<\/strong>: Opcjonalna mocna klamra magnetyczna (1,0 CM) lub zwyk\u0142a klamra magnetyczna (1,4 CM\/1,8 CM) w celu dostosowania do r\u00f3\u017cnych wymaga\u0144 dotycz\u0105cych no\u015bno\u015bci.<\/li>\n<\/ul>\n<h2 id=\"-6-mature-supply-chain-guarantee-efficient-delivery-without-worries-\"><strong>6. Gwarancja dojrza\u0142ego \u0142a\u0144cucha dostaw, sprawna dostawa bez zmartwie\u0144<\/strong><\/h2>\n<p>Poleganie na\u00a0<strong>16 lat profesjonalnego do\u015bwiadczenia w produkcji opakowa\u0144<\/strong>Fabryka jest wyposa\u017cona we w pe\u0142ni zautomatyzowan\u0105 lini\u0119 produkcyjn\u0105 i system kontroli jako\u015bci ISO, aby zapewni\u0107 wydajne po\u0142\u0105czenie ca\u0142ego \u0142a\u0144cucha od projektu i sprawdzenia do masowej produkcji.<\/p>\n<ul>\n<li><strong>Gwarancja kontroli jako\u015bci<\/strong>: Surowce posiadaj\u0105 certyfikat SGS, a w procesie produkcji wdro\u017cono 6 proces\u00f3w kontroli jako\u015bci, przy wska\u017aniku defekt\u00f3w poni\u017cej 0,3%;<\/li>\n<li><strong>Szybka reakcja<\/strong>: Obs\u0142uga 2-3 dni cyklu proofingu, produkcja minimalnej ilo\u015bci zam\u00f3wienia 500 szt;<\/li>\n<li><strong>Technologia o wysokim stopniu trudno\u015bci<\/strong>: Dobrze radzi sobie ze z\u0142o\u017conymi procesami, takimi jak pude\u0142ka o specjalnych kszta\u0142tach, magnetyczne struktury ss\u0105ce i przyjazne dla \u015brodowiska degradowalne materia\u0142y, pomagaj\u0105c markom przebi\u0107 si\u0119 przez jednorodn\u0105 konkurencj\u0119.<\/li>\n<\/ul>\n<h2 id=\"-application-scenarios-\"><strong>Scenariusze zastosowa\u0144<\/strong><\/h2>\n<ul>\n<li><strong>Wysokiej klasy marka oleju sezamowego<\/strong>: Zgodnie z tonem naturalnych i organicznych produkt\u00f3w, wzmocnij przestrze\u0144 premium terminala;<\/li>\n<li><strong>Rynek personalizacji prezent\u00f3w<\/strong>: Wzmocnienie wyj\u0105tkowo\u015bci \u015bwi\u0105tecznych pude\u0142ek na prezenty i rozwi\u0105za\u0144 personalizacji korporacyjnej dzi\u0119ki ekskluzywnemu wzornictwu;<\/li>\n<li><strong>Transgraniczny handel elektroniczny<\/strong>: Spe\u0142nienie mi\u0119dzynarodowych standard\u00f3w transportu i ograniczenie ryzyka strat w logistyce transgranicznej.<\/li>\n<\/ul>","protected":false},"excerpt":{"rendered":"<p>Ten projekt pude\u0142ka z magnetycznym wieczkiem umo\u017cliwia u\u017cytkownikom szybki dost\u0119p do butelki przy jednoczesnym zachowaniu integralno\u015bci opakowania, bior\u0105c pod uwag\u0119 wygod\u0119 i rytua\u0142, z czystymi liniami, zgodnie z nowoczesn\u0105 estetyk\u0105 i odpowiednimi do r\u00f3\u017cnych scenariuszy ekspozycji. Korpus pude\u0142ka wykorzystuje czysty czarny odcie\u0144, aby przekaza\u0107 profesjonalizm marki i niezawodno\u015b\u0107 produktu, co pasuje do naturalnego i wysokiej klasy pozycjonowania rynkowego oleju CBD i jest \u0142atwe do odr\u00f3\u017cnienia od konkurencyjnych produkt\u00f3w.<\/p>","protected":false},"featured_media":1221,"template":"","meta":{"_kad_post_transparent":"default","_kad_post_title":"","_kad_post_layout":"default","_kad_post_sidebar_id":"","_kad_post_content_style":"default","_kad_post_vertical_padding":"default","_kad_post_feature":"","_kad_post_feature_position":"","_kad_post_header":false,"_kad_post_footer":false,"_kad_post_classname":""},"product_brand":[],"product_cat":[15,27,17],"product_tag":[477,476,469],"class_list":{"0":"post-1219","1":"product","2":"type-product","3":"status-publish","4":"has-post-thumbnail","6":"product_cat-red-light-therapy","7":"product_cat-red-light-therapy-belt","8":"product_cat-services","9":"product_tag-branded-cbd-tincture-boxes","10":"product_tag-cbd-hemp-oil-boxes","11":"product_tag-custom-hemp-oil-boxes","13":"first","14":"instock","15":"shipping-taxable","16":"product-type-simple","17":"entry","18":"content-bg","19":"loop-entry"},"_links":{"self":[{"href":"https:\/\/red-lighttherapy.com\/pl\/wp-json\/wp\/v2\/product\/1219","targetHints":{"allow":["GET"]}}],"collection":[{"href":"https:\/\/red-lighttherapy.com\/pl\/wp-json\/wp\/v2\/product"}],"about":[{"href":"https:\/\/red-lighttherapy.com\/pl\/wp-json\/wp\/v2\/types\/product"}],"wp:featuredmedia":[{"embeddable":true,"href":"https:\/\/red-lighttherapy.com\/pl\/wp-json\/wp\/v2\/media\/1221"}],"wp:attachment":[{"href":"https:\/\/red-lighttherapy.com\/pl\/wp-json\/wp\/v2\/media?parent=1219"}],"wp:term":[{"taxonomy":"product_brand","embeddable":true,"href":"https:\/\/red-lighttherapy.com\/pl\/wp-json\/wp\/v2\/product_brand?post=1219"},{"taxonomy":"product_cat","embeddable":true,"href":"https:\/\/red-lighttherapy.com\/pl\/wp-json\/wp\/v2\/product_cat?post=1219"},{"taxonomy":"product_tag","embeddable":true,"href":"https:\/\/red-lighttherapy.com\/pl\/wp-json\/wp\/v2\/product_tag?post=1219"}],"curies":[{"name":"wp","href":"https:\/\/api.w.org\/{rel}","templated":true}]}}