{"id":1212,"date":"2025-04-17T06:50:31","date_gmt":"2025-04-17T06:50:31","guid":{"rendered":"https:\/\/red-lighttherapy.com\/?post_type=product&#038;p=1212"},"modified":"2025-04-17T07:06:10","modified_gmt":"2025-04-17T07:06:10","slug":"durable-cannabis-wax-concentrate-packaging-paper-drawer-box","status":"publish","type":"product","link":"https:\/\/red-lighttherapy.com\/pl\/durable-cannabis-wax-concentrate-packaging-paper-drawer-box\/","title":{"rendered":"Trwa\u0142e papierowe pude\u0142ko na koncentrat wosku z konopi indyjskich"},"content":{"rendered":"<h2 id=\"-product-description-of-drawer-type-packaging-box-for-cannabis-wax-concentrate-\"><strong>Opis produktu Pude\u0142ko do pakowania typu szufladowego na koncentrat wosku z konopi indyjskich<\/strong><\/h2>\n<h2 id=\"1-ergonomic-drawer-structure-\">1.\u00a0<strong>Ergonomiczna struktura szuflady<\/strong><\/h2>\n<ul>\n<li><strong>P\u0142ynna konstrukcja Push-Pull<\/strong>: Precyzyjna technologia wykrawania zapewnia p\u0142ynne otwieranie i zamykanie szuflad, kt\u00f3re mo\u017cna \u0142atwo obs\u0142ugiwa\u0107 jedn\u0105 r\u0119k\u0105, zwi\u0119kszaj\u0105c wygod\u0119 u\u017cytkowania;<\/li>\n<li><strong>Poczucie hierarchii i rytua\u0142<\/strong>: Warstwowa struktura szuflad wzmacnia efekt ekspozycji produktu, a proces otwierania i zamykania zapewnia konsumentom \"eksploracyjne\" do\u015bwiadczenie, kt\u00f3re pasuje do scenariusza konsumpcji wysokiej klasy produkt\u00f3w CBD.<\/li>\n<\/ul>\n<h2 id=\"2-environmentally-friendly-materials-and-durability-\">2.\u00a0<strong>Przyjazne dla \u015brodowiska materia\u0142y i trwa\u0142o\u015b\u0107<\/strong><\/h2>\n<ul>\n<li><strong>Papier powlekany z certyfikatem FSC<\/strong>: Materia\u0142 bazowy pochodzi z las\u00f3w zarz\u0105dzanych w spos\u00f3b zr\u00f3wnowa\u017cony, spe\u0142nia mi\u0119dzynarodowe standardy \u015brodowiskowe, wspiera wystawianie faktur FSC (w tym numer\u00f3w certyfikacji) i zwi\u0119ksza wiarygodno\u015b\u0107 raport\u00f3w ESG marki;<\/li>\n<li><strong>Opcjonalny proces laminowania<\/strong>: Zapewnia matow\u0105 \/ b\u0142yszcz\u0105c\u0105 laminacj\u0119 na bazie wody, kt\u00f3ra jest odporna na zarysowania i odciski palc\u00f3w, z delikatnym dotykiem i wyd\u0142u\u017con\u0105 \u017cywotno\u015bci\u0105, odpowiedni\u0105 do r\u00f3\u017cnych \u015brodowisk transportu i wy\u015bwietlania.<\/li>\n<\/ul>\n<h2 id=\"3-high-precision-printing-and-visual-communication-\">3.\u00a0<strong>Precyzyjny druk i komunikacja wizualna<\/strong><\/h2>\n<ul>\n<li><strong>Sze\u015bciokolorowy druk w wysokiej rozdzielczo\u015bci<\/strong>: Dok\u0142adnie przywraca tekstury ro\u015blin, LOGO marki i inne szczeg\u00f3\u0142y, z nasyceniem kolor\u00f3w 98%, wzmacniaj\u0105c profesjonalny wizerunek;<\/li>\n<li><strong>Aktualizacja technologii<\/strong>: Obs\u0142uga t\u0142oczenia na gor\u0105co, cz\u0119\u015bciowego t\u0142oczenia UV i innych proces\u00f3w w celu podkre\u015blenia logo marki lub opisu sk\u0142adnika i zwi\u0119kszenia poziomu wizualnego opakowania;<\/li>\n<li><strong>Niebieskie i bia\u0142e kolory g\u0142\u00f3wne<\/strong>: Niebieski symbolizuje naturalno\u015b\u0107 i ukojenie, bia\u0142y oddaje czysto\u015b\u0107 i poczucie technologii, a po\u0142\u0105czenie dw\u00f3ch kolor\u00f3w wzmacnia zaufanie konsument\u00f3w do bezpiecze\u0144stwa produktu i profesjonalizmu.<\/li>\n<\/ul>\n<h2 id=\"4-eva-cushioning-lining-system-\">4.\u00a0<strong>Amortyzuj\u0105ca wy\u015bci\u00f3\u0142ka EVA<\/strong><\/h2>\n<ul>\n<li><strong>Precyzyjne dopasowanie<\/strong>: Dostosuj rowek ok\u0142adziny do rozmiaru koncentratu, aby uzyska\u0107 mocowanie \"zerowego przemieszczenia\" i zmniejszy\u0107 ryzyko kolizji transportowej;<\/li>\n<li><strong>Amortyzacja antysejsmiczna<\/strong>: Materia\u0142 EVA ma spr\u0119\u017cysto\u015b\u0107 odbicia 90%, skutecznie poch\u0142ania uderzenia zewn\u0119trzne i nadaje si\u0119 do scenariuszy logistycznych na du\u017ce odleg\u0142o\u015bci.<\/li>\n<\/ul>\n<h2 id=\"5-full-dimensional-customization-service-\">5.\u00a0<strong>Pe\u0142nowymiarowa us\u0142uga dostosowywania<\/strong><\/h2>\n<ul>\n<li><strong>Elastyczne wymagania adaptacyjne<\/strong>: Obs\u0142uga dostosowywania rozmiaru pude\u0142ka (dostosowanie do pojemno\u015bci 1g-10g), kierunku otwierania i zamykania szuflady (ci\u0105gni\u0119cie boczne \/ ci\u0105gni\u0119cie g\u00f3rne), procesu drukowania (t\u0142oczenie na gor\u0105co \/ UV \/ wyt\u0142aczanie), struktury podszewki (dzielenie \/ nak\u0142adanie warstw) itp;<\/li>\n<li><strong>Mechanizm szybkiego reagowania<\/strong>: Od potwierdzenia projektu do dostawy mija zaledwie 10-15 dni roboczych, co pozwala na realizacj\u0119 zar\u00f3wno pr\u00f3bnych produkcji ma\u0142oseryjnych, jak i zam\u00f3wie\u0144 na du\u017c\u0105 skal\u0119.<\/li>\n<\/ul>\n<h2 id=\"6-environmental-protection-and-compliance-advantages-\">6.\u00a0<strong>Zalety w zakresie ochrony \u015brodowiska i zgodno\u015bci z przepisami<\/strong><\/h2>\n<ul>\n<li><strong>Projektowanie w gospodarce o obiegu zamkni\u0119tym<\/strong>: Konstrukcja z jednego materia\u0142u (papier + EVA) jest zgodna z g\u0142\u00f3wnym systemem recyklingu, a podszewk\u0119 EVA mo\u017cna oddzieli\u0107 i podda\u0107 recyklingowi, aby zmniejszy\u0107 obci\u0105\u017cenie dla \u015brodowiska;<\/li>\n<li><strong>Mi\u0119dzynarodowa certyfikacja standard\u00f3w<\/strong>: Zdane certyfikaty FSC, ISO 14001 i inne, zgodne z europejskimi i ameryka\u0144skimi przepisami dotycz\u0105cymi ochrony \u015brodowiska (takimi jak REACH UE, zwolnienie z podatku od tworzyw sztucznych), aby pom\u00f3c marce w globalnym uk\u0142adzie.<\/li>\n<\/ul>\n<h2 id=\"7-application-scenarios-and-value-\">7.\u00a0<strong>Scenariusze zastosowa\u0144 i warto\u015b\u0107<\/strong><\/h2>\n<ul>\n<li><strong>Sprzeda\u017c detaliczna w terminalu<\/strong>: Wy\u015bwietlacz w wysokiej klasy aptekach i specjalistycznych sklepach CBD, konstrukcja otwierania i zamykania szuflady zwi\u0119ksza interaktywno\u015b\u0107 produktu i punkty pami\u0119ci;<\/li>\n<li><strong>Logistyka handlu elektronicznego<\/strong>: Wy\u015bci\u00f3\u0142ka EVA i odporny na nacisk korpus skrzyni zmniejszaj\u0105 wska\u017anik uszkodze\u0144 transportowych do mniej ni\u017c 1%;<\/li>\n<li><strong>Marketing marki<\/strong>: Dostosowane LOGO t\u0142oczone na gor\u0105co, kod QR identyfikowalno\u015bci sk\u0142adnik\u00f3w i inne projekty wzmacniaj\u0105 \u015bwiadomo\u015b\u0107 konsument\u00f3w na temat technologii i odpowiedzialno\u015bci marki.<\/li>\n<\/ul>","protected":false},"excerpt":{"rendered":"<p>Struktura otwierania i zamykania szuflady na papier oraz g\u0142adka szuflada na papier s\u0105 \u0142atwe w obs\u0142udze jedn\u0105 r\u0119k\u0105. Ma zar\u00f3wno funkcjonalno\u015b\u0107, jak i poczucie rytua\u0142u. Precyzja druku jest wysoka, szczeg\u00f3\u0142y wzoru s\u0105 wyra\u017ane (takie jak tekstura ro\u015blin), odwzorowanie kolor\u00f3w jest mocne i przekazuje profesjonalny wizerunek marki. G\u0142\u00f3wnym kolorem jest niebieski, kt\u00f3ry pasuje do naturalnych i koj\u0105cych w\u0142a\u015bciwo\u015bci produkt\u00f3w z konopi indyjskich.<\/p>","protected":false},"featured_media":1216,"template":"","meta":{"_kad_post_transparent":"default","_kad_post_title":"","_kad_post_layout":"default","_kad_post_sidebar_id":"","_kad_post_content_style":"default","_kad_post_vertical_padding":"default","_kad_post_feature":"","_kad_post_feature_position":"","_kad_post_header":false,"_kad_post_footer":false,"_kad_post_classname":""},"product_brand":[],"product_cat":[15,20,17],"product_tag":[475,474,473],"class_list":{"0":"post-1212","1":"product","2":"type-product","3":"status-publish","4":"has-post-thumbnail","6":"product_cat-red-light-therapy","7":"product_cat-led-face-light-therapy","8":"product_cat-services","9":"product_tag-concentrate-packaging","10":"product_tag-custom-cannabis-concentrate-packaging","11":"product_tag-custom-concentrate-packaging-boxes","13":"first","14":"instock","15":"shipping-taxable","16":"product-type-simple","17":"entry","18":"content-bg","19":"loop-entry"},"_links":{"self":[{"href":"https:\/\/red-lighttherapy.com\/pl\/wp-json\/wp\/v2\/product\/1212","targetHints":{"allow":["GET"]}}],"collection":[{"href":"https:\/\/red-lighttherapy.com\/pl\/wp-json\/wp\/v2\/product"}],"about":[{"href":"https:\/\/red-lighttherapy.com\/pl\/wp-json\/wp\/v2\/types\/product"}],"wp:featuredmedia":[{"embeddable":true,"href":"https:\/\/red-lighttherapy.com\/pl\/wp-json\/wp\/v2\/media\/1216"}],"wp:attachment":[{"href":"https:\/\/red-lighttherapy.com\/pl\/wp-json\/wp\/v2\/media?parent=1212"}],"wp:term":[{"taxonomy":"product_brand","embeddable":true,"href":"https:\/\/red-lighttherapy.com\/pl\/wp-json\/wp\/v2\/product_brand?post=1212"},{"taxonomy":"product_cat","embeddable":true,"href":"https:\/\/red-lighttherapy.com\/pl\/wp-json\/wp\/v2\/product_cat?post=1212"},{"taxonomy":"product_tag","embeddable":true,"href":"https:\/\/red-lighttherapy.com\/pl\/wp-json\/wp\/v2\/product_tag?post=1212"}],"curies":[{"name":"wp","href":"https:\/\/api.w.org\/{rel}","templated":true}]}}