{"id":1206,"date":"2025-04-17T06:38:12","date_gmt":"2025-04-17T06:38:12","guid":{"rendered":"https:\/\/red-lighttherapy.com\/?post_type=product&#038;p=1206"},"modified":"2025-04-17T06:50:23","modified_gmt":"2025-04-17T06:50:23","slug":"premium-custom-wax-hemp-3ml-5ml-7ml-concentrate-packaging","status":"publish","type":"product","link":"https:\/\/red-lighttherapy.com\/pl\/premium-custom-wax-hemp-3ml-5ml-7ml-concentrate-packaging\/","title":{"rendered":"Premium Custom Wax Hemp 3ml 5ml 7ml Opakowanie koncentratu"},"content":{"rendered":"<h2 id=\"-customized-hemp-wax-concentrate-packaging-product-description-\"><strong>Premium Custom Wax Hemp 3ml 5ml 7ml Opakowanie koncentratu Opis produktu<\/strong><\/h2>\n<h2 id=\"-1-innovative-magnetic-flip-cover-structure-stable-and-convenient-opening-experience-\"><strong>1. Innowacyjna magnetyczna konstrukcja pokrywy: stabilne i wygodne otwieranie<\/strong><\/h2>\n<p>Dzi\u0119ki zastosowaniu magnetycznej pokrywy z magnesem NdFeB o wysokiej wytrzyma\u0142o\u015bci jako rdzenia zamykaj\u0105cego, \"dotknij i otw\u00f3rz\" jedn\u0105 r\u0119k\u0105 uzyskuje si\u0119 precyzyjny rozk\u0142ad biegun\u00f3w magnetycznych. Wbudowane magnetyczne elementy ss\u0105ce pokrywy skrzynki tworz\u0105 anizotropow\u0105 adsorpcj\u0119 z magnesami korpusu skrzynki. Gdy k\u0105t otwierania i zamykania osi\u0105gnie 90\u00b0, mo\u017ce automatycznie powr\u00f3ci\u0107 do stanu pe\u0142nego otwarcia, unikaj\u0105c problemu zacinania si\u0119 tradycyjnej pokrywy przesuwnej.<\/p>\n<ul>\n<li><strong>Optymalizacja stabilno\u015bci<\/strong>: Magnetyczna si\u0142a ss\u0105ca jest obliczana mechanicznie, aby dostosowa\u0107 si\u0119 do wagi butelek 3 ml\/5 ml\/7 ml, aby zapewni\u0107 brak przypadkowego otwarcia podczas transportu i obs\u0142uguje wielokrotne otwieranie i zamykanie przez ponad 5000 razy bez deformacji.<\/li>\n<li><strong>Ergonomiczne szczeg\u00f3\u0142y<\/strong>: Kraw\u0119d\u017a pokrywy pude\u0142ka ma zarezerwowany rowek \u0142ukowy, a tarcie w obszarze naciskania kciukiem jest zwi\u0119kszone, aby sprosta\u0107 potrzebom wydajnego u\u017cytkowania w szybkich scenariuszach konsumpcji.<\/li>\n<\/ul>\n<h2 id=\"-2-modular-display-system-brand-visual-unity-solution-\"><strong>2. Modu\u0142owy system wy\u015bwietlania: Wizualna jedno\u015b\u0107 marki<\/strong><\/h2>\n<p>System pakowania jest kompatybilny z ekspozycj\u0105 na p\u00f3\u0142ce sklepowej i zestawem pude\u0142ek upominkowych, a matryca wizualna jest zbudowana dzi\u0119ki znormalizowanemu projektowi rozmiaru (r\u00f3\u017cnica wysoko\u015bci pude\u0142ka 3 ml\/5 ml\/7 ml 15 mm).<\/p>\n<ul>\n<li><strong>Logika kombinacji<\/strong>: Pojedyncze pude\u0142ko przyjmuje struktur\u0119 g\u00f3rnej i dolnej pokrywy, a zestaw pude\u0142ek upominkowych wykorzystuje wbudowane gniazdo kart, aby uzyska\u0107 p\u0142ynne \u0142\u0105czenie wielu specyfikacji. Pude\u0142ko zewn\u0119trzne wykorzystuje jednocze\u015bnie ten sam schemat kolor\u00f3w i j\u0119zyk typu pude\u0142ka, aby zwi\u0119kszy\u0107 wp\u0142yw wy\u015bwietlania terminala.<\/li>\n<li><strong>Nadruk marki<\/strong>: Niewidoczne logo marki UV jest nadrukowane na wewn\u0119trznej stronie pokrywy pude\u0142ka, a kontakt pami\u0119ciowy powstaje w momencie otwierania i zamykania. Stan zamkni\u0119ty przekazuje atrybuty kategorii poprzez ujednolicony zielony korpus pude\u0142ka.<\/li>\n<\/ul>\n<h2 id=\"-3-double-upgrade-of-environmental-protection-and-protection-fsc-certified-cardboard-pressure-resistant-coated-paper-\"><strong>3. Podw\u00f3jne ulepszenie ochrony \u015brodowiska i ochrony: Tektura z certyfikatem FSC + papier powlekany odporny na nacisk<\/strong><\/h2>\n<ul>\n<li><strong>Zr\u00f3wnowa\u017cone materia\u0142y<\/strong>: U\u017cywany jest karton 100% z certyfikatem FSC, mo\u017cna sprawdzi\u0107 identyfikowalno\u015b\u0107 surowc\u00f3w i jest drukowany atramentem sojowym na bazie wody. Przeszed\u0142 testy SGS na zawarto\u015b\u0107 metali ci\u0119\u017ckich i lotnych zwi\u0105zk\u00f3w organicznych oraz spe\u0142nia normy FDA dotycz\u0105ce kontaktu z \u017cywno\u015bci\u0105.<\/li>\n<li><strong>Ochrona strukturalna<\/strong>Tektura powlekana o grubo\u015bci 2,5 mm jest przetwarzana w procesie kompozytu falistego, o wytrzyma\u0142o\u015bci na \u015bciskanie 12KGF\/cm\u00b2, kt\u00f3ry jest ukierunkowany na os\u0142abienia naro\u017cnik\u00f3w szklanych \/ plastikowych butelek na olej, a test upadku spe\u0142nia norm\u0119 transportow\u0105 ISTA 3A.<\/li>\n<\/ul>\n<h2 id=\"-4-precision-manufacturing-process-ultimate-opening-and-closing-experience-guarantee-\"><strong>4. Precyzyjny proces produkcji: gwarancja najwy\u017cszej jako\u015bci otwierania i zamykania<\/strong><\/h2>\n<ul>\n<li><strong>Technologia wycinania laserowego<\/strong>: Niemiecki system wykrawania Kurz z precyzj\u0105 0,01 mm zapewnia obr\u00f3bk\u0119 naro\u017cnika R kraw\u0119dzi pude\u0142ka bez zadzior\u00f3w, a b\u0142\u0105d g\u0142\u0119boko\u015bci wst\u0119pnego wci\u0119cia linii sk\u0142adania wynosi \u22640,2 mm, zapewniaj\u0105c stabiln\u0105 si\u0142\u0119 otwierania w zakresie 0,8-1,2 N.<\/li>\n<li><strong>System gryzienia<\/strong>: W obudowie zastosowano potr\u00f3jny mechanizm zamykania \"podw\u00f3jny hak + magnetyczne wspomaganie ssania\". Zgodnie z pomiarami laboratoryjnymi, przemieszczenie pokrywy skrzynki wynosi &lt;0,3 mm po 200 kolejnych otwarciach i zamkni\u0119ciach, co jest znacznie lepsze ni\u017c \u015brednia w bran\u017cy.<\/li>\n<\/ul>\n<h2 id=\"-5-color-strategy-and-minimalist-aesthetics-establishing-category-mental-cognition-\"><strong>5. Strategia kolor\u00f3w i minimalistyczna estetyka: Ustanowienie kategorii poznania mentalnego<\/strong><\/h2>\n<ul>\n<li><strong>Zastosowanie psychologii kolor\u00f3w<\/strong>: G\u0142\u00f3wnym kolorem obudowy pude\u0142ka jest Pantone 17-0230TN (ziele\u0144 \u017cy\u0142 li\u015bci konopi), a 5-poziomowy proces drukowania gradientowego s\u0142u\u017cy do symulacji oryginalnej tekstury ro\u015bliny. Badania rynkowe pokazuj\u0105, \u017ce ten system kolor\u00f3w mo\u017ce zwi\u0119kszy\u0107 \"naturalne i organiczne\" skojarzenia docelowych u\u017cytkownik\u00f3w o 43%.<\/li>\n<li><strong>Projekt dekoracji<\/strong>: Porzucaj\u0105c tradycyjne procesy, takie jak t\u0142oczenie na gor\u0105co, profesjonalny obraz jest tworzony dzi\u0119ki tr\u00f3jwymiarowej zakrzywionej powierzchni pude\u0142ka, a tylko proces wyt\u0142aczania na poziomie mikron\u00f3w jest stosowany na wewn\u0119trznej tekturze podszewki, aby zaprezentowa\u0107 LOGO marki, osi\u0105gaj\u0105c wizualne skupienie \"mniej znaczy wi\u0119cej\".<\/li>\n<\/ul>","protected":false},"excerpt":{"rendered":"<p>Konstrukcja pude\u0142ka z magnetycznym zamkni\u0119ciem \u0142\u0105czy stabilno\u015b\u0107 z \u0142atwo\u015bci\u0105 obs\u0142ugi. Mo\u017cna je \u0142atwo otworzy\u0107 i zamkn\u0105\u0107 jedn\u0105 r\u0119k\u0105, co u\u0142atwia konsumentom szybkie korzystanie z niego. Wykorzystuje tektur\u0119 z certyfikatem FSC, aby zapewni\u0107, \u017ce surowce pochodz\u0105 z las\u00f3w zarz\u0105dzanych w spos\u00f3b zr\u00f3wnowa\u017cony, co spe\u0142nia naturalne wymagania kategorii zdrowia w zakresie ochrony \u015brodowiska. Nadaje si\u0119 do ekspozycji na p\u00f3\u0142kach sklepowych lub w zestawach upominkowych, wizualnie zwi\u0119kszaj\u0105c sp\u00f3jno\u015b\u0107 marki.<\/p>","protected":false},"featured_media":1207,"template":"","meta":{"_kad_post_transparent":"default","_kad_post_title":"","_kad_post_layout":"default","_kad_post_sidebar_id":"","_kad_post_content_style":"default","_kad_post_vertical_padding":"default","_kad_post_feature":"","_kad_post_feature_position":"","_kad_post_header":false,"_kad_post_footer":false,"_kad_post_classname":""},"product_brand":[],"product_cat":[15,27,17],"product_tag":[471,470,472],"class_list":{"0":"post-1206","1":"product","2":"type-product","3":"status-publish","4":"has-post-thumbnail","6":"product_cat-red-light-therapy","7":"product_cat-red-light-therapy-belt","8":"product_cat-services","9":"product_tag-best-concentrate-packaging-wholesale","10":"product_tag-concentrate-packaging-box","11":"product_tag-custom-concentrate-packaging-wholesale","13":"first","14":"instock","15":"shipping-taxable","16":"product-type-simple","17":"entry","18":"content-bg","19":"loop-entry"},"_links":{"self":[{"href":"https:\/\/red-lighttherapy.com\/pl\/wp-json\/wp\/v2\/product\/1206","targetHints":{"allow":["GET"]}}],"collection":[{"href":"https:\/\/red-lighttherapy.com\/pl\/wp-json\/wp\/v2\/product"}],"about":[{"href":"https:\/\/red-lighttherapy.com\/pl\/wp-json\/wp\/v2\/types\/product"}],"wp:featuredmedia":[{"embeddable":true,"href":"https:\/\/red-lighttherapy.com\/pl\/wp-json\/wp\/v2\/media\/1207"}],"wp:attachment":[{"href":"https:\/\/red-lighttherapy.com\/pl\/wp-json\/wp\/v2\/media?parent=1206"}],"wp:term":[{"taxonomy":"product_brand","embeddable":true,"href":"https:\/\/red-lighttherapy.com\/pl\/wp-json\/wp\/v2\/product_brand?post=1206"},{"taxonomy":"product_cat","embeddable":true,"href":"https:\/\/red-lighttherapy.com\/pl\/wp-json\/wp\/v2\/product_cat?post=1206"},{"taxonomy":"product_tag","embeddable":true,"href":"https:\/\/red-lighttherapy.com\/pl\/wp-json\/wp\/v2\/product_tag?post=1206"}],"curies":[{"name":"wp","href":"https:\/\/api.w.org\/{rel}","templated":true}]}}