{"id":1192,"date":"2025-04-17T03:53:24","date_gmt":"2025-04-17T03:53:24","guid":{"rendered":"https:\/\/red-lighttherapy.com\/?post_type=product&#038;p=1192"},"modified":"2025-04-17T06:22:08","modified_gmt":"2025-04-17T06:22:08","slug":"wholesale-cannabis-concentrate-magnetic-lid-packaging-boxes","status":"publish","type":"product","link":"https:\/\/red-lighttherapy.com\/pl\/wholesale-cannabis-concentrate-magnetic-lid-packaging-boxes\/","title":{"rendered":"Hurtowe opakowania z magnetyczn\u0105 pokrywk\u0105 na koncentrat konopi indyjskich"},"content":{"rendered":"<h2 id=\"-product-description-of-paper-drawer-box-for-marijuana-concentrate-magnetic-cover-\"><strong>Opis produktu Pude\u0142ko z szuflad\u0105 na papier do magnetycznej pokrywy koncentratu marihuany<\/strong><\/h2>\n<h2 id=\"-1-paper-drawer-box-slide-rail-design-easy-and-efficient-opening-and-closing-\"><strong>1. Konstrukcja szyny \u015blizgowej szuflady na papier, \u0142atwe i wydajne otwieranie i zamykanie<\/strong><\/h2>\n<ul>\n<li><strong>Precyzyjne pozycjonowanie i ochrona przed upadkiem<\/strong>: Szyna \u015blizgowa jest precyzyjnie obliczona, a pokrywa skrzynki jest automatycznie blokowana w ustawionej pozycji podczas otwierania i zamykania, aby unikn\u0105\u0107 przypadkowego po\u015blizgu i zapewni\u0107 stabilno\u015b\u0107 podczas u\u017cytkowania.<\/li>\n<\/ul>\n<h2 id=\"-2-double-childproof-lock-mechanism-safe-and-worry-free-\"><strong>2. Podw\u00f3jny mechanizm zabezpieczaj\u0105cy przed dzie\u0107mi, bezpieczny i bez obaw<\/strong><\/h2>\n<ul>\n<li><strong>Naci\u015bnij, aby odblokowa\u0107 technologi\u0119<\/strong>: Ukryty prze\u0142\u0105cznik prasowy znajduje si\u0119 z boku korpusu pude\u0142ka, a osoba doros\u0142a musi nacisn\u0105\u0107 go z okre\u015blon\u0105 si\u0142\u0105, zanim pokrywa pude\u0142ka przesunie si\u0119 synchronicznie, skutecznie zapobiegaj\u0105c przypadkowemu otwarciu przez dzieci.<\/li>\n<li><strong>Regulowana si\u0142a ssania magnetycznego<\/strong>: Dostosowuj\u0105c si\u0142\u0119 adsorpcji magnesu, mo\u017cna zr\u00f3wnowa\u017cy\u0107 bezpiecze\u0144stwo dzieci i \u0142atwo\u015b\u0107 u\u017cytkowania przez doros\u0142ych, a urz\u0105dzenie mo\u017cna \u0142atwo obs\u0142ugiwa\u0107 tylko si\u0142\u0105 palc\u00f3w osoby doros\u0142ej.<\/li>\n<\/ul>\n<h2 id=\"-3-stable-and-shock-resistant-structure-upgraded-portable-experience-\"><strong>3. Stabilna i odporna na wstrz\u0105sy konstrukcja, ulepszone mo\u017cliwo\u015bci przenoszenia<\/strong><\/h2>\n<ul>\n<li><strong>Wbudowane niestandardowe gniazdo kart<\/strong>: Dok\u0142adnie uformowane zgodnie z rozmiarem koncentratu (np. butelkowane i pakowane), z odporn\u0105 na wstrz\u0105sy podszewk\u0105 EVA, szczelnie mocuj\u0105 zawarto\u015b\u0107, zero wstrz\u0105s\u00f3w podczas transportu i unikaj\u0105 uszkodze\u0144 kolizyjnych.<\/li>\n<li><strong>Lekka i przeno\u015bna konstrukcja<\/strong>: Grubo\u015b\u0107 i waga korpusu pude\u0142ka s\u0105 zoptymalizowane, bior\u0105c pod uwag\u0119 zar\u00f3wno ochron\u0119, jak i przeno\u015bno\u015b\u0107, odpowiednie do przenoszenia lub przechowywania.<\/li>\n<\/ul>\n<h2 id=\"-4-coated-paper-multi-layer-composite-material-pressure-resistant-and-damage-resistant-\"><strong>4. Wielowarstwowy materia\u0142 kompozytowy z powlekanego papieru, odporny na nacisk i uszkodzenia<\/strong><\/h2>\n<ul>\n<li><strong>Pod\u0142o\u017ce o wysokiej wytrzyma\u0142o\u015bci<\/strong>: Stosowany jest zag\u0119szczony papier powlekany o gramaturze 400 g, a powierzchnia jest pokryta matow\u0105\/b\u0142yszcz\u0105c\u0105 foli\u0105 przyjazn\u0105 dla \u015brodowiska, kt\u00f3ra jest odporna na nacisk, wilgo\u0107 i zarysowania oraz mo\u017ce wytrzyma\u0107 uk\u0142adanie w stosy i wyt\u0142aczanie podczas transportu logistycznego.<\/li>\n<li><strong>Konstrukcja nadaj\u0105ca si\u0119 do recyklingu<\/strong>: Materia\u0142 jest mocny i trwa\u0142y, umo\u017cliwia wielokrotne otwieranie i zamykanie oraz ponowne u\u017cycie, zmniejsza koszty wymiany opakowa\u0144 i jest zgodny z koncepcj\u0105 ochrony \u015brodowiska.<\/li>\n<\/ul>\n<h2 id=\"-5-high-precision-printing-technology-excellent-visual-texture-\"><strong>5. Precyzyjna technologia druku, doskona\u0142a tekstura wizualna<\/strong><\/h2>\n<ul>\n<li><strong>Technologia druku UV w pe\u0142nym kolorze<\/strong>: Obs\u0142uguje z\u0142o\u017cone wzory, takie jak kolory gradientowe i metaliczny po\u0142ysk, z nasyceniem kolor\u00f3w wi\u0119kszym ni\u017c 95% i nie jest \u0142atwy do wyblakni\u0119cia po testach tarcia.<\/li>\n<li><strong>Zr\u00f3\u017cnicowane procesy powierzchniowe<\/strong>: Opcjonalne t\u0142oczenie na gor\u0105co, wyt\u0142aczanie, lokalne UV i inne procesy w celu zwi\u0119kszenia rozpoznawalno\u015bci marki i poprawy jako\u015bci opakowania.<\/li>\n<\/ul>\n<h2 id=\"-6-minimalist-white-tone-conveying-a-professional-brand-image-\"><strong>6. Minimalistyczny odcie\u0144 bieli, przekazuj\u0105cy profesjonalny wizerunek marki<\/strong><\/h2>\n<ul>\n<li><strong>Czyste bia\u0142e pude\u0142ko<\/strong>: Z biel\u0105 jako kolorem bazowym, symbolizuje bezpiecze\u0144stwo, profesjonalizm i czysto\u015b\u0107, dostosowuje si\u0119 do pozycjonowania produkt\u00f3w z medycznej marihuany i wzmacnia zaufanie konsument\u00f3w.<\/li>\n<li><strong>Elastyczne dopasowanie wizualne<\/strong>: Obs\u0142uguje cz\u0119\u015bciowe upi\u0119kszanie koloru marki, tekstury gradientu lub minimalistycznego LOGO, podkre\u015bla osobowo\u015b\u0107 w prostocie i unika nadmiernego projektowania.<\/li>\n<\/ul>\n<h2 id=\"-7-all-round-customization-service-empowering-brand-differentiation-\"><strong>7. Wszechstronna us\u0142uga dostosowywania, wzmacniaj\u0105ca zr\u00f3\u017cnicowanie marki<\/strong><\/h2>\n<ul>\n<li><strong>Elastyczne dostosowanie rozmiaru<\/strong>: Obs\u0142uguje pe\u0142ne dostosowanie rozmiaru od 10 ml mikro butelek do 100 ml puszek o du\u017cej pojemno\u015bci, aby zaspokoi\u0107 potrzeby linii produkt\u00f3w.<\/li>\n<li><strong>Dog\u0142\u0119bna integracja marki<\/strong>: Mo\u017cliwo\u015b\u0107 dostosowania koloru pude\u0142ka (np. kolor gradientu, matowa czer\u0144), wzoru (ilustracja, wz\u00f3r geometryczny), informacji tekstowych (o\u015bwiadczenie prawne, instrukcje u\u017cytkowania) itp. w celu stworzenia unikalnego systemu identyfikacji marki.<\/li>\n<\/ul>\n<h2 id=\"-application-scenarios-\"><strong>Scenariusze zastosowa\u0144<\/strong><\/h2>\n<ul>\n<li><strong>Sprzeda\u017c hurtowa i detaliczna<\/strong>: Ma zastosowanie do pakowania zbiorczego B2B i wy\u015bwietlania sprzeda\u017cy terminalowej produkt\u00f3w, takich jak koncentraty konopi indyjskich, olej CBD, ekstrakty woskowe itp.<\/li>\n<li><strong>Adaptacja do wielu scenariuszy<\/strong>: Spe\u0142niaj\u0105 potrzeby wielu scenariuszy, takich jak magazynowanie i transport, ekspozycja sklepowa i codzienne noszenie przez u\u017cytkownik\u00f3w, bior\u0105c pod uwag\u0119 praktyczno\u015b\u0107 i komunikacj\u0119 marki.<\/li>\n<\/ul>","protected":false},"excerpt":{"rendered":"<p>To magnetyczne pude\u0142ko z pokrywk\u0105 na koncentrat konopi indyjskich zosta\u0142o zaprojektowane specjalnie dla wysokiej klasy marek produkt\u00f3w z konopi indyjskich. \u0141\u0105czy w sobie funkcjonalno\u015b\u0107 i walory estetyczne, z innowacyjn\u0105 struktur\u0105, ochron\u0105 bezpiecze\u0144stwa i spersonalizowanymi us\u0142ugami jako rdzeniem, w pe\u0142ni zaspokajaj\u0105c potrzeby przechowywania produkt\u00f3w, transportu i ekspozycji marki, pomagaj\u0105c poprawi\u0107 wra\u017cenia u\u017cytkownika i profesjonalny wizerunek marki.<\/p>","protected":false},"featured_media":1194,"template":"","meta":{"_kad_post_transparent":"default","_kad_post_title":"","_kad_post_layout":"default","_kad_post_sidebar_id":"","_kad_post_content_style":"default","_kad_post_vertical_padding":"default","_kad_post_feature":"","_kad_post_feature_position":"","_kad_post_header":false,"_kad_post_footer":false,"_kad_post_classname":""},"product_brand":[],"product_cat":[15,27,17],"product_tag":[467,466,468],"class_list":{"0":"post-1192","1":"product","2":"type-product","3":"status-publish","4":"has-post-thumbnail","6":"product_cat-red-light-therapy","7":"product_cat-red-light-therapy-belt","8":"product_cat-services","9":"product_tag-custom-cbd-packaging","10":"product_tag-custom-cbd-packaging-boxes","11":"product_tag-magnetic-lid-boxes-for-concentrate","13":"first","14":"instock","15":"shipping-taxable","16":"product-type-simple","17":"entry","18":"content-bg","19":"loop-entry"},"_links":{"self":[{"href":"https:\/\/red-lighttherapy.com\/pl\/wp-json\/wp\/v2\/product\/1192","targetHints":{"allow":["GET"]}}],"collection":[{"href":"https:\/\/red-lighttherapy.com\/pl\/wp-json\/wp\/v2\/product"}],"about":[{"href":"https:\/\/red-lighttherapy.com\/pl\/wp-json\/wp\/v2\/types\/product"}],"wp:featuredmedia":[{"embeddable":true,"href":"https:\/\/red-lighttherapy.com\/pl\/wp-json\/wp\/v2\/media\/1194"}],"wp:attachment":[{"href":"https:\/\/red-lighttherapy.com\/pl\/wp-json\/wp\/v2\/media?parent=1192"}],"wp:term":[{"taxonomy":"product_brand","embeddable":true,"href":"https:\/\/red-lighttherapy.com\/pl\/wp-json\/wp\/v2\/product_brand?post=1192"},{"taxonomy":"product_cat","embeddable":true,"href":"https:\/\/red-lighttherapy.com\/pl\/wp-json\/wp\/v2\/product_cat?post=1192"},{"taxonomy":"product_tag","embeddable":true,"href":"https:\/\/red-lighttherapy.com\/pl\/wp-json\/wp\/v2\/product_tag?post=1192"}],"curies":[{"name":"wp","href":"https:\/\/api.w.org\/{rel}","templated":true}]}}