{"id":1186,"date":"2025-04-17T03:39:33","date_gmt":"2025-04-17T03:39:33","guid":{"rendered":"https:\/\/red-lighttherapy.com\/?post_type=product&#038;p=1186"},"modified":"2025-04-17T03:53:16","modified_gmt":"2025-04-17T03:53:16","slug":"custom-cbd-oil-packaging-boxes-folding-carton-distributor","status":"publish","type":"product","link":"https:\/\/red-lighttherapy.com\/pl\/custom-cbd-oil-packaging-boxes-folding-carton-distributor\/","title":{"rendered":"Niestandardowe opakowania oleju CBD Sk\u0142adany karton Dystrybutor"},"content":{"rendered":"<h2 id=\"-customized-cbd-oil-packaging-box-folding-carton-product-description-\"><strong>Niestandardowe opakowanie oleju CBD Sk\u0142adany karton Opis produktu<\/strong><\/h2>\n<h2 id=\"-1-box-design-optimize-storage-and-practicality-\"><strong>1. Konstrukcja pude\u0142ka: Optymalizacja przechowywania i praktyczno\u015b\u0107<\/strong><\/h2>\n<p>Przyj\u0119to konstrukcj\u0119 pude\u0142ka kartonowego, a naro\u017cniki korpusu pude\u0142ka s\u0105 wzmocnione, co jest wygodne do uk\u0142adania w stosy i oszcz\u0119dza miejsce do przechowywania. Typ pude\u0142ka spe\u0142nia proste i praktyczne standardy europejskich i ameryka\u0144skich rynk\u00f3w opakowa\u0144 oleju CBD i lek\u00f3w, takie jak otwieranie od g\u00f3ry lub z boku, bior\u0105c pod uwag\u0119 \u0142atwo\u015b\u0107 u\u017cytkowania i wizualn\u0105 jedno\u015b\u0107. Przestrze\u0144 wewn\u0119trzn\u0105 mo\u017cna dok\u0142adnie dostosowa\u0107 do rozmiaru butelki, aby unikn\u0105\u0107 ryzyka uszkodzenia spowodowanego wstrz\u0105sami podczas transportu.<\/p>\n<h2 id=\"-2-customized-lining-stable-protection-and-fit-\"><strong>2. Indywidualna podszewka: Stabilna ochrona i dopasowanie<\/strong><\/h2>\n<p>Wy\u015bci\u00f3\u0142ka wykonana jest z EVA o wysokiej g\u0119sto\u015bci lub materia\u0142u g\u0105bczastego pochodz\u0105cego z recyklingu, a zakrzywiona struktura jest dostosowywana za pomoc\u0105 technologii modelowania 3D, aby idealnie pasowa\u0142a do butelki oleju CBD, zapewniaj\u0105c zerowe przemieszczanie si\u0119 podczas transportu. Podszewka mo\u017ce by\u0107 zaprojektowana jako segmentowa lub zintegrowana, odpowiednia dla butelek o r\u00f3\u017cnych specyfikacjach (takich jak butelki z zakraplaczem, butelki z rozpylaczem) i obs\u0142uguje dodanie rowk\u00f3w buforowych w celu zwi\u0119kszenia odporno\u015bci na wstrz\u0105sy.<\/p>\n<h2 id=\"-3-surface-technology-matte-lamination-and-high-end-texture-\"><strong>3. Technologia powierzchni: matowa laminacja i wysokiej jako\u015bci tekstura<\/strong><\/h2>\n<p>Na powierzchni zastosowano matow\u0105 technologi\u0119 laminowania, aby unikn\u0105\u0107 taniej odblaskowej tekstury, jednocze\u015bnie poprawiaj\u0105c odporno\u015b\u0107 na zu\u017cycie i wilgo\u0107, co jest zgodne z pozycjonowaniem marki wysokiej klasy oleju CBD i produkt\u00f3w zdrowotnych. Opcjonalna technologia tekstury (taka jak folia dotykowa, wyt\u0142aczanie imitacji sk\u00f3ry) dodatkowo zwi\u0119ksza zr\u00f3\u017cnicowanie produktu i nadaje marce naturalny i organiczny charakter.<\/p>\n<h2 id=\"-4-printing-technology-precise-color-and-brand-enhancement-\"><strong>4. Technologia druku: precyzyjne odwzorowanie kolor\u00f3w i wzmocnienie marki<\/strong><\/h2>\n<p>Zastosowanie druku offsetowego o wysokiej rozdzielczo\u015bci lub technologii druku cyfrowego zapewnia brak r\u00f3\u017cnic kolorystycznych mi\u0119dzy wzorami i tekstami oraz obs\u0142ug\u0119 dopasowania kolor\u00f3w dodatkowych Pantone. Drukowane tre\u015bci mog\u0105 obejmowa\u0107 logo marki, opisy sk\u0142adnik\u00f3w i informacje ostrzegawcze wymagane przez przepisy, bior\u0105c pod uwag\u0119 zar\u00f3wno estetyk\u0119, jak i zgodno\u015b\u0107 z przepisami. W przypadku produkt\u00f3w z konopi indyjskich mo\u017cna dostosowa\u0107 otwory na etykiety zapobiegaj\u0105ce podrabianiu lub niewidoczne kody UV, aby zwi\u0119kszy\u0107 wiarygodno\u015b\u0107 produktu.<\/p>\n<h2 id=\"-5-certification-qualifications-compliant-production-and-brand-premium-\"><strong>5. Kwalifikacje certyfikacyjne: produkcja zgodna z przepisami i marka premium<\/strong><\/h2>\n<p>Fabryka posiada certyfikat le\u015bny FSC (zapewniaj\u0105cy zr\u00f3wnowa\u017cone \u017ar\u00f3d\u0142a papieru), ISO 15378 (system zarz\u0105dzania jako\u015bci\u0105 opakowa\u0144 lek\u00f3w) i certyfikat odpowiedzialno\u015bci spo\u0142ecznej BSCI, spe\u0142niaj\u0105c wymagania zgodno\u015bci opakowa\u0144 oleju CBD na rynku europejskim i ameryka\u0144skim. Kwalifikacje certyfikacyjne mo\u017cna wydrukowa\u0107 na spodzie lub z boku opakowania, aby zwi\u0119kszy\u0107 zaufanie konsument\u00f3w i przestrze\u0144 premium marki.<\/p>\n<h2 id=\"-6-all-round-customization-service-\"><strong>6. Wszechstronna us\u0142uga dostosowywania<\/strong><\/h2>\n<ul>\n<li><strong>Wyb\u00f3r materia\u0142u<\/strong>: Zapewnienie kartonu z certyfikatem FSC, degradowalnego plastiku lub materia\u0142\u00f3w kompozytowych spe\u0142niaj\u0105cych wymogi ochrony \u015brodowiska i wytrzyma\u0142o\u015bci.<\/li>\n<li><strong>Regulacja typu skrzynki<\/strong>: Obs\u0142uga specjalnych konstrukcji, takich jak pude\u0142ka z szufladami i w kszta\u0142cie ksi\u0105\u017cki, w celu dostosowania do r\u00f3\u017cnych potrzeb produkt\u00f3w z konopi indyjskich.<\/li>\n<li><strong>Rozszerzenie funkcji<\/strong>: Inteligentne technologie, takie jak chipy zapobiegaj\u0105ce fa\u0142szerstwom i znaczniki RFID, mog\u0105 by\u0107 zintegrowane w celu zwi\u0119kszenia identyfikowalno\u015bci produkt\u00f3w.<\/li>\n<\/ul>\n<h2 id=\"-cooperation-process-\"><strong>Proces wsp\u00f3\u0142pracy<\/strong>:<\/h2>\n<ol>\n<li>Podaj rozmiar butelki, projekt i wymagania certyfikacyjne;<\/li>\n<li>Dostarczanie rysunk\u00f3w 3D i rozwi\u0105za\u0144 materia\u0142owych w ci\u0105gu 24 godzin;<\/li>\n<li>Po potwierdzeniu proofa, masowa produkcja i dostawa zostan\u0105 zako\u0144czone w ci\u0105gu 7-14 dni.<\/li>\n<\/ol>","protected":false},"excerpt":{"rendered":"<p>Konstrukcja kartonowego pude\u0142ka jest wygodna do uk\u0142adania i przechowywania oraz spe\u0142nia proste i praktyczne potrzeby europejskich i ameryka\u0144skich rynk\u00f3w opakowa\u0144 oleju CBD, lek\u00f3w i produkt\u00f3w zdrowotnych. Proces laminowania powierzchni pozwala unikn\u0105\u0107 taniej odblaskowej tekstury i jest zgodny z pozycjonowaniem wysokiej klasy oleju CBD i produkt\u00f3w zdrowotnych. Mo\u017cna go dostosowa\u0107 do w\u0142asnych potrzeb, takich jak wysoko\u015b\u0107, typ pude\u0142ka, materia\u0142 i nadruk na powierzchni, aby zaspokoi\u0107 potrzeby serii opakowa\u0144 oleju CBD i konopi indyjskich.<\/p>","protected":false},"featured_media":1187,"template":"","meta":{"_kad_post_transparent":"default","_kad_post_title":"","_kad_post_layout":"default","_kad_post_sidebar_id":"","_kad_post_content_style":"default","_kad_post_vertical_padding":"default","_kad_post_feature":"","_kad_post_feature_position":"","_kad_post_header":false,"_kad_post_footer":false,"_kad_post_classname":""},"product_brand":[],"product_cat":[15,24,17],"product_tag":[463,465,464],"class_list":{"0":"post-1186","1":"product","2":"type-product","3":"status-publish","4":"has-post-thumbnail","6":"product_cat-red-light-therapy","7":"product_cat-red-light-therapy-bed","8":"product_cat-services","9":"product_tag-custom-cbd-boxes","10":"product_tag-custom-printed-cbd-packaging","11":"product_tag-get-custom-cbd-boxes","13":"first","14":"instock","15":"shipping-taxable","16":"product-type-simple","17":"entry","18":"content-bg","19":"loop-entry"},"_links":{"self":[{"href":"https:\/\/red-lighttherapy.com\/pl\/wp-json\/wp\/v2\/product\/1186","targetHints":{"allow":["GET"]}}],"collection":[{"href":"https:\/\/red-lighttherapy.com\/pl\/wp-json\/wp\/v2\/product"}],"about":[{"href":"https:\/\/red-lighttherapy.com\/pl\/wp-json\/wp\/v2\/types\/product"}],"wp:featuredmedia":[{"embeddable":true,"href":"https:\/\/red-lighttherapy.com\/pl\/wp-json\/wp\/v2\/media\/1187"}],"wp:attachment":[{"href":"https:\/\/red-lighttherapy.com\/pl\/wp-json\/wp\/v2\/media?parent=1186"}],"wp:term":[{"taxonomy":"product_brand","embeddable":true,"href":"https:\/\/red-lighttherapy.com\/pl\/wp-json\/wp\/v2\/product_brand?post=1186"},{"taxonomy":"product_cat","embeddable":true,"href":"https:\/\/red-lighttherapy.com\/pl\/wp-json\/wp\/v2\/product_cat?post=1186"},{"taxonomy":"product_tag","embeddable":true,"href":"https:\/\/red-lighttherapy.com\/pl\/wp-json\/wp\/v2\/product_tag?post=1186"}],"curies":[{"name":"wp","href":"https:\/\/api.w.org\/{rel}","templated":true}]}}