{"id":1185,"date":"2025-04-17T03:35:56","date_gmt":"2025-04-17T03:35:56","guid":{"rendered":"https:\/\/red-lighttherapy.com\/?post_type=product&#038;p=1185"},"modified":"2025-04-17T14:44:35","modified_gmt":"2025-04-17T14:44:35","slug":"purchase-luxury-lipstick-tube-gift-set-magnetic-lid-boxes","status":"publish","type":"product","link":"https:\/\/red-lighttherapy.com\/pl\/purchase-luxury-lipstick-tube-gift-set-magnetic-lid-boxes\/","title":{"rendered":"Kup luksusowy zestaw upominkowy szminek w tubce z magnetyczn\u0105 pokrywk\u0105"},"content":{"rendered":"<h2 id=\"product-description-of-luxury-lipstick-tube-gift-box-with-magnetic-lid\">Opis produktu Luksusowe pude\u0142ko na szmink\u0119 z magnetyczn\u0105 pokrywk\u0105<\/h2>\n<h2 id=\"-1-innovative-magnetic-opening-and-closing-system-with-both-ritual-and-practicality-\"><strong>1. Innowacyjny magnetyczny system otwierania i zamykania, charakteryzuj\u0105cy si\u0119 zar\u00f3wno rytua\u0142em, jak i praktyczno\u015bci\u0105<\/strong><\/h2>\n<p>To pude\u0142ko upominkowe przyjmuje\u00a0<strong>Konstrukcja magnetyczna do otwierania i zamykania<\/strong>z wbudowanymi pier\u015bcieniowymi elementami magnetycznymi o wysokiej wytrzyma\u0142o\u015bci i zapewnia stabilne zamkni\u0119cie pokrywy skrzynki i korpusu skrzynki dzi\u0119ki precyzyjnemu wyr\u00f3wnaniu pier\u015bcienia magnetycznego pierwszego i pier\u015bcienia magnetycznego drugiego. Otwieranie i zamykanie mo\u017cna wykona\u0107 jednym ruchem r\u0119ki. W por\u00f3wnaniu z tradycyjn\u0105 konstrukcj\u0105 klamry, obs\u0142uga jest wygodniejsza i nie ma ryzyka zu\u017cycia mechanicznego. Momentowi zamkni\u0119cia towarzyszy wyra\u017any d\u017awi\u0119k \"klikni\u0119cia\", nadaj\u0105c procesowi otwierania elegancki charakter rytua\u0142u, kt\u00f3ry pasuje do korzystania z wysokiej klasy produkt\u00f3w kosmetycznych.<\/p>\n<h2 id=\"-2-precision-magnetic-closure-system-to-ensure-safety-and-convenience-\"><strong>2. Precyzyjny magnetyczny system zamykania zapewniaj\u0105cy bezpiecze\u0144stwo i wygod\u0119<\/strong><\/h2>\n<p>Magnetyczny system zamykania oparty jest na\u00a0<strong>Uk\u0142ad pier\u015bcienia z podw\u00f3jnym magnesem<\/strong>Dzi\u0119ki r\u00f3wnomiernemu rozk\u0142adowi si\u0142y magnetycznej i wiod\u0105cej w bran\u017cy sile adsorpcji, korpus pude\u0142ka pozostaje szczelnie zamkni\u0119ty podczas transportu lub przypadkowego upuszczenia, aby zapobiec rozproszeniu lub zanieczyszczeniu szminki. Kraw\u0119d\u017a pokrywy pude\u0142ka przyjmuje\u00a0<strong>obr\u00f3bka fazowania<\/strong>Ergonomiczny kszta\u0142t, p\u0142ynne otwieranie i zamykanie jedn\u0105 r\u0119k\u0105, z uwzgl\u0119dnieniem nawyk\u00f3w u\u017cytkowania i potrzeb scenicznych u\u017cytkowniczek.<\/p>\n<h2 id=\"-3-modular-lining-design-efficient-storage-and-display-\"><strong>3. Modu\u0142owa konstrukcja podszewki, wydajne przechowywanie i wy\u015bwietlanie<\/strong><\/h2>\n<p>Wn\u0119trze pude\u0142ka upominkowego wykorzystuje\u00a0<strong>dostosowana podszewka z TPU<\/strong>kt\u00f3ry jest formowany przez precyzyjne ci\u0119cie laserowe w celu utworzenia niezale\u017cnych szczelin na karty, odpowiednich dla tubek szminek o r\u00f3\u017cnych specyfikacjach (takich jak cylindryczne, kwadratowe itp.). Ka\u017cda szminka \u015bci\u015ble przylega do gniazda karty po osadzeniu, a konstrukcja zapobiegaj\u0105ca wstrz\u0105som zapobiega uszkodzeniu pasty w wyniku kolizji. Podszewk\u0119 mo\u017cna zdemontowa\u0107 i zreorganizowa\u0107, wspieraj\u0105c swobodne rozmieszczenie 6-12 szminek, bior\u0105c pod uwag\u0119 funkcj\u0119 przechowywania i pi\u0119kno wizualne, a tak\u017ce spe\u0142niaj\u0105c potrzeby konsument\u00f3w w zakresie wy\u015bwietlania \"na poziomie kolekcji\".<\/p>\n<h2 id=\"-4-environmentally-friendly-materials-and-structural-reinforcement-double-protection-\"><strong>4. Przyjazne dla \u015brodowiska materia\u0142y i wzmocnienie strukturalne, podw\u00f3jna ochrona<\/strong><\/h2>\n<p>G\u0142\u00f3wna cz\u0119\u015b\u0107 pude\u0142ka prezentowego wykonana jest z\u00a0<strong>Papier powlekany z certyfikatem FSC<\/strong>Wewn\u0105trz znajduje si\u0119 lekka rama ze stopu aluminium, kt\u00f3ra jest p\u0142ynnie po\u0142\u0105czona z pude\u0142kiem za pomoc\u0105 nit\u00f3w, co zwi\u0119ksza og\u00f3ln\u0105 no\u015bno\u015b\u0107. Wewn\u0105trz znajduje si\u0119 lekka rama ze stopu aluminium, kt\u00f3ra jest p\u0142ynnie po\u0142\u0105czona z papierowym pude\u0142kiem za pomoc\u0105 nit\u00f3w, aby poprawi\u0107 og\u00f3ln\u0105 no\u015bno\u015b\u0107. Mo\u017ce wytrzyma\u0107 ci\u015bnienie statyczne 50 kg bez deformacji i skutecznie oprze\u0107 si\u0119 zewn\u0119trznemu wyt\u0142aczaniu. Materia\u0142 jest zgodny z unijnymi normami ochrony \u015brodowiska REACH, bior\u0105c pod uwag\u0119 luksusow\u0105 tekstur\u0119 i zr\u00f3wnowa\u017cone koncepcje.<\/p>\n<h2 id=\"-5-high-precision-printing-technology-double-upgrade-of-vision-and-touch-\"><strong>5. Precyzyjna technologia druku, podw\u00f3jne ulepszenie wizji i dotyku<\/strong><\/h2>\n<p>Powierzchnia pude\u0142ka przyjmuje\u00a0<strong>6-kolorowy sitodruk + technologia cz\u0119\u015bciowego t\u0142oczenia na gor\u0105co UV<\/strong>Precyzja kraw\u0119dzi kolorowych blok\u00f3w i wzor\u00f3w nadruku na ustach si\u0119ga 0,1 mm, bez smug i zadzior\u00f3w (takich jak technologia pakowania szminek Dior). Bloki kolor\u00f3w wykorzystuj\u0105 specjalne atramenty Pantone, aby przywr\u00f3ci\u0107 ponad 95% prawdziwego koloru szminki, co jest wygodne dla konsument\u00f3w, aby szybko zidentyfikowa\u0107 numer koloru. Warstwa nadruku zosta\u0142a przetestowana pod k\u0105tem odporno\u015bci na zu\u017cycie i pozostaje jasna po wielokrotnym otwieraniu i zamykaniu 500 razy, demonstruj\u0105c najnowocze\u015bniejsz\u0105 technologi\u0119 drukowania w fabryce.<\/p>\n<h2 id=\"-6-aesthetic-detail-design-to-enhance-brand-tonality-\"><strong>6. Estetyczny projekt detali wzmacniaj\u0105cy tonacj\u0119 marki<\/strong><\/h2>\n<p>Podszewka i korpus pude\u0142ka s\u0105 przystosowane\u00a0<strong>gradientowy wz\u00f3r proszku w tym samym systemie kolor\u00f3w<\/strong>przechodz\u0105c od matowego pudru w kolorze kwiatu wi\u015bni na powierzchni pude\u0142ka do per\u0142owego pudru w kolorze koralowym na podszewce. Sp\u00f3jno\u015b\u0107 kolor\u00f3w zosta\u0142a skalibrowana za pomoc\u0105 profesjonalnego spektrofotometru, aby zwi\u0119kszy\u0107 og\u00f3ln\u0105 harmoni\u0119 wizualn\u0105. Pude\u0142ko jest wyposa\u017cone w magnetyczne lusterko, kt\u00f3re mo\u017ce by\u0107 u\u017cywane jako lusterko do makija\u017cu. Kraw\u0119d\u017a lusterka jest inkrustowana ozdobnymi paskami w kolorze r\u00f3\u017cowego z\u0142ota w tym samym systemie kolorystycznym, co pier\u015bcie\u0144 magnesu, a detale przekazuj\u0105 gen luksusowej marki.<\/p>\n<h2 id=\"-applicable-scenarios-\"><strong>Obowi\u0105zuj\u0105ce scenariusze<\/strong><\/h2>\n<ul>\n<li><strong>Prezent \u015bwi\u0105teczny<\/strong>: Magnetyczny rytua\u0142 otwierania i zamykania pasuje do \u015bwi\u0105tecznej atmosfery Walentynek, Bo\u017cego Narodzenia itp.<\/li>\n<li><strong>Personalizacja marki<\/strong>: Obs\u0142uguje t\u0142oczenie na gor\u0105co LOGO, spersonalizowane kolorowe poszycie pier\u015bcieni magnetycznych (z\u0142oto \/ r\u00f3\u017cowe z\u0142oto \/ platyna)<\/li>\n<li><strong>Wy\u015bwietlacz detaliczny<\/strong>: Modu\u0142owa podszewka dostosowuje si\u0119 do potrzeb wy\u015bwietlania wielu jednostek sprzeda\u017cy.<\/li>\n<\/ul>","protected":false},"excerpt":{"rendered":"<p>Magnetyczny system zamykania zapewnia, \u017ce pude\u0142ko jest mocno zamkni\u0119te i mo\u017cna je \u0142atwo otwiera\u0107 i zamyka\u0107 jedn\u0105 r\u0119k\u0105. Jest to wygodniejsze ni\u017c tradycyjne zapi\u0119cia. Wiele szminek mo\u017cna uporz\u0105dkowa\u0107 w \u015brodku dzi\u0119ki precyzyjnemu pozycjonowaniu. Pude\u0142ko zajmuje du\u017co miejsca i jest odporne na wstrz\u0105sy, dzi\u0119ki czemu mo\u017cna je \u0142atwo przechowywa\u0107 i eksponowa\u0107.<\/p>","protected":false},"featured_media":1174,"template":"","meta":{"_kad_post_transparent":"default","_kad_post_title":"","_kad_post_layout":"default","_kad_post_sidebar_id":"","_kad_post_content_style":"default","_kad_post_vertical_padding":"default","_kad_post_feature":"","_kad_post_feature_position":"","_kad_post_header":false,"_kad_post_footer":false,"_kad_post_classname":""},"product_brand":[],"product_cat":[15,27,17],"product_tag":[459,457,458],"class_list":{"0":"post-1185","1":"product","2":"type-product","3":"status-publish","4":"has-post-thumbnail","6":"product_cat-red-light-therapy","7":"product_cat-red-light-therapy-belt","8":"product_cat-services","9":"product_tag-lipstick-gift-set-boxes","10":"product_tag-luxury-lipstick-boxes","11":"product_tag-magnetic-lid-boxes","13":"first","14":"instock","15":"shipping-taxable","16":"product-type-simple","17":"entry","18":"content-bg","19":"loop-entry"},"_links":{"self":[{"href":"https:\/\/red-lighttherapy.com\/pl\/wp-json\/wp\/v2\/product\/1185","targetHints":{"allow":["GET"]}}],"collection":[{"href":"https:\/\/red-lighttherapy.com\/pl\/wp-json\/wp\/v2\/product"}],"about":[{"href":"https:\/\/red-lighttherapy.com\/pl\/wp-json\/wp\/v2\/types\/product"}],"wp:featuredmedia":[{"embeddable":true,"href":"https:\/\/red-lighttherapy.com\/pl\/wp-json\/wp\/v2\/media\/1174"}],"wp:attachment":[{"href":"https:\/\/red-lighttherapy.com\/pl\/wp-json\/wp\/v2\/media?parent=1185"}],"wp:term":[{"taxonomy":"product_brand","embeddable":true,"href":"https:\/\/red-lighttherapy.com\/pl\/wp-json\/wp\/v2\/product_brand?post=1185"},{"taxonomy":"product_cat","embeddable":true,"href":"https:\/\/red-lighttherapy.com\/pl\/wp-json\/wp\/v2\/product_cat?post=1185"},{"taxonomy":"product_tag","embeddable":true,"href":"https:\/\/red-lighttherapy.com\/pl\/wp-json\/wp\/v2\/product_tag?post=1185"}],"curies":[{"name":"wp","href":"https:\/\/api.w.org\/{rel}","templated":true}]}}