{"id":1173,"date":"2025-04-17T01:17:56","date_gmt":"2025-04-17T01:17:56","guid":{"rendered":"https:\/\/red-lighttherapy.com\/?post_type=product&#038;p=1173"},"modified":"2025-04-17T14:43:42","modified_gmt":"2025-04-17T14:43:42","slug":"vendor-order-custom-rigid-drawer-box-sigwarjewelry-packaging","status":"publish","type":"product","link":"https:\/\/red-lighttherapy.com\/pl\/vendor-order-custom-rigid-drawer-box-sigwarjewelry-packaging\/","title":{"rendered":"Niestandardowe sztywne pude\u0142ko z szufladami Sigwarjewelry Packaging"},"content":{"rendered":"<h2 id=\"-product-description-of-sigwarjewelry-custom-hard-drawer-box-paper-drawer-box-\"><strong>Opis produktu niestandardowego sztywnego pude\u0142ka z szufladami\u00a0<\/strong><\/h2>\n<h2>1.\u00a0<strong>Ergonomiczny <\/strong><strong>Szuflada <\/strong><strong>Projekt<\/strong><\/h2>\n<p>Szuflada na papier bez wysi\u0142ku z systemem otwierania i zamykania szuflady na papier, w po\u0142\u0105czeniu z precyzyjn\u0105 konstrukcj\u0105 i precyzyjn\u0105 technologi\u0105 formowania. Po\u0142\u0105czenia mi\u0119dzy korpusem skrzynki a szuflad\u0105 s\u0105 wzmocnione, aby unikn\u0105\u0107 poluzowania lub zakleszczenia, a obs\u0142uga mo\u017ce by\u0107 p\u0142ynna nawet przy cz\u0119stym u\u017cytkowaniu.<\/p>\n<h2 id=\"2-fsc-certified-environmentally-friendly-materials-\">2.\u00a0<strong>Materia\u0142y przyjazne dla \u015brodowiska z certyfikatem FSC<\/strong><\/h2>\n<p>Surowce s\u0105 wykonane ze zr\u00f3wnowa\u017conych w\u0142\u00f3kien drzewnych certyfikowanych przez FSC (Forest Stewardship Council), aby zapewni\u0107, \u017ce ca\u0142y proces produkcji spe\u0142nia normy \u015brodowiskowe. Materia\u0142 uwzgl\u0119dnia zar\u00f3wno koncepcje ochrony \u015brodowiska, jak i w\u0142a\u015bciwo\u015bci fizyczne, a wytrzyma\u0142o\u015b\u0107 na \u015bciskanie osi\u0105ga wiod\u0105cy w bran\u017cy poziom, skutecznie chroni\u0105c produkty wewn\u0119trzne przed stratami transportowymi.<\/p>\n<h2 id=\"3-high-strength-coated-paper-structure-\">3.\u00a0<strong>Struktura papieru powlekanego o wysokiej wytrzyma\u0142o\u015bci<\/strong><\/h2>\n<p>Korpus pude\u0142ka wykonany jest z powlekanego materia\u0142u papierowego o gramaturze 300 g\/m\u00b2, a twardo\u015b\u0107 i stabilno\u015b\u0107 zosta\u0142y poprawione dzi\u0119ki wielowarstwowemu procesowi kompozytowemu, a no\u015bno\u015b\u0107 mo\u017ce osi\u0105gn\u0105\u0107 ponad 5 kg. Konstrukcja przestrzeni wewn\u0119trznej zosta\u0142a naukowo obliczona w celu obs\u0142ugi modu\u0142owych przegr\u00f3d (opcjonalne pod\u0142o\u017ce lub przedzia\u0142y), maksymalizacji wykorzystania obj\u0119to\u015bci i jest odpowiednia dla wykwintnych produkt\u00f3w, takich jak bi\u017cuteria i zegarki.<\/p>\n<h2 id=\"4-durable-nylon-handle-\">4.\u00a0<strong>Wytrzyma\u0142y nylonowy uchwyt<\/strong><\/h2>\n<p>Uchwyt wykonany jest z wytrzyma\u0142ej ta\u015bmy nylonowej o wytrzyma\u0142o\u015bci na rozci\u0105ganie ponad 100 kg. Nie p\u0119k\u0142 po dziesi\u0105tkach tysi\u0119cy test\u00f3w na wyrywanie. Jednocze\u015bnie dopasowuje si\u0119 do krzywizny d\u0142oni, poprawiaj\u0105c komfort noszenia. Obs\u0142uguje spersonalizowane dostosowywanie szeroko\u015bci uchwytu, koloru i nadruku LOGO w celu zwi\u0119kszenia rozpoznawalno\u015bci marki.<\/p>\n<h2 id=\"-customized-service-and-production-advantages-\"><strong>Dostosowane us\u0142ugi i zalety produkcji<\/strong><\/h2>\n<ul>\n<li><strong>48-godzinny szybki proofing<\/strong>: Opieraj\u0105c si\u0119 na cyfrowym systemie proofingu, renderingi 3D i fizyczne pr\u00f3bki s\u0105 dostarczane jednocze\u015bnie, aby dok\u0142adnie odtworzy\u0107 szczeg\u00f3\u0142y projektu.<\/li>\n<li><strong>Elastyczna minimalna ilo\u015b\u0107 zam\u00f3wienia<\/strong>: Obs\u0142uguje minimaln\u0105 ilo\u015b\u0107 zam\u00f3wienia 500 sztuk, aby zaspokoi\u0107 potrzeby produkcji pr\u00f3bnej ma\u0142ych i \u015brednich marek, a cykl produkcji masowej jest skr\u00f3cony do 7-10 dni roboczych.<\/li>\n<li><strong>Wysoce spersonalizowane<\/strong>:<\/li>\n<li><strong>Rozmiar<\/strong>: Wysoce spersonalizowane.<\/li>\n<li><strong>Technologia<\/strong>: Opcjonalne procesy obr\u00f3bki powierzchni, takie jak t\u0142oczenie na gor\u0105co, wyt\u0142aczanie UV, sitodruk, wyt\u0142aczanie itp. dostosowane do wymaga\u0144 luksusowej tekstury.<\/li>\n<\/ul>\n<h2 id=\"-applicable-scenarios-and-certification-guarantees-\"><strong>Obowi\u0105zuj\u0105ce scenariusze i gwarancje certyfikacji<\/strong><\/h2>\n<ul>\n<li><strong>Odpowiednie produkty<\/strong>: Wysokiej klasy bi\u017cuteria, zegarki, towary luksusowe, spersonalizowane prezenty i inne opakowania produkt\u00f3w o wysokiej warto\u015bci dodanej.<\/li>\n<li><strong>Zaanga\u017cowanie w ochron\u0119 \u015brodowiska<\/strong>: Ca\u0142y proces jest zgodny z certyfikacj\u0105 \u0142a\u0144cucha nadzoru produkcji i sprzeda\u017cy FSC i zapewnia identyfikowalne dokumenty certyfikacji materia\u0142\u00f3w ochrony \u015brodowiska.<\/li>\n<li><strong>Serwis gwarancyjny<\/strong>: Zapewnienie 12-miesi\u0119cznej kontroli jako\u015bci, wsparcie etapowej kontroli jako\u015bci zam\u00f3wie\u0144 partii i zapewnienie sp\u00f3jno\u015bci dostaw.<\/li>\n<\/ul>","protected":false},"excerpt":{"rendered":"<p>System otwierania i zamykania szuflady na papier jest ergonomicznie zaprojektowany, a jego obs\u0142uga jest p\u0142ynna i pracoch\u0142onna. Wykonany jest z materia\u0142\u00f3w z certyfikatem FSC, bior\u0105c pod uwag\u0119 zar\u00f3wno koncepcje ochrony \u015brodowiska, jak i w\u0142a\u015bciwo\u015bci fizyczne. Posiada 48-godzinny system szybkiego sprawdzania, obs\u0142uguje minimaln\u0105 ilo\u015b\u0107 zam\u00f3wienia 500 sztuk i mo\u017ce by\u0107 w du\u017cym stopniu dostosowany do produktu.<\/p>","protected":false},"featured_media":1179,"template":"","meta":{"_kad_post_transparent":"default","_kad_post_title":"","_kad_post_layout":"default","_kad_post_sidebar_id":"","_kad_post_content_style":"default","_kad_post_vertical_padding":"default","_kad_post_feature":"","_kad_post_feature_position":"","_kad_post_header":false,"_kad_post_footer":false,"_kad_post_classname":""},"product_brand":[],"product_cat":[15,20,17],"product_tag":[460,461,462],"class_list":{"0":"post-1173","1":"product","2":"type-product","3":"status-publish","4":"has-post-thumbnail","6":"product_cat-red-light-therapy","7":"product_cat-led-face-light-therapy","8":"product_cat-services","9":"product_tag-custom-drawer-box","10":"product_tag-order-custom-rigid-box","11":"product_tag-sigwarjewelry-packaging-box-order","13":"first","14":"instock","15":"shipping-taxable","16":"product-type-simple","17":"entry","18":"content-bg","19":"loop-entry"},"_links":{"self":[{"href":"https:\/\/red-lighttherapy.com\/pl\/wp-json\/wp\/v2\/product\/1173","targetHints":{"allow":["GET"]}}],"collection":[{"href":"https:\/\/red-lighttherapy.com\/pl\/wp-json\/wp\/v2\/product"}],"about":[{"href":"https:\/\/red-lighttherapy.com\/pl\/wp-json\/wp\/v2\/types\/product"}],"wp:featuredmedia":[{"embeddable":true,"href":"https:\/\/red-lighttherapy.com\/pl\/wp-json\/wp\/v2\/media\/1179"}],"wp:attachment":[{"href":"https:\/\/red-lighttherapy.com\/pl\/wp-json\/wp\/v2\/media?parent=1173"}],"wp:term":[{"taxonomy":"product_brand","embeddable":true,"href":"https:\/\/red-lighttherapy.com\/pl\/wp-json\/wp\/v2\/product_brand?post=1173"},{"taxonomy":"product_cat","embeddable":true,"href":"https:\/\/red-lighttherapy.com\/pl\/wp-json\/wp\/v2\/product_cat?post=1173"},{"taxonomy":"product_tag","embeddable":true,"href":"https:\/\/red-lighttherapy.com\/pl\/wp-json\/wp\/v2\/product_tag?post=1173"}],"curies":[{"name":"wp","href":"https:\/\/api.w.org\/{rel}","templated":true}]}}