{"id":1167,"date":"2025-04-16T16:18:16","date_gmt":"2025-04-16T16:18:16","guid":{"rendered":"https:\/\/red-lighttherapy.com\/?post_type=product&#038;p=1167"},"modified":"2025-04-16T16:40:06","modified_gmt":"2025-04-16T16:40:06","slug":"large-silver-glitter-magnetic-closure-gift-box-for-promotion","status":"publish","type":"product","link":"https:\/\/red-lighttherapy.com\/pl\/large-silver-glitter-magnetic-closure-gift-box-for-promotion\/","title":{"rendered":"Du\u017ce, srebrne, brokatowe, magnetyczne pude\u0142ko na prezenty promocyjne"},"content":{"rendered":"<h2 id=\"product-description-of-large-silver-sequin-magnetic-buckle-promotional-gift-box\">Opis produktu Du\u017ca srebrna cekinowa klamra magnetyczna Promocyjne pude\u0142ko upominkowe<\/h2>\n<h2 id=\"-1-magnetic-closure-system-precision-and-elegance-\"><strong>1. Magnetyczny system zamykania: Precyzja i elegancja<\/strong><\/h2>\n<p>Pokrywa przyjmuje <strong>Technologia silnej adsorpcji magnetycznej<\/strong>Konstrukcja z wbudowanym paskiem magnetycznym umo\u017cliwia zamkni\u0119cie bez zacinania si\u0119. Si\u0142a magnetyczna jest precyzyjnie pozycjonowana po zamkni\u0119ciu, a powierzchnia styku jest pokryta elastyczn\u0105, poch\u0142aniaj\u0105c\u0105 d\u017awi\u0119k warstw\u0105 aksamitu, aby wyeliminowa\u0107 d\u017awi\u0119k kolizji tradycyjnych klamer. Otwieranie i zamykanie jest g\u0142adkie jak jedwab, a operacj\u0119 mo\u017cna wykona\u0107 jedn\u0105 r\u0119k\u0105, co spe\u0142nia podw\u00f3jne potrzeby luksusowych opakowa\u0144 w zakresie rytua\u0142u i wygody.<\/p>\n<h2 id=\"-2-minimalist-geometric-structure-balance-of-rigidity-and-beauty-\"><strong>2. Minimalistyczna struktura geometryczna: r\u00f3wnowaga sztywno\u015bci i pi\u0119kna<\/strong><\/h2>\n<p>Korpus skrzynki przyjmuje\u00a0<strong>struktura kompozytowa p\u0142yty pil\u015bniowej<\/strong>Kraw\u0119dzie i naro\u017cniki s\u0105 przetwarzane w procesie fazowania pod k\u0105tem 45\u00b0, z twardymi, ale mi\u0119kkimi liniami. Wewn\u0119trzna konfiguracja pier\u015bcieniowej ramy no\u015bnej z rowkiem stopniowym mo\u017ce wytrzyma\u0107 obci\u0105\u017cenie 3 kg bez deformacji, co jest odpowiednie dla potrzeb ochrony delikatnych prezent\u00f3w wysokiej klasy, takich jak bi\u017cuteria i zegarki. Sze\u015bciok\u0105tny test kompresji spe\u0142nia mi\u0119dzynarodow\u0105 norm\u0119 transportow\u0105 ISTA-3A, aby zapewni\u0107 bezpiecze\u0144stwo transportu na du\u017ce odleg\u0142o\u015bci.<\/p>\n<h2 id=\"-3-dynamic-optical-surface-glitter-paper-process-\"><strong>3. Dynamiczna powierzchnia optyczna: Proces Glitter Paper<\/strong><\/h2>\n<p>Powierzchnia wykorzystuje\u00a0<strong>Papier brokatowy o jako\u015bci gwiezdnego py\u0142u<\/strong>\u00a0importowany z Niemiec i osi\u0105ga 270\u00b0 pokrycie za\u0142amania \u015bwiat\u0142a dzi\u0119ki technologii kierunkowego rozmieszczania brokatu na poziomie nano. Prezentuje tekstur\u0119 galaktycznego \u017cwiru statycznie i efekt migotania dynamicznie. Wsp\u00f3\u0142czynnik odbicia \u015bwiat\u0142a jest zwi\u0119kszony przez 60% w por\u00f3wnaniu z tradycyjnym procesem t\u0142oczenia na gor\u0105co i mo\u017ce tworzy\u0107 unikalny wizualny punkt pami\u0119ci marki pod o\u015bwietleniem okien komercyjnych.<\/p>\n<h2 id=\"-4-precision-manufacturing-system-millimeter-level-quality-control-standard-\"><strong>4. Precyzyjny system produkcji: standard kontroli jako\u015bci na poziomie milimetra<\/strong><\/h2>\n<p>Ca\u0142y proces przyjmuje japo\u0144ski system ci\u0119cia laserowego Mitsubishi, aby osi\u0105gn\u0105\u0107\u00a0<strong>Dok\u0142adno\u015b\u0107 zgrzewu na poziomie 0,1 mm<\/strong>. Korpus pude\u0142ka przechodzi potr\u00f3jn\u0105 kontrol\u0119 jako\u015bci: Wykrywanie wad UV w celu wykrycia mikrop\u0119kni\u0119\u0107, tr\u00f3jwymiarowy przyrz\u0105d pomiarowy do weryfikacji deformacji i kolorymetr do kontroli \u25b3E\u22641,5, aby zapewni\u0107, \u017ce ka\u017cdy produkt spe\u0142nia standard wygl\u0105du sztuki.<\/p>\n<h2 id=\"-5-lasting-visual-communication-ink-curing-technology-\"><strong>5. Trwa\u0142a komunikacja wizualna: technologia utwardzania atramentu<\/strong><\/h2>\n<p>Drukowanie tekstu przyjmuje szwajcarski\u00a0<strong>Przyjazny dla \u015brodowiska atrament utwardzany promieniami UV<\/strong>kt\u00f3ra przesz\u0142a 72-godzinny test mg\u0142y solnej i 5000-krotny test tarcia, a trwa\u0142o\u015b\u0107 koloru osi\u0105ga poziom 8. Obs\u0142uguje kolor dodatkowy Pantone + 4-kolorowy druk nak\u0142adkowy, z\u0142o\u017cone logo mo\u017ce osi\u0105gn\u0105\u0107 reprodukcj\u0119 o szeroko\u015bci linii 0,2 mm, spe\u0142niaj\u0105c potrzeby luksusowego mikrodruku zapobiegaj\u0105cego podrabianiu.<\/p>\n<h2 id=\"-6-restrained-aesthetic-design-functional-minimalism-\"><strong>6. Pow\u015bci\u0105gliwa estetyka: funkcjonalny minimalizm<\/strong><\/h2>\n<p>Wdro\u017cenie\u00a0<strong>Koncepcja wzornictwa Bauhaus<\/strong>\u00a0i wyeliminowa\u0107 wszystkie zb\u0119dne elementy dekoracyjne. Tradycyjne okucia zosta\u0142y zast\u0105pione magnetyczn\u0105 struktur\u0105 otwierania i zamykania, a odblaskowe w\u0142a\u015bciwo\u015bci samego materia\u0142u zosta\u0142y wykorzystane do stworzenia wizualnego akcentu. Wewn\u0119trzna wn\u0119ka przyjmuje od\u0142\u0105czany system przegr\u00f3d o strukturze plastra miodu, kt\u00f3ry nie tylko spe\u0142nia potrzeby przechowywania wielu kategorii, ale tak\u017ce zachowuje czysto\u015b\u0107 wygl\u0105du.<\/p>\n<h2 id=\"-7-in-depth-customization-service-brand-specific-solution-\"><strong>7. Dog\u0142\u0119bna us\u0142uga dostosowywania: rozwi\u0105zanie specyficzne dla marki<\/strong><\/h2>\n<ul>\n<li><strong>Technologia powierzchniowa<\/strong>obs\u0142uga technologii t\u0142oczenia na zimno \/ t\u0142oczenia na gor\u0105co \/ grawerowania laserowego w trzech trybach, dok\u0142adno\u015b\u0107 t\u0142oczenia na gor\u0105co \u00b10,3 mm<\/li>\n<li><strong>Rekonstrukcja przestrzenna<\/strong>mo\u017ce zapewni\u0107 wewn\u0119trzne wsparcie flokowania EVA \/ blistra \/ siatki PP, odpowiednie do mocowania produktu o specjalnym kszta\u0142cie<\/li>\n<li><strong>Zwinna reakcja<\/strong>Opieraj\u0105c si\u0119 na modu\u0142owym systemie form, pe\u0142na korekta rozmiaru w ci\u0105gu 72 godzin<\/li>\n<\/ul>\n<h2 id=\"-8-smart-manufacturing-service-guarantee-flexible-production-system-\"><strong>8. Gwarancja inteligentnych us\u0142ug produkcyjnych: elastyczny system produkcji<\/strong><\/h2>\n<p>Producent posiada\u00a0<strong>Certyfikacja las\u00f3w FSC<\/strong>\u00a0i certyfikat systemu ochrony \u015brodowiska ISO14001, a tak\u017ce posiada 16-letnie do\u015bwiadczenie w profesjonalnej produkcji opakowa\u0144. Zapewni\u0107\u00a0<strong>Us\u0142uga dostosowywania ma\u0142ych partii<\/strong>\u00a0przy minimalnym zam\u00f3wieniu 500 sztuk, wspieraj\u0105c wst\u0119pne badanie rysunku struktury 3D, dostarczanie pr\u00f3bek materia\u0142\u00f3w, informacje zwrotne wideo z testu upuszczania i inne us\u0142ugi pe\u0142nego procesu, kt\u00f3re s\u0105 40% ni\u017csze ni\u017c \u015bredni koszt pr\u00f3b i b\u0142\u0119d\u00f3w w bran\u017cy.<\/p>","protected":false},"excerpt":{"rendered":"<p>Jako technologia magnetycznego zamykania, kt\u00f3ra jest \u0142atwa w obs\u0142udze i precyzyjnie zamyka. Nie ma potrzeby stosowania tradycyjnych klamer, a otwieranie i zamykanie jest p\u0142ynniejsze i bardziej eleganckie. Powierzchnia pokryta jest papierem Glitter Paper, kt\u00f3ry prezentuje delikatny efekt brokatu i wytwarza dynamiczny po\u0142ysk pod wp\u0142ywem za\u0142amania \u015bwiat\u0142a, co zwi\u0119ksza wizualn\u0105 klas\u0119 produktu i spe\u0142nia spersonalizowane potrzeby marki.<\/p>","protected":false},"featured_media":1169,"template":"","meta":{"_kad_post_transparent":"default","_kad_post_title":"","_kad_post_layout":"default","_kad_post_sidebar_id":"","_kad_post_content_style":"default","_kad_post_vertical_padding":"default","_kad_post_feature":"","_kad_post_feature_position":"","_kad_post_header":false,"_kad_post_footer":false,"_kad_post_classname":""},"product_brand":[],"product_cat":[15,17],"product_tag":[455,456,454],"class_list":{"0":"post-1167","1":"product","2":"type-product","3":"status-publish","4":"has-post-thumbnail","6":"product_cat-red-light-therapy","7":"product_cat-services","8":"product_tag-glitter-paper-boxes","9":"product_tag-glitter-paper-promotion-gift-box","10":"product_tag-silver-glitter-gift-box","12":"first","13":"instock","14":"shipping-taxable","15":"product-type-simple","16":"entry","17":"content-bg","18":"loop-entry"},"_links":{"self":[{"href":"https:\/\/red-lighttherapy.com\/pl\/wp-json\/wp\/v2\/product\/1167","targetHints":{"allow":["GET"]}}],"collection":[{"href":"https:\/\/red-lighttherapy.com\/pl\/wp-json\/wp\/v2\/product"}],"about":[{"href":"https:\/\/red-lighttherapy.com\/pl\/wp-json\/wp\/v2\/types\/product"}],"wp:featuredmedia":[{"embeddable":true,"href":"https:\/\/red-lighttherapy.com\/pl\/wp-json\/wp\/v2\/media\/1169"}],"wp:attachment":[{"href":"https:\/\/red-lighttherapy.com\/pl\/wp-json\/wp\/v2\/media?parent=1167"}],"wp:term":[{"taxonomy":"product_brand","embeddable":true,"href":"https:\/\/red-lighttherapy.com\/pl\/wp-json\/wp\/v2\/product_brand?post=1167"},{"taxonomy":"product_cat","embeddable":true,"href":"https:\/\/red-lighttherapy.com\/pl\/wp-json\/wp\/v2\/product_cat?post=1167"},{"taxonomy":"product_tag","embeddable":true,"href":"https:\/\/red-lighttherapy.com\/pl\/wp-json\/wp\/v2\/product_tag?post=1167"}],"curies":[{"name":"wp","href":"https:\/\/api.w.org\/{rel}","templated":true}]}}