{"id":1156,"date":"2025-04-16T13:34:13","date_gmt":"2025-04-16T13:34:13","guid":{"rendered":"https:\/\/red-lighttherapy.com\/?post_type=product&#038;p=1156"},"modified":"2025-04-17T08:49:17","modified_gmt":"2025-04-17T08:49:17","slug":"gold-glitter-magnetic-closure-collapsible-watch-box-dealer","status":"publish","type":"product","link":"https:\/\/red-lighttherapy.com\/pl\/gold-glitter-magnetic-closure-collapsible-watch-box-dealer\/","title":{"rendered":"Sk\u0142adane pude\u0142ko na zegarki ze z\u0142otym brokatem i magnetycznym zamkni\u0119ciem"},"content":{"rendered":"<h2 id=\"-golden-sequin-magnetic-clasp-folding-watch-box-product-description-\"><strong>Z\u0142ote cekinowe zapi\u0119cie magnetyczne Sk\u0142adane pude\u0142ko na zegarek Opis produktu<\/strong><\/h2>\n<h2 id=\"1-precision-magnetic-box-design-\">1.\u00a0<strong>Precyzyjna konstrukcja skrzynki magnetycznej<\/strong><\/h2>\n<ul>\n<li>Opatentowana struktura magnetyczna, k\u0105t otwierania i zamykania jest zoptymalizowany przez symulacj\u0119 mechaniki p\u0142yn\u00f3w, a obs\u0142uga jedn\u0105 r\u0119k\u0105 mo\u017ce osi\u0105gn\u0105\u0107 p\u0142ynne otwieranie i zamykanie 120\u00b0. Si\u0142a magnetyczna jest r\u00f3wnomiernie roz\u0142o\u017cona, a b\u0142\u0105d dopasowania po zamkni\u0119ciu jest mniejszy ni\u017c 0,1 mm, zapewniaj\u0105c zerowe ryzyko przypadkowego otwarcia podczas transportu.<\/li>\n<li>Magnes jest ca\u0142kowicie osadzony w warstwie po\u015bredniej obudowy pude\u0142ka, bez ods\u0142oni\u0119tego metalu, aby unikn\u0105\u0107 zarysowania zegarka lub utlenienia kontaktu. Minimalistyczny design pasuje do nowoczesnej estetyki, a obudowa pude\u0142ka jest g\u0142adka jak lustro po zamkni\u0119ciu.<\/li>\n<\/ul>\n<h2 id=\"2-glitter-paper-iridescent-material-\">2.\u00a0<strong>Materia\u0142 opalizuj\u0105cy z papieru brokatowego<\/strong><\/h2>\n<ul>\n<li>Pude\u0142ko na zegarek wykorzystuje specjalny proces kompozytowy Glitter Paper, materia\u0142em bazowym jest przyjazna dla \u015brodowiska masa celulozowa z certyfikatem FSC, a powierzchnia pokryta jest optyczn\u0105 foli\u0105 cekinow\u0105. Mo\u017ce prezentowa\u0107 ponad 5 opalizuj\u0105cych efekt\u00f3w gradientu pod \u017ar\u00f3d\u0142em \u015bwiat\u0142a, spe\u0142niaj\u0105c potrzeby wizualnej prezentacji d\u00f3br luksusowych.<\/li>\n<li>Powierzchnia jest pokryta pow\u0142ok\u0105 nano-antifouling, kt\u00f3ra przesz\u0142a 100 000 test\u00f3w tarcia, a jej odporno\u015b\u0107 na pot i olej zosta\u0142a poprawiona o 300%. Po d\u0142ugotrwa\u0142ym u\u017cytkowaniu mo\u017ce nadal utrzymywa\u0107 wsp\u00f3\u0142czynnik odbicia lustrzanego wi\u0119kszy ni\u017c 90%.<\/li>\n<\/ul>\n<h2 id=\"3-safety-protection-and-convenient-storage-\">3.\u00a0<strong>Ochrona bezpiecze\u0144stwa i wygodne przechowywanie<\/strong><\/h2>\n<ul>\n<li>Wewn\u0119trzna struktura przyjmuje segmentow\u0105 struktur\u0119 buforow\u0105: 3-milimetrowa warstwa z mikrofibry zapobiegaj\u0105ca zarysowaniom na g\u00f3rze + warstwa przeciwwstrz\u0105sowa z pianki z pami\u0119ci\u0105 kszta\u0142tu w \u015brodku + silikonowa podk\u0142adka antypo\u015blizgowa na dole, kt\u00f3ra mo\u017ce wytrzyma\u0107 upadek z wysoko\u015bci 3 metr\u00f3w.<\/li>\n<li>Sk\u0142adana, warstwowa konstrukcja umo\u017cliwia przechowywanie 2-3 zegark\u00f3w w jednym pude\u0142ku, kt\u00f3re jest odpowiednie dla pe\u0142nowymiarowych potrzeb, od 36 mm zegark\u00f3w damskich po 45 mm zegarki do nurkowania.<\/li>\n<\/ul>\n<h2 id=\"-quality-assurance-system-\"><strong>4. System zapewnienia jako\u015bci<\/strong><\/h2>\n<ul>\n<li><strong>Potwierdzenie certyfikacji<\/strong>: Producent jest wzorcowym przedsi\u0119biorstwem w chi\u0144skim przemy\u015ble opakowaniowym, posiadaj\u0105cym certyfikat le\u015bny FSC, certyfikat systemu zarz\u0105dzania jako\u015bci\u0105 ISO 9001 oraz certyfikat odpowiedzialno\u015bci spo\u0142ecznej BSCI i od 16 lat obs\u0142uguje ponad 50 mi\u0119dzynarodowych marek luksusowych.<\/li>\n<li><strong>Standardy testowania<\/strong>: Przeszed\u0142 72-godzinny test mg\u0142y solnej (odporno\u015b\u0107 na korozj\u0119), test zmiany temperatury -20 \u2103 ~ 60 \u2103 (odporno\u015b\u0107 na odkszta\u0142cenia) i test zm\u0119czeniowy 100 000 otwar\u0107 i zamkni\u0119\u0107 (trwa\u0142o\u015b\u0107).<\/li>\n<\/ul>\n<h2 id=\"-application-scenarios-and-value-added-services-\"><strong>Scenariusze zastosowa\u0144 i us\u0142ugi o warto\u015bci dodanej<\/strong><\/h2>\n<ul>\n<li><strong>Personalizacja marki<\/strong>: Obs\u0142uguje t\u0142oczenie LOGO na gor\u0105co, dostosowywanie kolor\u00f3w podszewki i ekskluzywne implantacje zapachowe (takie jak drzewo sanda\u0142owe \/ zapach cedru), aby zwi\u0119kszy\u0107 poczucie otwarcia pude\u0142ka i rozpoznawalno\u015b\u0107 marki.<\/li>\n<li><strong>Rozszerzenie scenariusza<\/strong>: Opr\u00f3cz przechowywania zegark\u00f3w, jest kompatybilny z przechowywaniem cennych akcesori\u00f3w, takich jak spinki do mankiet\u00f3w i obr\u0105czki \u015blubne, odpowiednie do wysokiej klasy scenariuszy, takich jak prezenty \u015blubne i prezenty VIP marki.<\/li>\n<\/ul>","protected":false},"excerpt":{"rendered":"<p>Magnetyczne sk\u0142adane pude\u0142ko z pokryw\u0105 ma p\u0142ynny i naturalny k\u0105t otwierania i zamykania, i mo\u017cna je \u0142atwo obs\u0142ugiwa\u0107 jedn\u0105 r\u0119k\u0105, bior\u0105c pod uwag\u0119 zar\u00f3wno wygod\u0119, jak i poczucie rytua\u0142u. Materia\u0142 papierowy Glitter prezentuje pod wieloma k\u0105tami opalizuj\u0105cy efekt pod \u017ar\u00f3d\u0142em \u015bwiat\u0142a. Obudowa pude\u0142ka jest schludna i nie ma zb\u0119dnych linii. Po zamkni\u0119ciu, si\u0142a magnetyczna jest r\u00f3wnomiernie roz\u0142o\u017cona, co zapobiega przypadkowemu otwarciu podczas transportu.<\/p>","protected":false},"featured_media":1159,"template":"","meta":{"_kad_post_transparent":"default","_kad_post_title":"","_kad_post_layout":"default","_kad_post_sidebar_id":"","_kad_post_content_style":"default","_kad_post_vertical_padding":"default","_kad_post_feature":"","_kad_post_feature_position":"","_kad_post_header":false,"_kad_post_footer":false,"_kad_post_classname":""},"product_brand":[],"product_cat":[15,17],"product_tag":[451,450,431],"class_list":{"0":"post-1156","1":"product","2":"type-product","3":"status-publish","4":"has-post-thumbnail","6":"product_cat-red-light-therapy","7":"product_cat-services","8":"product_tag-collapsible-watch-gift-box","9":"product_tag-gold-glitter-watch-box","10":"product_tag-magnetic-closure-box","12":"first","13":"instock","14":"shipping-taxable","15":"product-type-simple","16":"entry","17":"content-bg","18":"loop-entry"},"_links":{"self":[{"href":"https:\/\/red-lighttherapy.com\/pl\/wp-json\/wp\/v2\/product\/1156","targetHints":{"allow":["GET"]}}],"collection":[{"href":"https:\/\/red-lighttherapy.com\/pl\/wp-json\/wp\/v2\/product"}],"about":[{"href":"https:\/\/red-lighttherapy.com\/pl\/wp-json\/wp\/v2\/types\/product"}],"wp:featuredmedia":[{"embeddable":true,"href":"https:\/\/red-lighttherapy.com\/pl\/wp-json\/wp\/v2\/media\/1159"}],"wp:attachment":[{"href":"https:\/\/red-lighttherapy.com\/pl\/wp-json\/wp\/v2\/media?parent=1156"}],"wp:term":[{"taxonomy":"product_brand","embeddable":true,"href":"https:\/\/red-lighttherapy.com\/pl\/wp-json\/wp\/v2\/product_brand?post=1156"},{"taxonomy":"product_cat","embeddable":true,"href":"https:\/\/red-lighttherapy.com\/pl\/wp-json\/wp\/v2\/product_cat?post=1156"},{"taxonomy":"product_tag","embeddable":true,"href":"https:\/\/red-lighttherapy.com\/pl\/wp-json\/wp\/v2\/product_tag?post=1156"}],"curies":[{"name":"wp","href":"https:\/\/api.w.org\/{rel}","templated":true}]}}