{"id":1150,"date":"2025-04-16T13:14:34","date_gmt":"2025-04-16T13:14:34","guid":{"rendered":"https:\/\/red-lighttherapy.com\/?post_type=product&#038;p=1150"},"modified":"2025-04-17T08:50:48","modified_gmt":"2025-04-17T08:50:48","slug":"glitter-red-hot-foil-stamping-boxes-for-wig-hair-extension","status":"publish","type":"product","link":"https:\/\/red-lighttherapy.com\/pl\/glitter-red-hot-foil-stamping-boxes-for-wig-hair-extension\/","title":{"rendered":"B\u0142yszcz\u0105ce czerwone pude\u0142ka z gor\u0105c\u0105 foli\u0105 do przed\u0142u\u017cania w\u0142os\u00f3w peruki"},"content":{"rendered":"<h2 id=\"product-description-of-flashing-gold-stamping-magnetic-closure-wig-storage-box\">Opis produktu Migaj\u0105ce z\u0142ote t\u0142oczenie Magnetyczne zamkni\u0119cie Pude\u0142ko do przechowywania peruk<\/h2>\n<h2 id=\"-1-magnetic-closure-system-the-perfect-combination-of-convenience-and-stability-\"><strong>1. Magnetyczny system zamykania: Idealne po\u0142\u0105czenie wygody i stabilno\u015bci<\/strong><\/h2>\n<p>Ten produkt przyjmuje\u00a0<strong>Magnetyczny system zamykania<\/strong>Wykorzystuj\u0105c precyzyjn\u0105 technologi\u0119 sterowania magnetycznego i osadzaj\u0105c silne modu\u0142y magnetyczne w g\u00f3rnych i dolnych pude\u0142kach, aby uzyska\u0107 jednor\u0119czny dotyk i zamkni\u0119cie, a si\u0142a adsorpcji po zamkni\u0119ciu mo\u017ce osi\u0105gn\u0105\u0107 ponad 3,5 N, zapewniaj\u0105c, \u017ce pude\u0142ko jest stabilne i nie poluzuje si\u0119 podczas transportu lub u\u017cytkowania z du\u017c\u0105 cz\u0119stotliwo\u015bci\u0105. W por\u00f3wnaniu z tradycyjnymi klamrami, konstrukcja magnetyczna pozwala unikn\u0105\u0107 ryzyka zu\u017cycia mechanicznego, a ukryta konstrukcja gniazda magnesu zapewnia wygl\u0105d bez wybrzusze\u0144, co spe\u0142nia wymagania wysokiej klasy produkt\u00f3w o prostych liniach.<\/p>\n<h2 id=\"-2-one-handed-opening-and-closing-and-high-frequency-adaptability-\"><strong>2. Otwieranie i zamykanie jedn\u0105 r\u0119k\u0105 oraz mo\u017cliwo\u015b\u0107 dostosowania do wysokich cz\u0119stotliwo\u015bci<\/strong><\/h2>\n<p>Korpus skrzynki porzuca tradycyjn\u0105 struktur\u0119 klamry i optymalizuje logik\u0119 dzia\u0142ania poprzez\u00a0<strong>magnetyczny system otwierania i zamykania wspomagany spr\u0119\u017cyn\u0105<\/strong>U\u017cytkownik musi tylko nacisn\u0105\u0107 punkt spustowy z boku korpusu pude\u0142ka jednym palcem, si\u0142a magnetyczna jest natychmiast uwalniana, a spr\u0119\u017cyna wspomaga otwarcie pokrywy pude\u0142ka pod k\u0105tem oko\u0142o 30\u00b0. Ca\u0142y proces nie wymaga u\u017cycia dw\u00f3ch r\u0105k, co jest szczeg\u00f3lnie przydatne w salonach fryzjerskich, transmisjach na \u017cywo i innych scenach, w kt\u00f3rych peruki musz\u0105 by\u0107 szybko zdj\u0119te i za\u0142o\u017cone.<\/p>\n<h2 id=\"-three-minimalist-geometry-and-space-utilization-\"><strong>3. Minimalistyczna geometria i wykorzystanie przestrzeni<\/strong><\/h2>\n<p>Korpus skrzynki przyjmuje\u00a0<strong>projekt geometrii sze\u015bcio\u015bciennej<\/strong>a kraw\u0119dzie i naro\u017cniki s\u0105 zaokr\u0105glone za pomoc\u0105 zaokr\u0105glonych naro\u017cnik\u00f3w R2, bior\u0105c pod uwag\u0119 zar\u00f3wno twardy zmys\u0142 biznesowy, jak i bezpieczny dotyk. Wewn\u0119trzny uk\u0142ad opiera si\u0119 na modu\u0142owych przegrodach, kt\u00f3re mo\u017cna dostosowa\u0107 do akcesori\u00f3w, takich jak peruki i narz\u0119dzia do piel\u0119gnacji. Tolerancja zgryzu wynosi \u22640,1 mm podczas uk\u0142adania w stosy, a wsp\u00f3\u0142czynnik zaj\u0119to\u015bci przestrzeni transportowej jest zmniejszony o 40% w por\u00f3wnaniu z tradycyjnymi opakowaniami. Grubo\u015b\u0107 \u015bcianki zewn\u0119trznej wynosi 3 mm, a lekkie materia\u0142y kompozytowe o wytrzyma\u0142o\u015bci na \u015bciskanie wynosz\u0105cej 50 kg spe\u0142niaj\u0105 wymagania transportu na du\u017ce odleg\u0142o\u015bci.<\/p>\n<h2 id=\"-four-high-end-visual-language-and-surface-technology-\"><strong>4. Wysokiej klasy j\u0119zyk wizualny i technologia powierzchni<\/strong><\/h2>\n<ol>\n<li><strong>Kolor i technologia t\u0142oczenia na gor\u0105co<\/strong>: Korpus pude\u0142ka jest oparty na\u00a0<strong>matowa czarna pow\u0142oka PET<\/strong>z wygrawerowanym laserowo\u00a0<strong>jaskrawoczerwony z\u0142oty tekst\/LOGO<\/strong>Tworz\u0105c wizualne skupienie dzi\u0119ki dwukolorowemu kontrastowi, aby zwi\u0119kszy\u0107 rozpoznawalno\u015b\u0107 marki.<\/li>\n<li><strong>Przemys\u0142owy standard precyzji<\/strong>: Korpus skrzyni przyjmuje\u00a0<strong>Bezszwowy proces formowania wtryskowego<\/strong>Tolerancja z\u0142\u0105cza jest kontrolowana w zakresie \u00b10,05 mm, kraw\u0119d\u017a jest precyzyjnie polerowana przez CNC, dotyk jest g\u0142adki i wolny od zadzior\u00f3w oraz spe\u0142nia standard obr\u00f3bki powierzchni sprz\u0119tu medycznego.<\/li>\n<\/ol>\n<h2 id=\"-v-customized-service-plan-\"><strong>5. Indywidualny plan serwisowy<\/strong><\/h2>\n<ol>\n<li><strong>Rozmiar i struktura<\/strong>: Obs\u0142uguje wysokie dostosowanie, zapewnia niestandardowy rozmiar, a tak\u017ce mo\u017ce zaprojektowa\u0107 korpus pude\u0142ka o specjalnym kszta\u0142cie na \u017c\u0105danie.<\/li>\n<li><strong>Kolor i akcesoria<\/strong>: Opr\u00f3cz klasycznego czarno-z\u0142otego koloru, dost\u0119pnych jest 6 schemat\u00f3w t\u0142oczenia na gor\u0105co, takich jak szampa\u0144skie z\u0142oto i r\u00f3\u017cowe z\u0142oto, a tak\u017ce wbudowane lusterko magnetyczne, odporna na wilgo\u0107 warstwa silikonowa i inne akcesoria.<\/li>\n<\/ol>\n<h2 id=\"-six-applicable-scenarios-and-added-value-enhancement-\"><strong>6. Odpowiednie scenariusze i zwi\u0119kszenie warto\u015bci dodanej<\/strong><\/h2>\n<p>Produkt ten mo\u017cna bezproblemowo zintegrowa\u0107 z systemem wy\u015bwietlania towar\u00f3w luksusowych, wysokiej klasy kosmetyk\u00f3w i innych kategorii.\u00a0<strong>j\u0119zyk projektowania biznesowego<\/strong>\u00a0oraz\u00a0<strong>jako\u015b\u0107 przemys\u0142owa<\/strong>na przyk\u0142ad:<\/p>\n<ul>\n<li><strong>Liczniki offline<\/strong>Tworz\u0105 jednolity uk\u0142ad wizualny, gdy s\u0105 u\u0142o\u017cone w stos do wy\u015bwietlania, poprawiaj\u0105c obraz terminala;<\/li>\n<li><strong>Logistyka handlu elektronicznego<\/strong>Zmniejsz wsp\u00f3\u0142czynnik uszkodze\u0144 i koszty transportu dzi\u0119ki odpornej na nacisk strukturze i lekkiej konstrukcji;<\/li>\n<li><strong>Rynek prezent\u00f3w<\/strong>Obs\u0142uga t\u0142oczenia na gor\u0105co ekskluzywnych logo klienta w celu tworzenia wysokiej jako\u015bci pude\u0142ek upominkowych pod wsp\u00f3ln\u0105 mark\u0105.<\/li>\n<\/ul>","protected":false},"excerpt":{"rendered":"<p>Magnetyczny system zamykania jest \u0142atwy w obs\u0142udze i mocno si\u0119 zamyka, co poprawia komfort u\u017cytkowania. Nie wymaga skomplikowanych klamer i mo\u017cna go \u0142atwo otwiera\u0107 i zamyka\u0107 jedn\u0105 r\u0119k\u0105. Nadaje si\u0119 do zastosowa\u0144 o wysokiej cz\u0119stotliwo\u015bci. Linie s\u0105 proste i schludne, stopie\u0144 wykorzystania przestrzeni jest wysoki, a uk\u0142adanie i transport s\u0105 \u0142atwe. Regularny geometryczny kszta\u0142t nadaje produktowi wysokiej klasy charakter biznesowy, kt\u00f3ry jest odpowiedni dla kategorii o wysokiej warto\u015bci dodanej, takich jak peruki.<\/p>","protected":false},"featured_media":1151,"template":"","meta":{"_kad_post_transparent":"default","_kad_post_title":"","_kad_post_layout":"default","_kad_post_sidebar_id":"","_kad_post_content_style":"default","_kad_post_vertical_padding":"default","_kad_post_feature":"","_kad_post_feature_position":"","_kad_post_header":false,"_kad_post_footer":false,"_kad_post_classname":""},"product_brand":[],"product_cat":[15,27,17],"product_tag":[449,448,447],"class_list":{"0":"post-1150","1":"product","2":"type-product","3":"status-publish","4":"has-post-thumbnail","6":"product_cat-red-light-therapy","7":"product_cat-red-light-therapy-belt","8":"product_cat-services","9":"product_tag-custom-wig-boxes","10":"product_tag-hair-extension-boxes","11":"product_tag-wig-glitter-boxes","13":"first","14":"instock","15":"shipping-taxable","16":"product-type-simple","17":"entry","18":"content-bg","19":"loop-entry"},"_links":{"self":[{"href":"https:\/\/red-lighttherapy.com\/pl\/wp-json\/wp\/v2\/product\/1150","targetHints":{"allow":["GET"]}}],"collection":[{"href":"https:\/\/red-lighttherapy.com\/pl\/wp-json\/wp\/v2\/product"}],"about":[{"href":"https:\/\/red-lighttherapy.com\/pl\/wp-json\/wp\/v2\/types\/product"}],"wp:featuredmedia":[{"embeddable":true,"href":"https:\/\/red-lighttherapy.com\/pl\/wp-json\/wp\/v2\/media\/1151"}],"wp:attachment":[{"href":"https:\/\/red-lighttherapy.com\/pl\/wp-json\/wp\/v2\/media?parent=1150"}],"wp:term":[{"taxonomy":"product_brand","embeddable":true,"href":"https:\/\/red-lighttherapy.com\/pl\/wp-json\/wp\/v2\/product_brand?post=1150"},{"taxonomy":"product_cat","embeddable":true,"href":"https:\/\/red-lighttherapy.com\/pl\/wp-json\/wp\/v2\/product_cat?post=1150"},{"taxonomy":"product_tag","embeddable":true,"href":"https:\/\/red-lighttherapy.com\/pl\/wp-json\/wp\/v2\/product_tag?post=1150"}],"curies":[{"name":"wp","href":"https:\/\/api.w.org\/{rel}","templated":true}]}}