{"id":1144,"date":"2025-04-16T13:04:28","date_gmt":"2025-04-16T13:04:28","guid":{"rendered":"https:\/\/red-lighttherapy.com\/?post_type=product&#038;p=1144"},"modified":"2025-04-17T08:50:20","modified_gmt":"2025-04-17T08:50:20","slug":"glitter-magnetic-closure-paper-box-for-wig-hair-extension","status":"publish","type":"product","link":"https:\/\/red-lighttherapy.com\/pl\/glitter-magnetic-closure-paper-box-for-wig-hair-extension\/","title":{"rendered":"Glitter Magnetic Closure Paper Box do przed\u0142u\u017cania w\u0142os\u00f3w peruki"},"content":{"rendered":"<h2 id=\"-glitter-paper-magnetic-wig-extension-paper-box-product-manual-\"><strong>Papierowe pude\u0142ko magnetyczne na peruk\u0119 z brokatem instrukcja obs\u0142ugi<\/strong><\/h2>\n<h2 id=\"1-magnetic-closure-system-\">1.\u00a0<strong>Magnetyczny system zamykania<\/strong><\/h2>\n<ul>\n<li><strong>Precyzyjna konstrukcja obwodu magnetycznego<\/strong>: Przyj\u0119cie magnesu trwa\u0142ego NdFeB klasy N52, z pier\u015bcieniowym wielobiegunowym obwodem magnetycznym, w celu uzyskania jednopunktowej si\u0142y ss\u0105cej 12N, p\u0142ynnego otwierania i zamykania oraz uszczelnienia IP54.<\/li>\n<li><strong>Optymalizacja obs\u0142ugi jedn\u0105 r\u0119k\u0105<\/strong>: Dzi\u0119ki sto\u017ckowemu k\u0105towi pozycjonowania 60\u00b0 i elastycznej konstrukcji wsp\u00f3\u0142pracuj\u0105cej klamry, punkt magnetyczny jest automatycznie wyr\u00f3wnywany i mo\u017cna go odblokowa\u0107, obracaj\u0105c o 15\u00b0. B\u0142\u0105d otwierania i zamykania jedn\u0105 r\u0119k\u0105 jest mniejszy ni\u017c 0,3 mm.<\/li>\n<li><strong>Zabezpieczenie przed przypadkowym otwarciem<\/strong>: Punkt magnetyczny jest dopasowany do struktury gniazda karty, a do oddzielenia wymagany jest moment obrotowy 5N. Test wibracji podczas transportu spe\u0142nia norm\u0119 ISTA 3A.<\/li>\n<\/ul>\n<h2 id=\"2-box-structure-\">2.\u00a0<strong>Struktura pude\u0142ka<\/strong><\/h2>\n<ul>\n<li><strong>Typ skrzynki optymalizacji geometrycznej<\/strong>: Na podstawie analizy i oblicze\u0144 metod\u0105 element\u00f3w sko\u0144czonych przyj\u0119to sze\u015bcio\u015bcienn\u0105 konstrukcj\u0119 linii zagi\u0119cia, z b\u0142\u0119dem kraw\u0119dzi \u00b10,5 mm i wytrzyma\u0142o\u015bci\u0105 na \u015bciskanie 800 kg\/m\u00b2.<\/li>\n<li><strong>Precyzyjny system zgryzu<\/strong>: Pokrywa i dolne pude\u0142ko maj\u0105 konstrukcj\u0119 zagnie\u017cd\u017con\u0105 naprzemiennie o grubo\u015bci 2 mm, z \u017cebrami wzmacniaj\u0105cymi z blachy stalowej o grubo\u015bci 0,5 mm, a og\u00f3lna odporno\u015b\u0107 na upadek zosta\u0142a poprawiona o 40%.<\/li>\n<\/ul>\n<h2 id=\"3-environmentally-friendly-materials-\">3.\u00a0<strong>Materia\u0142y przyjazne dla \u015brodowiska<\/strong><\/h2>\n<ul>\n<li><strong>Karton z certyfikatem FSC<\/strong>: Zastosowano podw\u00f3jnie szare pod\u0142o\u017ce o grubo\u015bci 1,5 mm, z foli\u0105 flash o gramaturze 120 g\/m\u00b2 na powierzchni, kt\u00f3re przesz\u0142o certyfikacj\u0119 \u015brodowiskow\u0105 SGS w zakresie metali ci\u0119\u017ckich i REACH.<\/li>\n<li><strong>Ta\u015bma antystatyczna<\/strong>: Czarna ta\u015bma jest pokryta pow\u0142ok\u0105 nanow\u0119glow\u0105 o rezystancji powierzchniowej \u226410\u2076\u03a9 i statycznym czasie rozpadu &lt;0,5 s, co zapewnia brak deformacji podczas transportu.<\/li>\n<\/ul>","protected":false},"excerpt":{"rendered":"<p>Pude\u0142ko to zosta\u0142o zaprojektowane specjalnie z my\u015bl\u0105 o produktach do przed\u0142u\u017cania peruk, \u0142\u0105cz\u0105c w sobie technologi\u0119 magnetycznego zamykania i przyjazny dla \u015brodowiska materia\u0142 rzemie\u015blniczy, aby stworzy\u0107 wysokiej klasy rozwi\u0105zanie opakowaniowe, kt\u00f3re jest zar\u00f3wno estetyczne, jak i funkcjonalne. Korpus pude\u0142ka ma ostr\u0105 geometryczn\u0105 struktur\u0119, b\u0142yszcz\u0105c\u0105 papierow\u0105 powierzchni\u0119 i magnetyczny system otwierania i zamykania, aby zapewni\u0107 bezpiecze\u0144stwo transportu i \u0142atwo\u015b\u0107 u\u017cytkowania.<\/p>","protected":false},"featured_media":1146,"template":"","meta":{"_kad_post_transparent":"default","_kad_post_title":"","_kad_post_layout":"default","_kad_post_sidebar_id":"","_kad_post_content_style":"default","_kad_post_vertical_padding":"default","_kad_post_feature":"","_kad_post_feature_position":"","_kad_post_header":false,"_kad_post_footer":false,"_kad_post_classname":""},"product_brand":[],"product_cat":[15,27,17],"product_tag":[444,445,446],"class_list":{"0":"post-1144","1":"product","2":"type-product","3":"status-publish","4":"has-post-thumbnail","6":"product_cat-red-light-therapy","7":"product_cat-red-light-therapy-belt","8":"product_cat-services","9":"product_tag-glitter-paper-for-wig","10":"product_tag-magnetic-closure-box-for-hair-extension","11":"product_tag-wig-hair-extension-paper-box","13":"first","14":"instock","15":"shipping-taxable","16":"product-type-simple","17":"entry","18":"content-bg","19":"loop-entry"},"_links":{"self":[{"href":"https:\/\/red-lighttherapy.com\/pl\/wp-json\/wp\/v2\/product\/1144","targetHints":{"allow":["GET"]}}],"collection":[{"href":"https:\/\/red-lighttherapy.com\/pl\/wp-json\/wp\/v2\/product"}],"about":[{"href":"https:\/\/red-lighttherapy.com\/pl\/wp-json\/wp\/v2\/types\/product"}],"wp:featuredmedia":[{"embeddable":true,"href":"https:\/\/red-lighttherapy.com\/pl\/wp-json\/wp\/v2\/media\/1146"}],"wp:attachment":[{"href":"https:\/\/red-lighttherapy.com\/pl\/wp-json\/wp\/v2\/media?parent=1144"}],"wp:term":[{"taxonomy":"product_brand","embeddable":true,"href":"https:\/\/red-lighttherapy.com\/pl\/wp-json\/wp\/v2\/product_brand?post=1144"},{"taxonomy":"product_cat","embeddable":true,"href":"https:\/\/red-lighttherapy.com\/pl\/wp-json\/wp\/v2\/product_cat?post=1144"},{"taxonomy":"product_tag","embeddable":true,"href":"https:\/\/red-lighttherapy.com\/pl\/wp-json\/wp\/v2\/product_tag?post=1144"}],"curies":[{"name":"wp","href":"https:\/\/api.w.org\/{rel}","templated":true}]}}