{"id":1138,"date":"2025-04-16T12:47:16","date_gmt":"2025-04-16T12:47:16","guid":{"rendered":"https:\/\/red-lighttherapy.com\/?post_type=product&#038;p=1138"},"modified":"2025-04-20T06:06:46","modified_gmt":"2025-04-20T06:06:46","slug":"silver-glitter-double-side-open-gift-boxes-for-jewelry-ring","status":"publish","type":"product","link":"https:\/\/red-lighttherapy.com\/pl\/silver-glitter-double-side-open-gift-boxes-for-jewelry-ring\/","title":{"rendered":"Srebrne, b\u0142yszcz\u0105ce, otwierane z dw\u00f3ch stron pude\u0142ka na pier\u015bcionki z bi\u017cuteri\u0105"},"content":{"rendered":"<h2 id=\"silver-glitter-paper-double-sided-open-jewelry-ring-gift-box-that-meets-the-needs-of-the-high-end-market\">Dwustronne, otwarte pude\u0142ko na bi\u017cuteri\u0119 ze srebrnego, b\u0142yszcz\u0105cego papieru, spe\u0142niaj\u0105ce potrzeby rynku wysokiej klasy<\/h2>\n<h2 id=\"1-ergonomic-double-sided-door-structure-\">1.\u00a0<strong>Ergonomiczna, dwustronna konstrukcja drzwi<\/strong><\/h2>\n<p>Zastosowano symetryczn\u0105 konstrukcj\u0119 dwustronnego otwierania i zamykania. K\u0105t otwarcia skrzyd\u0142a drzwi zosta\u0142 zoptymalizowany do 120\u00b0 dzi\u0119ki ergonomicznym obliczeniom. Podczas obs\u0142ugi jedn\u0105 r\u0119k\u0105, kciuk i palec wskazuj\u0105cy mog\u0105 naturalnie wywiera\u0107 si\u0142\u0119, aby doko\u0144czy\u0107 otwieranie i zamykanie. Wewn\u0105trz korpusu zastosowano ukryt\u0105 konstrukcj\u0119 zawias\u00f3w. Proces otwierania i zamykania jest tak p\u0142ynny, jak mechaniczny balet. Czas rozk\u0142adania jest kontrolowany w ci\u0105gu 2 sekund, co nie tylko zapewnia wizualny rytua\u0142, ale tak\u017ce pozwala unikn\u0105\u0107 k\u0142opotliwego oczekiwania.<\/p>\n<h2 id=\"2-magnetic-positioning-system-\">2.\u00a0<strong>Magnetyczny system pozycjonowania<\/strong><\/h2>\n<p>Wbudowana dwupunktowa klamra magnetyczna osi\u0105ga dok\u0142adno\u015b\u0107 pozycjonowania \u00b10,5 mm dzi\u0119ki magnesom neodymowo-\u017celazowo-borowym klasy N52. Po ca\u0142kowitym roz\u0142o\u017ceniu korpusu pude\u0142ka, system magnetyczny automatycznie blokuje si\u0119, dzi\u0119ki czemu uchwyt pier\u015bcienia jest prezentowany pod k\u0105tem nachylenia 30\u00b0, a \u017ar\u00f3d\u0142o \u015bwiat\u0142a LED mo\u017ce tworzy\u0107 diamentowy efekt odblaskowy na poziomie ognia. Rzeczywiste pomiary pokazuj\u0105, \u017ce p\u0142ynno\u015b\u0107 otwierania i zamykania magnetycznego jest 40% wy\u017csza ni\u017c w przypadku tradycyjnych klamer, a powtarzalna \u017cywotno\u015b\u0107 wynosi ponad 100 000 razy.<\/p>\n<h2 id=\"3-glitter-paper-diamond-faceted-reflective-technology-\">3.\u00a0<strong>Technologia odblaskowa Glitter Paper Diamond Faceted<\/strong><\/h2>\n<p>Powierzchnia zosta\u0142a wykonana w tr\u00f3jwarstwowym procesie kompozytowym: pod\u0142o\u017ce stanowi sosnowa p\u0142yta pil\u015bniowa z certyfikatem FSC, \u015brodkowa warstwa to powlekana pr\u00f3\u017cniowo folia aluminiowa tworz\u0105ca lustrzan\u0105 warstw\u0119 odbijaj\u0105c\u0105, a powierzchnia jest spryskana klejem utwardzanym promieniami UV zawieraj\u0105cym szklane kulki, kt\u00f3re mog\u0105 symulowa\u0107 efekt ci\u0119cia diamentem o 58 ostrzach. Pod \u017ar\u00f3d\u0142em \u015bwiat\u0142a o nat\u0119\u017ceniu 1000 lumen\u00f3w intensywno\u015b\u0107 odbicia osi\u0105ga 1200 cd\/m\u00b2, co jest por\u00f3wnywalne ze wsp\u00f3\u0142czynnikiem za\u0142amania \u015bwiat\u0142a naturalnych diament\u00f3w (2,42).<\/p>\n<h2 id=\"4-sustainable-environmental-protection-system-\">4.\u00a0<strong>Zr\u00f3wnowa\u017cony system ochrony \u015brodowiska<\/strong><\/h2>\n<p>G\u0142\u00f3wny materia\u0142 jest certyfikowany przez FSC Forest Stewardship Council, a drewno pochodzi ze zr\u00f3wnowa\u017conych i regeneruj\u0105cych si\u0119 las\u00f3w w Europie P\u00f3\u0142nocnej. Ka\u017cda tona wyprodukowanego kartonu mo\u017ce poch\u0142on\u0105\u0107 1,2 tony dwutlenku w\u0119gla. Wy\u015bci\u00f3\u0142ka wykonana jest z materia\u0142u kompozytowego z silikonu spo\u017cywczego i w\u0142\u00f3kna poliestrowego pochodz\u0105cego z recyklingu, o zawarto\u015bci lotnych zwi\u0105zk\u00f3w organicznych (VOC) poni\u017cej 0,01 mg \/ m\u00b3, kt\u00f3ry spe\u0142nia unijne normy ochrony \u015brodowiska REACH.<\/p>\n<h2 id=\"5-luxury-ribbon-accessories-system-\">5.\u00a0<strong>Luksusowy system akcesori\u00f3w wst\u0105\u017ckowych<\/strong><\/h2>\n<p>Pude\u0142ko jest standardowo wyposa\u017cone we w\u0142osk\u0105 jedwabn\u0105 wst\u0105\u017ck\u0119 o szeroko\u015bci 1,5 cm, oferuj\u0105c\u0105 12 niestandardowych kolor\u00f3w Pantone. Oryginalna opatentowana technologia wi\u0105zania \"double-loop wrapping\" pozwala wst\u0105\u017cce automatycznie opada\u0107 w d\u00f3\u0142, tworz\u0105c falist\u0105 dekoracj\u0119 po roz\u0142o\u017ceniu pude\u0142ka, a magnetyczne zapi\u0119cie pozwala unikn\u0105\u0107 problemu \u0142atwego poluzowania tradycyjnych wst\u0105\u017cek. Opcjonalne zawieszki z kryszta\u0142ami Swarovskiego mog\u0105 zosta\u0107 dodane w celu zwi\u0119kszenia warto\u015bci kolekcjonerskiej pude\u0142ka upominkowego.<\/p>\n<h2 id=\"6-intelligent-production-and-service-system-\">6.\u00a0<strong>Inteligentny system produkcji i obs\u0142ugi<\/strong><\/h2>\n<p>Opieraj\u0105c si\u0119 na w pe\u0142ni zautomatyzowanej linii produkcyjnej, osi\u0105ga produkcj\u0119 na du\u017c\u0105 skal\u0119 z dzienn\u0105 wydajno\u015bci\u0105 3 milion\u00f3w sztuk, a ca\u0142y proces od ci\u0119cia surowca do pakowania gotowego produktu zajmuje \u226415 minut. Obs\u0142uguje 72-godzinny ultraszybki proofing, zapewnia us\u0142ugi podgl\u0105du modelu druku 3D, a dok\u0142adno\u015b\u0107 grawerowania laserowego wzoru osi\u0105ga 0,05 mm. Obecnie \u0142a\u0144cuch dostaw z markami takimi jak Tiffany i Cartier zosta\u0142 zako\u0144czony, a wska\u017anik wydajno\u015bci masowej produkcji jest stabilny na poziomie 99,3%.<\/p>\n<h2 id=\"-application-scenario-examples-\"><strong>Przyk\u0142ady scenariuszy zastosowa\u0144<\/strong><\/h2>\n<ul>\n<li><strong>Ceremonia sk\u0142adania propozycji<\/strong>: Dzi\u0119ki modu\u0142owi programowania o\u015bwietlenia CNC, 3-sekundowy stopniowy efekt \u015bwietlny jest uruchamiany po otwarciu pude\u0142ka, a trajektoria plamki \u015bwietlnej i odblaskowa powierzchnia Glitter Paper tworz\u0105 dynamiczn\u0105 interakcj\u0119 \u015bwiat\u0142a i cienia.<\/li>\n<li><strong>Wysokiej klasy sprzeda\u017c detaliczna<\/strong>: Dzi\u0119ki technologii osadzania chip\u00f3w AR pude\u0142ko mo\u017cna zeskanowa\u0107 telefonem kom\u00f3rkowym, aby wy\u015bwietli\u0107 histori\u0119 marki i informacje identyfikacyjne bi\u017cuterii.<\/li>\n<li><strong>Kolekcja sztuki<\/strong>: Limitowana edycja oferuje opcje inkrustacji fragmentami meteoryt\u00f3w, a do ka\u017cdego pude\u0142ka do\u0142\u0105czony jest niezale\u017cny certyfikat cyfrowy NFT.<\/li>\n<\/ul>","protected":false},"excerpt":{"rendered":"<p>Zastosowano w nim konstrukcj\u0119 z otwartymi drzwiami, a k\u0105ty otwierania i zamykania s\u0105 ergonomicznie obliczone. Mo\u017cna go elegancko otworzy\u0107 jedn\u0105 r\u0119k\u0105. Wbudowana klamra magnetyczna zapewnia precyzyjne pozycjonowanie, aby zapewni\u0107, \u017ce akcesoria s\u0105 prezentowane w najlepszej pozycji. Papier Glitter stworzony w specjalnym procesie kompozytowym mo\u017ce prezentowa\u0107 efekt odbicia na poziomie diamentu.<\/p>","protected":false},"featured_media":1139,"template":"","meta":{"_kad_post_transparent":"default","_kad_post_title":"","_kad_post_layout":"default","_kad_post_sidebar_id":"","_kad_post_content_style":"default","_kad_post_vertical_padding":"default","_kad_post_feature":"","_kad_post_feature_position":"","_kad_post_header":false,"_kad_post_footer":false,"_kad_post_classname":""},"product_brand":[],"product_cat":[15,17],"product_tag":[441,443,442],"class_list":{"0":"post-1138","1":"product","2":"type-product","3":"status-publish","4":"has-post-thumbnail","6":"product_cat-red-light-therapy","7":"product_cat-services","8":"product_tag-glitter-gift-boxes","9":"product_tag-jewelry-ring-gift-boxes","10":"product_tag-silver-glitter-box","12":"first","13":"instock","14":"shipping-taxable","15":"product-type-simple","16":"entry","17":"content-bg","18":"loop-entry"},"_links":{"self":[{"href":"https:\/\/red-lighttherapy.com\/pl\/wp-json\/wp\/v2\/product\/1138","targetHints":{"allow":["GET"]}}],"collection":[{"href":"https:\/\/red-lighttherapy.com\/pl\/wp-json\/wp\/v2\/product"}],"about":[{"href":"https:\/\/red-lighttherapy.com\/pl\/wp-json\/wp\/v2\/types\/product"}],"wp:featuredmedia":[{"embeddable":true,"href":"https:\/\/red-lighttherapy.com\/pl\/wp-json\/wp\/v2\/media\/1139"}],"wp:attachment":[{"href":"https:\/\/red-lighttherapy.com\/pl\/wp-json\/wp\/v2\/media?parent=1138"}],"wp:term":[{"taxonomy":"product_brand","embeddable":true,"href":"https:\/\/red-lighttherapy.com\/pl\/wp-json\/wp\/v2\/product_brand?post=1138"},{"taxonomy":"product_cat","embeddable":true,"href":"https:\/\/red-lighttherapy.com\/pl\/wp-json\/wp\/v2\/product_cat?post=1138"},{"taxonomy":"product_tag","embeddable":true,"href":"https:\/\/red-lighttherapy.com\/pl\/wp-json\/wp\/v2\/product_tag?post=1138"}],"curies":[{"name":"wp","href":"https:\/\/api.w.org\/{rel}","templated":true}]}}