{"id":1132,"date":"2025-04-16T12:33:46","date_gmt":"2025-04-16T12:33:46","guid":{"rendered":"https:\/\/red-lighttherapy.com\/?post_type=product&#038;p=1132"},"modified":"2025-04-16T12:47:01","modified_gmt":"2025-04-16T12:47:01","slug":"rigid-glitter-paper-lid-and-base-jewelry-boxes-distributors","status":"publish","type":"product","link":"https:\/\/red-lighttherapy.com\/pl\/rigid-glitter-paper-lid-and-base-jewelry-boxes-distributors\/","title":{"rendered":"Pude\u0142ka na bi\u017cuteri\u0119 z pokrywk\u0105 i podstaw\u0105 ze sztywnego papieru brokatowego Dystrybutorzy"},"content":{"rendered":"<h2 id=\"1-classic-top-and-bottom-lid-structure-design-\">1.\u00a0<strong>Klasyczna konstrukcja g\u00f3rnej i dolnej pokrywy<\/strong><\/h2>\n<p>Zagnie\u017cd\u017cona struktura g\u00f3rnej i dolnej pokrywy zapewnia precyzyjne dopasowanie, p\u0142ynne otwieranie i zamykanie oraz doskona\u0142e uszczelnienie, kt\u00f3re mo\u017ce skutecznie chroni\u0107 cenn\u0105 bi\u017cuteri\u0119 przed erozj\u0105 kurzu i wilgoci. Niekt\u00f3rzy producenci (tacy jak Lufeng Zhifa i Dongguan Jiucai) u\u017cywaj\u0105 sze\u015bciostronnych maszyn do d\u0142utowania i technologii bezszwowego prasowania, aby uzyska\u0107 g\u0142adkie i pozbawione zadzior\u00f3w szwy korpusu pude\u0142ka, poprawiaj\u0105c og\u00f3lne wyrafinowanie.<\/p>\n<h2 id=\"2-material-and-visual-effects-\">2.\u00a0<strong>Materia\u0142y i efekty wizualne<\/strong><\/h2>\n<p>Materia\u0142 Glitter Paper wykorzystuje specjalny proces powlekania, aby uzyska\u0107 dynamiczny efekt za\u0142amania \u015bwiat\u0142a, w po\u0142\u0105czeniu z ciep\u0142ym i zimnym kontrastem z\u0142otego korpusu pude\u0142ka i matow\u0105 satynow\u0105 kokard\u0105, kt\u00f3ra nie tylko przyci\u0105ga wzrok, ale tak\u017ce dodaje elegancji. Producenci tacy jak Shanghai Chengjin Printing r\u00f3wnie\u017c poprawiaj\u0105 tekstur\u0119 powierzchni poprzez druk UV i technologi\u0119 per\u0142owego laminowania.<\/p>\n<h2 id=\"3-functional-optimization-\">3.\u00a0<strong>Optymalizacja funkcjonalna<\/strong><\/h2>\n<ul>\n<li><strong>Ergonomiczna konstrukcja<\/strong>: Stosunek pokrywy do korpusu pude\u0142ka zosta\u0142 zoptymalizowany dzi\u0119ki wielokrotnym testom otwierania i zamykania, a pokryw\u0119 mo\u017cna \u0142atwo otworzy\u0107 jedn\u0105 r\u0119k\u0105, zapewniaj\u0105c przyjazn\u0105 obs\u0142ug\u0119.<\/li>\n<li><strong>Zdolno\u015b\u0107 adaptacji przestrzennej<\/strong>: Obs\u0142uguje dostosowywanie rowk\u00f3w podszewki (takich jak flokowanie, przegr\u00f3dki z g\u0105bki), dostosowuje si\u0119 do bi\u017cuterii o specjalnym kszta\u0142cie, takiej jak pier\u015bcionki i naszyjniki, oraz poprawia wykorzystanie przestrzeni.<\/li>\n<li><strong>Trwa\u0142o\u015b\u0107<\/strong>: Korpus pude\u0142ka wykonany jest z twardego kartonu lub materia\u0142\u00f3w kompozytowych. Po przetestowaniu mo\u017ce wytrzyma\u0107 d\u0142ugotrwa\u0142e otwieranie i zamykanie bez deformacji. Warstwa brokatu ma siln\u0105 przyczepno\u015b\u0107 i nie ma ryzyka p\u0119kni\u0119cia.<\/li>\n<\/ul>\n<h2 id=\"4-personalized-adjustment-\">4.\u00a0<strong>Spersonalizowana regulacja<\/strong><\/h2>\n<p>Obs\u0142uguje elastyczn\u0105 regulacj\u0119 rozmiaru pude\u0142ka (np. kwadratowe, prostok\u0105tne), t\u0142oczenie na gor\u0105co \/ sitodruk LOGO (g\u0142\u00f3wnie t\u0142oczenie na gor\u0105co z\u0142ot\u0105 i srebrn\u0105 foli\u0105) oraz mo\u017ce dodawa\u0107 lub usuwa\u0107 akcesoria (takie jak wst\u0105\u017cki, klamry magnetyczne). Na przyk\u0142ad Shenzhen Caimeng Packaging zapewnia us\u0142ugi dostosowywania ma\u0142ych partii, obs\u0142uguje drukowanie LOGO i projektowanie przedzia\u0142\u00f3w podszewki.<\/p>\n<h2 id=\"5-environmental-protection-and-intelligent-upgrade-\">5.\u00a0<strong>Ochrona \u015brodowiska i inteligentna modernizacja<\/strong><\/h2>\n<p>Nasza fabryka wprowadzi\u0142a przyjazne dla \u015brodowiska materia\u0142y papierowe z certyfikatem FSC i zbada\u0142a integracj\u0119 inteligentnych chip\u00f3w lub technologii kod\u00f3w QR w celu zapewnienia identyfikowalno\u015bci produkt\u00f3w i funkcji interaktywnych.<\/p>\n<h2 id=\"6-high-value-product-packaging-\">6.\u00a0<strong>Opakowania produkt\u00f3w o wysokiej warto\u015bci<\/strong><\/h2>\n<p>Nadaje si\u0119 g\u0142\u00f3wnie do kategorii takich jak towary luksusowe, bi\u017cuteria i wysokiej klasy kosmetyki, zar\u00f3wno do wy\u015bwietlania, jak i ochrony.<\/p>","protected":false},"excerpt":{"rendered":"<p>Klasyczna konstrukcja pokrywy i podstawy pude\u0142ka przyjmuje zagnie\u017cd\u017con\u0105 konstrukcj\u0119 g\u00f3rnej i dolnej pokrywy, z wysokim dopasowaniem, p\u0142ynnym otwieraniem i zamykaniem, dobrym uszczelnieniem i zwi\u0119kszon\u0105 ochron\u0105 produktu. Materia\u0142 Glitter Paper prezentuje dynamiczny efekt migania pod wp\u0142ywem za\u0142amania \u015bwiat\u0142a, natychmiast przyci\u0105gaj\u0105c wzrok. Nadaje si\u0119 do pakowania produkt\u00f3w o wysokiej warto\u015bci, takich jak towary luksusowe, bi\u017cuteria, kosmetyki itp., z funkcj\u0105 zar\u00f3wno ekspozycji, jak i przechowywania.<\/p>","protected":false},"featured_media":1133,"template":"","meta":{"_kad_post_transparent":"default","_kad_post_title":"","_kad_post_layout":"default","_kad_post_sidebar_id":"","_kad_post_content_style":"default","_kad_post_vertical_padding":"default","_kad_post_feature":"","_kad_post_feature_position":"","_kad_post_header":false,"_kad_post_footer":false,"_kad_post_classname":""},"product_brand":[],"product_cat":[15,19,17],"product_tag":[440,99,439],"class_list":{"0":"post-1132","1":"product","2":"type-product","3":"status-publish","4":"has-post-thumbnail","6":"product_cat-red-light-therapy","7":"product_cat-red-light-therapy-stand","8":"product_cat-services","9":"product_tag-glitter-paper-jewelry-boxes","10":"product_tag-jewelry-rigid-boxes","11":"product_tag-lid-and-base-jewelry-boxes","13":"first","14":"instock","15":"shipping-taxable","16":"product-type-simple","17":"entry","18":"content-bg","19":"loop-entry"},"_links":{"self":[{"href":"https:\/\/red-lighttherapy.com\/pl\/wp-json\/wp\/v2\/product\/1132","targetHints":{"allow":["GET"]}}],"collection":[{"href":"https:\/\/red-lighttherapy.com\/pl\/wp-json\/wp\/v2\/product"}],"about":[{"href":"https:\/\/red-lighttherapy.com\/pl\/wp-json\/wp\/v2\/types\/product"}],"wp:featuredmedia":[{"embeddable":true,"href":"https:\/\/red-lighttherapy.com\/pl\/wp-json\/wp\/v2\/media\/1133"}],"wp:attachment":[{"href":"https:\/\/red-lighttherapy.com\/pl\/wp-json\/wp\/v2\/media?parent=1132"}],"wp:term":[{"taxonomy":"product_brand","embeddable":true,"href":"https:\/\/red-lighttherapy.com\/pl\/wp-json\/wp\/v2\/product_brand?post=1132"},{"taxonomy":"product_cat","embeddable":true,"href":"https:\/\/red-lighttherapy.com\/pl\/wp-json\/wp\/v2\/product_cat?post=1132"},{"taxonomy":"product_tag","embeddable":true,"href":"https:\/\/red-lighttherapy.com\/pl\/wp-json\/wp\/v2\/product_tag?post=1132"}],"curies":[{"name":"wp","href":"https:\/\/api.w.org\/{rel}","templated":true}]}}