{"id":1126,"date":"2025-04-16T12:20:17","date_gmt":"2025-04-16T12:20:17","guid":{"rendered":"https:\/\/red-lighttherapy.com\/?post_type=product&#038;p=1126"},"modified":"2025-04-16T12:33:36","modified_gmt":"2025-04-16T12:33:36","slug":"factory-supply-glitter-paper-custom-eyelash-magnetic-lid-box","status":"publish","type":"product","link":"https:\/\/red-lighttherapy.com\/pl\/factory-supply-glitter-paper-custom-eyelash-magnetic-lid-box\/","title":{"rendered":"Dostawa fabryczna Papier brokatowy Niestandardowe pude\u0142ko z pokrywk\u0105 magnetyczn\u0105 do rz\u0119s"},"content":{"rendered":"<h2 id=\"-glitter-paper-customized-eyelash-magnetic-suction-box-product-description-\"><strong>Glitter Paper Customized Eyelash Magnetic Suction Box Opis produktu<\/strong><\/h2>\n<h2 id=\"1-magnetic-suction-closure-system-\">1.\u00a0<strong>System magnetycznego zasysania<\/strong><\/h2>\n<p>Dzi\u0119ki zastosowaniu precyzyjnej magnetycznej struktury ss\u0105cej, wbudowany mikro-magnes umo\u017cliwia otwieranie i zamykanie jedn\u0105 r\u0119k\u0105, a si\u0142a magnetyczna osi\u0105ga 0,2 N-0,3 N, zapewniaj\u0105c ca\u0142kowite uszczelnienie po zamkni\u0119ciu, skutecznie izoluj\u0105c powietrze i wilgo\u0107 oraz zapobiegaj\u0105c zawilgoceniu lub zanieczyszczeniu rz\u0119s. Silikonowy pier\u015bcie\u0144 uszczelniaj\u0105cy klasy spo\u017cywczej jest dodawany do warstwy wewn\u0119trznej, aby jeszcze bardziej poprawi\u0107 odporno\u015b\u0107 na kurz i wilgo\u0107 oraz dostosowa\u0107 si\u0119 do \u015brodowisk o wysokiej wilgotno\u015bci.<\/p>\n<h2 id=\"2-transparent-acrylic-window-\">2.\u00a0<strong>Przezroczyste okno akrylowe<\/strong><\/h2>\n<p>Panel akrylowy o wysokiej przezroczysto\u015bci o grubo\u015bci 3 mm jest osadzony na g\u00f3rze, z przepuszczalno\u015bci\u0105 \u015bwiat\u0142a 92%. Dzi\u0119ki zaokr\u0105glonym rogom i technologii zapobiegaj\u0105cej zarysowaniom mo\u017cna obserwowa\u0107 stan wewn\u0119trznych rz\u0119s (takich jak czysto\u015b\u0107 i integralno\u015b\u0107 uk\u0142adu) w 360\u00b0 bez otwierania pude\u0142ka. Okno obs\u0142uguje ponad 20 kszta\u0142t\u00f3w, takich jak okr\u0105g\u0142e, w kszta\u0142cie serca, sze\u015bciok\u0105tne itp. Kraw\u0119d\u017a wykorzystuje technologi\u0119 ci\u0119cia laserowego z b\u0142\u0119dem dok\u0142adno\u015bci \u22640,5 mm.<\/p>\n<h2 id=\"3-glitter-paper-material-aesthetics-\">3.\u00a0<strong>Estetyka materia\u0142u Glitter Paper<\/strong><\/h2>\n<ul>\n<li><strong>Wydajno\u015b\u0107 wizualna<\/strong>: Zastosowano papier brokatowy o wysokiej gramaturze 120 g, a powierzchnia jest poddawana obr\u00f3bce za pomoc\u0105 technologii t\u0142oczenia na gor\u0105co\/srebrzenia. Prezentuje dynamiczny i jasny po\u0142ysk pod wp\u0142ywem za\u0142amania \u015bwiat\u0142a. Gama kolor\u00f3w obejmuje ponad 90% kart kolor\u00f3w Pantone, szczeg\u00f3lnie nadaje si\u0119 do popularnych kolor\u00f3w, takich jak r\u00f3\u017cowe z\u0142oto i fantazyjny niebieski, co znacznie zwi\u0119ksza atrakcyjno\u015b\u0107 ekspozycji na p\u00f3\u0142ce.<\/li>\n<li><strong>W\u0142a\u015bciwo\u015bci \u015brodowiskowe<\/strong>: Materia\u0142 posiada certyfikat FSC, nadaje si\u0119 do recyklingu i degradacji 100%, a pod\u0142o\u017ce z szarej tektury wykorzystuje w\u0142\u00f3kna z recyklingu, kt\u00f3re spe\u0142niaj\u0105 normy zr\u00f3wnowa\u017conego rozwoju opakowa\u0144 UE.<\/li>\n<\/ul>\n<h2 id=\"4-emotional-color-design-\">4.\u00a0<strong>Emocjonalna kolorystyka<\/strong><\/h2>\n<p>G\u0142\u00f3wnym kolorem jest r\u00f3\u017cowy Morandi, a nasycenie jest zmniejszone o 15%, co daje wra\u017cenie mi\u0119kko\u015bci i s\u0142odyczy, kt\u00f3re pasuje do emocjonalnego uroku kobiet z pokolenia Z dla \"dziewcz\u0119cej si\u0142y\" i \"wykwintnej estetyki\". Na bok pude\u0142ka mo\u017cna na\u0142o\u017cy\u0107 gradientow\u0105 smug\u0119 lub per\u0142ow\u0105 pow\u0142ok\u0119, aby zwi\u0119kszy\u0107 rozpoznawalno\u015b\u0107 marki.<\/p>\n<h2 id=\"5-brand-specific-design-\">5.\u00a0<strong>Projekt specyficzny dla marki<\/strong><\/h2>\n<ul>\n<li><strong>Proces drukowania<\/strong>: Obs\u0142uguje druk czterokolorowy CMYK, wyt\u0142aczanie UV, grawerowanie laserowe, dok\u0142adno\u015b\u0107 LOGO 300 dpi, minimalny rozmiar czcionki druku 0,8 mm.<\/li>\n<li><strong>Kombinacja akcesori\u00f3w<\/strong>: Mo\u017ce by\u0107 \u0142\u0105czony z t\u0105 sam\u0105 seri\u0105 wysuwanych pude\u0142ek z szufladami i przeno\u015bnych mini pude\u0142ek, tworz\u0105c matryc\u0119 produkt\u00f3w spe\u0142niaj\u0105c\u0105 potrzeby wielu scenariuszy, takich jak sprzeda\u017c detaliczna, prezenty i limitowane edycje.<\/li>\n<\/ul>\n<h2 id=\"6-application-scenarios-and-market-value-\">6.\u00a0<strong>Scenariusze zastosowa\u0144 i warto\u015b\u0107 rynkowa<\/strong><\/h2>\n<ul>\n<li><strong>Koniec sprzeda\u017cy detalicznej<\/strong>: B\u0142yszcz\u0105cy papierowy po\u0142ysk + r\u00f3\u017cowy odcie\u0144 tworz\u0105 efekt wizualny, pomagaj\u0105c marce wyr\u00f3\u017cni\u0107 si\u0119 w sklepach z kolekcjami kosmetyk\u00f3w, transmisjach na \u017cywo w e-commerce i innych scenariuszach.<\/li>\n<li><strong>Do\u015bwiadczenie u\u017cytkownika<\/strong>: Magnetyczny system ss\u0105cy i konstrukcja okienka ograniczaj\u0105 cz\u0119ste otwieranie i zamykanie, wyd\u0142u\u017caj\u0105 \u017cywotno\u015b\u0107 rz\u0119s i spe\u0142niaj\u0105 potrzeby konsument\u00f3w w zakresie \"wydajnych narz\u0119dzi kosmetycznych\".<\/li>\n<li><strong>Premia \u015brodowiskowa<\/strong>: Materia\u0142y nadaj\u0105ce si\u0119 do recyklingu i niestandardowe us\u0142ugi dok\u0142adnie \u0142\u0105cz\u0105 si\u0119 z trendami marketingowymi ESG, aby wzmocni\u0107 wizerunek \"zielonej estetyki\" marki.<\/li>\n<\/ul>","protected":false},"excerpt":{"rendered":"<p>Magnetyczny system zamykania jest \u0142atwy w obs\u0142udze jedn\u0105 r\u0119k\u0105 i ma silne uszczelnienie, aby zapobiec zawilgoceniu lub zanieczyszczeniu rz\u0119s. Przezroczyste akrylowe okienko jest osadzone na g\u00f3rze, dzi\u0119ki czemu mo\u017cna wyra\u017anie obserwowa\u0107 stan rz\u0119s wewn\u0105trz bez otwierania pude\u0142ka, co poprawia wygod\u0119 u\u017cytkowania. Materia\u0142 Glitter Paper wykazuje jasny po\u0142ysk pod wp\u0142ywem za\u0142amania \u015bwiat\u0142a, co zwi\u0119ksza atrakcyjno\u015b\u0107 produktu na p\u00f3\u0142ce.<\/p>","protected":false},"featured_media":1129,"template":"","meta":{"_kad_post_transparent":"default","_kad_post_title":"","_kad_post_layout":"default","_kad_post_sidebar_id":"","_kad_post_content_style":"default","_kad_post_vertical_padding":"default","_kad_post_feature":"","_kad_post_feature_position":"","_kad_post_header":false,"_kad_post_footer":false,"_kad_post_classname":""},"product_brand":[],"product_cat":[15,28,27,17],"product_tag":[437,434,438],"class_list":{"0":"post-1126","1":"product","2":"type-product","3":"status-publish","4":"has-post-thumbnail","6":"product_cat-red-light-therapy","7":"product_cat-customize","8":"product_cat-red-light-therapy-belt","9":"product_cat-services","10":"product_tag-eyelashes-gift-box","11":"product_tag-glitter-eyelash-packaging","12":"product_tag-glitter-paper-eyelash-paper-box","14":"first","15":"instock","16":"shipping-taxable","17":"product-type-simple","18":"entry","19":"content-bg","20":"loop-entry"},"_links":{"self":[{"href":"https:\/\/red-lighttherapy.com\/pl\/wp-json\/wp\/v2\/product\/1126","targetHints":{"allow":["GET"]}}],"collection":[{"href":"https:\/\/red-lighttherapy.com\/pl\/wp-json\/wp\/v2\/product"}],"about":[{"href":"https:\/\/red-lighttherapy.com\/pl\/wp-json\/wp\/v2\/types\/product"}],"wp:featuredmedia":[{"embeddable":true,"href":"https:\/\/red-lighttherapy.com\/pl\/wp-json\/wp\/v2\/media\/1129"}],"wp:attachment":[{"href":"https:\/\/red-lighttherapy.com\/pl\/wp-json\/wp\/v2\/media?parent=1126"}],"wp:term":[{"taxonomy":"product_brand","embeddable":true,"href":"https:\/\/red-lighttherapy.com\/pl\/wp-json\/wp\/v2\/product_brand?post=1126"},{"taxonomy":"product_cat","embeddable":true,"href":"https:\/\/red-lighttherapy.com\/pl\/wp-json\/wp\/v2\/product_cat?post=1126"},{"taxonomy":"product_tag","embeddable":true,"href":"https:\/\/red-lighttherapy.com\/pl\/wp-json\/wp\/v2\/product_tag?post=1126"}],"curies":[{"name":"wp","href":"https:\/\/api.w.org\/{rel}","templated":true}]}}