{"id":1120,"date":"2025-04-16T12:06:57","date_gmt":"2025-04-16T12:06:57","guid":{"rendered":"https:\/\/red-lighttherapy.com\/?post_type=product&#038;p=1120"},"modified":"2025-04-16T12:20:07","modified_gmt":"2025-04-16T12:20:07","slug":"magnetic-closure-cosmetic-eyelash-glitter-paper-box-solution","status":"publish","type":"product","link":"https:\/\/red-lighttherapy.com\/pl\/magnetic-closure-cosmetic-eyelash-glitter-paper-box-solution\/","title":{"rendered":"Kosmetyczne pude\u0142ko z brokatem na rz\u0119sy z magnetycznym zamkni\u0119ciem"},"content":{"rendered":"<h2 id=\"product-description-of-magnetic-clamp-eyelash-glitter-paper-box-solution\">Opis produktu Magnetic Clamp Eyelash Glitter Paper Box Solution<\/h2>\n<h2 id=\"-1-magnetic-opening-and-closing-system-precise-alignment-one-hand-operation-and-upgraded-sealing-\"><strong>1. Magnetyczny system otwierania i zamykania: precyzyjne wyr\u00f3wnanie, obs\u0142uga jedn\u0105 r\u0119k\u0105 i ulepszone uszczelnienie<\/strong><\/h2>\n<ul>\n<li><strong>Precyzyjna konstrukcja magnetyczna<\/strong>: Dzi\u0119ki zastosowaniu technologii silnego wyr\u00f3wnania magnetycznego, elementy klamry magnetycznej s\u0105 precyzyjnie dopasowane do biegun\u00f3w magnetycznych, aby zapewni\u0107 otwieranie i zamykanie bez odchyle\u0144 oraz szczelne dopasowanie po zamkni\u0119ciu, z lepsz\u0105 odporno\u015bci\u0105 na kurz i wilgo\u0107 ni\u017c tradycyjne pude\u0142ka z klamrami.<\/li>\n<li><strong>Wygodna obs\u0142uga jedn\u0105 r\u0119k\u0105<\/strong>: Zoptymalizowana si\u0142a magnetyczna oraz k\u0105t otwierania i zamykania, a operacj\u0119 mo\u017cna zako\u0144czy\u0107 jednym naci\u015bni\u0119ciem, co jest odpowiednie dla konsument\u00f3w do szybkiego wyjmowania go ka\u017cdego dnia i poprawy komfortu u\u017cytkowania.<\/li>\n<li><strong>Ulepszone uszczelnienie<\/strong>: W po\u0142\u0105czeniu z gniazdem na kart\u0119 i podw\u00f3jnym zamkiem magnetycznym, zapewnia brak szczeliny po zamkni\u0119ciu pude\u0142ka, skutecznie chroni brokat do rz\u0119s przed zanieczyszczeniami zewn\u0119trznymi i wyd\u0142u\u017ca okres trwa\u0142o\u015bci produktu.<\/li>\n<\/ul>\n<h2 id=\"-2-standardized-size-adaptation-unified-display-aesthetics-\"><strong>2. Standardowe dostosowanie rozmiaru, ujednolicona estetyka wy\u015bwietlania<\/strong><\/h2>\n<ul>\n<li><strong>Kompatybilno\u015b\u0107 z g\u0142\u00f3wnymi rozmiarami<\/strong>: Dostosowany rozmiar, odpowiedni dla g\u0142\u00f3wnych produkt\u00f3w, takich jak pojedynczy tusz do rz\u0119s i wielokolorowe zestawy brokat\u00f3w, z siln\u0105 kompatybilno\u015bci\u0105.<\/li>\n<li><strong>Zalety wy\u015bwietlacza pi\u0119trowego<\/strong>: Linie pude\u0142ka s\u0105 kwadratowe i schludne, a powierzchnia ekspozycyjna jest p\u0142aska i jednolita po u\u0142o\u017ceniu w stos. Mo\u017cna go elastycznie \u0142\u0105czy\u0107 w matryc\u0119 p\u00f3\u0142kow\u0105 lub kreatywny kszta\u0142t, aby zwi\u0119kszy\u0107 wizualny wp\u0142yw marki.<\/li>\n<\/ul>\n<h2 id=\"-3-minimalist-aesthetic-design-sharp-edges-and-full-of-modern-sense-\"><strong>3. Minimalistyczna estetyka: ostre kraw\u0119dzie i nowoczesny wygl\u0105d<\/strong><\/h2>\n<ul>\n<li><strong>Tr\u00f3jwymiarowy j\u0119zyk strukturalny<\/strong>: Korpus pude\u0142ka przyjmuje linie sk\u0142adania pod k\u0105tem prostym i technologi\u0119 ci\u0119cia p\u0142aszczyzn\u0105, z ostrymi kraw\u0119dziami i naro\u017cnikami, w po\u0142\u0105czeniu z matow\u0105 tekstur\u0105 materia\u0142u Glitter Paper, prezentuj\u0105c zimne poczucie technologii i nowoczesny minimalistyczny styl.<\/li>\n<li><strong>Ulepszenie logo marki<\/strong>: Obs\u0142uga t\u0142oczenia na gor\u0105co, wyt\u0142aczania i innych proces\u00f3w w celu dostosowania LOGO marki, podkre\u015blenia wysokiej klasy tonu prostymi liniami, zgodnie z estetycznymi preferencjami m\u0142odych konsument\u00f3w \"mniej znaczy wi\u0119cej\".<\/li>\n<\/ul>\n<h2 id=\"-4-glitter-paper-material-both-wear-resistance-and-luxury-\"><strong>4. Materia\u0142 Glitter Paper: zar\u00f3wno odporno\u015b\u0107 na zu\u017cycie, jak i luksus<\/strong><\/h2>\n<ul>\n<li><strong>Bardzo wytrzyma\u0142a powierzchnia<\/strong>: Zastosowano pod\u0142o\u017ce z papieru brokatowego, kt\u00f3re jest 40% bardziej odporne na zu\u017cycie ni\u017c zwyk\u0142y papier do t\u0142oczenia na gor\u0105co, z doskona\u0142\u0105 odporno\u015bci\u0105 na zarysowania i nie jest \u0142atwe do zarysowania podczas transportu i u\u017cytkowania.<\/li>\n<li><strong>Luksusowa technologia t\u0142oczenia na gor\u0105co<\/strong>Technologia t\u0142oczenia na gor\u0105co \/ srebrzenia na poziomie mikron\u00f3w, dok\u0142adno\u015b\u0107 kraw\u0119dzi wzoru \u00b10,1 mm, w po\u0142\u0105czeniu z dynamicznym efektem siatki, prezentuje wielopoziomow\u0105 b\u0142yszcz\u0105c\u0105 tekstur\u0119 pod wp\u0142ywem za\u0142amania \u015bwiat\u0142a.<\/li>\n<\/ul>\n<h2 id=\"-5-flexible-production-service-fast-response-sustainable-supply-\"><strong>5. Elastyczne us\u0142ugi produkcyjne: szybka reakcja, zr\u00f3wnowa\u017cone dostawy<\/strong><\/h2>\n<ul>\n<li><strong>Elastyczna minimalna ilo\u015b\u0107 zam\u00f3wienia<\/strong>Obs\u0142uguje elastyczne zam\u00f3wienia od 500 do 2 milion\u00f3w sztuk, zaspokajaj\u0105c pr\u00f3bn\u0105 produkcj\u0119 pocz\u0105tkuj\u0105cych marek i zapotrzebowanie na partie du\u017cych marek, bez ogranicze\u0144 minimalnego progu zam\u00f3wienia.<\/li>\n<li><strong>Niezwykle szybki cykl garowania<\/strong>Opieraj\u0105c si\u0119 na cyfrowym systemie form, cykl proofingu zosta\u0142 skr\u00f3cony do 72 godzin, zapewniaj\u0105c 3 podstawowe dopasowania kolor\u00f3w i 2 kombinacje proces\u00f3w szybkiego potwierdzania pr\u00f3bek.<\/li>\n<\/ul>\n<h2 id=\"-6-environmental-certification-and-sustainability-\"><strong>6. Certyfikacja \u015brodowiskowa i zr\u00f3wnowa\u017cony rozw\u00f3j<\/strong><\/h2>\n<ul>\n<li><strong>Surowce z certyfikatem FSC<\/strong>: 100% materia\u0142 bazowy pude\u0142ka papierowego wykorzystuje papier z certyfikatem FSC, aby zapewni\u0107, \u017ce surowce pochodz\u0105 z norm \u015brodowiskowych Unii Europejskiej i marek ESG, aby spe\u0142ni\u0107 strategiczne wymagania, stale zarz\u0105dzanych las\u00f3w.<\/li>\n<li><strong>Konstrukcja nadaj\u0105ca si\u0119 do recyklingu<\/strong>: Korpus skrzynki nie ma struktury \u0142\u0105cz\u0105cej klej, a magnetyczne elementy ss\u0105ce mo\u017cna oddzieli\u0107 i oddzieli\u0107, co jest wygodne do klasyfikacji i recyklingu, zmniejsza obci\u0105\u017cenie \u015brodowiska.<\/li>\n<\/ul>\n<h2 id=\"-core-advantages-\"><strong>Podstawowe zalety<\/strong><\/h2>\n<ul>\n<li><strong>Integracja technologii<\/strong>: Magnetyczne otwieranie i zamykanie + materia\u0142 Glitter Paper + proces t\u0142oczenia na gor\u0105co, bior\u0105c pod uwag\u0119 funkcjonalno\u015b\u0107 i atrakcyjno\u015b\u0107 wizualn\u0105.<\/li>\n<li><strong>Przyjazny dla biznesu<\/strong>: Elastyczny \u0142a\u0144cuch dostaw i szybki proofing, zmniejszaj\u0105cy koszty pr\u00f3b i b\u0142\u0119d\u00f3w marki oraz przyspieszaj\u0105cy wprowadzanie produkt\u00f3w na rynek.<\/li>\n<li><strong>Odpowiedzialno\u015b\u0107 za \u015brodowisko<\/strong>: Certyfikat FSC i konstrukcja nadaj\u0105ca si\u0119 do recyklingu pomagaj\u0105 markom tworzy\u0107 ekologiczny wizerunek.<\/li>\n<\/ul>","protected":false},"excerpt":{"rendered":"<p>To pude\u0142ko do pakowania ma ostre kraw\u0119dzie i czyste linie, prezentuj\u0105c nowoczesn\u0105 minimalistyczn\u0105 estetyk\u0119. Magnetyczny system otwierania i zamykania jest precyzyjnie ustawiony, \u0142atwy w obs\u0142udze jedn\u0105 r\u0119k\u0105 i ma mocniejsze uszczelnienie ni\u017c zwyk\u0142e pude\u0142ka z klamr\u0105. Materia\u0142 z brokatowego papieru jest wysoce odporny na zu\u017cycie i nadaje si\u0119 do popularnych produkt\u00f3w do rz\u0119s.<\/p>","protected":false},"featured_media":1121,"template":"","meta":{"_kad_post_transparent":"default","_kad_post_title":"","_kad_post_layout":"default","_kad_post_sidebar_id":"","_kad_post_content_style":"default","_kad_post_vertical_padding":"default","_kad_post_feature":"","_kad_post_feature_position":"","_kad_post_header":false,"_kad_post_footer":false,"_kad_post_classname":""},"product_brand":[],"product_cat":[15,28,27,17],"product_tag":[434,436,435],"class_list":{"0":"post-1120","1":"product","2":"type-product","3":"status-publish","4":"has-post-thumbnail","6":"product_cat-red-light-therapy","7":"product_cat-customize","8":"product_cat-red-light-therapy-belt","9":"product_cat-services","10":"product_tag-glitter-eyelash-packaging","11":"product_tag-glitter-paper-eyelash-box","12":"product_tag-magnetic-closure-box-for-cosmetic","14":"first","15":"instock","16":"shipping-taxable","17":"product-type-simple","18":"entry","19":"content-bg","20":"loop-entry"},"_links":{"self":[{"href":"https:\/\/red-lighttherapy.com\/pl\/wp-json\/wp\/v2\/product\/1120","targetHints":{"allow":["GET"]}}],"collection":[{"href":"https:\/\/red-lighttherapy.com\/pl\/wp-json\/wp\/v2\/product"}],"about":[{"href":"https:\/\/red-lighttherapy.com\/pl\/wp-json\/wp\/v2\/types\/product"}],"wp:featuredmedia":[{"embeddable":true,"href":"https:\/\/red-lighttherapy.com\/pl\/wp-json\/wp\/v2\/media\/1121"}],"wp:attachment":[{"href":"https:\/\/red-lighttherapy.com\/pl\/wp-json\/wp\/v2\/media?parent=1120"}],"wp:term":[{"taxonomy":"product_brand","embeddable":true,"href":"https:\/\/red-lighttherapy.com\/pl\/wp-json\/wp\/v2\/product_brand?post=1120"},{"taxonomy":"product_cat","embeddable":true,"href":"https:\/\/red-lighttherapy.com\/pl\/wp-json\/wp\/v2\/product_cat?post=1120"},{"taxonomy":"product_tag","embeddable":true,"href":"https:\/\/red-lighttherapy.com\/pl\/wp-json\/wp\/v2\/product_tag?post=1120"}],"curies":[{"name":"wp","href":"https:\/\/api.w.org\/{rel}","templated":true}]}}