{"id":1115,"date":"2025-04-16T10:55:19","date_gmt":"2025-04-16T10:55:19","guid":{"rendered":"https:\/\/red-lighttherapy.com\/?post_type=product&#038;p=1115"},"modified":"2025-04-16T12:06:44","modified_gmt":"2025-04-16T12:06:44","slug":"custom-magnetic-closure-glitter-paper-box-jewelry-necklace","status":"publish","type":"product","link":"https:\/\/red-lighttherapy.com\/pl\/custom-magnetic-closure-glitter-paper-box-jewelry-necklace\/","title":{"rendered":"Niestandardowy naszyjnik z brokatowego papieru z magnetycznym zamkni\u0119ciem"},"content":{"rendered":"<h2 id=\"-customized-magnetic-buckle-glitter-paper-box-jewelry-necklace-product-description-\"><strong>Dostosowane zamkni\u0119cie magnetyczne Pude\u0142ko z brokatem Naszyjnik z bi\u017cuteri\u0105 Opis produktu<\/strong><\/h2>\n<h2 id=\"-1-magnetic-flip-top-ritual-sense-\"><strong>1. Magnetyczny flip-top Ritual Sense<\/strong><\/h2>\n<p>Pude\u0142ko na bi\u017cuteri\u0119 posiada opatentowan\u0105 magnetyczn\u0105 konstrukcj\u0119 typu flip-top. Korpus pude\u0142ka i pokrywa s\u0105 precyzyjnie wyr\u00f3wnane i zamykane za pomoc\u0105 precyzyjnych magnes\u00f3w. Si\u0142a ss\u0105ca jest 1,5 razy wi\u0119ksza ni\u017c standardowa w bran\u017cy. Mo\u017cna j\u0105 swobodnie otwiera\u0107 i zamyka\u0107 jedn\u0105 r\u0119k\u0105. Po zamkni\u0119ciu towarzyszy mu wyra\u017any magnetyczny efekt d\u017awi\u0119kowy, nadaj\u0105c pude\u0142ku poczucie rytua\u0142u, jak odpiecz\u0119towywanie bi\u017cuterii. Wn\u0119trze pude\u0142ka jest wzmocnione prostok\u0105tnym rowkiem pier\u015bcieniowym i dopasowane do elastycznych element\u00f3w buforowych, aby zapewni\u0107 odporno\u015b\u0107 na nacisk i wstrz\u0105sy podczas transportu. Stabilno\u015b\u0107 przesz\u0142a 100 000 test\u00f3w otwierania i zamykania, spe\u0142niaj\u0105c wymagania dotycz\u0105ce trwa\u0142o\u015bci w przechowywaniu wysokiej klasy bi\u017cuterii.<\/p>\n<h2 id=\"-2-minimalist-aesthetics-and-practical-details-\"><strong>2. Minimalistyczna estetyka i praktyczne detale<\/strong><\/h2>\n<p>Pude\u0142ko upominkowe ma nowoczesny, minimalistyczny kszta\u0142t z geometrycznymi liniami ci\u0119cia. Precyzyjny proces formowania z tolerancj\u0105 0,5 mm zapewnia \u015bcis\u0142e dopasowanie korpusu pude\u0142ka. Kraw\u0119dzie s\u0105 3-krotnie polerowane, a w dotyku s\u0105 delikatne i pozbawione zadzior\u00f3w. Magnetyczne zamkni\u0119cie jest ukryte w wewn\u0119trznej kraw\u0119dzi pokrywy pude\u0142ka, a matowe metalowe kraw\u0119dzie sprawiaj\u0105, \u017ce jest ono wizualnie zintegrowane i zgodne ze wsp\u00f3\u0142czesn\u0105 estetyk\u0105 projektowania.<\/p>\n<h2 id=\"-3-glitter-paper-glitter-craftsmanship-\"><strong>3. Rzemios\u0142o z brokatem Glitter Paper<\/strong><\/h2>\n<p>Korpus pude\u0142ka wykonany jest z niestandardowego papieru brokatowego (Glitter Paper), a powierzchnia jest pokryta mikronowymi cz\u0105steczkami brokatu w procesie utwardzania UV. Pod wp\u0142ywem za\u0142amania \u015bwiat\u0142a, prezentuje gradientowy po\u0142ysk jak galaktyczny gwiezdny piasek i ma odporno\u015b\u0107 na zu\u017cycie i zarysowania IP5X. Grubo\u015b\u0107 materia\u0142u wynosi tylko 1,2 mm, co jest 30% l\u017cejsze ni\u017c tradycyjne pude\u0142ka na bi\u017cuteri\u0119, i ma zar\u00f3wno przeno\u015bno\u015b\u0107, jak i efekt wizualny.<\/p>\n<h2 id=\"-4-flocking-groove-protection-system-\"><strong>4. Flokowany system ochrony rowk\u00f3w<\/strong><\/h2>\n<p>Dostosowany uk\u0142ad przegr\u00f3d wewn\u0105trz pude\u0142ka, rowek na naszyjnik wykorzystuje technologi\u0119 modelowania skanowania 3D, kt\u00f3ra jest dok\u0142adnie dostosowana do r\u00f3\u017cnych d\u0142ugo\u015bci \u0142a\u0144cuszk\u00f3w i rozmiar\u00f3w wisiork\u00f3w. Powierzchnia rowka jest pokryta flokowaniem z mikrofibry o grubo\u015bci 0,8 mm, a wsp\u00f3\u0142czynnik tarcia wynosi \u22640,3, aby unikn\u0105\u0107 zarysowa\u0144 metalowej bi\u017cuterii; konstrukcja gniazda na kart\u0119 w kszta\u0142cie litery U mo\u017ce zamocowa\u0107 klamr\u0119 naszyjnika, aby zapobiec spl\u0105taniu i zawi\u0105zaniu w\u0119z\u0142\u00f3w, i jest odpowiednia dla r\u00f3\u017cnych styl\u00f3w, takich jak \u0142a\u0144cuszki obojczykowe i d\u0142ugie \u0142a\u0144cuszki.<\/p>\n<h2 id=\"-5-pink-and-purple-collide-with-glitter-\"><strong>5. R\u00f3\u017c i fiolet zderzaj\u0105 si\u0119 z brokatem<\/strong><\/h2>\n<p>G\u0142\u00f3wnym kolorem pude\u0142ka jest r\u00f3\u017cowy i fioletowy. Spodnia warstwa jest zadrukowana sitodrukiem w 6 kolorach i pokryta per\u0142ow\u0105 pow\u0142ok\u0105. B\u0142yszcz\u0105ca powierzchnia jest piaskowana, aby uzyska\u0107 efekt rozproszenia \u015bwiat\u0142a gwiazd. Przy zmianie \u015bwiat\u0142a mo\u017ce symulowa\u0107 dwie atmosfery: porannego \u015bwiat\u0142a i r\u00f3\u017cy zmierzchu, wzmacniaj\u0105c kobiecy romantyczny gen.<\/p>\n<h2 id=\"-6-hot-stamping-slogan-strengthens-memory-\"><strong>6. Z\u0142oty slogan t\u0142oczony na gor\u0105co wzmacnia pami\u0119\u0107<\/strong><\/h2>\n<p>Slogan marki jest drukowany na wewn\u0119trznej stronie pokrywy pude\u0142ka za pomoc\u0105 technologii laserowego t\u0142oczenia na gor\u0105co. Czcionka przyjmuje tr\u00f3jwymiarowy efekt reliefu 0,1 mm. Z\u0142ote i r\u00f3\u017cowo-fioletowe t\u0142o tworz\u0105 wizualny kontrast, a propozycja warto\u015bci marki jest przekazywana w momencie otwarcia pude\u0142ka.<\/p>\n<h2 id=\"-7-flexible-customization-scheme-\"><strong>7. Elastyczny schemat dostosowywania<\/strong><\/h2>\n<p>Obs\u0142uguje pe\u0142ne dostosowanie wymiar\u00f3w, od typu pude\u0142ka, rozmiaru do funkcji:<\/p>\n<ul>\n<li><strong>Typ pude\u0142ka<\/strong>: Kwadratowe pude\u0142ko \/ okr\u0105g\u0142e pude\u0142ko \/ pude\u0142ko w kszta\u0142cie serca opcjonalne, po\u0142o\u017cenie klamry magnetycznej mo\u017cna regulowa\u0107 z boku lub z g\u00f3ry;<\/li>\n<li><strong>Kolor<\/strong>: Zapewnia 12 podstawowych opcji kolor\u00f3w Pantone, obs\u0142uguje specjalne dostosowywanie wsp\u00f3\u0142czynnika brokatu kolor\u00f3w;<\/li>\n<li><strong>Slogan<\/strong>: Mo\u017cna zast\u0105pi\u0107 nazw\u0105 klienta, dat\u0105 pami\u0105tkow\u0105 lub ekskluzywn\u0105 wiadomo\u015bci\u0105, biblioteka czcionek zawiera 15 wersji j\u0119zykowych;<\/li>\n<li><strong>Podszewka<\/strong>: Flokowanie \/ jedwab \/ g\u0105bka podszewka opcjonalna, uk\u0142ad rowk\u00f3w obs\u0142uguje reorganizacj\u0119 wed\u0142ug kategorii bi\u017cuterii.<\/li>\n<\/ul>\n<h2 id=\"-8-environmental-protection-and-quality-control-guarantee-\"><strong>8. Gwarancja ochrony \u015brodowiska i kontroli jako\u015bci<\/strong><\/h2>\n<p>Korpus pude\u0142ka to przyjazne dla \u015brodowiska pod\u0142o\u017ce papierowe z certyfikatem FSC, a proces produkcji wykorzystuje kleje na bazie wody i farby niezawieraj\u0105ce benzenu; ka\u017cda partia gotowych produkt\u00f3w jest testowana w sta\u0142ej temperaturze i wilgotno\u015bci przez 72 godziny, aby zapewni\u0107, \u017ce wydajno\u015b\u0107 absorpcji magnetycznej i szybko\u015b\u0107 deformacji pude\u0142ka wynosz\u0105 \u22640,5%.<\/p>","protected":false},"excerpt":{"rendered":"<ul>\n<li><strong>Prezent od marki jubilerskiej<\/strong>: Jako standardowe opakowanie wysokiej klasy naszyjnik\u00f3w, zwi\u0119ksza wra\u017cenia z rozpakowywania i premi\u0119 marki;<\/li>\n<li><strong>Osobista kolekcja pami\u0105tkowa<\/strong>: Spersonalizowane imi\u0119 i rocznica, staje si\u0119 emocjonalnym no\u015bnikiem prezent\u00f3w \u015blubnych i rocznicowych;<\/li>\n<li><strong>Rekwizyty do ekspozycji detalicznych<\/strong>: Magnetyczna konstrukcja otwierania i zamykania w gablocie jest wygodna dla klient\u00f3w do przymierzania, jednocze\u015bnie chroni\u0105c wygl\u0105d bi\u017cuterii.<\/li>\n<\/ul>","protected":false},"featured_media":1117,"template":"","meta":{"_kad_post_transparent":"default","_kad_post_title":"","_kad_post_layout":"default","_kad_post_sidebar_id":"","_kad_post_content_style":"default","_kad_post_vertical_padding":"default","_kad_post_feature":"","_kad_post_feature_position":"","_kad_post_header":false,"_kad_post_footer":false,"_kad_post_classname":""},"product_brand":[],"product_cat":[15,27,17],"product_tag":[432,431,433],"class_list":{"0":"post-1115","1":"product","2":"type-product","3":"status-publish","4":"has-post-thumbnail","6":"product_cat-red-light-therapy","7":"product_cat-red-light-therapy-belt","8":"product_cat-services","9":"product_tag-glitter-paper-jewelry-box","10":"product_tag-magnetic-closure-box","11":"product_tag-necklace-paper-box","13":"first","14":"instock","15":"shipping-taxable","16":"product-type-simple","17":"entry","18":"content-bg","19":"loop-entry"},"_links":{"self":[{"href":"https:\/\/red-lighttherapy.com\/pl\/wp-json\/wp\/v2\/product\/1115","targetHints":{"allow":["GET"]}}],"collection":[{"href":"https:\/\/red-lighttherapy.com\/pl\/wp-json\/wp\/v2\/product"}],"about":[{"href":"https:\/\/red-lighttherapy.com\/pl\/wp-json\/wp\/v2\/types\/product"}],"wp:featuredmedia":[{"embeddable":true,"href":"https:\/\/red-lighttherapy.com\/pl\/wp-json\/wp\/v2\/media\/1117"}],"wp:attachment":[{"href":"https:\/\/red-lighttherapy.com\/pl\/wp-json\/wp\/v2\/media?parent=1115"}],"wp:term":[{"taxonomy":"product_brand","embeddable":true,"href":"https:\/\/red-lighttherapy.com\/pl\/wp-json\/wp\/v2\/product_brand?post=1115"},{"taxonomy":"product_cat","embeddable":true,"href":"https:\/\/red-lighttherapy.com\/pl\/wp-json\/wp\/v2\/product_cat?post=1115"},{"taxonomy":"product_tag","embeddable":true,"href":"https:\/\/red-lighttherapy.com\/pl\/wp-json\/wp\/v2\/product_tag?post=1115"}],"curies":[{"name":"wp","href":"https:\/\/api.w.org\/{rel}","templated":true}]}}