{"id":1109,"date":"2025-04-16T09:00:28","date_gmt":"2025-04-16T09:00:28","guid":{"rendered":"https:\/\/red-lighttherapy.com\/?post_type=product&#038;p=1109"},"modified":"2025-04-16T09:38:13","modified_gmt":"2025-04-16T09:38:13","slug":"trading-textured-paper-portable-power-bank-drawer-boxes","status":"publish","type":"product","link":"https:\/\/red-lighttherapy.com\/pl\/trading-textured-paper-portable-power-bank-drawer-boxes\/","title":{"rendered":"Przeno\u015bne pude\u0142ka z szufladami na power banki z teksturowanego papieru"},"content":{"rendered":"<h2 id=\"-product-description-of-portable-power-bank-pull-out-box-\"><strong>Opis produktu Przeno\u015bny Power Bank Match Slider Style Box<\/strong><\/h2>\n<h2 id=\"1-high-grade-textured-specialty-paper-\">1.\u00a0<strong>Wysokiej jako\u015bci teksturowany papier specjalny<\/strong><\/h2>\n<p>Zewn\u0119trzne opakowanie produktu wykonane jest z wysokiej jako\u015bci teksturowanego papieru specjalnego 120G, o delikatnej i warstwowej powierzchni, nadaj\u0105c opakowaniu wysokiej jako\u015bci poczucie tajemniczej serii. Unikalna tekstura oraz efekty \u015bwiat\u0142a i cienia specjalnego papieru, w po\u0142\u0105czeniu z ciemnymi lub metalicznymi kolorami, mog\u0105 idealnie pasowa\u0107 do tonu marki i tworzy\u0107 stonowane i luksusowe wra\u017cenia wizualne.<\/p>\n<h2 id=\"2-drawer-type-box-structure-\">2.\u00a0<strong>Konstrukcja skrzynki z szufladami<\/strong><\/h2>\n<p>Zastosowano wysuwan\u0105 konstrukcj\u0119, kt\u00f3ra jest g\u0142adka i rytualna. U\u017cytkownicy mog\u0105 \u0142atwo wyci\u0105gn\u0105\u0107 power bank, bior\u0105c pod uwag\u0119 wygod\u0119 i rytua\u0142. Wewn\u0119trzna struktura jest wspierana przez szar\u0105 p\u0142yt\u0119 o wysokiej g\u0119sto\u015bci 1200G, aby zapewni\u0107, \u017ce korpus pude\u0142ka jest mocny i odporny na nacisk, a wn\u0119trze jest p\u0142askie i g\u0142adkie, chroni\u0105c power bank przed uderzeniami podczas transportu lub codziennego u\u017cytkowania.<\/p>\n<h2 id=\"3-gold-stamping-technology-is-the-finishing-touch-\">3.\u00a0<strong>Technologia t\u0142oczenia na gor\u0105co z\u0142ot\u0105 foli\u0105 stanowi wyko\u0144czenie<\/strong><\/h2>\n<p>Powierzchnia opakowania wykorzystuje technologi\u0119 \"z\u0142otej folii t\u0142oczonej na gor\u0105co\", a logo marki lub wz\u00f3r s\u0105 prezentowane w z\u0142otych liniach lub blokach, odbijaj\u0105c metaliczny po\u0142ysk pod r\u00f3\u017cnymi k\u0105tami \u015bwiat\u0142a, zwi\u0119kszaj\u0105c rozpoznawalno\u015b\u0107 wizualn\u0105 marki i wysokiej klasy ton.<\/p>\n<h2 id=\"4-professional-adaptation-solution-\">4.\u00a0<strong>Profesjonalne rozwi\u0105zanie adaptacyjne<\/strong><\/h2>\n<p>W oparciu o rozmiar, pojemno\u015b\u0107 i scenariusze u\u017cytkowania zasilania mobilnego (takie jak biznes, outdoor i prezent), zapewniamy us\u0142ug\u0119 rekomendacji typu pude\u0142ka jeden do jednego. Na przyk\u0142ad:<\/p>\n<ul>\n<li><strong>Kompaktowy zasilacz<\/strong>: Zalecamy w\u0105skie i d\u0142ugie wysuwane pude\u0142ko u\u0142atwiaj\u0105ce przenoszenie;<\/li>\n<li><strong>Zasilacz o du\u017cej pojemno\u015bci<\/strong>: Wzmocniona konstrukcja komory zwi\u0119ksza ochron\u0119.<\/li>\n<\/ul>\n<h2 id=\"5-efficient-service-guarantee-\">5.\u00a0<strong>Gwarancja skutecznej obs\u0142ugi<\/strong><\/h2>\n<ul>\n<li><strong>B\u0142yskawiczna dostawa<\/strong>: Standardowy czas dostawy wynosi 5-7 dni, a us\u0142uga przyspieszona mo\u017ce zosta\u0107 skr\u00f3cona do 3 dni, aby zaspokoi\u0107 pilne potrzeby;<\/li>\n<li><strong>Zaanga\u017cowanie w jako\u015b\u0107<\/strong>: Pe\u0142na kontrola jako\u015bci w celu zapewnienia, \u017ce korpus pude\u0142ka nie ma zadrapa\u0144, t\u0142oczenie na gor\u0105co nie odpada, a wysuwanie jest g\u0142adkie;<\/li>\n<li><strong>Us\u0142uga dostosowana do potrzeb klienta<\/strong>: Obs\u0142uguje spersonalizowane potrzeby, takie jak dostosowanie LOGO i wyb\u00f3r materia\u0142u podszewki (np. g\u0105bka EVA, flanela).<\/li>\n<\/ul>\n<h2 id=\"6-fsc-forest-certification-\">6.\u00a0<strong>Certyfikacja las\u00f3w FSC<\/strong><\/h2>\n<p>Wszystkie papiery specjalne i szare tektury posiadaj\u0105 certyfikat le\u015bny FSC, aby zapewni\u0107, \u017ce surowce pochodz\u0105 z las\u00f3w zarz\u0105dzanych w spos\u00f3b zr\u00f3wnowa\u017cony i spe\u0142niaj\u0105 surowe wymagania marek z wy\u017cszej p\u00f3\u0142ki w zakresie ochrony \u015brodowiska i odpowiedzialno\u015bci spo\u0142ecznej.<\/p>\n<h3 id=\"7-applicable-scenarios-\">7.\u00a0<strong>Obowi\u0105zuj\u0105ce scenariusze<\/strong><\/h3>\n<ul>\n<li><strong>Prezenty biznesowe<\/strong>: Dopasowana technologia t\u0142oczenia na gor\u0105co i specjalny papier w ciemnym kolorze oddaj\u0105 szlachetny charakter marki;<\/li>\n<li><strong>Produkty technologiczne<\/strong>: Wzmocnienie atrybut\u00f3w technologicznych dzi\u0119ki minimalistycznemu wzornictwu i metalicznej fakturze;<\/li>\n<li><strong>Sprz\u0119t zewn\u0119trzny<\/strong>: U\u017cywaj odpornego na zu\u017cycie i wilgo\u0107 specjalnego papieru, aby dostosowa\u0107 si\u0119 do scenariuszy u\u017cytkowania na zewn\u0105trz.<\/li>\n<\/ul>\n<h2 id=\"-v-summary-of-core-advantages-\"><strong>8. Podsumowanie g\u0142\u00f3wnych zalet<\/strong><\/h2>\n<table>\n<thead>\n<tr>\n<th>Wymiary korzy\u015bci<\/th>\n<th>Opis szczeg\u00f3\u0142owy<\/th>\n<\/tr>\n<\/thead>\n<tbody>\n<tr>\n<td><strong>Technologia materia\u0142owa<\/strong><\/td>\n<td>Specjalne po\u0142\u0105czenie papieru i szarej tektury, zar\u00f3wno pi\u0119kne, jak i odporne na nacisk; technologia t\u0142oczenia na gor\u0105co zwi\u0119ksza rozpoznawalno\u015b\u0107 marki<\/td>\n<\/tr>\n<tr>\n<td><strong>Projekt strukturalny<\/strong><\/td>\n<td>Wysuwana konstrukcja jest wygodna i praktyczna, nadaje si\u0119 do zasilaczy o r\u00f3\u017cnych rozmiarach i ma du\u017ce wykorzystanie przestrzeni wewn\u0119trznej<\/td>\n<\/tr>\n<tr>\n<td><strong>Certyfikacja \u015brodowiskowa<\/strong><\/td>\n<td>Materia\u0142y z certyfikatem FSC, zgodne z mi\u0119dzynarodowymi standardami ochrony \u015brodowiska<\/td>\n<\/tr>\n<tr>\n<td><strong>Odpowied\u017a serwisu<\/strong><\/td>\n<td>Profesjonalny zesp\u00f3\u0142 zapewnia niestandardowe rozwi\u0105zania i pe\u0142ne \u015bledzenie od projektu do dostawy.<\/td>\n<\/tr>\n<\/tbody>\n<\/table>","protected":false},"excerpt":{"rendered":"<p>Szuflad\u0119 na papier mo\u017cna \u0142atwo otwiera\u0107 i zamyka\u0107. Wykonany jest z teksturowanego papieru specjalnego 120G i szarej tektury 1200G. Jest solidny, trwa\u0142y i ma tajemniczy i wysokiej klasy charakter. Na powierzchni zastosowano wysokiej klasy \"z\u0142ot\u0105 foli\u0119 t\u0142oczon\u0105 na gor\u0105co\", aby podkre\u015bli\u0107 z\u0142oty charakter marki i pokaza\u0107 jej ton.<\/p>","protected":false},"featured_media":1112,"template":"","meta":{"_kad_post_transparent":"default","_kad_post_title":"","_kad_post_layout":"default","_kad_post_sidebar_id":"","_kad_post_content_style":"default","_kad_post_vertical_padding":"default","_kad_post_feature":"","_kad_post_feature_position":"","_kad_post_header":false,"_kad_post_footer":false,"_kad_post_classname":""},"product_brand":[],"product_cat":[15,20,17],"product_tag":[429,428,430],"class_list":{"0":"post-1109","1":"product","2":"type-product","3":"status-publish","4":"has-post-thumbnail","6":"product_cat-red-light-therapy","7":"product_cat-led-face-light-therapy","8":"product_cat-services","9":"product_tag-match-style-box-for-power-bank","10":"product_tag-portable-power-bank-packaging-box","11":"product_tag-power-bank-slider-packaging-box","13":"first","14":"instock","15":"shipping-taxable","16":"product-type-simple","17":"entry","18":"content-bg","19":"loop-entry"},"_links":{"self":[{"href":"https:\/\/red-lighttherapy.com\/pl\/wp-json\/wp\/v2\/product\/1109","targetHints":{"allow":["GET"]}}],"collection":[{"href":"https:\/\/red-lighttherapy.com\/pl\/wp-json\/wp\/v2\/product"}],"about":[{"href":"https:\/\/red-lighttherapy.com\/pl\/wp-json\/wp\/v2\/types\/product"}],"wp:featuredmedia":[{"embeddable":true,"href":"https:\/\/red-lighttherapy.com\/pl\/wp-json\/wp\/v2\/media\/1112"}],"wp:attachment":[{"href":"https:\/\/red-lighttherapy.com\/pl\/wp-json\/wp\/v2\/media?parent=1109"}],"wp:term":[{"taxonomy":"product_brand","embeddable":true,"href":"https:\/\/red-lighttherapy.com\/pl\/wp-json\/wp\/v2\/product_brand?post=1109"},{"taxonomy":"product_cat","embeddable":true,"href":"https:\/\/red-lighttherapy.com\/pl\/wp-json\/wp\/v2\/product_cat?post=1109"},{"taxonomy":"product_tag","embeddable":true,"href":"https:\/\/red-lighttherapy.com\/pl\/wp-json\/wp\/v2\/product_tag?post=1109"}],"curies":[{"name":"wp","href":"https:\/\/api.w.org\/{rel}","templated":true}]}}