{"id":1103,"date":"2025-04-16T08:41:45","date_gmt":"2025-04-16T08:41:45","guid":{"rendered":"https:\/\/red-lighttherapy.com\/?post_type=product&#038;p=1103"},"modified":"2025-04-16T09:00:18","modified_gmt":"2025-04-16T09:00:18","slug":"maker-magnetic-closure-box-for-hair-extensions-removal-device","status":"publish","type":"product","link":"https:\/\/red-lighttherapy.com\/pl\/maker-magnetic-closure-box-for-hair-extensions-removal-device\/","title":{"rendered":"Maker Magnetic Closure Box do urz\u0105dzenia do usuwania przed\u0142u\u017ce\u0144 w\u0142os\u00f3w"},"content":{"rendered":"<h2 id=\"magnetic-closure-wig-extension-disassembly-device-packaging-box-product-description\">Urz\u0105dzenie do demonta\u017cu peruki z zamkni\u0119ciem magnetycznym Opis produktu<\/h2>\n<h2 id=\"-1-appearance-design-simple-and-stylish-book-shaped-box-body-enhances-exquisiteness-\"><strong>1. Wygl\u0105d: prosty i stylowy, pude\u0142ko w kszta\u0142cie ksi\u0105\u017cki podkre\u015bla wykwintno\u015b\u0107<\/strong><\/h2>\n<p>Produkt ten zosta\u0142 zaprojektowany w jasnobia\u0142ej serii, w klasycznym pude\u0142ku w kszta\u0142cie ksi\u0105\u017cki, z prostymi i g\u0142adkimi liniami oraz eleganckim wygl\u0105dem. Powierzchnia pude\u0142ka jest zadrukowana papierem powlekanym 157 GSM, podkre\u015blaj\u0105c lekki, luksusowy styl. Konstrukcja magnetycznego zamkni\u0119cia jest inspirowana popularnymi magnetycznymi pude\u0142kami z przyssawkami, kt\u00f3re mo\u017cna wygodnie otwiera\u0107 i zamyka\u0107 oraz mocno zamyka\u0107, zwi\u0119kszaj\u0105c komfort u\u017cytkowania, jednocze\u015bnie wzmacniaj\u0105c poczucie wysokiej klasy.<\/p>\n<h2 id=\"-2-internal-and-external-double-color-contrast-combination-of-function-and-aesthetics-\"><strong>2. Wewn\u0119trzny i zewn\u0119trzny podw\u00f3jny kontrast kolor\u00f3w, po\u0142\u0105czenie funkcjonalno\u015bci i estetyki<\/strong><\/h2>\n<p>Pude\u0142ko zewn\u0119trzne jest jasnobia\u0142e, a pude\u0142ko wewn\u0119trzne jest czysto bia\u0142e. Kontrast kolor\u00f3w tworzy wizualn\u0105 hierarchi\u0119, kt\u00f3ra mo\u017ce wyra\u017anie pokaza\u0107 szczeg\u00f3\u0142y konstrukcyjne urz\u0105dzenia do przed\u0142u\u017cania peruki w pude\u0142ku i u\u0142atwi\u0107 szybk\u0105 identyfikacj\u0119 produktu podczas wy\u015bwietlania. W po\u0142\u0105czeniu z podszewk\u0105 w kszta\u0142cie wykroju zapewnia stabilne przechowywanie produktu.<\/p>\n<h2 id=\"-3-material-and-structure-professional-grade-protection-stable-and-durable-\"><strong>3. Materia\u0142 i struktura: profesjonalna ochrona, stabilna i trwa\u0142a<\/strong><\/h2>\n<ul>\n<li><strong>Materia\u0142 podstawowy<\/strong>: Szara tektura o wysokiej wytrzyma\u0142o\u015bci 1200 GSM, kt\u00f3ra ma lepsz\u0105 odporno\u015b\u0107 na nacisk ni\u017c zwyk\u0142a tektura i mo\u017ce wytrzyma\u0107 wstrz\u0105sy transportowe i d\u0142ugotrwa\u0142e uk\u0142adanie w stosy.<\/li>\n<li><strong>Obr\u00f3bka powierzchni<\/strong>: Papier powlekany 157 GSM z matow\u0105 foli\u0105, odporny na zarysowania i zu\u017cycie, delikatny w dotyku i zwi\u0119kszaj\u0105cy rozpoznawalno\u015b\u0107 marki.<\/li>\n<li><strong>Wewn\u0119trzna podszewka<\/strong>: Dostosowany dzi\u0119ki precyzyjnemu procesowi wykrawania, idealnie pasuje do konturu peruki, aby zapobiec wstrz\u0105som lub zu\u017cyciu produktu.<\/li>\n<\/ul>\n<h2 id=\"-4-brand-empowerment-double-upgrade-of-texture-and-added-value-\"><strong>4. Wzmocnienie marki: Podw\u00f3jne ulepszenie tekstury i warto\u015bci dodanej<\/strong><\/h2>\n<p>Projekt opakowania zawiera luksusowe detale, takie jak ukryte otwieranie i zamykanie klamer magnetycznych oraz zaokr\u0105glone rogi zapobiegaj\u0105ce kolizjom. Ty\u0142 pude\u0142ka mo\u017cna dostosowa\u0107 za pomoc\u0105 obszaru t\u0142oczenia na gor\u0105co historii marki, aby wzmocni\u0107 zaufanie konsument\u00f3w do kunsztu i jako\u015bci marki oraz pom\u00f3c zwi\u0119kszy\u0107 przestrze\u0144 premium.<\/p>\n<h2 id=\"-5-supply-chain-advantages-16-years-of-professional-guarantee-flexible-customization-\"><strong>5. Zalety \u0142a\u0144cucha dostaw: 16 lat profesjonalnej gwarancji, elastyczne dostosowywanie<\/strong><\/h2>\n<ul>\n<li><strong>Wyb\u00f3r procesu<\/strong>: Obs\u0142uguje ponad 20 dostosowa\u0144 procesu, takich jak miejscowe lakierowanie UV, wyt\u0142aczanie, regulacja si\u0142y adsorpcji magnetycznej itp.<\/li>\n<li><strong>Dostosowanie rozmiaru<\/strong>: Rozmiar pude\u0142ka mo\u017cna dostosowa\u0107 do r\u00f3\u017cnych specyfikacji urz\u0105dze\u0144 perkusyjnych, przy minimalnej ilo\u015bci zam\u00f3wienia wynosz\u0105cej zaledwie 500 sztuk, aby zaspokoi\u0107 potrzeby ma\u0142ych i \u015brednich marek.<\/li>\n<li><strong>Przewaga kosztowa<\/strong>: Zakup surowc\u00f3w na du\u017c\u0105 skal\u0119, 15%-20% ni\u017csza cena ni\u017c podobne produkty i okres gwarancji do 2 lat.<\/li>\n<\/ul>\n<h2 id=\"-customization-process-description-\"><strong>Opis procesu dostosowywania<\/strong><\/h2>\n<ol>\n<li><strong>Komunikacja na \u017c\u0105danie<\/strong>: Nale\u017cy poda\u0107 mark\u0119 VI, rozmiar produktu i wymagania funkcjonalne (np. czy wymagane s\u0105 paski magnetyczne zabezpieczaj\u0105ce przed kradzie\u017c\u0105).<\/li>\n<li><strong>Sprawdzanie 3D<\/strong>: Wydruk fizycznych pr\u00f3bek w ci\u0105gu 72 godzin w celu potwierdzenia struktury i efekt\u00f3w wizualnych.<\/li>\n<li><strong>Produkcja masowa<\/strong>: Drukowanie przy u\u017cyciu przyjaznego dla \u015brodowiska atramentu na bazie wody, dostawa w ci\u0105gu 7-14 dni i obs\u0142uga globalnego \u015bledzenia logistycznego.<\/li>\n<\/ol>","protected":false},"excerpt":{"rendered":"<p>Pude\u0142ko przyjmuje prost\u0105 i modn\u0105 jasnobia\u0142\u0105 seri\u0119, magnetyczna pokrywa pude\u0142ka jest prosta i elegancka, daj\u0105c ludziom poczucie wyrafinowania, i jest wykonana z szarej p\u0142yty 1200 GSM i powlekanego papieru 157 GSM. Konstrukcja jest stabilna i \u0142atwa do ochrony opakowania urz\u0105dzenia do usuwania w\u0142os\u00f3w z peruki.<\/p>","protected":false},"featured_media":1104,"template":"","meta":{"_kad_post_transparent":"default","_kad_post_title":"","_kad_post_layout":"default","_kad_post_sidebar_id":"","_kad_post_content_style":"default","_kad_post_vertical_padding":"default","_kad_post_feature":"","_kad_post_feature_position":"","_kad_post_header":false,"_kad_post_footer":false,"_kad_post_classname":""},"product_brand":[],"product_cat":[15,28,27,17],"product_tag":[426,425,427],"class_list":{"0":"post-1103","1":"product","2":"type-product","3":"status-publish","4":"has-post-thumbnail","6":"product_cat-red-light-therapy","7":"product_cat-customize","8":"product_cat-red-light-therapy-belt","9":"product_cat-services","10":"product_tag-hair-removal-device-box","11":"product_tag-magnetic-hair-extensions-packaging-box","12":"product_tag-wig-magnetic-closure-box","14":"first","15":"instock","16":"shipping-taxable","17":"product-type-simple","18":"entry","19":"content-bg","20":"loop-entry"},"_links":{"self":[{"href":"https:\/\/red-lighttherapy.com\/pl\/wp-json\/wp\/v2\/product\/1103","targetHints":{"allow":["GET"]}}],"collection":[{"href":"https:\/\/red-lighttherapy.com\/pl\/wp-json\/wp\/v2\/product"}],"about":[{"href":"https:\/\/red-lighttherapy.com\/pl\/wp-json\/wp\/v2\/types\/product"}],"wp:featuredmedia":[{"embeddable":true,"href":"https:\/\/red-lighttherapy.com\/pl\/wp-json\/wp\/v2\/media\/1104"}],"wp:attachment":[{"href":"https:\/\/red-lighttherapy.com\/pl\/wp-json\/wp\/v2\/media?parent=1103"}],"wp:term":[{"taxonomy":"product_brand","embeddable":true,"href":"https:\/\/red-lighttherapy.com\/pl\/wp-json\/wp\/v2\/product_brand?post=1103"},{"taxonomy":"product_cat","embeddable":true,"href":"https:\/\/red-lighttherapy.com\/pl\/wp-json\/wp\/v2\/product_cat?post=1103"},{"taxonomy":"product_tag","embeddable":true,"href":"https:\/\/red-lighttherapy.com\/pl\/wp-json\/wp\/v2\/product_tag?post=1103"}],"curies":[{"name":"wp","href":"https:\/\/api.w.org\/{rel}","templated":true}]}}