{"id":1097,"date":"2025-04-16T08:13:37","date_gmt":"2025-04-16T08:13:37","guid":{"rendered":"https:\/\/red-lighttherapy.com\/?post_type=product&#038;p=1097"},"modified":"2025-04-16T08:41:20","modified_gmt":"2025-04-16T08:41:20","slug":"order-custom-paper-drawer-style-boxes-trader-for-electronic","status":"publish","type":"product","link":"https:\/\/red-lighttherapy.com\/pl\/order-custom-paper-drawer-style-boxes-trader-for-electronic\/","title":{"rendered":"Zam\u00f3w niestandardowe pude\u0142ka z szufladami na papier dla handlu elektronik\u0105"},"content":{"rendered":"<h2 id=\"1-color-scheme-\">1.\u00a0<strong>Schemat kolor\u00f3w<\/strong><\/h2>\n<p>Ciemnoszara pow\u0142oka zewn\u0119trzna jest dopasowana do czarnego pude\u0142ka wewn\u0119trznego, tworz\u0105c wizualny kontrast. Ciemnoszary kolor g\u0142\u00f3wny oddaje stonowan\u0105 i stabiln\u0105 tekstur\u0119 biznesow\u0105, a czarna wy\u015bci\u00f3\u0142ka wzmacnia efekt ekspozycji produktu poprzez kontrast kolor\u00f3w, kt\u00f3ry mo\u017ce skupi\u0107 wzrok zaraz po otwarciu pude\u0142ka.<\/p>\n<h2 id=\"2-drawer-type-structure-\">2.\u00a0<strong>Konstrukcja szufladowa<\/strong><\/h2>\n<p>Klasyczna, wysuwana konstrukcja nawi\u0105zuje do estetyki przemys\u0142owej. Korpus i szuflada s\u0105 precyzyjnie dopasowane. System prowadnic pozostaje g\u0142adki po 5000 test\u00f3w otwierania i zamykania. Tuleja skrzynki przyjmuje rurow\u0105 sk\u0142adan\u0105 struktur\u0119, aby zwi\u0119kszy\u0107 odporno\u015b\u0107 na nacisk, a kraw\u0119d\u017a szuflady jest zaokr\u0105glona, aby unikn\u0105\u0107 zarysowa\u0144.<\/p>\n<h2 id=\"3-substrate-selection-\">3.\u00a0<strong>Wyb\u00f3r pod\u0142o\u017ca<\/strong><\/h2>\n<p>Zewn\u0119trzna pow\u0142oka wykonana jest z szarej tektury o grubo\u015bci 1,5 mm (materia\u0142 przyjazny dla \u015brodowiska z certyfikatem FSC), a powierzchnia pokryta jest specjalnym papierem dotykowym o gramaturze 120 g i pow\u0142oce zapobiegaj\u0105cej pozostawianiu odcisk\u00f3w palc\u00f3w. Wewn\u0119trzne pude\u0142ko wykorzystuje podw\u00f3jn\u0105 szar\u0105 tektur\u0119 0,8 mm + czarny matowy papier powlekany, o wytrzyma\u0142o\u015bci na zginanie 15 N-m\u00b2 \/ g i mo\u017ce wytrzyma\u0107 5 kg bez deformacji.<\/p>\n<h2 id=\"4-printing-process-\">4.\u00a0<strong>Proces drukowania<\/strong><\/h2>\n<p>Obs\u0142uguje 12 kombinacji proces\u00f3w, w tym t\u0142oczenie na gor\u0105co z\u0142ota\/srebra, cz\u0119\u015bciowe UV, wyt\u0142aczanie itp. LOGO mo\u017ce by\u0107 wyt\u0142aczane w tr\u00f3jwymiarowym procesie reliefowym, a metaliczny atrament przeszed\u0142 certyfikacj\u0119 bezpiecze\u0144stwa UE EN71-3.<\/p>\n<h2 id=\"5-modular-lining-\">5.\u00a0<strong>Modu\u0142owa ok\u0142adzina<\/strong><\/h2>\n<p>Zapewnia 6 opcji materia\u0142owych, w tym piank\u0119 EVA, bawe\u0142n\u0119 per\u0142ow\u0105, flokowanie itp. Dane konturu produktu s\u0105 generowane poprzez skanowanie 3D, a dok\u0142adno\u015b\u0107 ci\u0119cia CNC osi\u0105ga \u00b10,2 mm, co jest odpowiednie dla produkt\u00f3w elektronicznych o specjalnych kszta\u0142tach. Wielowarstwowa konstrukcja przegrody umo\u017cliwia jednoczesne mocowanie hosta, akcesori\u00f3w i instrukcji.<\/p>\n<h2 id=\"6-seismic-performance-\">6.\u00a0<strong>Wydajno\u015b\u0107 sejsmiczna<\/strong><\/h2>\n<p>Wy\u015bci\u00f3\u0142ka EVA zosta\u0142a przetestowana w transporcie ISTA 3A i mo\u017ce buforowa\u0107 uderzenie upadku z wysoko\u015bci 1,2 m. Wsp\u00f3\u0142czynnik odbicia pianki wynosi &gt;90%, a wsp\u00f3\u0142czynnik odkszta\u0142cenia &lt;5% po 100 000 ci\u0105g\u0142ych ucisk\u00f3w.<\/p>","protected":false},"excerpt":{"rendered":"<p>Pude\u0142ko zosta\u0142o zaprojektowane przy u\u017cyciu klasycznej metody szuflady papierowej, kt\u00f3ra zapewnia klientom p\u0142ynne wyjmowanie produkt\u00f3w. Og\u00f3lny kolor to ciemnoszary, kt\u00f3ry jest stonowany, spokojny i modny.<\/p>","protected":false},"featured_media":1098,"template":"","meta":{"_kad_post_transparent":"default","_kad_post_title":"","_kad_post_layout":"default","_kad_post_sidebar_id":"","_kad_post_content_style":"default","_kad_post_vertical_padding":"default","_kad_post_feature":"","_kad_post_feature_position":"","_kad_post_header":false,"_kad_post_footer":false,"_kad_post_classname":""},"product_brand":[],"product_cat":[15,20,17],"product_tag":[422,423,424],"class_list":{"0":"post-1097","1":"product","2":"type-product","3":"status-publish","4":"has-post-thumbnail","6":"product_cat-red-light-therapy","7":"product_cat-led-face-light-therapy","8":"product_cat-services","9":"product_tag-custom-electronic-boxes","10":"product_tag-drawer-style-boxes-for-electronic","11":"product_tag-order-electronic-paper-boxes","13":"first","14":"instock","15":"shipping-taxable","16":"product-type-simple","17":"entry","18":"content-bg","19":"loop-entry"},"_links":{"self":[{"href":"https:\/\/red-lighttherapy.com\/pl\/wp-json\/wp\/v2\/product\/1097","targetHints":{"allow":["GET"]}}],"collection":[{"href":"https:\/\/red-lighttherapy.com\/pl\/wp-json\/wp\/v2\/product"}],"about":[{"href":"https:\/\/red-lighttherapy.com\/pl\/wp-json\/wp\/v2\/types\/product"}],"wp:featuredmedia":[{"embeddable":true,"href":"https:\/\/red-lighttherapy.com\/pl\/wp-json\/wp\/v2\/media\/1098"}],"wp:attachment":[{"href":"https:\/\/red-lighttherapy.com\/pl\/wp-json\/wp\/v2\/media?parent=1097"}],"wp:term":[{"taxonomy":"product_brand","embeddable":true,"href":"https:\/\/red-lighttherapy.com\/pl\/wp-json\/wp\/v2\/product_brand?post=1097"},{"taxonomy":"product_cat","embeddable":true,"href":"https:\/\/red-lighttherapy.com\/pl\/wp-json\/wp\/v2\/product_cat?post=1097"},{"taxonomy":"product_tag","embeddable":true,"href":"https:\/\/red-lighttherapy.com\/pl\/wp-json\/wp\/v2\/product_tag?post=1097"}],"curies":[{"name":"wp","href":"https:\/\/api.w.org\/{rel}","templated":true}]}}