{"id":1091,"date":"2025-04-16T07:58:12","date_gmt":"2025-04-16T07:58:12","guid":{"rendered":"https:\/\/red-lighttherapy.com\/?post_type=product&#038;p=1091"},"modified":"2025-04-16T08:13:25","modified_gmt":"2025-04-16T08:13:25","slug":"agency-luxury-lid-and-base-box-for-clothing-sock-packaging","status":"publish","type":"product","link":"https:\/\/red-lighttherapy.com\/pl\/agency-luxury-lid-and-base-box-for-clothing-sock-packaging\/","title":{"rendered":"Agencja Luksusowe pude\u0142ko z pokrywk\u0105 i podstaw\u0105 do pakowania skarpet odzie\u017cowych"},"content":{"rendered":"<h2 id=\"-product-instructions-for-the-agent-of-luxury-clothing-and-socks-packaging-heaven-and-earth-box-\">Agencja Luksusowe pude\u0142ko z pokrywk\u0105 i podstaw\u0105 do pakowania skarpet odzie\u017cowych Opis produktu<\/h2>\n<h2 id=\"-1-visual-presentation-a-balance-between-simplicity-and-luxury-\"><strong>1. Prezentacja wizualna: R\u00f3wnowaga mi\u0119dzy prostot\u0105 a luksusem<\/strong><\/h2>\n<ul>\n<li><strong>Dopasowanie kolor\u00f3w i logo<\/strong>: Korpus pude\u0142ka jest pokryty matowym czarnym papierem specjalnym, a powierzchnia jest delikatna; logo jest wyt\u0142aczane lub t\u0142oczone na gor\u0105co (opcjonalnie), a efekt monochromatycznego mikro-t\u0142oczenia jest stosowany w celu zwi\u0119kszenia rozpoznawalno\u015bci marki, unikni\u0119cia zak\u0142\u00f3ce\u0144 z\u0142o\u017conych kolor\u00f3w i dopasowania do pow\u015bci\u0105gliwego temperamentu marek z wy\u017cszej p\u00f3\u0142ki.<\/li>\n<li><strong>J\u0119zyk modelowania<\/strong>: Kwadratowe pude\u0142ko ma schludne linie i nie ma zb\u0119dnych dekoracji. Tekstura papieru oraz poziom \u015bwiat\u0142a i cienia wzmacniaj\u0105 tekstur\u0119, podkre\u015blaj\u0105c filozofi\u0119 projektowania \"mniej znaczy wi\u0119cej\".<\/li>\n<\/ul>\n<h2 id=\"-2-structure-and-opening-and-closing-experience-\"><strong>2. Struktura oraz do\u015bwiadczenie zwi\u0105zane z otwarciem i zamkni\u0119ciem<\/strong><\/h2>\n<ul>\n<li><strong>Projekt pokrywy g\u0142owy i ziemi<\/strong>: G\u00f3rna i dolna pokrywa s\u0105 precyzyjnie dopasowane, a otwieranie i zamykanie jest p\u0142ynne i stabilne. Podczas otwierania pokrywa zsuwa si\u0119 naturalnie, ods\u0142aniaj\u0105c podszewk\u0119 produktu, nadaj\u0105c procesowi rozpakowywania poczucie rytua\u0142u przypominaj\u0105cego pude\u0142ko upominkowe i zwi\u0119kszaj\u0105c wra\u017cenia klienta przy pierwszym kontakcie.<\/li>\n<li><strong>No\u015bno\u015b\u0107 i trwa\u0142o\u015b\u0107<\/strong>: 120 g specjalnego papieru o wysokiej gramaturze jest pokryte tektur\u0105 o grubo\u015bci 1,5 mm, o wytrzyma\u0142o\u015bci na \u015bciskanie 1,2 razy wi\u0119kszej ni\u017c standard bran\u017cowy, co zapewnia, \u017ce nie odkszta\u0142ci si\u0119 podczas transportu i d\u0142ugotrwa\u0142ego przechowywania.<\/li>\n<\/ul>\n<h2 id=\"-3-material-and-process-details-\"><strong>3. Szczeg\u00f3\u0142y dotycz\u0105ce materia\u0142u i procesu<\/strong><\/h2>\n<ul>\n<li><strong>Materia\u0142 opakowania zewn\u0119trznego<\/strong>: Powierzchnia specjalnego papieru jest zabezpieczona przed zarysowaniami, odporna na odciski palc\u00f3w i \u0142atwa do czyszczenia; kartonowa warstwa rdzenia wykorzystuje przyjazne dla \u015brodowiska materia\u0142y z certyfikatem FSC, co jest zgodne z koncepcj\u0105 zr\u00f3wnowa\u017conego rozwoju.<\/li>\n<li><strong>Indywidualna podszewka<\/strong>: Zapewnia g\u0105bk\u0119 EVA, bawe\u0142n\u0119 per\u0142ow\u0105 lub flokowan\u0105 tac\u0119 wewn\u0119trzn\u0105 i inne opcje, a tak\u017ce mo\u017ce dostosowa\u0107 rowki do rozmiaru skarpet, aby osi\u0105gn\u0105\u0107 podw\u00f3jne funkcje mocowania produktu i ochrony przed wstrz\u0105sami, odpowiednie dla pojedynczych i podw\u00f3jnych opakowa\u0144, zestaw\u00f3w pude\u0142ek upominkowych i innych potrzeb.<\/li>\n<\/ul>\n<h2 id=\"-4-customized-service-\"><strong>4. Us\u0142uga dostosowana do potrzeb klienta<\/strong><\/h2>\n<ul>\n<li><strong>Elastyczno\u015b\u0107 drukowania<\/strong>: Obs\u0142uguje drukowanie UV, sitodruk lub t\u0142oczenie na gor\u0105co logo, slogan\u00f3w marki i wzor\u00f3w oraz mo\u017ce dopasowa\u0107 kolory dodatkowe Pantone, aby zapewni\u0107 sp\u00f3jno\u015b\u0107 wizualn\u0105.<\/li>\n<li><strong>Dostosowanie rozmiaru<\/strong>: Dostosuj rozmiar pude\u0142ka zgodnie ze specyfikacj\u0105 produktu klienta (tak\u0105 jak d\u0142ugo\u015b\u0107 i wysoko\u015b\u0107 skarpety), przy minimalnej ilo\u015bci zam\u00f3wienia 500 sztuk, aby zaspokoi\u0107 potrzeby dostosowywania ma\u0142ych i \u015brednich partii.<\/li>\n<\/ul>\n<h2 id=\"-5-quality-assurance-system-\"><strong>5. System zapewnienia jako\u015bci<\/strong><\/h2>\n<ul>\n<li><strong>Standard produkcji<\/strong>: Opieraj\u0105c si\u0119 na 16-letnim do\u015bwiadczeniu w profesjonalnym drukowaniu i pakowaniu, przy u\u017cyciu w pe\u0142ni automatycznych maszyn sztancuj\u0105cych i system\u00f3w kontroli jako\u015bci, aby zapewni\u0107, \u017ce b\u0142\u0105d korpusu pude\u0142ka wynosi \u22640,5 mm, a kwalifikowany wska\u017anik gotowych produkt\u00f3w osi\u0105ga 99,8%.<\/li>\n<li><strong>Zobowi\u0105zanie do \u015bwiadczenia us\u0142ug<\/strong>: Pe\u0142ne \u015bledzenie od sprawdzenia projektu do dostarczenia partii, zapewnienie 30-dniowych bezproblemowych zwrot\u00f3w i wymian oraz reagowanie na niestandardowe potrzeby w ci\u0105gu 72 godzin.<\/li>\n<\/ul>\n<h2 id=\"-6-application-scenarios-\"><strong>6. Scenariusze zastosowa\u0144<\/strong><\/h2>\n<ul>\n<li><strong>Wysokiej klasy sprzeda\u017c detaliczna<\/strong>: Jako markowe opakowanie ekspozycyjne, zwi\u0119ksza atrakcyjno\u015b\u0107 p\u00f3\u0142ki.<\/li>\n<li><strong>Rynek prezent\u00f3w<\/strong>: Dzi\u0119ki wst\u0105\u017ckom lub plombom w pasie, mo\u017cna ulepszy\u0107 \u015bwi\u0105teczne pude\u0142ka upominkowe, aby zwi\u0119kszy\u0107 warto\u015b\u0107 prezent\u00f3w.<\/li>\n<li><strong>Logistyka handlu elektronicznego<\/strong>: Optymalizacja projektu konstrukcji sejsmicznej, zmniejszenie strat transportowych i obni\u017cenie koszt\u00f3w posprzeda\u017cowych.<\/li>\n<\/ul>","protected":false},"excerpt":{"rendered":"<p>To pude\u0142ko z pokryw\u0105 i podstaw\u0105 zosta\u0142o zaprojektowane z my\u015bl\u0105 o wysokiej klasy odzie\u017cy i akcesoriach. \u0141\u0105czy w sobie prost\u0105 estetyk\u0119 z praktycznymi funkcjami, tworz\u0105c rozwi\u0105zanie opakowaniowe z poczuciem ceremonii i jako\u015bci. Korpus pude\u0142ka przyjmuje klasyczn\u0105 struktur\u0119 pokrywy i wieka, z czarnym kolorem g\u0142\u00f3wnym i logo marki. Wykorzystuje minimalistyczny j\u0119zyk projektowania, aby przekaza\u0107 stonowany i luksusowy ton marki, odpowiedni dla towar\u00f3w luksusowych, lekkiej luksusowej odzie\u017cy i prezent\u00f3w.<\/p>","protected":false},"featured_media":1095,"template":"","meta":{"_kad_post_transparent":"default","_kad_post_title":"","_kad_post_layout":"default","_kad_post_sidebar_id":"","_kad_post_content_style":"default","_kad_post_vertical_padding":"default","_kad_post_feature":"","_kad_post_feature_position":"","_kad_post_header":false,"_kad_post_footer":false,"_kad_post_classname":""},"product_brand":[],"product_cat":[15,30,19,17],"product_tag":[421,419,420],"class_list":{"0":"post-1091","1":"product","2":"type-product","3":"status-publish","4":"has-post-thumbnail","6":"product_cat-red-light-therapy","7":"product_cat-dropshipping","8":"product_cat-red-light-therapy-stand","9":"product_cat-services","10":"product_tag-custom-clothing-sock-packaging","11":"product_tag-lid-and-base-box-for-clothing","12":"product_tag-lid-and-base-box-for-sock","14":"first","15":"instock","16":"shipping-taxable","17":"product-type-simple","18":"entry","19":"content-bg","20":"loop-entry"},"_links":{"self":[{"href":"https:\/\/red-lighttherapy.com\/pl\/wp-json\/wp\/v2\/product\/1091","targetHints":{"allow":["GET"]}}],"collection":[{"href":"https:\/\/red-lighttherapy.com\/pl\/wp-json\/wp\/v2\/product"}],"about":[{"href":"https:\/\/red-lighttherapy.com\/pl\/wp-json\/wp\/v2\/types\/product"}],"wp:featuredmedia":[{"embeddable":true,"href":"https:\/\/red-lighttherapy.com\/pl\/wp-json\/wp\/v2\/media\/1095"}],"wp:attachment":[{"href":"https:\/\/red-lighttherapy.com\/pl\/wp-json\/wp\/v2\/media?parent=1091"}],"wp:term":[{"taxonomy":"product_brand","embeddable":true,"href":"https:\/\/red-lighttherapy.com\/pl\/wp-json\/wp\/v2\/product_brand?post=1091"},{"taxonomy":"product_cat","embeddable":true,"href":"https:\/\/red-lighttherapy.com\/pl\/wp-json\/wp\/v2\/product_cat?post=1091"},{"taxonomy":"product_tag","embeddable":true,"href":"https:\/\/red-lighttherapy.com\/pl\/wp-json\/wp\/v2\/product_tag?post=1091"}],"curies":[{"name":"wp","href":"https:\/\/api.w.org\/{rel}","templated":true}]}}