{"id":1080,"date":"2025-04-16T07:33:52","date_gmt":"2025-04-16T07:33:52","guid":{"rendered":"https:\/\/red-lighttherapy.com\/?post_type=product&#038;p=1080"},"modified":"2025-04-16T07:57:50","modified_gmt":"2025-04-16T07:57:50","slug":"top-and-bottom-packaging-boxes-vendor-for-phone-accessories","status":"publish","type":"product","link":"https:\/\/red-lighttherapy.com\/pl\/top-and-bottom-packaging-boxes-vendor-for-phone-accessories\/","title":{"rendered":"Sprzedawca opakowa\u0144 g\u00f3rnych i dolnych na akcesoria telefoniczne"},"content":{"rendered":"<h2 id=\"-mobile-phone-accessories-box-packaging-solution-\"><strong>Pude\u0142ko na akcesoria do telefon\u00f3w kom\u00f3rkowych<\/strong><\/h2>\n<h2 id=\"-i-core-material-environmentally-friendly-and-stable-\"><strong>1. Materia\u0142 rdzenia: przyjazny dla \u015brodowiska i stabilny<\/strong><\/h2>\n<p><strong>Podw\u00f3jny papier miedziany o gramaturze ponad 300 g<\/strong>\u00a0jest u\u017cywany jako papier powierzchniowy, a\u00a0<strong>Jednostronna bia\u0142a p\u0142yta o wysokiej g\u0119sto\u015bci<\/strong>\u00a0s\u0142u\u017cy jako podstawa do stworzenia solidnej i stabilnej konstrukcji pude\u0142ka. Powierzchnia miedzianego papieru jest g\u0142adka i delikatna, z wysokim odwzorowaniem kolor\u00f3w, zapewniaj\u0105c wyra\u017ane i jasne nadruki; szara p\u0142yta zapewnia doskona\u0142\u0105 odporno\u015b\u0107 na nacisk i trwa\u0142o\u015b\u0107, skutecznie mocuj\u0105c akcesoria do telefon\u00f3w kom\u00f3rkowych (takie jak \u0142adowarki, kable do transmisji danych, s\u0142uchawki itp.), aby unikn\u0105\u0107 wstrz\u0105s\u00f3w i kolizji podczas transportu. Wszystkie materia\u0142y spe\u0142niaj\u0105 normy ochrony \u015brodowiska, wspieraj\u0105 recykling i ponowne u\u017cycie oraz spe\u0142niaj\u0105 trend ekologicznych opakowa\u0144.<\/p>\n<h2 id=\"-ii-appearance-design-simple-and-atmospheric-the-brand-image-is-vivid-on-the-box-\"><strong>2. Wygl\u0105d: prosty i klimatyczny, wizerunek marki jest \u017cywy na pude\u0142ku<\/strong><\/h2>\n<ol>\n<li>Korpus pude\u0142ka jest oparty na\u00a0<strong>czysta biel<\/strong>\u00a0i przyjmuje\u00a0<strong>Technologia druku czterokolorowego (CMYK)<\/strong>\u00a0aby dok\u0142adnie przedstawi\u0107 logo klienta i informacje graficzne, zapewniaj\u0105c nasycenie kolor\u00f3w i warstwowanie szczeg\u00f3\u0142\u00f3w.<\/li>\n<li>Wsparcie\u00a0<strong>gradient, kolor dodatkowy, t\u0142oczenie na gor\u0105co<\/strong>\u00a0i inne specjalne procesy, takie jak zwi\u0119kszenie lokalnego po\u0142ysku poprzez druk UV lub wykorzystanie technologii wyt\u0142aczania w celu podkre\u015blenia tr\u00f3jwymiarowo\u015bci logo marki.<\/li>\n<li>Powierzchnia g\u00f3rnego i dolnego pude\u0142ka przyjmuje\u00a0<strong>Technologia laminowania foli\u0105 matow\u0105<\/strong>\u00a0Aby poprawi\u0107 odporno\u015b\u0107 na zu\u017cycie i dzia\u0142anie przeciwporostowe, nie jest \u0142atwo pozostawi\u0107 odciski palc\u00f3w lub zadrapania w codziennym u\u017cytkowaniu, jednocze\u015bnie poprawiaj\u0105c tekstur\u0119 korpusu pude\u0142ka.<\/li>\n<\/ol>\n<h2 id=\"-three-structural-optimization-humanized-opening-and-closing-and-adaptability-\"><strong>3. optymalizacja strukturalna: humanizowane otwieranie i zamykanie oraz zdolno\u015b\u0107 adaptacji<\/strong><\/h2>\n<ol>\n<li><strong>\u0141atwe otwieranie i zamykanie<\/strong>: Pokrywa pude\u0142ka i sp\u00f3d pude\u0142ka s\u0105 wykonane w technologii precyzyjnego wykrawania, a konstrukcja spowalniaj\u0105ca przep\u0142yw powietrza zapewnia p\u0142ynne opadanie dolnej cz\u0119\u015bci pude\u0142ka podczas otwierania (zgodnie z opatentowan\u0105 struktur\u0105 Apple).<\/li>\n<li><strong>Pozycja palca bocznego<\/strong>: Z boku znajduje si\u0119 \u0142ukowaty rowek, kt\u00f3ry mo\u017cna \u0142atwo otworzy\u0107 jedn\u0105 r\u0119k\u0105, aby poprawi\u0107 komfort u\u017cytkowania.<\/li>\n<li>Zapewni\u0107\u00a0<strong>kwadratowe, sze\u015bciok\u0105tne, szufladowe, z przyssawk\u0105 magnetyczn\u0105<\/strong>\u00a0i innych typ\u00f3w pude\u0142ek, aby dostosowa\u0107 si\u0119 do r\u00f3\u017cnych rozmiar\u00f3w akcesori\u00f3w i potrzeb zwi\u0105zanych z wy\u015bwietlaniem. Na przyk\u0142ad:<\/li>\n<li><strong>Szuflada<\/strong>: Nadaje si\u0119 do zestaw\u00f3w kombinowanych z wieloma akcesoriami, konstrukcja z bocznym naci\u0105giem u\u0142atwia klasyfikacj\u0119 i przechowywanie.<\/li>\n<li><strong>Pude\u0142ko z klamr\u0105 magnetyczn\u0105<\/strong>: Najlepszy wyb\u00f3r dla modeli z wy\u017cszej p\u00f3\u0142ki, ze stabilnym zamkni\u0119ciem i silnym poczuciem ceremonii.<\/li>\n<\/ol>\n<h2 id=\"-fourth-customized-service-flexibly-meet-personalized-needs-\"><strong>4. Indywidualna obs\u0142uga: elastyczne spe\u0142nianie spersonalizowanych potrzeb<\/strong><\/h2>\n<ol>\n<li>Obs\u0142uguje niestandardowy projekt ca\u0142ej powierzchni pude\u0142ka, kt\u00f3ry mo\u017cna zintegrowa\u0107 z historiami marki, parametrami produktu lub ilustracjami artystycznymi. Na przyk\u0142ad:<\/li>\n<li><strong>Cz\u0119\u015bciowe wydr\u0105\u017cenie<\/strong>: Z przezroczystym okienkiem do wy\u015bwietlania szczeg\u00f3\u0142\u00f3w akcesori\u00f3w.<\/li>\n<li><strong>Elementy kulturowe<\/strong>: W po\u0142\u0105czeniu z technologi\u0105 t\u0142oczenia na gor\u0105co, aby zaprezentowa\u0107 tradycyjne wzory i podkre\u015bli\u0107 ton produktu.<\/li>\n<li>Dostosuj struktur\u0119 podszewki do rozmiaru akcesori\u00f3w (takich jak s\u0142uchawki bezprzewodowe, zasilacze mobilne) i u\u017cytkowania\u00a0<strong>Blistry EVA lub tektura o strukturze plastra miodu<\/strong>\u00a0do mocowania produktu, bior\u0105c pod uwag\u0119 zar\u00f3wno ochron\u0119, jak i lekko\u015b\u0107.<\/li>\n<\/ol>\n<h2 id=\"-v-production-capacity-and-quality-control-guarantee-\"><strong>5. Zdolno\u015b\u0107 produkcyjna i gwarancja kontroli jako\u015bci<\/strong><\/h2>\n<ol>\n<li>Z\u00a0<strong>5 320 metr\u00f3w kwadratowych nowoczesnego warsztatu<\/strong>Wyposa\u017cony we w pe\u0142ni zautomatyzowane maszyny sztancuj\u0105ce, linie drukuj\u0105ce UV i przyjazny dla \u015brodowiska sprz\u0119t do laminowania, obs\u0142uguje dzienn\u0105 zdolno\u015b\u0107 produkcyjn\u0105 ponad 100 000 sztuk, a cykl dostaw jest skr\u00f3cony do\u00a0<strong>15-20 dni roboczych<\/strong>.<\/li>\n<li>Od magazynowania surowc\u00f3w po dostaw\u0119 gotowych produkt\u00f3w, wdra\u017camy\u00a0<strong>Sze\u015bciopoziomowe procesy kontroli jako\u015bci<\/strong>, w tym wykrywanie r\u00f3\u017cnicy kolor\u00f3w (\u0394E\u22641,5), test upadku (wysoko\u015b\u0107 1,5 metra bez uszkodze\u0144), test odporno\u015bci na wilgo\u0107 i warunki atmosferyczne itp.<\/li>\n<\/ol>\n<h2 id=\"-vi-application-scenarios-and-case-studies-\"><strong>6. Scenariusze zastosowa\u0144 i studia przypadk\u00f3w<\/strong><\/h2>\n<ul>\n<li><strong>Wysokiej klasy akcesoria<\/strong>Pude\u0142ko na bezprzewodowy zestaw s\u0142uchawkowy Bluetooth jest wyposa\u017cone w magnetyczn\u0105 przyssawk\u0119 i t\u0142oczone na gor\u0105co logo, co zwi\u0119ksza komfort rozpakowywania.<\/li>\n<li><strong>Zestaw przyjazny dla \u015brodowiska<\/strong>Wykorzystanie degradowalnej szarej tektury i druku atramentowego, zgodnie z koncepcj\u0105 zr\u00f3wnowa\u017conego rozwoju.<\/li>\n<\/ul>\n<h2 id=\"-choose-us-you-will-get-\"><strong>Wybieraj\u0105c nas, otrzymasz:<\/strong><\/h2>\n<p>\u2705\u00a0<strong>Profesjonalny zesp\u00f3\u0142 projektant\u00f3w<\/strong>: Us\u0142uga 1 do 1 od komunikacji na \u017c\u0105danie do potwierdzenia proofingu. \u2705\u00a0<strong>Wydajna dostawa<\/strong>: Przyspieszone zam\u00f3wienia mog\u0105 zosta\u0107 wys\u0142ane nawet w ci\u0105gu 7 dni, przy wsparciu globalnego \u015bledzenia logistycznego. \u2705\u00a0<strong>Optymalizacja koszt\u00f3w<\/strong>: Zakupy na du\u017c\u0105 skal\u0119 i odchudzona produkcja, 15%-20% ni\u017csza ni\u017c \u015brednia cena rynkowa.<\/p>","protected":false},"excerpt":{"rendered":"<p>Pokrywa i podstawa pude\u0142ka s\u0105 w kolorze czystej bieli, a czterokolorowy proces drukowania jest wykorzystywany do dok\u0142adnego wydrukowania logo klienta. Taki projekt tworzy prosty i elegancki styl. Wybrano wysokiej jako\u015bci materia\u0142y, z papierem powlekanym jako papierem wierzchnim i jednostronn\u0105 bia\u0142\u0105 szar\u0105 tektur\u0105 jako podstaw\u0105. Korpus pude\u0142ka jest solidny i stabilny, a produkt mo\u017cna niezawodnie zamocowa\u0107.<\/p>","protected":false},"featured_media":1089,"template":"","meta":{"_kad_post_transparent":"default","_kad_post_title":"","_kad_post_layout":"default","_kad_post_sidebar_id":"","_kad_post_content_style":"default","_kad_post_vertical_padding":"default","_kad_post_feature":"","_kad_post_feature_position":"","_kad_post_header":false,"_kad_post_footer":false,"_kad_post_classname":""},"product_brand":[],"product_cat":[15,19,17],"product_tag":[417,418,416],"class_list":{"0":"post-1080","1":"product","2":"type-product","3":"status-publish","4":"has-post-thumbnail","6":"product_cat-red-light-therapy","7":"product_cat-red-light-therapy-stand","8":"product_cat-services","9":"product_tag-phone-accessories-packaging-boxes","10":"product_tag-phone-packaging-boxes-vendor","11":"product_tag-top-and-bottom-packaging-boxes","13":"first","14":"instock","15":"shipping-taxable","16":"product-type-simple","17":"entry","18":"content-bg","19":"loop-entry"},"_links":{"self":[{"href":"https:\/\/red-lighttherapy.com\/pl\/wp-json\/wp\/v2\/product\/1080","targetHints":{"allow":["GET"]}}],"collection":[{"href":"https:\/\/red-lighttherapy.com\/pl\/wp-json\/wp\/v2\/product"}],"about":[{"href":"https:\/\/red-lighttherapy.com\/pl\/wp-json\/wp\/v2\/types\/product"}],"wp:featuredmedia":[{"embeddable":true,"href":"https:\/\/red-lighttherapy.com\/pl\/wp-json\/wp\/v2\/media\/1089"}],"wp:attachment":[{"href":"https:\/\/red-lighttherapy.com\/pl\/wp-json\/wp\/v2\/media?parent=1080"}],"wp:term":[{"taxonomy":"product_brand","embeddable":true,"href":"https:\/\/red-lighttherapy.com\/pl\/wp-json\/wp\/v2\/product_brand?post=1080"},{"taxonomy":"product_cat","embeddable":true,"href":"https:\/\/red-lighttherapy.com\/pl\/wp-json\/wp\/v2\/product_cat?post=1080"},{"taxonomy":"product_tag","embeddable":true,"href":"https:\/\/red-lighttherapy.com\/pl\/wp-json\/wp\/v2\/product_tag?post=1080"}],"curies":[{"name":"wp","href":"https:\/\/api.w.org\/{rel}","templated":true}]}}