{"id":1074,"date":"2025-04-16T07:17:06","date_gmt":"2025-04-16T07:17:06","guid":{"rendered":"https:\/\/red-lighttherapy.com\/?post_type=product&#038;p=1074"},"modified":"2025-04-16T07:33:44","modified_gmt":"2025-04-16T07:33:44","slug":"custom-black-slide-drawer-t-shirt-clothes-packaging-dealers","status":"publish","type":"product","link":"https:\/\/red-lighttherapy.com\/pl\/custom-black-slide-drawer-t-shirt-clothes-packaging-dealers\/","title":{"rendered":"Niestandardowe czarne szuflady na koszulki do pakowania ubra\u0144 Dilerzy"},"content":{"rendered":"<h2 id=\"-customized-black-drawer-style-t-shirt-clothing-packaging-solution-\"><strong>Indywidualne rozwi\u0105zanie do pakowania odzie\u017cy typu T-shirt z czarn\u0105 szuflad\u0105<\/strong><\/h2>\n<h2 id=\"1-advanced-materials-and-craftsmanship-\">1.\u00a0<strong>Zaawansowane materia\u0142y i rzemios\u0142o<\/strong><\/h2>\n<ul>\n<li><strong>Po\u0142\u0105czenie specjalnego papieru i szarej tektury<\/strong>: W opakowaniu zewn\u0119trznym zastosowano teksturowany papier specjalny o gramaturze 120 g, kt\u00f3ry ma delikatn\u0105 i warstwow\u0105 powierzchni\u0119 i jest po\u0142\u0105czony z wy\u015bci\u00f3\u0142k\u0105 z szarej tektury o wysokiej g\u0119sto\u015bci 1200 g, aby zapewni\u0107, \u017ce pude\u0142ko jest sztywne i odporne na nacisk, bior\u0105c pod uwag\u0119 zar\u00f3wno tekstur\u0119 wygl\u0105du, jak i skuteczno\u015b\u0107 ochrony.<\/li>\n<li><strong>B\u0142ogos\u0142awie\u0144stwo technologii t\u0142oczenia br\u0105zu<\/strong>: Powierzchnia wykorzystuje tr\u00f3jwymiarow\u0105 technologi\u0119 t\u0142oczenia z\u0142ota, a logo marki lub wz\u00f3r przeskakuje na papierze z metalicznym po\u0142yskiem, prezentuj\u0105c \"z\u0142oty\" luksusowy wygl\u0105d, zwi\u0119kszaj\u0105c rozpoznawalno\u015b\u0107 marki i tonalno\u015b\u0107.<\/li>\n<\/ul>\n<h2 id=\"2-drawer-style-structure-design-\">2.\u00a0<strong>Konstrukcja w stylu szuflady<\/strong><\/h2>\n<ul>\n<li><strong>Ceremonia i wygoda wsp\u00f3\u0142istniej\u0105<\/strong>: Kszta\u0142t szuflady jest inspirowany klasycznym projektem przechowywania, a wysuwanie jest p\u0142ynne i g\u0142adkie. Proces otwierania i zamykania daje u\u017cytkownikom \"poczucie ceremonii rozpakowywania\", jednocze\u015bnie u\u0142atwiaj\u0105c wielokrotne przechowywanie i wyjmowanie T-shirt\u00f3w. Struktura pude\u0142ka zosta\u0142a precyzyjnie obliczona, aby zapewni\u0107, \u017ce szuflada i zewn\u0119trzne pude\u0142ko s\u0105 mocno po\u0142\u0105czone, aby unikn\u0105\u0107 luzu.<\/li>\n<li><strong>Ergonomiczne dopasowanie<\/strong>: Dostosuj proporcje pude\u0142ka zgodnie z rozmiarem sk\u0142adanej koszulki i zalecaj jednowarstwow\u0105 lub wielowarstwow\u0105 struktur\u0119 szuflady (tak\u0105 jak wielocz\u0119\u015bciowe pude\u0142ka upominkowe), odpowiedni\u0105 do prezent\u00f3w biznesowych, sprzeda\u017cy limitowanej edycji i innych scenariuszy.<\/li>\n<\/ul>\n<h2 id=\"3-environmental-certification-and-sustainable-concept-\">3.\u00a0<strong>Certyfikacja \u015brodowiskowa i zr\u00f3wnowa\u017cona koncepcja<\/strong><\/h2>\n<ul>\n<li><strong>Certyfikacja las\u00f3w FSC<\/strong>: Wszystkie materia\u0142y opakowaniowe posiadaj\u0105 certyfikat FSC, aby zapewni\u0107, \u017ce \u017ar\u00f3d\u0142o papieru spe\u0142nia standardy zr\u00f3wnowa\u017conej gospodarki le\u015bnej i spe\u0142nia potrzeby wysokiej klasy marek w zakresie ochrony \u015brodowiska i odpowiedzialno\u015bci spo\u0142ecznej.<\/li>\n<li><strong>Konstrukcja nadaj\u0105ca si\u0119 do recyklingu<\/strong>: Zastosuj przyjazny dla \u015brodowiska klej i degradowaln\u0105 foli\u0119 do t\u0142oczenia na gor\u0105co, bior\u0105c pod uwag\u0119 zar\u00f3wno pi\u0119kno, jak i ochron\u0119 \u015brodowiska, pomagaj\u0105c marce przekaza\u0107 zielone warto\u015bci.<\/li>\n<\/ul>\n<h2 id=\"4-service-system-and-advantages-\">4.\u00a0<strong>System obs\u0142ugi i zalety<\/strong><\/h2>\n<ul>\n<li><strong>Profesjonalne rozwi\u0105zanie jeden na jeden<\/strong>: Od rozmiaru koszulki, tonu marki po scenariusze u\u017cytkowania (takie jak pude\u0142ka na prezenty \u015bwi\u0105teczne, wsp\u00f3lna sprzeda\u017c), zapewniamy niestandardowy typ pude\u0142ka, proces i sugestie dotycz\u0105ce projektu wizualnego, aby poprawi\u0107 zdolno\u015b\u0107 adaptacji produkt\u00f3w i opakowa\u0144.<\/li>\n<li><strong>Gwarancja b\u0142yskawicznej dostawy<\/strong>: Opieraj\u0105c si\u0119 na inteligentnych liniach produkcyjnych (takich jak ci\u0119cie laserowe i technologia formowania t\u0142ocznego), obs\u0142ugujemy zam\u00f3wienia od ma\u0142ych do du\u017cych partii i dostarczamy je tak szybko, jak 72 godziny, a pe\u0142na kontrola jako\u015bci zapewnia, \u017ce gotowy produkt jest bezb\u0142\u0119dny.<\/li>\n<li><strong>Wysoce op\u0142acalny wyb\u00f3r<\/strong>: Obni\u017cenie koszt\u00f3w dzi\u0119ki optymalizacji kombinacji proces\u00f3w (takich jak cz\u0119\u015bciowe t\u0142oczenie na gor\u0105co + zwyk\u0142y papier specjalny) przy jednoczesnym zachowaniu wysokiej jako\u015bci tekstury, odpowiedniej dla r\u00f3\u017cnych potrzeb marek rozpoczynaj\u0105cych dzia\u0142alno\u015b\u0107 i towar\u00f3w luksusowych.<\/li>\n<\/ul>\n<h2 id=\"5-application-scenarios-and-cases-\">5.\u00a0<strong>Scenariusze i przypadki zastosowa\u0144<\/strong><\/h2>\n<ul>\n<li><strong>Luksusowe modele przegub\u00f3w<\/strong>: Czarne, t\u0142oczone na gor\u0105co pude\u0142ko z matowym, teksturowanym papierem podkre\u015bla rzadko\u015b\u0107 i warto\u015b\u0107 kolekcjonersk\u0105 limitowanych edycji koszulek (przyk\u0142ad referencyjny: logika projektowania opakowa\u0144 LV).<\/li>\n<li><strong>Wakacyjny zestaw upominkowy<\/strong>: Wielowarstwowa struktura szuflady pomie\u015bci koszulki i akcesoria, a ukryty nadruk z ty\u0142u mo\u017cna dostosowa\u0107 do \u015bwi\u0105tecznych wzor\u00f3w, aby zwi\u0119kszy\u0107 zaskoczenie po rozpakowaniu.<\/li>\n<li><strong>Wydarzenie flashowe marki<\/strong>: Po\u0142\u0105czenie \u015bwiec\u0105cego t\u0142oczenia na gor\u0105co lub wra\u017cliwej na temperatur\u0119 technologii zmiany koloru (takiej jak projekt \u015bwiec\u0105cego stadionu SOULGOODS) w celu stworzenia interaktywnego opakowania, kt\u00f3re przyci\u0105gnie m\u0142odych konsument\u00f3w do robienia zdj\u0119\u0107 i rozpowszechniania.<\/li>\n<\/ul>","protected":false},"excerpt":{"rendered":"<p>Szuflada na papier, \u0142atwa do wyci\u0105gni\u0119cia i wygodniejsza, wykonana z wysokiej jako\u015bci teksturowanego papieru specjalnego, tajemnicza seria wysokiej klasy, zastosowany materia\u0142 to teksturowany papier specjalny 120G i sztywna tektura 1200G, mocna i trwa\u0142a<\/p>","protected":false},"featured_media":1078,"template":"","meta":{"_kad_post_transparent":"default","_kad_post_title":"","_kad_post_layout":"default","_kad_post_sidebar_id":"","_kad_post_content_style":"default","_kad_post_vertical_padding":"default","_kad_post_feature":"","_kad_post_feature_position":"","_kad_post_header":false,"_kad_post_footer":false,"_kad_post_classname":""},"product_brand":[],"product_cat":[15,30,20,17],"product_tag":[414,415,413],"class_list":{"0":"post-1074","1":"product","2":"type-product","3":"status-publish","4":"has-post-thumbnail","6":"product_cat-red-light-therapy","7":"product_cat-dropshipping","8":"product_cat-led-face-light-therapy","9":"product_cat-services","10":"product_tag-clothes-packaging-dealers","11":"product_tag-custom-black-clothes-box","12":"product_tag-drawer-t-shirt-packaging","14":"first","15":"instock","16":"shipping-taxable","17":"product-type-simple","18":"entry","19":"content-bg","20":"loop-entry"},"_links":{"self":[{"href":"https:\/\/red-lighttherapy.com\/pl\/wp-json\/wp\/v2\/product\/1074","targetHints":{"allow":["GET"]}}],"collection":[{"href":"https:\/\/red-lighttherapy.com\/pl\/wp-json\/wp\/v2\/product"}],"about":[{"href":"https:\/\/red-lighttherapy.com\/pl\/wp-json\/wp\/v2\/types\/product"}],"wp:featuredmedia":[{"embeddable":true,"href":"https:\/\/red-lighttherapy.com\/pl\/wp-json\/wp\/v2\/media\/1078"}],"wp:attachment":[{"href":"https:\/\/red-lighttherapy.com\/pl\/wp-json\/wp\/v2\/media?parent=1074"}],"wp:term":[{"taxonomy":"product_brand","embeddable":true,"href":"https:\/\/red-lighttherapy.com\/pl\/wp-json\/wp\/v2\/product_brand?post=1074"},{"taxonomy":"product_cat","embeddable":true,"href":"https:\/\/red-lighttherapy.com\/pl\/wp-json\/wp\/v2\/product_cat?post=1074"},{"taxonomy":"product_tag","embeddable":true,"href":"https:\/\/red-lighttherapy.com\/pl\/wp-json\/wp\/v2\/product_tag?post=1074"}],"curies":[{"name":"wp","href":"https:\/\/api.w.org\/{rel}","templated":true}]}}