{"id":1068,"date":"2025-04-16T07:02:21","date_gmt":"2025-04-16T07:02:21","guid":{"rendered":"https:\/\/red-lighttherapy.com\/?post_type=product&#038;p=1068"},"modified":"2025-04-16T07:16:58","modified_gmt":"2025-04-16T07:16:58","slug":"luxury-quality-double-door-box-for-arab-perfume-skincare","status":"publish","type":"product","link":"https:\/\/red-lighttherapy.com\/pl\/luxury-quality-double-door-box-for-arab-perfume-skincare\/","title":{"rendered":"Luksusowe pude\u0142ko z podw\u00f3jnymi drzwiczkami na arabskie perfumy do piel\u0119gnacji sk\u00f3ry"},"content":{"rendered":"<h2 id=\"-luxury-high-quality-double-door-arabian-perfume-and-skincare-box-product-description-\"><strong>Luksusowe, wysokiej jako\u015bci dwudrzwiowe arabskie pude\u0142ko na perfumy i kosmetyki Opis produktu<\/strong><\/h2>\n<h2 id=\"-1-design-concept-fusion-of-western-inspiration-and-arabian-luxury-\"><strong>1. Koncepcja projektu: Po\u0142\u0105czenie zachodniej inspiracji i arabskiego luksusu<\/strong><\/h2>\n<ul>\n<li><strong>Kolorystyka i estetyka wizualna<\/strong>: Zewn\u0119trzny projekt pude\u0142ka czerpie inspiracj\u0119 zar\u00f3wno z zachodniego minimalizmu, jak i tradycyjnej sztuki arabskiej, wykorzystuj\u0105c mi\u0119kki niebiesko-zielony, mlecznobia\u0142y i piaskowo-z\u0142oty gradient jako g\u0142\u00f3wne kolory, z geometrycznymi liniami i arabskimi wzorami zdobienia na gor\u0105co, kt\u00f3re nie tylko zachowuj\u0105 nowoczesne poczucie luksusu, ale tak\u017ce zawieraj\u0105 g\u0142\u0119bi\u0119 i tajemnic\u0119 kultury arabskiej. Czterokolorowy nadruk na powierzchni pude\u0142ka w po\u0142\u0105czeniu z technologi\u0105 matowej folii prezentuje delikatn\u0105 tekstur\u0119 przypominaj\u0105c\u0105 jedwab, odzwierciedlaj\u0105c luksusowe geny arabskiego zapachu.<\/li>\n<li><strong>Integracja symboli kulturowych<\/strong>: Bok korpusu pude\u0142ka zawiera wydr\u0105\u017cony reliefowy wz\u00f3r kopu\u0142y tradycyjnej architektury arabskiej, ze z\u0142otym kartonowym obramowaniem, symbolizuj\u0105cym przepych i godno\u015b\u0107 arabskiego pa\u0142acu.<\/li>\n<\/ul>\n<h2 id=\"-2-material-technology-ultimate-texture-and-structural-stability-\"><strong>2. Technologia materia\u0142owa: najwy\u017csza tekstura i stabilno\u015b\u0107 strukturalna<\/strong><\/h2>\n<ul>\n<li><strong>Materia\u0142 rdzenia<\/strong>: Powierzchnia wykonana jest z papieru powlekanego o wysokim po\u0142ysku 157G, aby zapewni\u0107 nasycenie kolor\u00f3w i odporno\u015b\u0107 na zarysowania; warstwa wewn\u0119trzna wykorzystuje szar\u0105 tektur\u0119 o wysokiej wytrzyma\u0142o\u015bci 1200G, aby zapewni\u0107 sztywne podparcie, dzi\u0119ki czemu pude\u0142ko mo\u017ce pozosta\u0107 p\u0142askie i nowe nawet podczas transportu na du\u017ce odleg\u0142o\u015bci.<\/li>\n<li><strong>Szczeg\u00f3\u0142y technologiczne<\/strong>: Z\u0142ota kraw\u0119d\u017a papieru karty jest przetwarzana przez czterokolorowy nadruk + laminowanie matow\u0105 foli\u0105, aby unikn\u0105\u0107 pozostawiania odcisk\u00f3w palc\u00f3w, a arabski wz\u00f3r winoro\u015bli jest prezentowany za pomoc\u0105 technologii mikro-t\u0142oczenia, kt\u00f3ra sprawia wra\u017cenie tr\u00f3jwymiarowo\u015bci i elegancji.<\/li>\n<\/ul>\n<h2 id=\"-3-box-opening-structure-both-ritual-sense-and-functionality-\"><strong>3. Struktura otwierania pude\u0142ka: zar\u00f3wno sens rytualny, jak i funkcjonalno\u015b\u0107<\/strong><\/h2>\n<ul>\n<li><strong>Konstrukcja z podw\u00f3jnymi drzwiami<\/strong>: Metoda otwierania pude\u0142ka z klapk\u0105 po lewej i prawej stronie, zawias przyjmuje ukryt\u0105 magnetyczn\u0105 struktur\u0119 ss\u0105c\u0105, a momentowi otwierania i zamykania towarzyszy lekkie uczucie t\u0142umienia, tworz\u0105c rytua\u0142 \"otwierania hali\". Wewn\u0119trzna warstwowa konstrukcja mo\u017ce pomie\u015bci\u0107 butelki perfum, olejek z drzewa agarowego, zestawy do piel\u0119gnacji sk\u00f3ry itp., a niestandardowe przegr\u00f3dki mog\u0105 by\u0107 u\u017cywane do przechowywania wielu kategorii.<\/li>\n<li><strong>Hierarchiczna prezentacja<\/strong>: Pierwsza warstwa to przezroczyste akrylowe okno ekspozycyjne, kt\u00f3re mo\u017ce bezpo\u015brednio prezentowa\u0107 produkt; druga warstwa to wy\u0142o\u017cona aksamitem szuflada z wbudowanym paskiem \u015bwietlnym LED, kt\u00f3ry o\u015bwietla butelk\u0119 zapachu zaraz po otwarciu pude\u0142ka, zwi\u0119kszaj\u0105c wizualn\u0105 hierarchi\u0119 i zanurzenie.<\/li>\n<\/ul>\n<h2 id=\"-4-customized-service-flexible-adaptation-to-diverse-needs-\"><strong>4. Indywidualna obs\u0142uga: Elastyczne dostosowanie do zr\u00f3\u017cnicowanych potrzeb<\/strong><\/h2>\n<ul>\n<li><strong>Typ skrzynki i rozszerzenie funkcji<\/strong>: Obs\u0142uguje reprodukcj\u0119 1:1 klasycznych typ\u00f3w pude\u0142ek (takich jak pude\u0142ka w kszta\u0142cie ksi\u0105\u017cki, g\u00f3rne i dolne pokrywy itp.), a tak\u017ce mo\u017ce innowacyjnie projektowa\u0107 struktury o specjalnych kszta\u0142tach. Na przyk\u0142ad, niezale\u017cne gniazdo zosta\u0142o zaprojektowane dla zestawu olejk\u00f3w eterycznych z drewna agarowego, aby dostosowa\u0107 si\u0119 do wy\u0142\u0105cznej przestrzeni na wi\u00f3ry z drewna agarowego i kadzide\u0142ka.<\/li>\n<li><strong>Pe\u0142na przejrzysto\u015b\u0107 procesu<\/strong>: Opieraj\u0105c si\u0119 na w\u0142asnej fabryce na du\u017c\u0105 skal\u0119 i ponad 2000-letnim do\u015bwiadczeniu we wsp\u00f3\u0142pracy z markami, zapewnia sprawdzanie modeli 3D, por\u00f3wnywanie pr\u00f3bek materia\u0142\u00f3w i \u015bledzenie post\u0119p\u00f3w produkcji w czasie rzeczywistym, aby zapewni\u0107 dok\u0142adn\u0105 kontrol\u0119 ka\u017cdego ogniwa od projektu do dostawy.<\/li>\n<\/ul>\n<h2 id=\"-5-brand-strength-professional-team-and-industry-endorsement-\"><strong>5. Si\u0142a marki: profesjonalny zesp\u00f3\u0142 i poparcie bran\u017cy<\/strong><\/h2>\n<ul>\n<li><strong>Zesp\u00f3\u0142 projektowy<\/strong>: Starsi in\u017cynierowie i konsultanci ds. bada\u0144 nad kultur\u0105 arabsk\u0105 wsp\u00f3lnie pracuj\u0105 nad zapewnieniem r\u00f3wnowagi mi\u0119dzy estetyk\u0105 a funkcjonalno\u015bci\u0105. Na przyk\u0142ad, zaprojektowali\u015bmy limitowan\u0105 edycj\u0119 pude\u0142ek na perfumy dla marek takich jak Swiss Arabian, integruj\u0105c arabskie r\u00f3\u017ce i elementy zachodniej sztuki abstrakcyjnej.<\/li>\n<li><strong>Gwarancja produkcji<\/strong>: Ca\u0142y proces drukowania, sztancowania i monta\u017cu odbywa si\u0119 w bezpy\u0142owym warsztacie z certyfikatem ISO, co pozwala na szybk\u0105 weryfikacj\u0119 w ci\u0105gu 72 godzin, obs\u0142ug\u0119 personalizacji ma\u0142ych partii i masowej produkcji na du\u017c\u0105 skal\u0119 oraz zaspokojenie potrzeb zwi\u0105zanych z wydarzeniami flashowymi marki lub rocznymi limitowanymi edycjami.<\/li>\n<\/ul>\n<h2 id=\"-why-choose-us-\"><strong>Dlaczego warto nas wybra\u0107?<\/strong><\/h2>\n<ul>\n<li><strong>G\u0142\u0119bia kulturowa<\/strong>: Jeste\u015bmy dobrze zorientowani w religijnym sensie rytualnym i spo\u0142ecznych atrybutach arabskich zapach\u00f3w i przekszta\u0142camy symbole takie jak drzewo agarowe i kadzid\u0142o w j\u0119zyk projektowania;<\/li>\n<li><strong>Do\u015bwiadczenie transgraniczne<\/strong>: Dostarczyli\u015bmy rozwi\u0105zania opakowaniowe dla najlepszych marek, takich jak Amouage i Arabian Oud, i znamy potrzeby rynku high-end;<\/li>\n<li><strong>Bariery techniczne<\/strong>: Ekskluzywna matowa folia + technologia wyt\u0142aczania, pozwalaj\u0105ca unikn\u0105\u0107 taniego problemu odbijania \u015bwiat\u0142a typowego dla z\u0142otego papieru na rynku i naprawd\u0119 realizuj\u0105ca \"luksus w niskim kluczu\".<\/li>\n<\/ul>","protected":false},"excerpt":{"rendered":"<p>Metoda otwierania pude\u0142ka to dwustronne otwieranie pokrywy pude\u0142ka prezentowego. Nowatorskie poczucie rytua\u0142u nadaje opakowaniu inne poczucie warstwowo\u015bci. Zewn\u0119trzne pude\u0142ko wykorzystuje zachodnie inspiracje projektowe i kolorowe zdobienia, kt\u00f3re s\u0105 wysokiej klasy i klimatyczne. Papier powierzchniowy wykorzystuje powlekany papier artystyczny 157G i sztywn\u0105 tektur\u0119 1200G, kt\u00f3ra mocno wspiera og\u00f3ln\u0105 tekstur\u0119 zewn\u0119trznego pude\u0142ka i jest g\u0142adka i jedwabista.<\/p>","protected":false},"featured_media":1072,"template":"","meta":{"_kad_post_transparent":"default","_kad_post_title":"","_kad_post_layout":"default","_kad_post_sidebar_id":"","_kad_post_content_style":"default","_kad_post_vertical_padding":"default","_kad_post_feature":"","_kad_post_feature_position":"","_kad_post_header":false,"_kad_post_footer":false,"_kad_post_classname":""},"product_brand":[],"product_cat":[15,28,17],"product_tag":[411,410,412],"class_list":{"0":"post-1068","1":"product","2":"type-product","3":"status-publish","4":"has-post-thumbnail","6":"product_cat-red-light-therapy","7":"product_cat-customize","8":"product_cat-services","9":"product_tag-arab-perfume-box","10":"product_tag-double-door-box","11":"product_tag-luxury-quality-skincare-box","13":"first","14":"instock","15":"shipping-taxable","16":"product-type-simple","17":"entry","18":"content-bg","19":"loop-entry"},"_links":{"self":[{"href":"https:\/\/red-lighttherapy.com\/pl\/wp-json\/wp\/v2\/product\/1068","targetHints":{"allow":["GET"]}}],"collection":[{"href":"https:\/\/red-lighttherapy.com\/pl\/wp-json\/wp\/v2\/product"}],"about":[{"href":"https:\/\/red-lighttherapy.com\/pl\/wp-json\/wp\/v2\/types\/product"}],"wp:featuredmedia":[{"embeddable":true,"href":"https:\/\/red-lighttherapy.com\/pl\/wp-json\/wp\/v2\/media\/1072"}],"wp:attachment":[{"href":"https:\/\/red-lighttherapy.com\/pl\/wp-json\/wp\/v2\/media?parent=1068"}],"wp:term":[{"taxonomy":"product_brand","embeddable":true,"href":"https:\/\/red-lighttherapy.com\/pl\/wp-json\/wp\/v2\/product_brand?post=1068"},{"taxonomy":"product_cat","embeddable":true,"href":"https:\/\/red-lighttherapy.com\/pl\/wp-json\/wp\/v2\/product_cat?post=1068"},{"taxonomy":"product_tag","embeddable":true,"href":"https:\/\/red-lighttherapy.com\/pl\/wp-json\/wp\/v2\/product_tag?post=1068"}],"curies":[{"name":"wp","href":"https:\/\/api.w.org\/{rel}","templated":true}]}}