{"id":1061,"date":"2025-04-16T06:22:13","date_gmt":"2025-04-16T06:22:13","guid":{"rendered":"https:\/\/red-lighttherapy.com\/?post_type=product&#038;p=1061"},"modified":"2025-04-16T06:54:40","modified_gmt":"2025-04-16T06:54:40","slug":"trading-logo-custom-printed-shopping-paper-bags-for-clothing","status":"publish","type":"product","link":"https:\/\/red-lighttherapy.com\/pl\/trading-logo-custom-printed-shopping-paper-bags-for-clothing\/","title":{"rendered":"Logo handlowe Niestandardowe torby papierowe na zakupy z nadrukiem na odzie\u017c"},"content":{"rendered":"<h2 id=\"-trading-logo-custom-printed-shopping-paper-bags-for-clothing-product-description-\"><strong>Logo handlowe Niestandardowe drukowane torby papierowe na zakupy do odzie\u017cy Opis produktu<\/strong><\/h2>\n<h2 id=\"-1-aesthetic-design-axially-symmetrical-geometric-shapes-and-mexican-totem-elements-\"><strong>1. Estetyczny wygl\u0105d: Osiowo symetryczne kszta\u0142ty geometryczne i meksyka\u0144skie elementy totemu<\/strong><\/h2>\n<ul>\n<li><strong>Symetryczna estetyka<\/strong>: Papierowa torba przyjmuje symetryczny geometryczny wz\u00f3r, kt\u00f3ry przekazuje wysokiej jako\u015bci tekstur\u0119 i poczucie porz\u0105dku poprzez wizualny j\u0119zyk lewej i prawej r\u00f3wnowagi lustrzanej, co jest zgodne z podstawow\u0105 koncepcj\u0105 \"symetrii zapewnia wizualny komfort i skojarzenie jako\u015bci\" w nowoczesnym projektowaniu opakowa\u0144.<\/li>\n<li><strong>Po\u0142\u0105czenie kultur<\/strong>: G\u0142\u00f3wny element wizualny powierzchni zawiera tradycyjne meksyka\u0144skie elementy totemiczne, takie jak geometryczne wzory cywilizacji Maj\u00f3w lub symbole w stylu Aztek\u00f3w, z bogatymi etnicznymi kolorami (takimi jak czerwie\u0144 ceramiki i indygo), co nie tylko podkre\u015bla kulturow\u0105 inkluzywno\u015b\u0107 marki, ale tak\u017ce nadaje papierowej torbie wyj\u0105tkow\u0105 artystyczn\u0105 rozpoznawalno\u015b\u0107.<\/li>\n<\/ul>\n<h2 id=\"-2-structural-optimization-bottom-load-bearing-reinforcement-and-flattening-adaptation-\"><strong>2. Optymalizacja strukturalna: wzmocnienie dna i dostosowanie sp\u0142aszczenia<\/strong><\/h2>\n<ul>\n<li><strong>Proces wzmacniania dna<\/strong>: Zastosowano konstrukcj\u0119 dna z automatycznym zamkiem, a dolne podparcie zosta\u0142o wzmocnione dzi\u0119ki precyzyjnemu wykrawaniu i dwuwarstwowemu procesowi klejenia tektury. Mo\u017ce sprosta\u0107 potrzebom transportowym p\u0142askich produkt\u00f3w, takich jak stroje k\u0105pielowe i r\u0119czniki pla\u017cowe, i unikn\u0105\u0107 deformacji spowodowanych uk\u0142adaniem w stosy lub wyt\u0142aczaniem.<\/li>\n<li><strong>Ulepszenie zdolno\u015bci adaptacyjnych<\/strong>: Proporcje korpusu torby zosta\u0142y obliczone mechanicznie, a przestrze\u0144 wewn\u0119trzn\u0105 mo\u017cna elastycznie dostosowa\u0107 do sk\u0142adania i przechowywania cienkiej i lekkiej odzie\u017cy. Jednocze\u015bnie bufor kraw\u0119dzi jest zarezerwowany w celu zmniejszenia strat tarcia.<\/li>\n<\/ul>\n<h2 id=\"-3-material-selection-environmentally-friendly-high-weight-white-cardboard-and-thickened-ribbon-\"><strong>3. Wyb\u00f3r materia\u0142\u00f3w: przyjazny dla \u015brodowiska bia\u0142y karton o wysokiej gramaturze i zag\u0119szczona ta\u015bma<\/strong><\/h2>\n<ul>\n<li><strong>Certyfikacja \u015brodowiskowa<\/strong>: wybrano bia\u0142\u0105 tektur\u0119 o wysokiej gramaturze 280 g\/m\u00b2, a materia\u0142 posiada certyfikat le\u015bny FSC, aby zapewni\u0107, \u017ce surowce pochodz\u0105 z las\u00f3w zarz\u0105dzanych w spos\u00f3b zr\u00f3wnowa\u017cony, bior\u0105c pod uwag\u0119 zar\u00f3wno sztywno\u015b\u0107, jak i w\u0142a\u015bciwo\u015bci ochrony \u015brodowiska.<\/li>\n<li><strong>No\u015bny uchwyt<\/strong>: Podw\u00f3jne uchwyty s\u0105 wykonane z pogrubionej ta\u015bmy (szeroko\u015b\u0107 \u2265 20 mm), z wbudowanym rdzeniem z w\u0142\u00f3kna rozci\u0105gliwego, a jednostronne obci\u0105\u017cenie mo\u017ce osi\u0105gn\u0105\u0107 8 kg, zapewniaj\u0105c wygod\u0119 i trwa\u0142o\u015b\u0107 d\u0142oni.<\/li>\n<\/ul>\n<h2 id=\"-4-customization-flexibility-and-process-combination-\"><strong>4. Elastyczno\u015b\u0107 dostosowywania i \u0142\u0105czenie proces\u00f3w<\/strong><\/h2>\n<ul>\n<li><strong>Proces modu\u0142owy<\/strong>: Obs\u0142uguje modu\u0142ow\u0105 kombinacj\u0119 proces\u00f3w, takich jak t\u0142oczenie na gor\u0105co, wyt\u0142aczanie i miejscowy lakier UV. Na przyk\u0142ad linie totemu wykorzystuj\u0105 t\u0142oczenie na gor\u0105co, aby wzmocni\u0107 efekt tr\u00f3jwymiarowo\u015bci, a logo marki mo\u017cna na\u0142o\u017cy\u0107 na magnetyczny projekt uszczelnienia, aby wzmocni\u0107 poczucie otwierania i zamykania.<\/li>\n<li><strong>Niska ilo\u015b\u0107 zam\u00f3wienia<\/strong>: Minimalna ilo\u015b\u0107 zam\u00f3wienia wynosi 500 sztuk, co pozwala na g\u0142\u0119bokie dostosowanie rozmiaru, koloru i wzoru, bez dodatkowych koszt\u00f3w formowania, aby zaspokoi\u0107 potrzeby ma\u0142ych i \u015brednich marek w zakresie lekkich zam\u00f3wie\u0144 pr\u00f3bnych.<\/li>\n<\/ul>\n<h2 id=\"-5-production-guarantee-and-production-capacity-advantage-\"><strong>5. Gwarancja produkcji i przewaga w zakresie zdolno\u015bci produkcyjnych<\/strong><\/h2>\n<ul>\n<li><strong>Certyfikacja kwalifikacji<\/strong>: Opieraj\u0105c si\u0119 na certyfikowanej fabryce ISO 9001\/FSC z 16-letnim do\u015bwiadczeniem, ca\u0142y proces jest zgodny z mi\u0119dzynarodowym systemem ochrony \u015brodowiska i zarz\u0105dzania jako\u015bci\u0105, aby zapewni\u0107, \u017ce produkt przejdzie test bezpiecze\u0144stwa SGS.<\/li>\n<li><strong>Wydajna dostawa<\/strong>: Fabryka ma dzienn\u0105 zdolno\u015b\u0107 produkcyjn\u0105 wynosz\u0105c\u0105 1 milion sztuk, obs\u0142uguje 72-godzinny proofing i 15-dniow\u0105 dostaw\u0119 partii oraz jest wyposa\u017cona w inteligentny system magazynowania, aby zapewni\u0107 szybko\u015b\u0107 realizacji zam\u00f3wie\u0144 w szczycie sezonu.<\/li>\n<\/ul>\n<p id=\"-application-scenarios-suitable-for-clothing-stores-e-commerce-gift-packaging-brand-flash-events-and-other-scenarios-with-both-functionality-and-brand-communication-value-through-the-dual-innovation-of-vision-and-structure-it-helps-customers-establish-a-differentiated-image-in-the-competitive-market-\"><strong>Scenariusze zastosowa\u0144<\/strong>: Nadaje si\u0119 do sklep\u00f3w odzie\u017cowych, pakowania prezent\u00f3w e-commerce, wydarze\u0144 flashowych marki i innych scenariuszy, zar\u00f3wno pod wzgl\u0119dem funkcjonalno\u015bci, jak i warto\u015bci komunikacji marki. Dzi\u0119ki podw\u00f3jnej innowacyjno\u015bci wizji i struktury pomaga klientom stworzy\u0107 zr\u00f3\u017cnicowany wizerunek na konkurencyjnym rynku.<\/p>","protected":false},"excerpt":{"rendered":"<p>Ta papierowa torba prezentowa ma symetryczny geometryczny kszta\u0142t na osi centralnej, co daje poczucie wizualnej r\u00f3wnowagi. Mocne, no\u015bne dno zapobiega odkszta\u0142caniu si\u0119 produktu podczas transportu. Mo\u017ce by\u0107 u\u017cywana do p\u0142askich produkt\u00f3w, takich jak stroje k\u0105pielowe i r\u0119czniki pla\u017cowe.<\/p>","protected":false},"featured_media":1062,"template":"","meta":{"_kad_post_transparent":"default","_kad_post_title":"","_kad_post_layout":"default","_kad_post_sidebar_id":"","_kad_post_content_style":"default","_kad_post_vertical_padding":"default","_kad_post_feature":"","_kad_post_feature_position":"","_kad_post_header":false,"_kad_post_footer":false,"_kad_post_classname":""},"product_brand":[],"product_cat":[15,30,17],"product_tag":[407,409,408],"class_list":{"0":"post-1061","1":"product","2":"type-product","3":"status-publish","4":"has-post-thumbnail","6":"product_cat-red-light-therapy","7":"product_cat-dropshipping","8":"product_cat-services","9":"product_tag-custom-paper-bags-for-clothing","10":"product_tag-logo-custom-clothing-paper-bags","11":"product_tag-shopping-paper-bags","13":"first","14":"instock","15":"shipping-taxable","16":"product-type-simple","17":"entry","18":"content-bg","19":"loop-entry"},"_links":{"self":[{"href":"https:\/\/red-lighttherapy.com\/pl\/wp-json\/wp\/v2\/product\/1061","targetHints":{"allow":["GET"]}}],"collection":[{"href":"https:\/\/red-lighttherapy.com\/pl\/wp-json\/wp\/v2\/product"}],"about":[{"href":"https:\/\/red-lighttherapy.com\/pl\/wp-json\/wp\/v2\/types\/product"}],"wp:featuredmedia":[{"embeddable":true,"href":"https:\/\/red-lighttherapy.com\/pl\/wp-json\/wp\/v2\/media\/1062"}],"wp:attachment":[{"href":"https:\/\/red-lighttherapy.com\/pl\/wp-json\/wp\/v2\/media?parent=1061"}],"wp:term":[{"taxonomy":"product_brand","embeddable":true,"href":"https:\/\/red-lighttherapy.com\/pl\/wp-json\/wp\/v2\/product_brand?post=1061"},{"taxonomy":"product_cat","embeddable":true,"href":"https:\/\/red-lighttherapy.com\/pl\/wp-json\/wp\/v2\/product_cat?post=1061"},{"taxonomy":"product_tag","embeddable":true,"href":"https:\/\/red-lighttherapy.com\/pl\/wp-json\/wp\/v2\/product_tag?post=1061"}],"curies":[{"name":"wp","href":"https:\/\/api.w.org\/{rel}","templated":true}]}}