{"id":1059,"date":"2025-04-16T06:18:27","date_gmt":"2025-04-16T06:18:27","guid":{"rendered":"https:\/\/red-lighttherapy.com\/?post_type=product&#038;p=1059"},"modified":"2025-04-16T06:22:03","modified_gmt":"2025-04-16T06:22:03","slug":"elegant-lid-and-base-gift-box-smart-watch-packaging-solution","status":"publish","type":"product","link":"https:\/\/red-lighttherapy.com\/pl\/elegant-lid-and-base-gift-box-smart-watch-packaging-solution\/","title":{"rendered":"Eleganckie pude\u0142ko prezentowe z pokrywk\u0105 i podstaw\u0105 - rozwi\u0105zanie do pakowania inteligentnych zegark\u00f3w"},"content":{"rendered":"<h2 id=\"-product-description-of-smart-watch-top-and-bottom-cover-gift-box-\"><strong>Opis produktu Pude\u0142ko upominkowe na g\u00f3rn\u0105 i doln\u0105 pokryw\u0119 inteligentnego zegarka<\/strong><\/h2>\n<h2 id=\"1-classic-top-and-bottom-cover-structure-\">1.\u00a0<strong>Klasyczna struktura g\u00f3rnej i dolnej pokrywy<\/strong><\/h2>\n<p>Konstrukcja g\u00f3rnej i dolnej pokrywy jest tworzona przez precyzyjne formy. G\u00f3rne i dolne pude\u0142ka s\u0105 wykonane w z\u0142otym stosunku. \u015aci\u015ble do siebie przylegaj\u0105, a proces otwierania i zamykania jest p\u0142ynny dzi\u0119ki technologii t\u0142umienia magnetycznego. D\u017awi\u0119k \"klikni\u0119cia\" po zamkni\u0119ciu pokrywy pude\u0142ka jest wyra\u017any i przyjemny, daj\u0105c poczucie rytua\u0142u podczas rozpakowywania; wewn\u0105trz dodano ukryty zawias, aby zapewni\u0107 stabilno\u015b\u0107 i zamkni\u0119cie po wielu u\u017cyciach.<\/p>\n<h2 id=\"2-minimalist-square-profile-\">2.\u00a0<strong>Minimalistyczny profil kwadratowy<\/strong><\/h2>\n<p>W oparciu o standardowy kwadratowy kszta\u0142t 130 mm \u00d7 130 mm \u00d7 60 mm, kraw\u0119dzie s\u0105 fazowane za pomoc\u0105 procesu fazowania mikro\u0142ukowego, co nie tylko pozwala unikn\u0105\u0107 sztywno\u015bci kraw\u0119dzi i naro\u017cnik\u00f3w, ale tak\u017ce pasuje do nowoczesnej minimalistycznej estetyki. Korpus skrzyni ma proste i schludne linie, co pozwala zaoszcz\u0119dzi\u0107 50% przestrzeni magazynowej po u\u0142o\u017ceniu w stos i jest odpowiedni do standardowych potrzeb logistycznych w zakresie transportu palet.<\/p>\n<h2 id=\"3-matte-gold-decoration-and-pure-background-\">3.\u00a0<strong>Matowa z\u0142ota dekoracja i czyste t\u0142o<\/strong><\/h2>\n<p>Korpus pude\u0142ka wykonany jest z bia\u0142ego, przyjaznego dla \u015brodowiska kartonu z certyfikatem FSC, a jego powierzchnia pokryta jest delikatn\u0105 per\u0142ow\u0105 pow\u0142ok\u0105. G\u0142\u00f3wnym kolorem jest czysta biel RAL 9016, symbolizuj\u0105ca gen technologii i czysto\u015bci marki. Kraw\u0119d\u017a pokrywy pude\u0142ka jest inkrustowana matowym z\u0142otym stopem o szeroko\u015bci 0,5 mm, a technologia nano-transferu termicznego jest wykorzystywana do uzyskania bezszwowych kraw\u0119dzi, co w niewielkim stopniu poprawia poziom wizualny.<\/p>\n<h2 id=\"4-geometric-artistic-expression-\">4.\u00a0<strong>Geometryczna ekspresja artystyczna<\/strong><\/h2>\n<p>Powierzchnia pude\u0142ka opiera si\u0119 na jasnoszarej do bia\u0142ej gradientowej sze\u015bciok\u0105tnej teksturze plastra miodu, a tr\u00f3jwymiarowe \u015bwiat\u0142o i cie\u0144 s\u0105 zarysowane w niekt\u00f3rych cz\u0119\u015bciach za pomoc\u0105 t\u0142oczonych na gor\u0105co jasnych z\u0142otych linii. Dok\u0142adno\u015b\u0107 wzoru osi\u0105ga 300 dpi, realizuj\u0105c filozofi\u0119 projektowania \"ukrywania, ale nie ukrywania\". Podszewka mo\u017ce by\u0107 opcjonalnie wyposa\u017cona w g\u0105bk\u0119 EVA o grubo\u015bci 3 mm lub materia\u0142 flokowany, a kontur zegarka jest tworzony przez grawerowanie laserowe, bior\u0105c pod uwag\u0119 zar\u00f3wno funkcje ochronne, jak i wy\u015bwietlanie.<\/p>\n<h2 id=\"5-modular-customization-system-\">5.\u00a0<strong>Modu\u0142owy system dostosowywania<\/strong><\/h2>\n<ul>\n<li><strong>Elastyczne dostosowanie rozmiaru<\/strong>: Obs\u0142uga dostosowywania, mo\u017ce pasowa\u0107 do kwadratowych, cylindrycznych i innych zegark\u00f3w o specjalnym kszta\u0142cie.<\/li>\n<li><strong>Innowacje strukturalne<\/strong>: Zapewnia r\u00f3\u017cne struktury, takie jak magnetyczna klapka, warstwowanie w stylu szuflady i p\u0142ywaj\u0105ca podstawa wy\u015bwietlacza, z wbudowanym chipem NFC do realizacji cyfrowej interakcji opakowania.<\/li>\n<li><strong>Proces drukowania<\/strong>: Opcjonalne lokalne UV, wyt\u0142aczanie, t\u0142oczenie na zimno kolorowej folii i inne procesy, obs\u0142uga dopasowywania kolor\u00f3w punktowych Pantone i implantacja warstwy AR.<\/li>\n<li><strong>Modernizacja \u015brodowiskowa<\/strong>: Zapewnia ekologiczne opcje, takie jak sk\u00f3ra z recyklingu fus\u00f3w z kawy i materia\u0142y z recyklingu plastiku morskiego, z kodem QR identyfikuj\u0105cym \u015blad w\u0119glowy.<\/li>\n<\/ul>","protected":false},"excerpt":{"rendered":"<p>Przyjmuje klasyczn\u0105 g\u00f3rn\u0105 i doln\u0105 struktur\u0119 pude\u0142ka, kt\u00f3ra mocno si\u0119 zapina, otwiera i zamyka p\u0142ynnie, pokazuj\u0105c uroczysty sens wysokiej klasy pude\u0142ek na prezenty. Nadaje si\u0119 do pakowania kategorii o wysokiej warto\u015bci, takich jak towary luksusowe, produkty kosmetyczne i bi\u017cuteria.<\/p>","protected":false},"featured_media":1054,"template":"","meta":{"_kad_post_transparent":"default","_kad_post_title":"","_kad_post_layout":"default","_kad_post_sidebar_id":"","_kad_post_content_style":"default","_kad_post_vertical_padding":"default","_kad_post_feature":"","_kad_post_feature_position":"","_kad_post_header":false,"_kad_post_footer":false,"_kad_post_classname":""},"product_brand":[],"product_cat":[15,19,17],"product_tag":[406,404,405],"class_list":{"0":"post-1059","1":"product","2":"type-product","3":"status-publish","4":"has-post-thumbnail","6":"product_cat-red-light-therapy","7":"product_cat-red-light-therapy-stand","8":"product_cat-services","9":"product_tag-elegant-smart-watch-packaging-box","10":"product_tag-lid-and-base-smart-watch-box","11":"product_tag-smart-watch-packaging-solution","13":"first","14":"instock","15":"shipping-taxable","16":"product-type-simple","17":"entry","18":"content-bg","19":"loop-entry"},"_links":{"self":[{"href":"https:\/\/red-lighttherapy.com\/pl\/wp-json\/wp\/v2\/product\/1059","targetHints":{"allow":["GET"]}}],"collection":[{"href":"https:\/\/red-lighttherapy.com\/pl\/wp-json\/wp\/v2\/product"}],"about":[{"href":"https:\/\/red-lighttherapy.com\/pl\/wp-json\/wp\/v2\/types\/product"}],"wp:featuredmedia":[{"embeddable":true,"href":"https:\/\/red-lighttherapy.com\/pl\/wp-json\/wp\/v2\/media\/1054"}],"wp:attachment":[{"href":"https:\/\/red-lighttherapy.com\/pl\/wp-json\/wp\/v2\/media?parent=1059"}],"wp:term":[{"taxonomy":"product_brand","embeddable":true,"href":"https:\/\/red-lighttherapy.com\/pl\/wp-json\/wp\/v2\/product_brand?post=1059"},{"taxonomy":"product_cat","embeddable":true,"href":"https:\/\/red-lighttherapy.com\/pl\/wp-json\/wp\/v2\/product_cat?post=1059"},{"taxonomy":"product_tag","embeddable":true,"href":"https:\/\/red-lighttherapy.com\/pl\/wp-json\/wp\/v2\/product_tag?post=1059"}],"curies":[{"name":"wp","href":"https:\/\/api.w.org\/{rel}","templated":true}]}}