{"id":1047,"date":"2025-04-16T05:49:00","date_gmt":"2025-04-16T05:49:00","guid":{"rendered":"https:\/\/red-lighttherapy.com\/?post_type=product&#038;p=1047"},"modified":"2025-04-16T06:20:53","modified_gmt":"2025-04-16T06:20:53","slug":"holographic-paper-lid-and-base-software-accessories-boxes","status":"publish","type":"product","link":"https:\/\/red-lighttherapy.com\/pl\/holographic-paper-lid-and-base-software-accessories-boxes\/","title":{"rendered":"Eleganckie pude\u0142ko prezentowe z pokrywk\u0105 i podstaw\u0105 - rozwi\u0105zanie do pakowania inteligentnych zegark\u00f3w"},"content":{"rendered":"<h2 id=\"-holographic-paper-lid-and-base-software-accessories-boxes-\"><strong>Pude\u0142ka na oprogramowanie z holograficzn\u0105 papierow\u0105 pokrywk\u0105 i podstaw\u0105<\/strong><\/h2>\n<h2 id=\"-1-standard-lid-and-lid-structure-precise-opening-and-closing-experience-\"><strong>1. Standardowa konstrukcja pokrywy, precyzyjne otwieranie i zamykanie<\/strong><\/h2>\n<ul>\n<li>Korpus pude\u0142ka i pokrywa s\u0105 formowane za pomoc\u0105 precyzyjnych form, aby osi\u0105gn\u0105\u0107 milimetrowe dopasowanie tolerancji, zapewniaj\u0105c p\u0142ynne otwieranie i zamykanie.<\/li>\n<li>Podszewk\u0119 mo\u017cna dostosowa\u0107 za pomoc\u0105 warstwy amortyzuj\u0105cej EVA lub flaneli, odpowiedniej dla akcesori\u00f3w o r\u00f3\u017cnych rozmiarach, zapewniaj\u0105c wszechstronn\u0105 ochron\u0119.<\/li>\n<\/ul>\n<h2 id=\"-2-right-angle-folding-process-three-dimensional-load-bearing-design-\"><strong>2. Proces sk\u0142adania pod k\u0105tem prostym, tr\u00f3jwymiarowa konstrukcja no\u015bna<\/strong><\/h2>\n<ul>\n<li>Proces sk\u0142adania pod k\u0105tem 90\u00b0 wzmacnia struktur\u0119 pude\u0142ka, aby zapewni\u0107, \u017ce kszta\u0142t pude\u0142ka jest prosty i nie ulega deformacji, a jego no\u015bno\u015b\u0107 wynosi ponad 3 kg, co jest odpowiednie dla ci\u0119\u017ckich produkt\u00f3w, takich jak bi\u017cuteria i precyzyjne komponenty elektroniczne.<\/li>\n<li>Wewn\u0119trzny i zewn\u0119trzny proces dwustronnego laminowania poprawia odporno\u015b\u0107 papieru na zu\u017cycie i nacisk oraz wyd\u0142u\u017ca \u017cywotno\u015b\u0107 opakowania.<\/li>\n<\/ul>\n<h2 id=\"-3-183g-holographic-iridescent-paper-dynamic-visual-hierarchy-\"><strong>3. Opalizuj\u0105cy papier holograficzny 183 g, dynamiczna hierarchia wizualna<\/strong><\/h2>\n<ul>\n<li>Specjalny papier holograficzny wykorzystuje technologi\u0119 nanopoziomowych warstw laserowych, aby uzyska\u0107 efekt opalizuj\u0105cego gradientu pod wieloma k\u0105tami, prezentuj\u0105c p\u0142ynny metaliczny po\u0142ysk pod za\u0142amaniem \u015bwiat\u0142a i mo\u017ce przekaza\u0107 poczucie luksusu bez dodatkowej dekoracji.<\/li>\n<li>Powierzchnia papieru jest delikatna w dotyku, z matow\u0105 tekstur\u0105 i wysokimi w\u0142a\u015bciwo\u015bciami odblaskowymi, odpowiednia do niestandardowych proces\u00f3w, takich jak t\u0142oczenie na gor\u0105co LOGO marki i wyt\u0142aczanie UV.<\/li>\n<\/ul>\n<h2 id=\"-4-minimalist-design-focusing-on-material-aesthetics-\"><strong>4. Minimalistyczny design, skupiaj\u0105cy si\u0119 na estetyce materia\u0142\u00f3w<\/strong><\/h2>\n<ul>\n<li>Rezygnuj\u0105c ze zb\u0119dnych ozd\u00f3b, takich jak metalowe klamry i wst\u0105\u017cki, opalizuj\u0105cy efekt \u015bwietlny i struktura samego papieru w kszta\u0142cie pude\u0142ka daj\u0105 poczucie luksusu, kt\u00f3re zaspokaja estetyczne potrzeby wsp\u00f3\u0142czesnych konsument\u00f3w w zakresie prostoty i wysokiej klasy.<\/li>\n<li>Holograficzne kolory tematyczne, takie jak matowa czer\u0144, fantazyjne srebro i gwia\u017adzisty b\u0142\u0119kit, s\u0105 opcjonalne, aby sprosta\u0107 tonacji r\u00f3\u017cnych marek.<\/li>\n<\/ul>\n<h2 id=\"-5-strengthen-the-sense-of-unboxing-ceremony-and-adapt-to-high-value-scenarios-\"><strong>5. Wzmocnienie poczucia ceremonii rozpakowywania i dostosowanie do scenariuszy o wysokiej warto\u015bci.<\/strong><\/h2>\n<ul>\n<li>Zaprojektowany specjalnie dla d\u00f3br luksusowych i produkt\u00f3w technologicznych (takich jak inteligentne urz\u0105dzenia do noszenia, klucze sprz\u0119towe do oprogramowania, wysokiej klasy s\u0142uchawki itp.<\/li>\n<li>Nadaje si\u0119 do produkt\u00f3w z limitowanej edycji, pude\u0142ek upominkowych dla cz\u0142onk\u00f3w i innych scenariuszy, kt\u00f3re wymagaj\u0105 wzmocnienia punkt\u00f3w pami\u0119ci marki.<\/li>\n<\/ul>\n<h2 id=\"-6-technical-parameters-\"><strong>6. Parametry techniczne<\/strong><\/h2>\n<ul>\n<li><strong>Materia\u0142<\/strong>: 183 g holograficznego opalizuj\u0105cego papieru + 1,5 mm szarej tekturowej podszewki<\/li>\n<li><strong>Proces<\/strong>sk\u0142adanie pod k\u0105tem prostym, laminowanie, t\u0142oczenie na gor\u0105co\/druk UV (opcjonalnie)<\/li>\n<li><strong>Struktura<\/strong>: standardowa g\u00f3rna i dolna pokrywa (konfigurowalna pokrywa z klapk\u0105, zamkni\u0119cie magnetyczne i inne warianty)<\/li>\n<li><strong>No\u015bno\u015b\u0107<\/strong>statyczne obci\u0105\u017cenie \u22653 kg, dynamiczne zabezpieczenie przed upadkiem w te\u015bcie ISTA 1A<\/li>\n<li><strong>Ochrona \u015brodowiska<\/strong>: 100% materia\u0142 papierowy nadaj\u0105cy si\u0119 do recyklingu, zgodny z certyfikatem FSC<\/li>\n<\/ul>\n<h2 id=\"-7-applicable-scenarios-\"><strong>7. Obowi\u0105zuj\u0105ce scenariusze<\/strong><\/h2>\n<ul>\n<li><strong>Dziedzina technologii<\/strong>Klucz sprz\u0119towy do oprogramowania, pami\u0119\u0107 flash USB, pasek do inteligentnego zegarka, akcesoria do s\u0142uchawek itp.<\/li>\n<li><strong>Towary luksusowe<\/strong>: bi\u017cuteria, zegarki, limitowane pude\u0142ka na prezenty<\/li>\n<li><strong>Elektronika u\u017cytkowa<\/strong>: akcesoria do telefon\u00f3w kom\u00f3rkowych, komponenty urz\u0105dze\u0144 VR, urz\u0105dzenia peryferyjne do gier<\/li>\n<li><strong>Personalizacja marki<\/strong>ekskluzywne opakowania dla cz\u0142onk\u00f3w, pude\u0142ka upominkowe z okazji wydarzenia<\/li>\n<\/ul>\n<h2 id=\"-8-customized-service-\"><strong>8. Us\u0142uga dostosowana do potrzeb klienta<\/strong><\/h2>\n<ul>\n<li>Obs\u0142uguje elastyczne dostosowywanie rozmiaru, grubo\u015bci, materia\u0142u podszewki i obr\u00f3bki powierzchni (t\u0142oczenie na gor\u0105co \/ wyt\u0142aczanie \/ cz\u0119\u015bciowe UV).<\/li>\n<li>Zapewnia zam\u00f3wienia ma\u0142ych partii (MOQ 500 sztuk) i okres dostawy 7-14 dni.<\/li>\n<\/ul>","protected":false},"excerpt":{"rendered":"<p>Produkt ten zosta\u0142 zaprojektowany z my\u015bl\u0105 o wysokiej klasy akcesoriach do oprogramowania, produktach elektronicznych i towarach luksusowych. Wykorzystuje innowacyjny opalizuj\u0105cy papier holograficzny o gramaturze 183 g, w po\u0142\u0105czeniu ze standardow\u0105 struktur\u0105 g\u00f3rnej i dolnej pokrywy oraz technologi\u0105 sk\u0142adania pod k\u0105tem prostym, aby stworzy\u0107 rozwi\u0105zanie opakowaniowe o warto\u015bci zar\u00f3wno funkcjonalnej, jak i estetycznej. Korpus pude\u0142ka i pokrywa s\u0105 precyzyjnie dopasowane, a otwieranie i zamykanie odbywa si\u0119 p\u0142ynnie i bez zaci\u0119\u0107. Minimalistyczny design zapewnia wysokiej jako\u015bci tekstur\u0119, dostosowuje si\u0119 do potrzeb pakowania produkt\u00f3w o wysokiej warto\u015bci dodanej i zapewnia u\u017cytkownikom wci\u0105gaj\u0105ce wra\u017cenia podczas rozpakowywania.<\/p>","protected":false},"featured_media":1052,"template":"","meta":{"_kad_post_transparent":"default","_kad_post_title":"","_kad_post_layout":"default","_kad_post_sidebar_id":"","_kad_post_content_style":"default","_kad_post_vertical_padding":"default","_kad_post_feature":"","_kad_post_feature_position":"","_kad_post_header":false,"_kad_post_footer":false,"_kad_post_classname":""},"product_brand":[],"product_cat":[15,19,17],"product_tag":[406,404,405],"class_list":{"0":"post-1047","1":"product","2":"type-product","3":"status-publish","4":"has-post-thumbnail","6":"product_cat-red-light-therapy","7":"product_cat-red-light-therapy-stand","8":"product_cat-services","9":"product_tag-elegant-smart-watch-packaging-box","10":"product_tag-lid-and-base-smart-watch-box","11":"product_tag-smart-watch-packaging-solution","13":"first","14":"instock","15":"shipping-taxable","16":"product-type-simple","17":"entry","18":"content-bg","19":"loop-entry"},"_links":{"self":[{"href":"https:\/\/red-lighttherapy.com\/pl\/wp-json\/wp\/v2\/product\/1047","targetHints":{"allow":["GET"]}}],"collection":[{"href":"https:\/\/red-lighttherapy.com\/pl\/wp-json\/wp\/v2\/product"}],"about":[{"href":"https:\/\/red-lighttherapy.com\/pl\/wp-json\/wp\/v2\/types\/product"}],"wp:featuredmedia":[{"embeddable":true,"href":"https:\/\/red-lighttherapy.com\/pl\/wp-json\/wp\/v2\/media\/1052"}],"wp:attachment":[{"href":"https:\/\/red-lighttherapy.com\/pl\/wp-json\/wp\/v2\/media?parent=1047"}],"wp:term":[{"taxonomy":"product_brand","embeddable":true,"href":"https:\/\/red-lighttherapy.com\/pl\/wp-json\/wp\/v2\/product_brand?post=1047"},{"taxonomy":"product_cat","embeddable":true,"href":"https:\/\/red-lighttherapy.com\/pl\/wp-json\/wp\/v2\/product_cat?post=1047"},{"taxonomy":"product_tag","embeddable":true,"href":"https:\/\/red-lighttherapy.com\/pl\/wp-json\/wp\/v2\/product_tag?post=1047"}],"curies":[{"name":"wp","href":"https:\/\/api.w.org\/{rel}","templated":true}]}}