{"id":1041,"date":"2025-04-16T05:34:12","date_gmt":"2025-04-16T05:34:12","guid":{"rendered":"https:\/\/red-lighttherapy.com\/?post_type=product&#038;p=1041"},"modified":"2025-04-16T05:48:50","modified_gmt":"2025-04-16T05:48:50","slug":"collapsible-magnetic-gifts-box-for-christmas-promotional","status":"publish","type":"product","link":"https:\/\/red-lighttherapy.com\/pl\/collapsible-magnetic-gifts-box-for-christmas-promotional\/","title":{"rendered":"Sk\u0142adane magnetyczne pude\u0142ko na \u015bwi\u0105teczne prezenty promocyjne"},"content":{"rendered":"<h2 id=\"1-geometric-aesthetics-and-functional-innovation-\">1.\u00a0<strong>Geometryczna estetyka i funkcjonalne innowacje<\/strong><\/h2>\n<ul>\n<li><strong>Innowacyjna struktura wielo\u015bcianu<\/strong>: Przyjmuj\u0105c 12-stronn\u0105 solidn\u0105 konstrukcj\u0119 geometryczn\u0105, prze\u0142amuj\u0105c ograniczenia tradycyjnego kwadratowego \/ okr\u0105g\u0142ego typu pude\u0142ka, k\u0105towa sk\u0142adana powierzchnia tworzy wizualne warstwy i rze\u017abiarski efekt estetyczny. Wbudowana struktura wspieraj\u0105ca optymalizacj\u0119 mechaniczn\u0105 zapewnia utrzymanie sztywno\u015bci po z\u0142o\u017ceniu, a wytrzyma\u0142o\u015b\u0107 na \u015bciskanie jest zwi\u0119kszona o 35%.<\/li>\n<li><strong>Dynamiczny system sk\u0142adania<\/strong>: Korpus pude\u0142ka umo\u017cliwia swobodne sk\u0142adanie w zakresie 360\u00b0, a k\u0105t i g\u0142\u0119boko\u015b\u0107 linii sk\u0142adania s\u0105 dok\u0142adnie kontrolowane za pomoc\u0105 technologii bigowania. Po z\u0142o\u017ceniu obj\u0119to\u015b\u0107 jest zmniejszona do 1\/6 stanu roz\u0142o\u017conego, a wsp\u00f3\u0142czynnik zaj\u0119to\u015bci przestrzeni magazynowej jest zmniejszony o 58%.<\/li>\n<\/ul>\n<h2 id=\"2-environmental-protection-and-sustainability-\">2.\u00a0<strong>Ochrona \u015brodowiska i zr\u00f3wnowa\u017cony rozw\u00f3j<\/strong><\/h2>\n<ul>\n<li><strong>Materia\u0142y z certyfikatem FSC<\/strong>: 100% Wybierany jest szary papier tekturowy o grubo\u015bci 1,5 mm z certyfikatem FSC, a powierzchnia jest pokryta matow\u0105, przyjazn\u0105 dla \u015brodowiska pow\u0142ok\u0105 na bazie wody, zapewniaj\u0105c\u0105 identyfikowalne \u017ar\u00f3d\u0142o raportu z gospodarki le\u015bnej, kt\u00f3ry spe\u0142nia unijne normy zwolnienia z podatku od tworzyw sztucznych.<\/li>\n<li><strong>Projektowanie w gospodarce o obiegu zamkni\u0119tym<\/strong>: Obs\u0142uguje co najmniej 20-krotne nieniszcz\u0105ce sk\u0142adanie i monta\u017c, a po z\u0142omowaniu mo\u017ce by\u0107 poddany recyklingowi 100% lub kompostowaniu przemys\u0142owemu, przy \u015bladzie w\u0119glowym 42% ni\u017cszym ni\u017c w przypadku tradycyjnych pude\u0142ek na prezenty.<\/li>\n<\/ul>\n<h2 id=\"3-intelligent-interactive-experience-\">3.\u00a0<strong>Inteligentne interaktywne do\u015bwiadczenie<\/strong><\/h2>\n<ul>\n<li><strong>Magnetyczny system szybkiego zapinania<\/strong>: Magnesy NdFeB o wysokiej precyzji s\u0105 osadzone w kluczowych po\u0142\u0105czeniach korpusu skrzynki, aby zapewni\u0107 otwieranie i zamykanie \"jednym dotkni\u0119ciem\" w ci\u0105gu kilku sekund, a wydajno\u015b\u0107 operacyjna jest 3 razy wy\u017csza ni\u017c w przypadku tradycyjnej konstrukcji j\u0119zyka.<\/li>\n<li><strong>Zwi\u0119kszenie rozpoznawalno\u015bci marki<\/strong>: Przyj\u0119cie pojedynczego pomara\u0144czowego koloru, z minimalistycznym srebrnym LOGO, kontrola r\u00f3\u017cnicy kolor\u00f3w \u0394E\u22641,5, rozpoznawalno\u015b\u0107 wy\u015bwietlacza detalicznego jest zwi\u0119kszona o 70%.<\/li>\n<\/ul>\n<h2 id=\"4-application-scenarios-and-value-\">4.<strong>Scenariusze zastosowa\u0144 i warto\u015b\u0107<\/strong><\/h2>\n<ul>\n<li><strong>Marketing marki<\/strong>: Pomara\u0144czowy kolor i struktura wielo\u015bcianu tworz\u0105 wizualny akcent na p\u00f3\u0142ce, a niestandardowe t\u0142oczenie na gor\u0105co zwi\u0119ksza g\u0142\u0119bi\u0119 pami\u0119ci marki.<\/li>\n<li><strong>Optymalizacja logistyki<\/strong>: Po z\u0142o\u017ceniu pojemno\u015b\u0107 pojedynczego pude\u0142ka osi\u0105ga 120 sztuk, a koszt transportu jest ni\u017cszy o 52% w por\u00f3wnaniu z tradycyjnymi pude\u0142kami prezentowymi.<\/li>\n<li><strong>Interakcja z u\u017cytkownikiem<\/strong>: Wspiera wt\u00f3rny monta\u017c DIY (np. ozdoby choinkowe, przechowywanie na biurku), wyd\u0142u\u017ca cykl \u017cycia opakowania i zwi\u0119ksza przyczepno\u015b\u0107 u\u017cytkownika.<\/li>\n<\/ul>\n<h2 id=\"5-service-support-\">5.\u00a0<strong>Wsparcie serwisowe<\/strong><\/h2>\n<ul>\n<li><strong>Rozwi\u0105zanie dostosowane do indywidualnych potrzeb<\/strong>: Zapewnienie g\u0142\u0119bokiego dostosowania rozmiaru, uk\u0142adu magnesu, procesu drukowania (druk offsetowy \/ UV \/ t\u0142oczenie na gor\u0105co), minimalna ilo\u015b\u0107 zam\u00f3wienia 500 sztuk, dostawa 7-15 dni.<\/li>\n<li><strong>Wsparcie w zakresie certyfikacji \u015brodowiskowej<\/strong>: Obs\u0142uga faktur FSC i raport\u00f3w dotycz\u0105cych \u015bladu w\u0119glowego w celu spe\u0142nienia wymog\u00f3w ujawniania informacji ESG.<\/li>\n<\/ul>","protected":false},"excerpt":{"rendered":"<p>To opakowanie prze\u0142amuje tradycyjny format pude\u0142ka upominkowego, poprawia wizualn\u0105 warstwowo\u015b\u0107 i tr\u00f3jwymiarowo\u015b\u0107 oraz nadaje si\u0119 do pakowania produkt\u00f3w z wy\u017cszej p\u00f3\u0142ki. Korpus pude\u0142ka mo\u017cna elastycznie sk\u0142ada\u0107, co znacznie zmniejsza obj\u0119to\u015b\u0107 przechowywania, zmniejsza koszty przechowywania i transportu oraz jest wygodne dla u\u017cytkownik\u00f3w do wielokrotnego monta\u017cu i u\u017cytkowania.<\/p>","protected":false},"featured_media":1042,"template":"","meta":{"_kad_post_transparent":"default","_kad_post_title":"","_kad_post_layout":"default","_kad_post_sidebar_id":"","_kad_post_content_style":"default","_kad_post_vertical_padding":"default","_kad_post_feature":"","_kad_post_feature_position":"","_kad_post_header":false,"_kad_post_footer":false,"_kad_post_classname":""},"product_brand":[],"product_cat":[15,22,17],"product_tag":[398,399,400],"class_list":{"0":"post-1041","1":"product","2":"type-product","3":"status-publish","4":"has-post-thumbnail","6":"product_cat-red-light-therapy","7":"product_cat-red-light-therapy-blanket","8":"product_cat-services","9":"product_tag-christmas-collapsible-gifts-box","10":"product_tag-magnetic-gifts-box","11":"product_tag-promotional-gifts-box","13":"first","14":"instock","15":"shipping-taxable","16":"product-type-simple","17":"entry","18":"content-bg","19":"loop-entry"},"_links":{"self":[{"href":"https:\/\/red-lighttherapy.com\/pl\/wp-json\/wp\/v2\/product\/1041","targetHints":{"allow":["GET"]}}],"collection":[{"href":"https:\/\/red-lighttherapy.com\/pl\/wp-json\/wp\/v2\/product"}],"about":[{"href":"https:\/\/red-lighttherapy.com\/pl\/wp-json\/wp\/v2\/types\/product"}],"wp:featuredmedia":[{"embeddable":true,"href":"https:\/\/red-lighttherapy.com\/pl\/wp-json\/wp\/v2\/media\/1042"}],"wp:attachment":[{"href":"https:\/\/red-lighttherapy.com\/pl\/wp-json\/wp\/v2\/media?parent=1041"}],"wp:term":[{"taxonomy":"product_brand","embeddable":true,"href":"https:\/\/red-lighttherapy.com\/pl\/wp-json\/wp\/v2\/product_brand?post=1041"},{"taxonomy":"product_cat","embeddable":true,"href":"https:\/\/red-lighttherapy.com\/pl\/wp-json\/wp\/v2\/product_cat?post=1041"},{"taxonomy":"product_tag","embeddable":true,"href":"https:\/\/red-lighttherapy.com\/pl\/wp-json\/wp\/v2\/product_tag?post=1041"}],"curies":[{"name":"wp","href":"https:\/\/api.w.org\/{rel}","templated":true}]}}