{"id":1035,"date":"2025-04-16T05:14:08","date_gmt":"2025-04-16T05:14:08","guid":{"rendered":"https:\/\/red-lighttherapy.com\/?post_type=product&#038;p=1035"},"modified":"2025-04-16T05:34:02","modified_gmt":"2025-04-16T05:34:02","slug":"china-fabrication-magnetic-collapsible-gift-box-with-ribbon","status":"publish","type":"product","link":"https:\/\/red-lighttherapy.com\/pl\/china-fabrication-magnetic-collapsible-gift-box-with-ribbon\/","title":{"rendered":"Chiny Produkcja Magnetyczne sk\u0142adane pude\u0142ko na prezenty ze wst\u0105\u017ck\u0105"},"content":{"rendered":"<h2 id=\"-product-description-of-magnetic-folding-gift-box-made-in-china-with-ribbon-\"><strong>Opis produktu Magnetyczne sk\u0142adane pude\u0142ko upominkowe Made in China (ze wst\u0105\u017ck\u0105)<\/strong><\/h2>\n<h2 id=\"-i-product-structure-and-functional-design-\"><strong>1. Struktura i funkcjonalno\u015b\u0107 produktu<\/strong><\/h2>\n<ol>\n<li><strong>Typ skrzynki magnetycznej i optymalizacja przestrzeni<\/strong>\u00a0Pude\u0142ko na prezenty ma ostr\u0105 geometryczn\u0105 struktur\u0119. Dzi\u0119ki precyzyjnej technologii sk\u0142adania, przestrze\u0144 wewn\u0119trzna jest zmaksymalizowana, a r\u00f3\u017cne przedmioty, takie jak bi\u017cuteria, r\u0119kodzie\u0142o i kosmetyki, mog\u0105 by\u0107 stabilnie przechowywane. Korpus pude\u0142ka \u0142\u0105czy w sobie szar\u0105 tektur\u0119 o wysokiej wytrzyma\u0142o\u015bci i warstw\u0119 po\u015bredni\u0105 z tektury falistej, o du\u017cej odporno\u015bci na nacisk, no\u015bno\u015bci ponad 2 kg i nie jest \u0142atwy do odkszta\u0142cenia po d\u0142ugotrwa\u0142ym u\u017cytkowaniu, zapewniaj\u0105c stabilne umieszczenie zawarto\u015bci.<\/li>\n<li><strong>Magnetyczny system zamykania<\/strong>\u00a0Wbudowana precyzyjna struktura magnetyczna, mocno przylegaj\u0105ca po zamkni\u0119ciu, p\u0142ynny i cichy proces otwierania i zamykania, co nie tylko poprawia wygod\u0119 u\u017cytkowania, ale tak\u017ce daje poczucie rytua\u0142u podczas otwierania pude\u0142ka. Uk\u0142ad punkt\u00f3w magnetycznych zosta\u0142 obliczony mechanicznie, aby zapewni\u0107 stabilne dzia\u0142anie po wielokrotnym u\u017cyciu.<\/li>\n<\/ol>\n<h2 id=\"-second-materials-and-environmental-protection-characteristics-\"><strong>2. Charakterystyka materia\u0142\u00f3w i ochrony \u015brodowiska<\/strong><\/h2>\n<ol>\n<li><strong>Wysokiej jako\u015bci materia\u0142y chroni\u0105ce \u015brodowisko<\/strong>\u00a0W warstwie zewn\u0119trznej zastosowano papier powlekany o gramaturze 300 g, a powierzchnia jest pokryta matow\u0105 technologi\u0105 laminowania, kt\u00f3ra jest delikatna w dotyku i odporna na zarysowania; warstwa wewn\u0119trzna wykorzystuje szar\u0105 tektur\u0119 spo\u017cywcz\u0105 i przyjazny dla \u015brodowiska papier artystyczny, kt\u00f3ry przeszed\u0142 certyfikacj\u0119 ISO9001 i ROHS, nadaje si\u0119 do recyklingu i degradacji oraz uwzgl\u0119dnia zar\u00f3wno no\u015bno\u015b\u0107, jak i potrzeby ochrony \u015brodowiska. Konstrukcja pude\u0142ka zosta\u0142a specjalnie wzmocniona i mo\u017ce by\u0107 ponownie u\u017cyta ponad 50 razy, aby zmniejszy\u0107 koszty strat.<\/li>\n<\/ol>\n<h2 id=\"-third-visual-aesthetics-and-brand-adaptation-\"><strong>3. Estetyka wizualna i adaptacja marki<\/strong><\/h2>\n<ol>\n<li><strong>Luksusowe dopasowanie kolor\u00f3w<\/strong>\u00a0G\u0142\u00f3wnym kolorem jest be\u017cowe z\u0142oto, z matow\u0105 faktur\u0105 powierzchni, prezentuj\u0105c\u0105 stonowany luksus, kt\u00f3ry jest odpowiedni dla tonacji marek z wy\u017cszej p\u00f3\u0142ki. Powierzchni\u0119 pude\u0142ka mo\u017cna dostosowa\u0107 za pomoc\u0105 wyt\u0142aczania, t\u0142oczenia na gor\u0105co, drukowania UV i innych proces\u00f3w, wspieraj\u0105c LOGO marki lub spersonalizowany projekt wzoru, wizualnie nie przy\u0107miewaj\u0105c, podkre\u015blaj\u0105c warto\u015b\u0107 zawarto\u015bci.<\/li>\n<li><strong>Dwukolorowa wst\u0105\u017cka<\/strong>\u00a0Innowacyjne zastosowanie podw\u00f3jnych wst\u0105\u017cek w kolorze r\u00f3\u017cowego z\u0142ota i be\u017cowego z\u0142ota mo\u017ce by\u0107 ozdobione krzy\u017cowo, aby podkre\u015bli\u0107 wykwintno\u015b\u0107 pude\u0142ka upominkowego, a tak\u017ce mo\u017ce by\u0107 u\u017cywane jako pasek na r\u0119k\u0119, aby zwi\u0119kszy\u0107 praktyczno\u015b\u0107.<\/li>\n<\/ol>\n<h2 id=\"-fourth-folding-design-and-transportation-advantages-\"><strong>4. Sk\u0142adana konstrukcja i zalety transportowe<\/strong><\/h2>\n<ol>\n<li><strong>Sk\u0142adana konstrukcja zmniejsza koszty i zwi\u0119ksza wydajno\u015b\u0107<\/strong>\u00a0Po z\u0142o\u017ceniu grubo\u015b\u0107 wynosi tylko 2,5 cm, a obj\u0119to\u015b\u0107 jest zmniejszona o 87,5%, co znacznie zmniejsza koszty przechowywania i logistyki. Monta\u017c nie wymaga \u017cadnego sprz\u0119tu i mo\u017cna go zamanifestowa\u0107 w ci\u0105gu 3 sekund, co jest odpowiednie dla scenariuszy transportu seryjnego i sprzeda\u017cy detalicznej. Opakowanie wykorzystuje odporn\u0105 na wilgo\u0107 tektur\u0119 falist\u0105, aby zapewni\u0107 brak uszkodze\u0144 podczas transportu na du\u017ce odleg\u0142o\u015bci.<\/li>\n<\/ol>\n<h2 id=\"-five-multi-scenario-application-\"><strong>5. Aplikacja dla wielu scenariuszy<\/strong><\/h2>\n<ol>\n<li><strong>Opakowanie prezentowe<\/strong>: Nadaje si\u0119 na wesela i prezenty \u015bwi\u0105teczne, do ochrony delikatnych przedmiot\u00f3w z alternatywn\u0105 warstw\u0105 pianki odpornej na wstrz\u0105sy.<\/li>\n<li><strong>Luksusowy wy\u015bwietlacz<\/strong>: Nadaje si\u0119 do wysokiej klasy produkt\u00f3w, takich jak bi\u017cuteria i zegarki z wst\u0105\u017ckami, aby zwi\u0119kszy\u0107 efekty wizualne obudowy.<\/li>\n<li><strong>Przechowywanie r\u0119kodzie\u0142a<\/strong>: Konfigurowalny podzia\u0142 w pude\u0142ku nadaje si\u0119 do przechowywania \u015bcianek dzia\u0142owych, artefakt\u00f3w o specjalistycznych rozmiarach, takich jak porcelana i lakierowane naczynia.<\/li>\n<\/ol>","protected":false},"excerpt":{"rendered":"<p>To pude\u0142ko z magnetycznym zamkni\u0119ciem ma wyra\u017ane kraw\u0119dzie i naro\u017cniki, maksymalizuje wykorzystanie przestrzeni wewn\u0119trznej, jest wygodne do przechowywania r\u00f3\u017cnych przedmiot\u00f3w i jest stabilnie umieszczone. Nadaje si\u0119 do u\u017cytku w wielu scenariuszach, takich jak prezenty, towary luksusowe, r\u0119kodzie\u0142o itp. i uwzgl\u0119dnia zar\u00f3wno pi\u0119kno, jak i funkcjonalno\u015b\u0107.<\/p>","protected":false},"featured_media":1036,"template":"","meta":{"_kad_post_transparent":"default","_kad_post_title":"","_kad_post_layout":"default","_kad_post_sidebar_id":"","_kad_post_content_style":"default","_kad_post_vertical_padding":"default","_kad_post_feature":"","_kad_post_feature_position":"","_kad_post_header":false,"_kad_post_footer":false,"_kad_post_classname":""},"product_brand":[],"product_cat":[15,22,17],"product_tag":[395,397,396],"class_list":{"0":"post-1035","1":"product","2":"type-product","3":"status-publish","4":"has-post-thumbnail","6":"product_cat-red-light-therapy","7":"product_cat-red-light-therapy-blanket","8":"product_cat-services","9":"product_tag-china-gift-box","10":"product_tag-collapsible-gift-box-with-ribbon","11":"product_tag-magnetic-collapsible-gift-box","13":"first","14":"instock","15":"shipping-taxable","16":"product-type-simple","17":"entry","18":"content-bg","19":"loop-entry"},"_links":{"self":[{"href":"https:\/\/red-lighttherapy.com\/pl\/wp-json\/wp\/v2\/product\/1035","targetHints":{"allow":["GET"]}}],"collection":[{"href":"https:\/\/red-lighttherapy.com\/pl\/wp-json\/wp\/v2\/product"}],"about":[{"href":"https:\/\/red-lighttherapy.com\/pl\/wp-json\/wp\/v2\/types\/product"}],"wp:featuredmedia":[{"embeddable":true,"href":"https:\/\/red-lighttherapy.com\/pl\/wp-json\/wp\/v2\/media\/1036"}],"wp:attachment":[{"href":"https:\/\/red-lighttherapy.com\/pl\/wp-json\/wp\/v2\/media?parent=1035"}],"wp:term":[{"taxonomy":"product_brand","embeddable":true,"href":"https:\/\/red-lighttherapy.com\/pl\/wp-json\/wp\/v2\/product_brand?post=1035"},{"taxonomy":"product_cat","embeddable":true,"href":"https:\/\/red-lighttherapy.com\/pl\/wp-json\/wp\/v2\/product_cat?post=1035"},{"taxonomy":"product_tag","embeddable":true,"href":"https:\/\/red-lighttherapy.com\/pl\/wp-json\/wp\/v2\/product_tag?post=1035"}],"curies":[{"name":"wp","href":"https:\/\/api.w.org\/{rel}","templated":true}]}}