{"id":1028,"date":"2025-04-16T04:58:19","date_gmt":"2025-04-16T04:58:19","guid":{"rendered":"https:\/\/red-lighttherapy.com\/?post_type=product&#038;p=1028"},"modified":"2025-04-16T05:42:55","modified_gmt":"2025-04-16T05:42:55","slug":"holographic-laser-paper-rainbow-a5-deep-gift-box-with-ribbon","status":"publish","type":"product","link":"https:\/\/red-lighttherapy.com\/pl\/holographic-laser-paper-rainbow-a5-deep-gift-box-with-ribbon\/","title":{"rendered":"Holograficzny papier laserowy Rainbow A5 G\u0142\u0119bokie pude\u0142ko upominkowe ze wst\u0105\u017ck\u0105"},"content":{"rendered":"<h2 id=\"-holographic-laser-paper-rainbow-a5-deep-gift-box-with-ribbon-product-description-\"><strong>Holograficzny papier laserowy Rainbow A5 G\u0142\u0119bokie pude\u0142ko upominkowe ze wst\u0105\u017ck\u0105 Opis produktu<\/strong><\/h2>\n<h2 id=\"-1-industrial-aesthetic-design-highlighting-high-end-texture-\"><strong>1. Estetyczne wzornictwo przemys\u0142owe, podkre\u015blaj\u0105ce wysokiej jako\u015bci tekstur\u0119<\/strong><\/h2>\n<ul>\n<li><strong>Czyste linie i kanciasta estetyka<\/strong>: Po roz\u0142o\u017ceniu pude\u0142ko ma minimalistyczny, geometryczny kszta\u0142t. Linie korpusu pude\u0142ka s\u0105 ostre i g\u0142adkie, z wyra\u017anymi kraw\u0119dziami i naro\u017cnikami. \u0141\u0105czy w sobie nowoczesn\u0105 estetyk\u0119 przemys\u0142ow\u0105 i zmys\u0142 artystyczny. Nadaje si\u0119 do pakowania towar\u00f3w o wysokiej warto\u015bci, takich jak towary luksusowe, bi\u017cuteria i zegarki.<\/li>\n<li><strong>Tr\u00f3jwymiarowa struktura g\u0142\u0119bokiego pude\u0142ka<\/strong>: Konstrukcja g\u0142\u0119bokiego pude\u0142ka A5 optymalizuje wykorzystanie przestrzeni dzi\u0119ki precyzyjnym proporcjom sk\u0142adania, zwi\u0119ksza wizualne poczucie g\u0142\u0119bi i nadaje si\u0119 do scen wymagaj\u0105cych warstwowej ekspozycji bi\u017cuterii, kosmetyk\u00f3w itp.<\/li>\n<\/ul>\n<h2 id=\"-2-modular-folding-process-taking-into-account-both-function-and-efficiency-\"><strong>2. Modu\u0142owy proces sk\u0142adania, uwzgl\u0119dniaj\u0105cy zar\u00f3wno funkcjonalno\u015b\u0107, jak i wydajno\u015b\u0107<\/strong><\/h2>\n<ul>\n<li><strong>Kompaktowa konstrukcja transportowa<\/strong>: Po z\u0142o\u017ceniu obj\u0119to\u015b\u0107 jest kompresowana do 1\/4 stanu roz\u0142o\u017conego, a \u0142\u0105czenie bez u\u017cycia kleju odbywa si\u0119 za pomoc\u0105 technologii wst\u0119pnego prasowania, co zmniejsza koszty magazynowania i logistyki o 30%.<\/li>\n<li><strong>Trwa\u0142o\u015b\u0107 i stabilno\u015b\u0107<\/strong>: Zastosowano opatentowany modu\u0142owy proces bigowania. Korpus pude\u0142ka nadal utrzymuje wsp\u00f3\u0142czynnik odkszta\u0142cenia 95% po 500 testach otwierania i zamykania, co jest odpowiednie dla potrzeb wielu zastosowa\u0144 wysokiej klasy prezent\u00f3w (takich jak ekspozycja kolekcji i opakowanie do ponownego wykorzystania na festiwalu).<\/li>\n<\/ul>\n<h2 id=\"-3-environmentally-friendly-materials-and-process-certification-\"><strong>3. Przyjazne dla \u015brodowiska materia\u0142y i certyfikacja proces\u00f3w<\/strong><\/h2>\n<ul>\n<li><strong>Specjalna podstawa papierowa o wysokiej gramaturze<\/strong>: Wybrano przyjazny dla \u015brodowiska karton z certyfikatem FSC o gramaturze 400 g\/m\u00b2 i g\u0119sto\u015bci 0,85 g\/cm\u00b3, kt\u00f3ry charakteryzuje si\u0119 zar\u00f3wno sztywno\u015bci\u0105, jak i plastyczno\u015bci\u0105, a tak\u017ce obs\u0142uguje procesy wt\u00f3rne, takie jak t\u0142oczenie na gor\u0105co i wyt\u0142aczanie.<\/li>\n<li><strong>Zr\u00f3wnowa\u017cona produkcja<\/strong>: Ca\u0142y proces wykorzystuje druk atramentowy na bazie wody i bezrozpuszczalnikow\u0105 technologi\u0119 laminowania, kt\u00f3ra jest zgodna z unijnymi normami ochrony \u015brodowiska REACH, przechodzi certyfikacj\u0119 \u015bladu w\u0119glowego i spe\u0142nia wymagania dost\u0119pu do rynku w Europie i Stanach Zjednoczonych.<\/li>\n<\/ul>\n<h2 id=\"-4-holographic-iridescent-dynamic-effect-\"><strong>4. Holograficzny, opalizuj\u0105cy efekt dynamiczny<\/strong><\/h2>\n<ul>\n<li><strong>Nanopoziomowa warstwa optyczna<\/strong>: Powierzchnia jest pokryta laserow\u0105 foli\u0105 holograficzn\u0105, kt\u00f3ra dzi\u0119ki technologii siatki dyfrakcyjnej realizuje dynamiczne zmiany opalizuj\u0105ce w zakresie 360\u00b0, prezentuj\u0105c efekt p\u0142yn\u0105cej t\u0119czy w silnym \u015bwietle (zakres d\u0142ugo\u015bci fal 380-780nm), poprawiaj\u0105c wizualn\u0105 rozpoznawalno\u015b\u0107 produktu.<\/li>\n<li><strong>Zwalczanie fa\u0142szerstw i wzmocnienie pozycji marki<\/strong>: Wzory holograficzne obs\u0142uguj\u0105 niestandardowe technologie szyfrowania, takie jak mikrotekst i dynamiczne kolumny \u015bwietlne, \u0142\u0105cz\u0105c funkcje zapobiegaj\u0105ce podrabianiu z popraw\u0105 wizerunku marki.<\/li>\n<\/ul>\n<h2 id=\"-5-digital-customization-service-\"><strong>5. Us\u0142uga cyfrowego dostosowywania<\/strong><\/h2>\n<ul>\n<li><strong>Inteligentne sterowanie produkcj\u0105 w pe\u0142nym procesie<\/strong>: Od modelowania 3D po proofing, algorytmy sztucznej inteligencji s\u0105 wykorzystywane do optymalizacji projektu strukturalnego (obs\u0142uguj\u0105cego ponad 20 typ\u00f3w pude\u0142ek, takich jak pokrywy g\u00f3rne i dolne, pude\u0142ka w kszta\u0142cie ksi\u0105\u017cki, pude\u0142ka z szufladami itp.<\/li>\n<li><strong>Funkcjonalna g\u0142\u0119boka adaptacja<\/strong>:<\/li>\n<li><strong>Magnetyczne otwieranie i zamykanie<\/strong>: Wbudowany niewidoczny magnes neodymowy, si\u0142a ssania \u22650,5 N, precyzyjne pozycjonowanie bez odchyle\u0144.<\/li>\n<li><strong>Konstrukcja okna<\/strong>: Obs\u0142uguje cz\u0119\u015bciowo przezroczyste otwieranie okna PET, przepuszczalno\u015b\u0107 \u015bwiat\u0142a \u2265 92% i jest dopasowana do wst\u0105\u017cki (opcjonalna wst\u0105\u017cka poliestrowa \/ octanowa), aby wzmocni\u0107 poczucie ceremonii otwarcia.<\/li>\n<li><strong>Rozszerzenie procesu powierzchniowego<\/strong>: Kompatybilny z lekkim t\u0142oczeniem na gor\u0105co, wyt\u0142aczaniem, lokalnym lakierem UV i innymi procesami, aby spe\u0142ni\u0107 spersonalizowane potrzeby marki.<\/li>\n<\/ul>\n<h2 id=\"-application-scenarios-and-compatibility-\"><strong>Scenariusze zastosowa\u0144 i kompatybilno\u015b\u0107<\/strong><\/h2>\n<ul>\n<li><strong>Pola wysokiej klasy<\/strong>: luksusowe torebki, bi\u017cuteria, limitowane edycje urz\u0105dze\u0144 elektronicznych, kolekcje sztuki.<\/li>\n<li><strong>Scenariusze ochrony \u015brodowiska<\/strong>: Mo\u017ce by\u0107 w pe\u0142ni poddany recyklingowi i degradacji, dostosowany do strategii marki neutralnej pod wzgl\u0119dem emisji dwutlenku w\u0119gla.<\/li>\n<\/ul>","protected":false},"excerpt":{"rendered":"<p>Po z\u0142o\u017ceniu pude\u0142ko ma czyste linie i ostre kraw\u0119dzie, odzwierciedlaj\u0105ce wysokiej klasy estetyk\u0119 wzornictwa przemys\u0142owego. Papier holograficzny prezentuje dynamiczny opalizuj\u0105cy efekt w silnym \u015bwietle, dzi\u0119ki czemu nadaje si\u0119 do wielu scenariuszy u\u017cytkowania towar\u00f3w o wysokiej warto\u015bci, takich jak prezenty i bi\u017cuteria.<\/p>","protected":false},"featured_media":1034,"template":"","meta":{"_kad_post_transparent":"default","_kad_post_title":"","_kad_post_layout":"default","_kad_post_sidebar_id":"","_kad_post_content_style":"default","_kad_post_vertical_padding":"default","_kad_post_feature":"","_kad_post_feature_position":"","_kad_post_header":false,"_kad_post_footer":false,"_kad_post_classname":""},"product_brand":[],"product_cat":[15,22,17],"product_tag":[394,392,393],"class_list":{"0":"post-1028","1":"product","2":"type-product","3":"status-publish","4":"has-post-thumbnail","6":"product_cat-red-light-therapy","7":"product_cat-red-light-therapy-blanket","8":"product_cat-services","9":"product_tag-gift-box-with-ribbon","10":"product_tag-holographic-paper-gift-box","11":"product_tag-rainbow-a5-deep-gift-box","13":"first","14":"instock","15":"shipping-taxable","16":"product-type-simple","17":"entry","18":"content-bg","19":"loop-entry"},"_links":{"self":[{"href":"https:\/\/red-lighttherapy.com\/pl\/wp-json\/wp\/v2\/product\/1028","targetHints":{"allow":["GET"]}}],"collection":[{"href":"https:\/\/red-lighttherapy.com\/pl\/wp-json\/wp\/v2\/product"}],"about":[{"href":"https:\/\/red-lighttherapy.com\/pl\/wp-json\/wp\/v2\/types\/product"}],"wp:featuredmedia":[{"embeddable":true,"href":"https:\/\/red-lighttherapy.com\/pl\/wp-json\/wp\/v2\/media\/1034"}],"wp:attachment":[{"href":"https:\/\/red-lighttherapy.com\/pl\/wp-json\/wp\/v2\/media?parent=1028"}],"wp:term":[{"taxonomy":"product_brand","embeddable":true,"href":"https:\/\/red-lighttherapy.com\/pl\/wp-json\/wp\/v2\/product_brand?post=1028"},{"taxonomy":"product_cat","embeddable":true,"href":"https:\/\/red-lighttherapy.com\/pl\/wp-json\/wp\/v2\/product_cat?post=1028"},{"taxonomy":"product_tag","embeddable":true,"href":"https:\/\/red-lighttherapy.com\/pl\/wp-json\/wp\/v2\/product_tag?post=1028"}],"curies":[{"name":"wp","href":"https:\/\/api.w.org\/{rel}","templated":true}]}}