{"id":1022,"date":"2025-04-16T04:08:32","date_gmt":"2025-04-16T04:08:32","guid":{"rendered":"https:\/\/red-lighttherapy.com\/?post_type=product&#038;p=1022"},"modified":"2025-04-16T05:43:16","modified_gmt":"2025-04-16T05:43:16","slug":"silver-hologram-paper-folding-gift-sephora-packaging-boxes","status":"publish","type":"product","link":"https:\/\/red-lighttherapy.com\/pl\/silver-hologram-paper-folding-gift-sephora-packaging-boxes\/","title":{"rendered":"Pude\u0142ka na prezenty Sephora sk\u0142adane z papieru ze srebrnym hologramem"},"content":{"rendered":"<h2 id=\"-silver-hologram-paper-folding-gift-sephora-packaging-boxes-\"><strong>Pude\u0142ka na prezenty Sephora sk\u0142adane z papieru ze srebrnym hologramem<\/strong><\/h2>\n<h2 id=\"-1-regular-folding-structure-design-both-functional-and-aesthetic-\"><strong>1. Regularna sk\u0142adana konstrukcja, zar\u00f3wno funkcjonalna, jak i estetyczna<\/strong><\/h2>\n<p>The\u00a0<strong>Proces kombinacji \"linia \u015bledzenia + linia no\u017ca\"<\/strong>\u00a0s\u0142u\u017cy do optymalizacji uk\u0142adu linii sk\u0142adania w celu zapewnienia p\u0142ynnego otwierania i zamykania oraz stabilnego kszta\u0142tu. Korpus pude\u0142ka wykorzystuje\u00a0<strong>Struktura blokuj\u0105ca w kszta\u0142cie litery L<\/strong>\u00a0aby uzyska\u0107 precyzyjne dopasowanie g\u00f3rnej i dolnej warstwy, zwi\u0119kszy\u0107 odporno\u015b\u0107 na kompresj\u0119 i szczelno\u015b\u0107 zamkni\u0119cia oraz unikn\u0105\u0107 przypadkowego otwarcia podczas transportu. Konfiguracja wewn\u0119trzna\u00a0<strong>Zdejmowane przegrody warstwowe<\/strong>\u00a0Obs\u0142uguje niestandardowe przechowywanie partycji, dostosowuje si\u0119 do sta\u0142ych potrzeb kosmetyk\u00f3w, perfum i innych produkt\u00f3w o r\u00f3\u017cnych rozmiarach oraz uwzgl\u0119dnia pojemno\u015b\u0107 i przeno\u015bno\u015b\u0107.<\/p>\n<h2 id=\"-2-flat-folding-design-efficient-adaptation-to-multiple-scenarios-\"><strong>2. P\u0142aska, sk\u0142adana konstrukcja, wydajna adaptacja do wielu scenariuszy<\/strong><\/h2>\n<p>Przez\u00a0<strong>wst\u0119pnie ustawione linie sk\u0142adaj\u0105ce i technologia tektury o strukturze plastra miodu<\/strong>Pude\u0142ko do pakowania mo\u017cna ca\u0142kowicie sp\u0142aszczy\u0107 do przechowywania, a stopie\u0144 kompresji zwi\u0119ksza si\u0119 o\u00a0<strong>wi\u0119cej ni\u017c 50%<\/strong>co znacznie obni\u017ca koszty magazynowania i logistyki. Nadaje si\u0119 do masowego transportu w handlu elektronicznym, szybkiej ekspozycji detalicznej i ponownego wykorzystania przez konsument\u00f3w. Grubo\u015b\u0107 po z\u0142o\u017ceniu wynosi tylko\u00a0<strong>3 mm<\/strong>Pojedyncze pude\u0142ko mo\u017cna uk\u0142ada\u0107 w stosy do\u00a0<strong>200<\/strong>znacznie poprawiaj\u0105c wykorzystanie przestrzeni.<\/p>\n<h2 id=\"-3-high-strength-environmentally-friendly-material-lightweight-and-load-bearing-\"><strong>3. Wysokowytrzyma\u0142y materia\u0142 przyjazny dla \u015brodowiska, lekki i no\u015bny<\/strong><\/h2>\n<p>G\u0142\u00f3wny korpus wykonany jest z\u00a0<strong>Papier powlekany z certyfikatem FSC<\/strong>\u00a0(80 g\/m\u00b2), a technologia wzmacniania pod\u0142o\u017ca z papieru kompozytowego jest stosowana w celu osi\u0105gni\u0119cia\u00a0<strong>r\u00f3wnowaga mi\u0119dzy lekko\u015bci\u0105 i wysok\u0105 sztywno\u015bci\u0105<\/strong>. Powierzchnia papieru jest pokryta pow\u0142ok\u0105\u00a0<strong>Przyjazna dla \u015brodowiska pow\u0142oka na bazie wody<\/strong>a odporno\u015b\u0107 na rozdarcie jest zwi\u0119kszona o\u00a0<strong>30%<\/strong>. Pojedyncze pude\u0142ko mo\u017ce wytrzyma\u0107\u00a0<strong>2 kg<\/strong>i mo\u017ce bezpiecznie \u0142adowa\u0107 delikatne przedmioty, takie jak szklane butelki. Wzmocniona kraw\u0119d\u017a pude\u0142ka jest po\u0142\u0105czona z ergonomicznym uchwytem, kt\u00f3ry jest \u0142atwy do trzymania jedn\u0105 r\u0119k\u0105 i zapewnia zar\u00f3wno przeno\u015bno\u015b\u0107, jak i trwa\u0142o\u015b\u0107.<\/p>\n<h2 id=\"-4-sustainable-forest-management-environmental-certification-guarantee-\"><strong>4. Zr\u00f3wnowa\u017cona gospodarka le\u015bna, gwarancja certyfikacji \u015brodowiskowej<\/strong><\/h2>\n<p>Surowce s\u0105 \u015bci\u015ble zgodne z\u00a0<strong>Standardy certyfikacji las\u00f3w FSC<\/strong>\u00a0(Forest Stewardship Council), zapewniaj\u0105c, \u017ce \u017ar\u00f3d\u0142o pulpy mo\u017cna prze\u015bledzi\u0107 wstecz do las\u00f3w zarz\u0105dzanych w spos\u00f3b zr\u00f3wnowa\u017cony. Ca\u0142y proces produkcji wykorzystuje\u00a0<strong>klej bezrozpuszczalnikowy<\/strong>\u00a0oraz\u00a0<strong>Proces niskiego pokrycia tuszem<\/strong>\u00a0(&lt;20%), kt\u00f3ry jest zgodny z unijnymi normami ochrony \u015brodowiska REACH i obs\u0142uguje\u00a0<strong>100% nadaje si\u0119 do recyklingu i degradacji<\/strong>.<\/p>\n<h2 id=\"-5-holographic-iridescence-dynamic-display-visual-impact-upgrade-\"><strong>5. Holograficzny opalizuj\u0105cy dynamiczny wy\u015bwietlacz, ulepszenie efektu wizualnego<\/strong><\/h2>\n<p>Aplikacja powierzchniowa\u00a0<strong>technologia bezpo\u015bredniego zapisu holograficznego mikrostruktury trzeciej generacji<\/strong>\u00a0prezenty\u00a0<strong>Dynamiczny efekt gradientu opalizuj\u0105cego<\/strong>\u00a0poprzez nano-poziomowy uk\u0142ad siatki. Pod za\u0142amaniem \u015bwiat\u0142a,\u00a0<strong>Wielok\u0105tne przej\u015bcie kolor\u00f3w<\/strong>\u00a0(takie jak srebrny niebieski\u2192fioletowy czerwony\u2192z\u0142oty zielony) mog\u0105 by\u0107 wy\u015bwietlane, z\u00a0<strong>Pod\u0142o\u017ce z warstw\u0105 aluminium o wysokim wsp\u00f3\u0142czynniku odbicia<\/strong>Metalowa tekstura oraz opalizuj\u0105ce \u015bwiat\u0142o i cie\u0144 przeplataj\u0105 si\u0119, a rozpoznawalno\u015b\u0107 wizualna jest poprawiona przez\u00a0<strong>200%<\/strong>. Nadaje si\u0119 do ekspozycji wysokiej klasy produkt\u00f3w kosmetycznych w celu zwi\u0119kszenia atrakcyjno\u015bci p\u00f3\u0142ki.<\/p>\n<h2 id=\"-6-minimalist-design-philosophy-function-oriented-aesthetics-\"><strong>6. Minimalistyczna filozofia projektowania, estetyka zorientowana na funkcjonalno\u015b\u0107<\/strong><\/h2>\n<p>Przestrzeganie zasad Sephora\u00a0<strong>\"Mniej znaczy wi\u0119cej\"<\/strong>\u00a0Koncepcja marki, zb\u0119dne elementy dekoracyjne s\u0105 eliminowane, a poziomy wizualne s\u0105 budowane za pomoc\u0105\u00a0<strong>geometryczne linie ci\u0119cia<\/strong>\u00a0oraz\u00a0<strong>matowe powierzchnie o wysokim kontra\u015bcie po\u0142ysku<\/strong>. Powierzchnia pude\u0142ka zachowuje tylko\u00a0<strong>grawerowane laserowo logo marki<\/strong>Koncentruj\u0105c si\u0119 na podstawowych funkcjach produktu i dostosowuj\u0105c si\u0119 do tonu luksusowych i minimalistycznych produkt\u00f3w.<\/p>\n<h2 id=\"-applicable-scenarios-\"><strong>Obowi\u0105zuj\u0105ce scenariusze<\/strong><\/h2>\n<ul>\n<li><strong>Logistyka handlu elektronicznego<\/strong>: Sk\u0142adanie na p\u0142asko nadaje si\u0119 do automatycznego sortowania w celu zmniejszenia strat transportowych.<\/li>\n<li><strong>Wy\u015bwietlacz detaliczny<\/strong>: Holograficzna opalizacja przyci\u0105ga klient\u00f3w i poprawia wsp\u00f3\u0142czynnik konwersji terminala<\/li>\n<li><strong>Prezent \u015bwi\u0105teczny<\/strong>: Mo\u017cliwo\u015b\u0107 dostosowania do dodatkowego u\u017cytku jako pojemnik do przechowywania w celu wyd\u0142u\u017cenia cyklu \u017cycia.<\/li>\n<\/ul>","protected":false},"excerpt":{"rendered":"<p>To sztywne pude\u0142ko przyjmuje regularn\u0105 sk\u0142adan\u0105 konstrukcj\u0119, z p\u0142ynnym otwieraniem i zamykaniem oraz stabilnym kszta\u0142tem, bior\u0105c pod uwag\u0119 zar\u00f3wno pojemno\u015b\u0107, jak i przeno\u015bno\u015b\u0107. Papier holograficzny prezentuje dynamiczny opalizuj\u0105cy gradient z efektem wy\u015bwietlania o wysokiej intensywno\u015bci. Przeszed\u0142 certyfikacj\u0119 le\u015bn\u0105 FSC, aby zapewni\u0107, \u017ce surowce s\u0105 identyfikowalne i odnawialne, zgodnie z trendem zr\u00f3wnowa\u017conego rozwoju.<\/p>","protected":false},"featured_media":1026,"template":"","meta":{"_kad_post_transparent":"default","_kad_post_title":"","_kad_post_layout":"default","_kad_post_sidebar_id":"","_kad_post_content_style":"default","_kad_post_vertical_padding":"default","_kad_post_feature":"","_kad_post_feature_position":"","_kad_post_header":false,"_kad_post_footer":false,"_kad_post_classname":""},"product_brand":[],"product_cat":[15,28,22,17],"product_tag":[390,389,391],"class_list":{"0":"post-1022","1":"product","2":"type-product","3":"status-publish","4":"has-post-thumbnail","6":"product_cat-red-light-therapy","7":"product_cat-customize","8":"product_cat-red-light-therapy-blanket","9":"product_cat-services","10":"product_tag-hologram-folding-gift-boxes","11":"product_tag-holographic-laser-paperboard-gift-boxes","12":"product_tag-large-gift-boxes-holographic","14":"first","15":"instock","16":"shipping-taxable","17":"product-type-simple","18":"entry","19":"content-bg","20":"loop-entry"},"_links":{"self":[{"href":"https:\/\/red-lighttherapy.com\/pl\/wp-json\/wp\/v2\/product\/1022","targetHints":{"allow":["GET"]}}],"collection":[{"href":"https:\/\/red-lighttherapy.com\/pl\/wp-json\/wp\/v2\/product"}],"about":[{"href":"https:\/\/red-lighttherapy.com\/pl\/wp-json\/wp\/v2\/types\/product"}],"wp:featuredmedia":[{"embeddable":true,"href":"https:\/\/red-lighttherapy.com\/pl\/wp-json\/wp\/v2\/media\/1026"}],"wp:attachment":[{"href":"https:\/\/red-lighttherapy.com\/pl\/wp-json\/wp\/v2\/media?parent=1022"}],"wp:term":[{"taxonomy":"product_brand","embeddable":true,"href":"https:\/\/red-lighttherapy.com\/pl\/wp-json\/wp\/v2\/product_brand?post=1022"},{"taxonomy":"product_cat","embeddable":true,"href":"https:\/\/red-lighttherapy.com\/pl\/wp-json\/wp\/v2\/product_cat?post=1022"},{"taxonomy":"product_tag","embeddable":true,"href":"https:\/\/red-lighttherapy.com\/pl\/wp-json\/wp\/v2\/product_tag?post=1022"}],"curies":[{"name":"wp","href":"https:\/\/api.w.org\/{rel}","templated":true}]}}