{"id":1017,"date":"2025-04-16T03:57:29","date_gmt":"2025-04-16T03:57:29","guid":{"rendered":"https:\/\/red-lighttherapy.com\/?post_type=product&#038;p=1017"},"modified":"2025-04-16T04:08:23","modified_gmt":"2025-04-16T04:08:23","slug":"exporting-custom-luxury-magnetic-closure-rigid-shoes-boxes","status":"publish","type":"product","link":"https:\/\/red-lighttherapy.com\/pl\/exporting-custom-luxury-magnetic-closure-rigid-shoes-boxes\/","title":{"rendered":"Eksportowanie niestandardowych luksusowych sztywnych pude\u0142ek na buty z zamkni\u0119ciem magnetycznym"},"content":{"rendered":"<h2 id=\"-product-description-of-exporting-custom-luxury-magnetic-closure-rigid-shoes-boxes-\"><strong>Opis produktu Eksportowanie niestandardowych luksusowych sztywnych pude\u0142ek na buty z zamkni\u0119ciem magnetycznym<\/strong><\/h2>\n<h2 id=\"1-magnetic-box-design-\">1.\u00a0<strong>Konstrukcja pude\u0142ka magnetycznego<\/strong><\/h2>\n<p>Pokrywa i korpus pude\u0142ka maj\u0105 wbudowany silny system magnetyczny, kt\u00f3ry jest precyzyjnie adsorbowany przez si\u0142\u0119 magnetyczn\u0105 po zamkni\u0119ciu, aby zapewni\u0107 doskona\u0142e uszczelnienie i skutecznie zapobiega\u0107 przypadkowemu otwarciu podczas transportu lub przechowywania. Podw\u00f3jny uk\u0142ad pask\u00f3w magnetycznych zwi\u0119ksza stabilno\u015b\u0107 adsorpcji i mo\u017ce pozosta\u0107 zamkni\u0119ty nawet po przechyleniu lub wibracjach, zapewniaj\u0105c kompleksow\u0105 ochron\u0119 wysokiej klasy but\u00f3w.<\/p>\n<h2 id=\"2-folding-portability-and-structural-stability-\">2.\u00a0<strong>Sk\u0142adana przeno\u015bno\u015b\u0107 i stabilno\u015b\u0107 strukturalna<\/strong><\/h2>\n<p>Zastosowano precyzyjny proces sk\u0142adania, a obj\u0119to\u015b\u0107 po z\u0142o\u017ceniu wynosi tylko 1\/3 stanu roz\u0142o\u017conego, co znacznie zmniejsza koszty logistyki i magazynowania. Podczas rozk\u0142adania nie s\u0105 wymagane \u017cadne narz\u0119dzia ani skomplikowany monta\u017c. Korpus pude\u0142ka automatycznie przywraca tr\u00f3jwymiarowy kszta\u0142t poprzez lini\u0119 wst\u0119pnego wgniatania, kraw\u0119d\u017a jest p\u0142ynnie formowana, a wytrzyma\u0142o\u015b\u0107 na \u015bciskanie osi\u0105ga 20 kg\/warstw\u0119, co spe\u0142nia potrzeby uk\u0142adania w stosy w wielu scenariuszach.<\/p>\n<h2 id=\"3-one-handed-opening-and-closing-flap-structure-\">3.\u00a0<strong>Konstrukcja klapy otwieranej i zamykanej jedn\u0105 r\u0119k\u0105<\/strong><\/h2>\n<p>Innowacyjna konstrukcja klapy w po\u0142\u0105czeniu z ergonomicznym k\u0105tem (65\u00b0 otwierania i zamykania) mo\u017ce by\u0107 p\u0142ynnie obs\u0142ugiwana jedn\u0105 r\u0119k\u0105. Zawias jest wzmocniony pogrubionym powlekanym papierem i magnetycznym przyssawk\u0105. Nie odkszta\u0142ca si\u0119 po tysi\u0105cach test\u00f3w otwierania i zamykania, bior\u0105c pod uwag\u0119 wygod\u0119 i trwa\u0142o\u015b\u0107.<\/p>\n<h2 id=\"4-high-weight-coated-paper-material-\">4.\u00a0<strong>Powlekany papier o wysokiej gramaturze<\/strong><\/h2>\n<p>Wybrano papier powlekany o gramaturze 320 g\/m\u00b2, a jego powierzchnia jest pokryta super b\u0142yszcz\u0105c\u0105 pow\u0142ok\u0105, kt\u00f3ra zwi\u0119ksza sztywno\u015b\u0107 o 40%, a wytrzyma\u0142o\u015b\u0107 na \u015bciskanie jest 1,5 razy wi\u0119ksza ni\u017c standard bran\u017cowy. Materia\u0142 jest przyjazny dla \u015brodowiska i degradowalny, zgodny z certyfikatem FSC, wspiera recykling i zmniejsza \u015blad w\u0119glowy.<\/p>\n<h2 id=\"5-sustainable-development-design-\">5.\u00a0<strong>Projektowanie zr\u00f3wnowa\u017conego rozwoju<\/strong><\/h2>\n<p>Zielona koncepcja jest wdra\u017cana w ca\u0142ym procesie, od surowc\u00f3w po produkcj\u0119:<\/p>\n<ul>\n<li>Drukowanie atramentem na bazie wody, bez szkodliwych substancji lotnych<\/li>\n<li>Poziom recyklingu odpad\u00f3w \u226595%<\/li>\n<li>Certyfikat systemu zarz\u0105dzania \u015brodowiskowego ISO 14001<\/li>\n<\/ul>\n<h2 id=\"6-high-saturation-blue-visual-design-\">6.\u00a0<strong>Niebieski projekt wizualny o wysokim nasyceniu<\/strong><\/h2>\n<p>Korpus pude\u0142ka przyjmuje klasyczny niebieski Pantone 286C, kt\u00f3ry ma wysokie nasycenie kolor\u00f3w i nie blaknie, przekazuj\u0105c profesjonalny i stabilny wizerunek marki. Matowa obr\u00f3bka powierzchni pozwala unikn\u0105\u0107 odblask\u00f3w, nadaje si\u0119 do prezent\u00f3w biznesowych, luksusowych opakowa\u0144, wysokiej klasy handlu detalicznego i innych scenariuszy.<\/p>\n<h2 id=\"7-same-color-ribbon-handle-\">7.\u00a0<strong>Uchwyt z ta\u015bmy w tym samym kolorze<\/strong><\/h2>\n<p>Uchwyt z niebieskiej, tkanej wst\u0105\u017cki jest w tym samym kolorze co korpus pude\u0142ka, a jego si\u0142a ud\u017awigu wynosi 5 kg, bior\u0105c pod uwag\u0119 zar\u00f3wno praktyczno\u015b\u0107, jak i rytua\u0142. Interfejs uchwytu jest ukryty i wzmocniony, aby unikn\u0105\u0107 ryzyka rozdarcia, odpowiedni do cz\u0119stego u\u017cytkowania.<\/p>\n<h2 id=\"-application-scenarios-and-advantages-\"><strong>Scenariusze zastosowa\u0144 i zalety<\/strong><\/h2>\n<ul>\n<li><strong>Prezenty biznesowe<\/strong>: Uchwyt ze wst\u0105\u017cki oraz magnetyczne otwieranie i zamykanie zwi\u0119kszaj\u0105 poczucie rytua\u0142u rozpakowywania, odpowiednie dla niestandardowych pami\u0105tek dla przedsi\u0119biorstw.<\/li>\n<li><strong>Luksusowy handel detaliczny<\/strong>: Materia\u0142 o wysokiej sztywno\u015bci i kolorowy design poprawiaj\u0105 jako\u015b\u0107 ekspozycji towar\u00f3w i zmniejszaj\u0105 przestrze\u0144 zajmowan\u0105 przez gabloty.<\/li>\n<li><strong>Logistyka transgraniczna<\/strong>: Sk\u0142adana konstrukcja zmniejsza koszty transportu morskiego i lotniczego, a odporno\u015b\u0107 na ci\u015bnienie zapewnia bezpiecze\u0144stwo transportu na du\u017ce odleg\u0142o\u015bci.<\/li>\n<\/ul>","protected":false},"excerpt":{"rendered":"<p>Pokrywka w kszta\u0142cie serca oraz g\u00f3rna i dolna pokrywa idealnie pasuj\u0105 do pude\u0142ka, z konturami w kszta\u0142cie serca wewn\u0105trz i na zewn\u0105trz, wizualnie jednolitymi i emocjonalnie atrakcyjnymi. Pokrywa i dno s\u0105 oddzielone, co u\u0142atwia otwieranie i zamykanie, z dobrym uszczelnieniem, skutecznie chroni\u0105c zawarto\u015b\u0107 i wzmacniaj\u0105c poczucie ceremonii podczas otwierania pude\u0142ka.<\/p>","protected":false},"featured_media":1018,"template":"","meta":{"_kad_post_transparent":"default","_kad_post_title":"","_kad_post_layout":"default","_kad_post_sidebar_id":"","_kad_post_content_style":"default","_kad_post_vertical_padding":"default","_kad_post_feature":"","_kad_post_feature_position":"","_kad_post_header":false,"_kad_post_footer":false,"_kad_post_classname":""},"product_brand":[],"product_cat":[15,30,22,17],"product_tag":[388,387,386],"class_list":{"0":"post-1017","1":"product","2":"type-product","3":"status-publish","4":"has-post-thumbnail","6":"product_cat-red-light-therapy","7":"product_cat-dropshipping","8":"product_cat-red-light-therapy-blanket","9":"product_cat-services","10":"product_tag-custom-shoes-boxes","11":"product_tag-magnetic-closure-boxes-for-shoes","12":"product_tag-rigid-shoes-boxes","14":"first","15":"instock","16":"shipping-taxable","17":"product-type-simple","18":"entry","19":"content-bg","20":"loop-entry"},"_links":{"self":[{"href":"https:\/\/red-lighttherapy.com\/pl\/wp-json\/wp\/v2\/product\/1017","targetHints":{"allow":["GET"]}}],"collection":[{"href":"https:\/\/red-lighttherapy.com\/pl\/wp-json\/wp\/v2\/product"}],"about":[{"href":"https:\/\/red-lighttherapy.com\/pl\/wp-json\/wp\/v2\/types\/product"}],"wp:featuredmedia":[{"embeddable":true,"href":"https:\/\/red-lighttherapy.com\/pl\/wp-json\/wp\/v2\/media\/1018"}],"wp:attachment":[{"href":"https:\/\/red-lighttherapy.com\/pl\/wp-json\/wp\/v2\/media?parent=1017"}],"wp:term":[{"taxonomy":"product_brand","embeddable":true,"href":"https:\/\/red-lighttherapy.com\/pl\/wp-json\/wp\/v2\/product_brand?post=1017"},{"taxonomy":"product_cat","embeddable":true,"href":"https:\/\/red-lighttherapy.com\/pl\/wp-json\/wp\/v2\/product_cat?post=1017"},{"taxonomy":"product_tag","embeddable":true,"href":"https:\/\/red-lighttherapy.com\/pl\/wp-json\/wp\/v2\/product_tag?post=1017"}],"curies":[{"name":"wp","href":"https:\/\/api.w.org\/{rel}","templated":true}]}}