{"id":1011,"date":"2025-04-16T03:44:51","date_gmt":"2025-04-16T03:44:51","guid":{"rendered":"https:\/\/red-lighttherapy.com\/?post_type=product&#038;p=1011"},"modified":"2025-04-16T03:57:17","modified_gmt":"2025-04-16T03:57:17","slug":"valentines-day-heart-shaped-gift-box-packaging-for-jewelry","status":"publish","type":"product","link":"https:\/\/red-lighttherapy.com\/pl\/valentines-day-heart-shaped-gift-box-packaging-for-jewelry\/","title":{"rendered":"Walentynkowe pude\u0142ko w kszta\u0142cie serca na bi\u017cuteri\u0119"},"content":{"rendered":"<h2 id=\"valentine-s-day-heart-shaped-jewelry-gift-box-packaging-product-description\">Walentynkowe pude\u0142ko na bi\u017cuteri\u0119 w kszta\u0142cie serca Opis produktu<\/h2>\n<h2 id=\"-1-heart-shaped-top-and-bottom-design-perfect-fusion-of-vision-and-emotion-\"><strong>1. G\u00f3rna i dolna konstrukcja w kszta\u0142cie serca: Idealne po\u0142\u0105czenie wizji i emocji<\/strong><\/h2>\n<p>Pude\u0142ko upominkowe ma g\u00f3rn\u0105 i doln\u0105 pokryw\u0119 w kszta\u0142cie serca. Pokrywa i korpus pude\u0142ka s\u0105 integralnie uformowane z g\u0142adkim konturem w kszta\u0142cie serca, pokazuj\u0105c wizualn\u0105 jedno\u015b\u0107 i emocjonalne napi\u0119cie mi\u0119dzy otwieraniem i zamykaniem. Wn\u0119trze wieczka mo\u017cna dostosowa\u0107 za pomoc\u0105 technologii t\u0142oczenia na gor\u0105co lub wyt\u0142aczania, a dzi\u0119ki wydr\u0105\u017conemu okienku w kszta\u0142cie serca bi\u017cuteria unosi si\u0119, gdy nie jest w pe\u0142ni otwarta, tworz\u0105c poczucie oczekiwania przypominaj\u0105ce bicie serca.<\/p>\n<h2 id=\"-2-separate-opening-and-closing-structure-convenience-and-ritual-coexistence-\"><strong>2. Oddzielna struktura otwierania i zamykania: wygoda i rytualne wsp\u00f3\u0142istnienie<\/strong><\/h2>\n<p>Pokrywa i sp\u00f3d pude\u0142ka s\u0105 oddzielone, a bezszwowe zamkni\u0119cie uzyskuje si\u0119 za pomoc\u0105 precyzyjnych klamer lub urz\u0105dze\u0144 magnetycznych, co nie tylko zapewnia szczelno\u015b\u0107 (odporno\u015b\u0107 na kurz i wilgo\u0107), ale tak\u017ce nadaje otwieraniu elegancki sens rytualny. Kraw\u0119d\u017a podszewki przyjmuje proces owijania kraw\u0119dzi, aby unikn\u0105\u0107 tarcia na powierzchni bi\u017cuterii podczas otwierania i zamykania, a szczeg\u00f3\u0142y odzwierciedlaj\u0105 ochron\u0119 kosztowno\u015bci.<\/p>\n<h2 id=\"-3-coated-paper-material-double-guarantee-of-firmness-and-beauty-\"><strong>3. Powlekany materia\u0142 papierowy: podw\u00f3jna gwarancja j\u0119drno\u015bci i pi\u0119kna<\/strong><\/h2>\n<p>G\u0142\u00f3wna cz\u0119\u015b\u0107 pude\u0142ka prezentowego wykonana jest z 300-gramowego papieru powlekanego o wysokiej gramaturze, kt\u00f3ry jest pokryty matow\u0105 foli\u0105, delikatn\u0105 w dotyku i odporn\u0105 na zarysowania. Warstwa wewn\u0119trzna jest wzmocniona szarym papierem tekturowym, kt\u00f3ry ma no\u015bno\u015b\u0107 ponad 5 kg i nie jest \u0142atwy do odkszta\u0142cenia podczas transportu, zapewniaj\u0105c, \u017ce prezent jest nowy po rozpakowaniu z fabryki pude\u0142ek.<\/p>\n<h2 id=\"-4-red-main-color-visual-communication-of-romantic-atmosphere-\"><strong>4. Czerwony kolor g\u0142\u00f3wny: wizualna komunikacja romantycznej atmosfery<\/strong><\/h2>\n<p>Korpus pude\u0142ka przyjmuje standardowy czerwony kolor karty Pantone, a czterokolorowy proces drukowania zapewnia jednolity i jasny efekt kolorystyczny, z lokalnym procesem t\u0142oczenia UV lub na gor\u0105co, podkre\u015blaj\u0105c tr\u00f3jwymiarowy sens konturu w kszta\u0142cie serca. Opcjonalne wst\u0105\u017cki lub wieczne kwiaty w tym samym kolorze mog\u0105 by\u0107 wykorzystane do wzmocnienia \u015bwi\u0105tecznej atmosfery.<\/p>\n<h2 id=\"-5-high-resilience-sponge-lining-professional-grade-jewelry-protection-\"><strong>5. Podszewka z g\u0105bki o wysokiej odporno\u015bci: profesjonalna ochrona bi\u017cuterii<\/strong><\/h2>\n<p>Podszewka wykorzystuje g\u0105bk\u0119 o wysokiej g\u0119sto\u015bci o grubo\u015bci 3 cm, kt\u00f3ra jest wycinana przez CNC, aby dopasowa\u0107 si\u0119 do konturu w kszta\u0142cie serca, a g\u0142\u0119boko\u015b\u0107 rowka mo\u017cna dostosowa\u0107 (nadaje si\u0119 do r\u00f3\u017cnych form bi\u017cuterii, takich jak pier\u015bcionki i naszyjniki). Powierzchnia g\u0105bki jest pokryta kr\u00f3tk\u0105 flanel\u0105, kt\u00f3ra jest mi\u0119kka i przyjazna dla sk\u00f3ry, unikaj\u0105c zarysowania metali szlachetnych i kamieni szlachetnych. Testy antysejsmiczne wykaza\u0142y, \u017ce mo\u017ce wytrzyma\u0107 upadek z wysoko\u015bci 1,2 metra i nadaje si\u0119 do transportu transgranicznego.<\/p>\n<h2 id=\"-6-customized-printing-service-deep-adaptation-of-brands-and-scenarios-\"><strong>6. Indywidualna us\u0142uga drukowania: g\u0142\u0119boka adaptacja marek i scenariuszy<\/strong><\/h2>\n<p>Obs\u0142uguje r\u00f3\u017cne procesy, takie jak sitodruk, t\u0142oczenie na gor\u0105co, grawerowanie laserowe itp. i mo\u017ce drukowa\u0107 spersonalizowane tre\u015bci, takie jak LOGO firmy, imiona par, daty pami\u0105tkowe itp. na pokrywie pude\u0142ka. Spersonalizowane modele \u015blubne mog\u0105 by\u0107 drukowane z t\u0142oczonymi na gor\u0105co \u015blubami lub wyt\u0142oczonymi wzorami r\u00f3\u017c, a prezenty firmowe s\u0105 zalecane, aby pasowa\u0142y do g\u0142\u00f3wnej wizji marki i sloganu, aby zwi\u0119kszy\u0107 warto\u015b\u0107 dodan\u0105 pude\u0142ka upominkowego.<\/p>\n<h2 id=\"-7-made-by-a-local-old-factory-dual-commitment-of-quality-and-production-capacity-\"><strong>7. Wyprodukowane przez lokaln\u0105 star\u0105 fabryk\u0119: podw\u00f3jne zaanga\u017cowanie w jako\u015b\u0107 i zdolno\u015b\u0107 produkcyjn\u0105<\/strong><\/h2>\n<p>Wyprodukowany przez Shenzhen Printing Factory z 16-letnim do\u015bwiadczeniem, wykorzystuje w pe\u0142ni zautomatyzowane maszyny sztancuj\u0105ce i linie kontroli jako\u015bci, z miesi\u0119czn\u0105 zdolno\u015bci\u0105 produkcyjn\u0105 ponad 500 000 sztuk i obs\u0142uguje 72-godzinny przyspieszony proofing i dostaw\u0119 zam\u00f3wie\u0144 masowych. Ka\u017cda partia przechodzi 12 test\u00f3w kontroli jako\u015bci (w tym p\u0142asko\u015bci naro\u017cnik\u00f3w, r\u00f3\u017cnicy kolor\u00f3w, no\u015bno\u015bci itp.), aby zapewni\u0107, \u017ce b\u0142\u0105d sp\u00f3jno\u015bci masowej produkcji wynosi \u22641 mm.<\/p>\n<h2 id=\"-8-environmental-certification-sustainable-romantic-promise-\"><strong>8. Certyfikacja \u015brodowiskowa: Zr\u00f3wnowa\u017cona romantyczna obietnica<\/strong><\/h2>\n<p>Materia\u0142, z kt\u00f3rego wykonano pude\u0142ko, przeszed\u0142 certyfikacj\u0119 gospodarki le\u015bnej FSC i certyfikacj\u0119 systemu zarz\u0105dzania ISO, a atrament jest zgodny z normami UE REACH, jest nietoksyczny i biodegradowalny. G\u0105bka wy\u015bcie\u0142aj\u0105ca jest wykonana z materia\u0142u EVA o jako\u015bci spo\u017cywczej, przesz\u0142a testy SGS i jest bezpieczna w kontakcie ze sk\u00f3r\u0105.<\/p>\n<h2 id=\"-product-application-scenarios-\"><strong>Scenariusze zastosowania produktu<\/strong><\/h2>\n<ul>\n<li><strong>Prezent osobisty<\/strong>: W po\u0142\u0105czeniu ze spersonalizowanymi listami mi\u0142osnymi i wiecznymi kwiatami, stw\u00f3rz pude\u0142ko z motywem \"poruszaj\u0105cego serca wyznania\".<\/li>\n<li><strong>Bi\u017cuteria \u015blubna<\/strong>: W pude\u0142ku mo\u017cna umie\u015bci\u0107 slot na obr\u0105czk\u0119, a pier\u015bcionek mo\u017cna zobaczy\u0107 zaraz po otwarciu pude\u0142ka, co wzmacnia poczucie ceremonii o\u015bwiadczyn.<\/li>\n<li><strong>Wsp\u00f3\u0142tworzenie marki<\/strong>: Przedsi\u0119biorstwa mog\u0105 dostosowywa\u0107 limitowane edycje, \u0142\u0105cz\u0105c wizerunek IP i elementy w kszta\u0142cie serca, aby zwi\u0119kszy\u0107 lojalno\u015b\u0107 klient\u00f3w.<\/li>\n<\/ul>","protected":false},"excerpt":{"rendered":"<p>Pokrywka w kszta\u0142cie serca oraz g\u00f3rna i dolna pokrywa idealnie pasuj\u0105 do pude\u0142ka, z konturami w kszta\u0142cie serca wewn\u0105trz i na zewn\u0105trz, wizualnie jednolitymi i emocjonalnie atrakcyjnymi. Pokrywa i dno s\u0105 oddzielone, co u\u0142atwia otwieranie i zamykanie, z dobrym uszczelnieniem, skutecznie chroni\u0105c zawarto\u015b\u0107 i wzmacniaj\u0105c poczucie ceremonii podczas otwierania pude\u0142ka.<\/p>","protected":false},"featured_media":1016,"template":"","meta":{"_kad_post_transparent":"default","_kad_post_title":"","_kad_post_layout":"default","_kad_post_sidebar_id":"","_kad_post_content_style":"default","_kad_post_vertical_padding":"default","_kad_post_feature":"","_kad_post_feature_position":"","_kad_post_header":false,"_kad_post_footer":false,"_kad_post_classname":""},"product_brand":[],"product_cat":[15,17],"product_tag":[383,384,385],"class_list":{"0":"post-1011","1":"product","2":"type-product","3":"status-publish","4":"has-post-thumbnail","6":"product_cat-red-light-therapy","7":"product_cat-services","8":"product_tag-heart-shaped-gift-box","9":"product_tag-jewelry-packaging-box","10":"product_tag-valentines-day-gift-box","12":"first","13":"instock","14":"shipping-taxable","15":"product-type-simple","16":"entry","17":"content-bg","18":"loop-entry"},"_links":{"self":[{"href":"https:\/\/red-lighttherapy.com\/pl\/wp-json\/wp\/v2\/product\/1011","targetHints":{"allow":["GET"]}}],"collection":[{"href":"https:\/\/red-lighttherapy.com\/pl\/wp-json\/wp\/v2\/product"}],"about":[{"href":"https:\/\/red-lighttherapy.com\/pl\/wp-json\/wp\/v2\/types\/product"}],"wp:featuredmedia":[{"embeddable":true,"href":"https:\/\/red-lighttherapy.com\/pl\/wp-json\/wp\/v2\/media\/1016"}],"wp:attachment":[{"href":"https:\/\/red-lighttherapy.com\/pl\/wp-json\/wp\/v2\/media?parent=1011"}],"wp:term":[{"taxonomy":"product_brand","embeddable":true,"href":"https:\/\/red-lighttherapy.com\/pl\/wp-json\/wp\/v2\/product_brand?post=1011"},{"taxonomy":"product_cat","embeddable":true,"href":"https:\/\/red-lighttherapy.com\/pl\/wp-json\/wp\/v2\/product_cat?post=1011"},{"taxonomy":"product_tag","embeddable":true,"href":"https:\/\/red-lighttherapy.com\/pl\/wp-json\/wp\/v2\/product_tag?post=1011"}],"curies":[{"name":"wp","href":"https:\/\/api.w.org\/{rel}","templated":true}]}}