{"id":1005,"date":"2025-04-16T03:24:02","date_gmt":"2025-04-16T03:24:02","guid":{"rendered":"https:\/\/red-lighttherapy.com\/?post_type=product&#038;p=1005"},"modified":"2025-04-16T03:44:42","modified_gmt":"2025-04-16T03:44:42","slug":"brand-double-door-box-for-skincare-bottle-fragrance-perfume","status":"publish","type":"product","link":"https:\/\/red-lighttherapy.com\/pl\/brand-double-door-box-for-skincare-bottle-fragrance-perfume\/","title":{"rendered":"Pude\u0142ko z podw\u00f3jnymi drzwiczkami na butelk\u0119 do piel\u0119gnacji sk\u00f3ry Perfumy zapachowe"},"content":{"rendered":"<h2 id=\"-double-door-skin-care-perfume-bottle-box-product-description-\"><strong>Dwudrzwiowe pude\u0142ko na perfumy do piel\u0119gnacji sk\u00f3ry opis produktu<\/strong><\/h2>\n<h2 id=\"-1-box-design-and-positioning-\"><strong>1. Konstrukcja i pozycjonowanie skrzynki<\/strong><\/h2>\n<p>The\u00a0<strong>Dwustronnie otwierane pude\u0142ko upominkowe<\/strong>\u00a0Dwudrzwiowe pude\u0142ko zosta\u0142o zaadoptowane, a symetryczna struktura tworzy uroczysty nastr\u00f3j, kt\u00f3ry pasuje do wysokiej klasy pozycjonowania prezent\u00f3w. Korpus pude\u0142ka jest zoptymalizowany dzi\u0119ki geometrycznym liniom i proporcjom, w po\u0142\u0105czeniu z czarnym kolorem g\u0142\u00f3wnym i technologi\u0105 reliefu z niebieskim wzorem kwiatowym, pokazuj\u0105c r\u00f3wnowag\u0119 mi\u0119dzy spokojem a zmys\u0142em artystycznym. Po otwarciu podw\u00f3jnych drzwiczek, korpus pude\u0142ka powoli rozwija si\u0119 jak kurtyna sceniczna, nadaj\u0105c procesowi rozpakowywania silne poczucie rytua\u0142u i przekszta\u0142caj\u0105c ekspozycj\u0119 produktu w wci\u0105gaj\u0105ce do\u015bwiadczenie.<\/p>\n<h2 id=\"-2-innovative-interactivity-and-unboxing-experience-\"><strong>2. Innowacyjna interaktywno\u015b\u0107 i do\u015bwiadczenie unboxingu<\/strong><\/h2>\n<p>Wyj\u0105tkowy\u00a0<strong>Konstrukcja zawias\u00f3w z podw\u00f3jnymi drzwiami<\/strong>\u00a0Prze\u0142amuje tradycyjn\u0105 konstrukcj\u0119 jednostronnego otwierania i zamykania oraz zwi\u0119ksza poczucie uczestnictwa u\u017cytkownika:<\/p>\n<ul>\n<li><strong>Niespodzianka<\/strong>: Po otwarciu drzwiczek wbudowany flakonik perfum pojawia si\u0119 stopniowo wraz ze zmian\u0105 k\u0105ta nachylenia pude\u0142ka, a owini\u0119cie flokowanej podszewki EVA tworzy efekt wizualny przypominaj\u0105cy \"ods\u0142oni\u0119cie skarbu\".<\/li>\n<li><strong>Interaktywno\u015b\u0107<\/strong>: Ilustracje przedstawiaj\u0105ce histori\u0119 marki lub mapy komponent\u00f3w zapachowych mo\u017cna dostosowa\u0107 po wewn\u0119trznej stronie panelu drzwi. U\u017cytkownicy mog\u0105 odkrywa\u0107 szczeg\u00f3\u0142y poprzez odwracanie, poci\u0105ganie i inne dzia\u0142ania w celu wzmocnienia wi\u0119zi emocjonalnej.<\/li>\n<\/ul>\n<h2 id=\"-3-material-and-craft-details-\"><strong>3. Materia\u0142 i szczeg\u00f3\u0142y wykonania<\/strong><\/h2>\n<ul>\n<li><strong>Powlekane pod\u0142o\u017ce papierowe<\/strong>: Wybrano papier powlekany o gramaturze 350 g, kt\u00f3ry jest zar\u00f3wno lekki, jak i odporny na nacisk, aby zapewni\u0107 odporno\u015b\u0107 na odkszta\u0142cenia podczas transportu. Jednocze\u015bnie powierzchnia jest pokryta matow\u0105 foli\u0105, aby zwi\u0119kszy\u0107 delikatno\u015b\u0107 dotyku.<\/li>\n<li><strong>Precyzyjne przetwarzanie<\/strong>: Zastosowano technologi\u0119 wycinania laserowego i automatycznego wklejania, b\u0142\u0105d kraw\u0119dzi korpusu pude\u0142ka wynosi \u22640,1 mm, a struktura otwierania i zamykania jest \u015bci\u015ble dopasowana, aby unikn\u0105\u0107 zadzior\u00f3w i luzu tradycyjnych r\u0119cznie robionych pude\u0142ek.<\/li>\n<li><strong>Technologia dekoracji<\/strong>: Niebieski wz\u00f3r kwiatowy prezentuje tr\u00f3jwymiarowy po\u0142ysk dzi\u0119ki lokalnej technologii UV + gor\u0105ce srebro, a czarne t\u0142o wykorzystuje mikro-per\u0142ow\u0105 pow\u0142ok\u0119, aby zaprezentowa\u0107 stonowany i luksusowy efekt gradientu w \u015bwietle i cieniu.<\/li>\n<\/ul>\n<h2 id=\"-4-functional-and-protective-design-\"><strong>4. Konstrukcja funkcjonalna i ochronna<\/strong><\/h2>\n<ul>\n<li><strong>Flokowana podszewka EVA<\/strong>: Dostosowane rowki zgodnie z krzywizn\u0105 korpusu butelki, grubo\u015b\u0107 podszewki wynosi do 5 mm, a flokowanie o wysokiej g\u0119sto\u015bci s\u0142u\u017cy do amortyzacji i odporno\u015bci na wstrz\u0105sy, aby unikn\u0105\u0107 zadrapa\u0144 i przemieszczania si\u0119 podczas transportu.<\/li>\n<li><strong>Struktura partycji<\/strong>: Obs\u0142uguje warstwow\u0105 konstrukcj\u0119 pude\u0142ka wewn\u0119trznego (np. umieszczanie butelek perfum na g\u00f3rnej warstwie i osadzanie instrukcji lub miejsc na karty podarunkowe na dolnej warstwie), poprawiaj\u0105c wykorzystanie przestrzeni i funkcjonalno\u015b\u0107.<\/li>\n<\/ul>\n<h2 id=\"-5-customized-service-and-brand-adaptation-\"><strong>5. Indywidualna obs\u0142uga i adaptacja marki<\/strong><\/h2>\n<ul>\n<li><strong>Wszechstronna personalizacja<\/strong>: Obs\u0142uguje elastyczn\u0105 regulacj\u0119 rozmiaru (dostosowanie wysoko\u015bci do typu butelki 15-30 cm), k\u0105ta otwierania i zamykania (regulacja 90\u00b0-180\u00b0) oraz struktury wewn\u0119trznej (warstwa po\u015brednia \/ klamra magnetyczna itp.), aby spe\u0142ni\u0107 potrzeby zwi\u0105zane z r\u00f3\u017cnicowaniem marki.<\/li>\n<li><strong>Integracja element\u00f3w marki<\/strong>: Mo\u017ce osadza\u0107 logo marki na gor\u0105co, mikrokapsu\u0142ki zapachowe (otwarcie pude\u0142ka uwalnia powi\u0105zany zapach) lub tagi AR (skanowanie kodu w celu uruchomienia animacji historii marki), aby osi\u0105gn\u0105\u0107 g\u0142\u0119bokie powi\u0105zanie opakowania i narracji produktu.<\/li>\n<\/ul>","protected":false},"excerpt":{"rendered":"<p>To dwudrzwiowe pude\u0142ko upominkowe opiera si\u0119 na koncepcji \"otwarcia ceremonii, poczucia luksusu\". Dzi\u0119ki innowacjom strukturalnym, kunsztowi wykonania i powi\u0105zaniom sensorycznym, opakowanie zosta\u0142o przekszta\u0142cone z pojemnika w g\u0142\u00f3wny no\u015bnik do\u015bwiadczenia marki. Od zaskakuj\u0105cego momentu otwarcia pude\u0142ka po dotyk szczeg\u00f3\u0142\u00f3w, ka\u017cde ogniwo odzwierciedla wysokiej klasy pozycjonowanie, pomagaj\u0105c marce uzyska\u0107 zr\u00f3\u017cnicowan\u0105 rozpoznawalno\u015b\u0107 w konkurencji rynkowej.<\/p>","protected":false},"featured_media":1006,"template":"","meta":{"_kad_post_transparent":"default","_kad_post_title":"","_kad_post_layout":"default","_kad_post_sidebar_id":"","_kad_post_content_style":"default","_kad_post_vertical_padding":"default","_kad_post_feature":"","_kad_post_feature_position":"","_kad_post_header":false,"_kad_post_footer":false,"_kad_post_classname":""},"product_brand":[],"product_cat":[15,28,17],"product_tag":[381,382,380],"class_list":{"0":"post-1005","1":"product","2":"type-product","3":"status-publish","4":"has-post-thumbnail","6":"product_cat-red-light-therapy","7":"product_cat-customize","8":"product_cat-services","9":"product_tag-brand-perfume-box","10":"product_tag-custom-fragrance-box","11":"product_tag-double-door-box-for-skincare","13":"first","14":"instock","15":"shipping-taxable","16":"product-type-simple","17":"entry","18":"content-bg","19":"loop-entry"},"_links":{"self":[{"href":"https:\/\/red-lighttherapy.com\/pl\/wp-json\/wp\/v2\/product\/1005","targetHints":{"allow":["GET"]}}],"collection":[{"href":"https:\/\/red-lighttherapy.com\/pl\/wp-json\/wp\/v2\/product"}],"about":[{"href":"https:\/\/red-lighttherapy.com\/pl\/wp-json\/wp\/v2\/types\/product"}],"wp:featuredmedia":[{"embeddable":true,"href":"https:\/\/red-lighttherapy.com\/pl\/wp-json\/wp\/v2\/media\/1006"}],"wp:attachment":[{"href":"https:\/\/red-lighttherapy.com\/pl\/wp-json\/wp\/v2\/media?parent=1005"}],"wp:term":[{"taxonomy":"product_brand","embeddable":true,"href":"https:\/\/red-lighttherapy.com\/pl\/wp-json\/wp\/v2\/product_brand?post=1005"},{"taxonomy":"product_cat","embeddable":true,"href":"https:\/\/red-lighttherapy.com\/pl\/wp-json\/wp\/v2\/product_cat?post=1005"},{"taxonomy":"product_tag","embeddable":true,"href":"https:\/\/red-lighttherapy.com\/pl\/wp-json\/wp\/v2\/product_tag?post=1005"}],"curies":[{"name":"wp","href":"https:\/\/api.w.org\/{rel}","templated":true}]}}