{"id":1000,"date":"2025-04-16T03:15:01","date_gmt":"2025-04-16T03:15:01","guid":{"rendered":"https:\/\/red-lighttherapy.com\/?post_type=product&#038;p=1000"},"modified":"2025-04-16T03:25:59","modified_gmt":"2025-04-16T03:25:59","slug":"commercial-large-heart-shaped-gift-packaging-paper-boxes","status":"publish","type":"product","link":"https:\/\/red-lighttherapy.com\/pl\/commercial-large-heart-shaped-gift-packaging-paper-boxes\/","title":{"rendered":"Komercyjne pude\u0142ka papierowe na prezenty w kszta\u0142cie du\u017cego serca"},"content":{"rendered":"<h2 id=\"-product-description-of-commercial-large-heart-shaped-gift-packaging-paper-box-\"><strong>Opis produktu komercyjnego du\u017cego papierowego pude\u0142ka na prezenty w kszta\u0142cie serca<\/strong><\/h2>\n<h2 id=\"-1-structural-design-heart-shaped-top-and-bottom-cover-reshaping-emotional-expression-\"><strong>1. Konstrukcja: G\u00f3rna i dolna pokrywa w kszta\u0142cie serca, przekszta\u0142caj\u0105ca ekspresj\u0119 emocjonaln\u0105<\/strong><\/h2>\n<p>Ten produkt przyjmuje\u00a0<strong>Konstrukcja g\u00f3rnej i dolnej pokrywy w kszta\u0142cie serca<\/strong>Prze\u0142amuj\u0105c ograniczenia tradycyjnych kwadratowych pude\u0142ek i przekazuj\u0105c romantyzm i mi\u0142o\u015b\u0107 dzi\u0119ki mi\u0119kkim zakrzywionym konturom. G\u00f3rna pokrywa i dolne pude\u0142ko \u015bci\u015ble przylegaj\u0105 do siebie dzi\u0119ki magnetycznemu zatrzaskowi, a moment otwierania i zamykania przynosi \"rezonans bicia serca\" z silnym poczuciem rytua\u0142u, kt\u00f3ry spe\u0142nia emocjonalne potrzeby Walentynek, \u015blub\u00f3w, rocznic i innych scen. Wn\u0119trze pude\u0142ka przyjmuje\u00a0<strong>Warstwowa konstrukcja przegrody<\/strong>kt\u00f3re mog\u0105 elastycznie oddziela\u0107 czekoladki, bi\u017cuteri\u0119, spersonalizowane prezenty i inne przedmioty o r\u00f3\u017cnych rozmiarach, bior\u0105c pod uwag\u0119 zar\u00f3wno pi\u0119kno, jak i praktyczno\u015b\u0107.<\/p>\n<h2 id=\"-2-material-and-environmental-protection-sustainable-forest-resources-global-certification-guarantee-\"><strong>2. Ochrona materia\u0142\u00f3w i \u015brodowiska: zr\u00f3wnowa\u017cone zasoby le\u015bne, globalna gwarancja certyfikacji<\/strong><\/h2>\n<p>Produkt wykorzystuje\u00a0<strong>Materia\u0142y przyjazne dla \u015brodowiska z certyfikatem FSC<\/strong>a materia\u0142em bazowym jest kompozytowa struktura bia\u0142ej tektury o gramaturze 250 g i tr\u00f3jwarstwowego\/pi\u0119ciowarstwowego papieru falistego, zapewniaj\u0105ca no\u015bno\u015b\u0107 i trwa\u0142o\u015b\u0107. Ca\u0142y papier pochodzi z las\u00f3w zarz\u0105dzanych w spos\u00f3b zr\u00f3wnowa\u017cony, spe\u0142nia normy \u015brodowiskowe UE i koncepcje gospodarki o obiegu zamkni\u0119tym, wspiera recykling i degradacj\u0119 w pe\u0142nym cyklu \u017cycia oraz pomaga markom przekazywa\u0107 warto\u015bci ekologiczne. Powierzchnia pude\u0142ka jest pokryta\u00a0<strong>Pow\u0142oka PE o jako\u015bci spo\u017cywczej<\/strong>kt\u00f3ra zapewnia podw\u00f3jn\u0105 ochron\u0119 przed wilgoci\u0105 i olejem i jest odpowiednia do pakowania prezent\u00f3w, takich jak \u017cywno\u015b\u0107 i kosmetyki, kt\u00f3re \u0142atwo ulegaj\u0105 wp\u0142ywom \u015brodowiska.<\/p>\n<h2 id=\"-3-visual-design-pink-tones-and-geometric-aesthetics-upgraded-layering-\"><strong>3. Projekt wizualny: r\u00f3\u017cowe odcienie i geometryczna estetyka, ulepszone nak\u0142adanie warstw<\/strong><\/h2>\n<p>Korpus skrzynki znajduje si\u0119 g\u0142\u00f3wnie w\u00a0<strong>delikatna mgie\u0142ka r\u00f3\u017cu<\/strong>z\u00a0<strong>tr\u00f3jwymiarowe geometryczne wzory reliefowe<\/strong>kt\u00f3re wzmacniaj\u0105 wizualn\u0105 warstwowo\u015b\u0107 poprzez przeplatanie si\u0119 linii oraz zmian\u0119 \u015bwiat\u0142a i cienia, podkre\u015blaj\u0105c wysokiej klasy niestandardow\u0105 tekstur\u0119. Inspiracj\u0105 dla projektu jest nowoczesna sztuka minimalistyczna. Elementy geometryczne mog\u0105 by\u0107 abstrakcyjnie wyra\u017cone jako przep\u0142yw emocjonalny lub dostosowane jako ekskluzywne symbole marki (takie jak wzory deformacji LOGO) w celu zwi\u0119kszenia rozpoznawalno\u015bci marki.<\/p>\n<h2 id=\"-4-functional-highlights-transparent-window-direct-consumer-decision-making-\"><strong>4. Najwa\u017cniejsze funkcje: przejrzyste okno, bezpo\u015brednie podejmowanie decyzji przez konsumenta<\/strong><\/h2>\n<p>The\u00a0<strong>Eliptyczne przezroczyste okno PET<\/strong>\u00a0jest osadzone na \u015brodku pokrywy pude\u0142ka, a konsumenci mog\u0105 bezpo\u015brednio zobaczy\u0107 zawarto\u015b\u0107 (np. czekolad\u0119, butelki perfum itp.) bez rozpakowywania, co zmniejsza koszty komunikacji i zwi\u0119ksza pewno\u015b\u0107 zakupu. Kraw\u0119d\u017a okna przyjmuje\u00a0<strong>Technologia t\u0142oczenia na gor\u0105co UV<\/strong>kt\u00f3ry nawi\u0105zuje do wzoru t\u0142oczonego na gor\u0105co korpusu pude\u0142ka i jest zar\u00f3wno funkcjonalny, jak i dekoracyjny.<\/p>\n<h2 id=\"-5-process-details-three-dimensional-hot-stamping-luxurious-touch-\"><strong>5. Szczeg\u00f3\u0142y procesu: tr\u00f3jwymiarowe t\u0142oczenie na gor\u0105co, luksusowy dotyk<\/strong><\/h2>\n<p>Powierzchnia pokrywy pude\u0142ka wykorzystuje\u00a0<strong>Technologia t\u0142oczenia na gor\u0105co 3D<\/strong>\u0141\u0105cz\u0105c z\u0142ot\u0105 foli\u0119 z wyt\u0142aczan\u0105 tekstur\u0105 za pomoc\u0105 technologii wyt\u0142aczania w wysokiej temperaturze, aby stworzy\u0107 logo marki lub b\u0142ogos\u0142awie\u0144stwo z wkl\u0119s\u0142ym i wypuk\u0142ym dotykiem, wizualnie prezentuj\u0105c metaliczny po\u0142ysk i tr\u00f3jwymiarowy poziom. Cz\u0119\u015b\u0107 t\u0142oczona na gor\u0105co jest odporna na tarcie i \u0142uszczenie si\u0119, a tak\u017ce zosta\u0142a przetestowana pod k\u0105tem odporno\u015bci na ponad 1000-krotne otwieranie i zamykanie, zapewniaj\u0105c zachowanie luksusowej tekstury po d\u0142ugotrwa\u0142ym u\u017cytkowaniu.<\/p>\n<h2 id=\"-6-scene-adaptation-a-multi-scene-marketing-tool-\"><strong>6. Adaptacja scen: narz\u0119dzie marketingowe dla wielu scen<\/strong><\/h2>\n<ul>\n<li><strong>Marketing festiwalowy<\/strong>: Kszta\u0142t serca i elementy t\u0142oczone na gor\u0105co doskonale pasuj\u0105 do motyw\u00f3w \u015bwi\u0105tecznych, takich jak Walentynki, Festiwal Qixi i Bo\u017ce Narodzenie, i s\u0105 dopasowane do wst\u0105\u017cek lub wiecznych kwiat\u00f3w, aby wzmocni\u0107 poczucie ceremonii wr\u0119czania prezent\u00f3w.<\/li>\n<li><strong>Pami\u0105tki \u015blubne<\/strong>: Obs\u0142uguje personalizacj\u0119 tekstu t\u0142oczonego na gor\u0105co, takiego jak imiona nowo\u017ce\u0144c\u00f3w i daty \u015blubu, a podszewka mo\u017ce by\u0107 wykonana z satynowego materia\u0142u, aby zwi\u0119kszy\u0107 wysokiej klasy atrybuty personalizacji.<\/li>\n<li><strong>Wsp\u00f3\u0142tworzenie marki<\/strong>: Konstrukcja okna jest po\u0142\u0105czona z t\u0142oczeniem na gor\u0105co wizerunku IP marki, co nadaje si\u0119 do opakowa\u0144 produkt\u00f3w z limitowanej edycji w bran\u017cy kosmetycznej, luksusowej i innych.<\/li>\n<\/ul>","protected":false},"excerpt":{"rendered":"<p>To pude\u0142ko upominkowe w kszta\u0142cie serca opiera si\u0119 na emocjonalnym designie. Poprzez integracj\u0119 innowacji strukturalnych, przyjaznych dla \u015brodowiska materia\u0142\u00f3w i wysokiej klasy rzemios\u0142a, tworzy komercyjne rozwi\u0105zanie opakowaniowe, kt\u00f3re jest zar\u00f3wno atrakcyjne wizualnie, jak i funkcjonalne, pomagaj\u0105c markom wyr\u00f3\u017cni\u0107 si\u0119 na rynku romantycznej gospodarki.<\/p>","protected":false},"featured_media":1001,"template":"","meta":{"_kad_post_transparent":"default","_kad_post_title":"","_kad_post_layout":"default","_kad_post_sidebar_id":"","_kad_post_content_style":"default","_kad_post_vertical_padding":"default","_kad_post_feature":"","_kad_post_feature_position":"","_kad_post_header":false,"_kad_post_footer":false,"_kad_post_classname":""},"product_brand":[],"product_cat":[15,19,17],"product_tag":[378,377,379],"class_list":{"0":"post-1000","1":"product","2":"type-product","3":"status-publish","4":"has-post-thumbnail","6":"product_cat-red-light-therapy","7":"product_cat-red-light-therapy-stand","8":"product_cat-services","9":"product_tag-jewelry-paper-gift-bag","10":"product_tag-luxury-jewelry-shopping-bag","11":"product_tag-sourcing-jewelry-gift-bag","13":"first","14":"instock","15":"shipping-taxable","16":"product-type-simple","17":"entry","18":"content-bg","19":"loop-entry"},"_links":{"self":[{"href":"https:\/\/red-lighttherapy.com\/pl\/wp-json\/wp\/v2\/product\/1000","targetHints":{"allow":["GET"]}}],"collection":[{"href":"https:\/\/red-lighttherapy.com\/pl\/wp-json\/wp\/v2\/product"}],"about":[{"href":"https:\/\/red-lighttherapy.com\/pl\/wp-json\/wp\/v2\/types\/product"}],"wp:featuredmedia":[{"embeddable":true,"href":"https:\/\/red-lighttherapy.com\/pl\/wp-json\/wp\/v2\/media\/1001"}],"wp:attachment":[{"href":"https:\/\/red-lighttherapy.com\/pl\/wp-json\/wp\/v2\/media?parent=1000"}],"wp:term":[{"taxonomy":"product_brand","embeddable":true,"href":"https:\/\/red-lighttherapy.com\/pl\/wp-json\/wp\/v2\/product_brand?post=1000"},{"taxonomy":"product_cat","embeddable":true,"href":"https:\/\/red-lighttherapy.com\/pl\/wp-json\/wp\/v2\/product_cat?post=1000"},{"taxonomy":"product_tag","embeddable":true,"href":"https:\/\/red-lighttherapy.com\/pl\/wp-json\/wp\/v2\/product_tag?post=1000"}],"curies":[{"name":"wp","href":"https:\/\/api.w.org\/{rel}","templated":true}]}}