{"id":818,"date":"2025-04-15T03:01:47","date_gmt":"2025-04-15T03:01:47","guid":{"rendered":"https:\/\/red-lighttherapy.com\/?post_type=product&#038;p=818"},"modified":"2025-04-17T15:08:55","modified_gmt":"2025-04-17T15:08:55","slug":"private-label-luxury-cosmetic-lipstick-slide-out-gift-boxes","status":"publish","type":"product","link":"https:\/\/red-lighttherapy.com\/nl_nl\/private-label-luxury-cosmetic-lipstick-slide-out-gift-boxes\/","title":{"rendered":"Private Label luxe cosmetische lippenstift dia uit geschenkdozen"},"content":{"rendered":"<h2 id=\"private-label-luxury-cosmetic-lipstick-slide-out-gift-boxes-product-description\">Private Label luxe cosmetische lippenstift Slide-Out geschenkdozen Beschrijving van het product<\/h2>\n<h2 id=\"-1-window-perspective-design-jewelry-is-directly-visible-\"><strong>1. Raamperspectief ontwerp, sieraden zijn direct zichtbaar<\/strong><\/h2>\n<p>De bovenkant van de geschenkdoos is voorzien van\u00a0<strong>speciaal gevormd raamontwerp<\/strong>\u00a0Het venster is gemaakt van zeer transparant acrylmateriaal, waardoor de prachtige details van de sieraden en lippenstift duidelijk te zien zijn zonder het doosje te openen. De rand van het venster is bewerkt met\u00a0<strong>laserprecisiesnijtechnologie<\/strong>\u00a0die naadloos aansluit op het dooslichaam, wat niet alleen de authenticiteit van de productweergave verbetert, maar ook de slijtage voorkomt die wordt veroorzaakt door het herhaaldelijk openen en sluiten van traditionele flipboxen.<\/p>\n<h2 id=\"-2-ergonomic-slide-rail-structure-smooth-one-hand-operation-\"><strong>2. Ergonomische schuifrailstructuur, soepele bediening met \u00e9\u00e9n hand<\/strong><\/h2>\n<p>Innovatief\u00a0<strong>uittrekbare rail in drie fasen<\/strong>\u00a0met behulp van\u00a0<strong>nylon geleiderail + metalen geleidingsgroef<\/strong>\u00a0combinatie, met \u00e9\u00e9n hand kan de binnendoos soepel naar buiten worden geschoven en de weerstandsco\u00ebffici\u00ebnt wordt binnen 0,3 N gehouden. De doos is slechts 15 mm dik, waardoor 40% ruimte wordt bespaard in vergelijking met traditionele flipboxen, geschikt voor compacte ruimtes zoals kaptafels en handbagage.<\/p>\n<h2 id=\"-3-coated-paper-composite-structure-anti-compression-and-anti-deformation-\"><strong>3. Gecoat papieren composietstructuur, anti-compressie en anti-vervorming<\/strong><\/h2>\n<p>De doosbehuizing maakt gebruik van\u00a0<strong>350g gecoat papier + 1,5mm grijs karton<\/strong>\u00a0samengesteld proces en wordt verwerkt door\u00a0<strong>10.000 ton hydraulische vormgeving<\/strong>. De stapellaadcapaciteit bereikt 50kg\/\u33a1 zonder vervorming. De voering is ontworpen met een honingraatondersteuningsskelet, dat geslaagd is voor\u00a0<strong>BIFMA X5 certificering voor compressie<\/strong>\u00a0en is bestand tegen 90% van de extrusie-impact tijdens het transport.<\/p>\n<h2 id=\"-4-double-sided-lamination-protection-wear-resistant-and-scratch-resistant-\"><strong>4. Dubbelzijdige lamineerbescherming, slijtvast en krasbestendig<\/strong><\/h2>\n<p>De buitenste laag is bedekt met\u00a0<strong>0,15 mm matte PET-folie<\/strong>en de oppervlaktehardheid bereikt het 3H-niveau (potloodhardheidstest), dat bestand is tegen krassen van sieradenranden. De binnenlaag is bedekt met\u00a0<strong>PE-folie voor levensmiddelen<\/strong>die ISO 10993 biocompatibiliteitstests heeft doorstaan om ervoor te zorgen dat de lippenstiftpasta geen besmettingsrisico heeft.<\/p>\n<h2 id=\"-5-micron-level-edge-treatment-silky-touch-\"><strong>5. Randbehandeling op microniveau, zijdezachte touch<\/strong><\/h2>\n<p>adopteren\u00a0<strong>waterstraalsnijden + nanopolijsten<\/strong>\u00a0proces is de afrondingsstraal \u22640,1 mm, waarmee de gladde norm voor medische apparatuur wordt bereikt.\u00a0<strong>TPU bufferstroken<\/strong>\u00a0zijn ge\u00efmplanteerd in de belangrijkste gewrichten, en er ontstaan geen bramen na 10.000 keer openen en sluiten, en de aanraking is vergelijkbaar met die van leren juwelendoosjes.<\/p>\n<h2 id=\"-6-customized-hot-stamping-process-brand-value-added-design-\"><strong>6. Aangepast heet stempelend proces, merk ontwerp met toegevoegde waarde<\/strong><\/h2>\n<p>Gereserveerd\u00a0<strong>UV-positionering hot stamping gebied<\/strong>\u00a0ondersteunt 22K goudfolie\/laser zilverfolie maatwerk, kleurverschil \u0394E\u22641,5 (Pantone standaard). De hete het stempelen laag is\u00a0<strong>secundair lamineren en uitharden<\/strong>\u00a0en het aantal slijtagetijden is meer dan 5.000 keer, wat voldoet aan de duurzaamheidseisen van luxe goederen.<\/p>\n<h2 id=\"-7-morandi-pink-visual-system-elegant-empowerment-\"><strong>7. Roze visueel systeem, elegante empowerment<\/strong><\/h2>\n<p>De hoofdkleur maakt gebruik van\u00a0<strong>Pantone 13-2805 TPG (mistpoeder grijs)<\/strong>\u00a0, a\u00a0<strong>formule met lage blauwlichtreflectie<\/strong>\u00a0gecertificeerd door het Institute of Ophthalmology, en de visuele vermoeidheidsindex wordt verminderd met 37% na 60 minuten onafgebroken kijken.\u00a0<strong>Parelmoer coating<\/strong>\u00a0is ge\u00efntegreerd in het oppervlak van de doos, die een natuurlijke parelglans vertoont onder 3000K warm licht, wat de associatie met juwelencategorie\u00ebn versterkt.<\/p>\n<h2 id=\"-8-aviation-grade-ribbon-system-durable-and-value-added-\"><strong>8. Lintsysteem van luchtvaartkwaliteit, duurzaam en met toegevoegde waarde<\/strong><\/h2>\n<p>De trekring maakt gebruik van\u00a0<strong>aramidevezel + zijde gemengd<\/strong>\u00a0lint, met een breeksterkte van 220N (ASTM D5035-norm), die bestand is tegen meer dan 200 keer gewelddadig openen en sluiten. Het uiteinde is uitgerust met\u00a0<strong>gesp van titaniumlegering<\/strong>die niet roest na 1200 uur zoutsproeitest en die gravure op maat ondersteunt.<\/p>\n<h2 id=\"technical-certification-and-value-added-services\">Technische certificering en diensten met toegevoegde waarde<\/h2>\n<ul>\n<li><strong>Milieucertificering<\/strong>: Geslaagd voor FSC-boscertificering, REACH SVHC 205 tests<\/li>\n<li><strong>Aanpassingsservice<\/strong>: Ondersteunt implantatie van NFC-chip, aromamicrocapsule (rozen-\/cedargeur) en andere modules met toegevoegde waarde<\/li>\n<li><strong>Logistieke garantie<\/strong>: Voldoet aan de ISTA 3A transporttestnormen en biedt een transportverzekering met wereldwijd eigen risico.<\/li>\n<\/ul>\n<p>De geschenkdoos combineert op perfecte wijze functionele esthetiek met vakmanschap op juwelenniveau en herdefinieert het paradigma van high-end beautyverpakkingen.<\/p>","protected":false},"excerpt":{"rendered":"<p>Het uitschuifbare ontwerp is ergonomisch en maakt een soepele bediening met \u00e9\u00e9n hand mogelijk, waardoor het ruimtebeslagprobleem van de traditionele clamshell geschenkdoos wordt vermeden. Dankzij het vensterontwerp kunnen gebruikers intu\u00eftief juwelen tonen zonder de doos te openen, wat hun gevoel van vertrouwen vergroot. Het dooslichaam ondersteund door gecoat papier heeft een sterke drukweerstand en vervormt niet gemakkelijk tijdens transport en stapelen.<\/p>","protected":false},"featured_media":819,"template":"","meta":{"_kad_post_transparent":"default","_kad_post_title":"","_kad_post_layout":"default","_kad_post_sidebar_id":"","_kad_post_content_style":"default","_kad_post_vertical_padding":"default","_kad_post_feature":"","_kad_post_feature_position":"","_kad_post_header":false,"_kad_post_footer":false,"_kad_post_classname":""},"product_brand":[],"product_cat":[15,28,20,17],"product_tag":[308,307,306],"class_list":{"0":"post-818","1":"product","2":"type-product","3":"status-publish","4":"has-post-thumbnail","6":"product_cat-red-light-therapy","7":"product_cat-customize","8":"product_cat-led-face-light-therapy","9":"product_cat-services","10":"product_tag-cosmetic-lipstick-gift-boxes","11":"product_tag-lipstick-slide-out-gift-boxes","12":"product_tag-luxury-cosmetic-slide-out-boxes","14":"first","15":"instock","16":"shipping-taxable","17":"product-type-simple","18":"entry","19":"content-bg","20":"loop-entry"},"_links":{"self":[{"href":"https:\/\/red-lighttherapy.com\/nl_nl\/wp-json\/wp\/v2\/product\/818","targetHints":{"allow":["GET"]}}],"collection":[{"href":"https:\/\/red-lighttherapy.com\/nl_nl\/wp-json\/wp\/v2\/product"}],"about":[{"href":"https:\/\/red-lighttherapy.com\/nl_nl\/wp-json\/wp\/v2\/types\/product"}],"wp:featuredmedia":[{"embeddable":true,"href":"https:\/\/red-lighttherapy.com\/nl_nl\/wp-json\/wp\/v2\/media\/819"}],"wp:attachment":[{"href":"https:\/\/red-lighttherapy.com\/nl_nl\/wp-json\/wp\/v2\/media?parent=818"}],"wp:term":[{"taxonomy":"product_brand","embeddable":true,"href":"https:\/\/red-lighttherapy.com\/nl_nl\/wp-json\/wp\/v2\/product_brand?post=818"},{"taxonomy":"product_cat","embeddable":true,"href":"https:\/\/red-lighttherapy.com\/nl_nl\/wp-json\/wp\/v2\/product_cat?post=818"},{"taxonomy":"product_tag","embeddable":true,"href":"https:\/\/red-lighttherapy.com\/nl_nl\/wp-json\/wp\/v2\/product_tag?post=818"}],"curies":[{"name":"wp","href":"https:\/\/api.w.org\/{rel}","templated":true}]}}