{"id":812,"date":"2025-04-15T02:51:47","date_gmt":"2025-04-15T02:51:47","guid":{"rendered":"https:\/\/red-lighttherapy.com\/?post_type=product&#038;p=812"},"modified":"2025-04-15T03:01:39","modified_gmt":"2025-04-15T03:01:39","slug":"bespoke-soft-touch-lamination-match-style-necklaces-box","status":"publish","type":"product","link":"https:\/\/red-lighttherapy.com\/nl_nl\/bespoke-soft-touch-lamination-match-style-necklaces-box\/","title":{"rendered":"Op maat gemaakte zachte touch lamineren Match stijl kettingen box"},"content":{"rendered":"<h2 id=\"customized-soft-touch-coating-matching-style-necklace-box-product-description\">Op maat gemaakte halskettingdoos met zachte coating en bijpassende stijl productbeschrijving<\/h2>\n<h2 id=\"1-cuboid-drawer-structure-\">1. Papier<strong> ladebak structuur<\/strong><\/h2>\n<ul>\n<li>Door een precies berekende rechthoekige doosvorm te gebruiken, wordt de interne ruimtebenutting verhoogd met 30%, wat geschikt is voor juwelierswinkel toonbankdisplay en opslagsc\u00e8nes thuis op de kaptafel. De lade-type gelaagd ontwerp kan opslaan verschillende sieraden zoals kettingen, ringen, oorbellen, enz. in categorie\u00ebn om verwarring en slijtage te voorkomen.<\/li>\n<li>De doosromp is\u00a0<strong>geometrisch geoptimaliseerd<\/strong>en de randen zijn afgewerkt met 0,5 mm afgeronde hoeken, waardoor niet alleen het driedimensionale gevoel behouden blijft, maar ook de stapelstabiliteit verbeterd wordt. Het is bestand tegen 5 lagen op elkaar gelegde druk tijdens transport en werkt samen met anti-botsingsbuffermaterialen (zoals EPE-parelkatoen) om transportveiligheid met volledige verbinding te bereiken.<\/li>\n<\/ul>\n<h2 id=\"2-slide-rail-pull-out-one-hand-operation-\">2.\u00a0<strong>Schuifrail uittrekbaar met \u00e9\u00e9n hand<\/strong><\/h2>\n<ul>\n<li>Uitgerust met\u00a0<strong>geluiddempende glijrail<\/strong>De weerstand bij openen en sluiten is \u22641,5N en kan soepel worden geopend met \u00e9\u00e9n enkele handdruk, wat 40% effici\u00ebnter is dan de traditionele flip-top bediening. De levensduur van de glijrail is meer dan 100.000 keer getest en is geschikt voor hoogfrequent gebruik.<\/li>\n<li>De lade is voorzien van een\u00a0<strong>magnetisch positioneringssysteem<\/strong>\u00a0die automatisch wordt uitgelijnd wanneer hij wordt gesloten om te voorkomen dat hij per ongeluk wegglijdt door trillingen.<\/li>\n<\/ul>\n<h2 id=\"-second-surface-technology-and-visual-presentation-\"><strong>3. Oppervlaktetechnologie en visuele presentatie<\/strong><\/h2>\n<ol>\n<li><strong>Zacht aanvoelende coating en driedimensionale textuur<\/strong><\/li>\n<li>De doosbehuizing maakt gebruik van\u00a0<strong>PU-coatingtechnologie<\/strong>\u00a0Het oppervlak voelt zo fijn aan als fluweel en heeft ook anti-kras en anti-vingerafdruk eigenschappen. Via\u00a0<strong>3D reli\u00ebftechnologie<\/strong>\u00a0wordt een driedimensionale textuur van diamant\/krokodillenpatroon gevormd om de visuele gelaagdheid en merkherkenning te verbeteren.<\/li>\n<\/ol>\n<h2 id=\"4-dark-blue-main-color-and-hot-stamping-luxury-\">4.\u00a0<strong>Donkerblauwe hoofdkleur en luxe warm stempelen<\/strong><\/h2>\n<ul>\n<li>De doosromp is voornamelijk in\u00a0<strong>Pantone 19-4052 klassiek donkerblauw<\/strong>\u00a0dat vertrouwen en eeuwigheid symboliseert en zeer consistent is met de visuele taal van luxegoederen. Met\u00a0<strong>gedeeltelijke warmdruktechnologie<\/strong>\u00a0Er wordt gebruik gemaakt van 24K goudfolie en laserpositioneringstechnologie, de metaalglans \u0394E\u22641,5 en de nauwkeurigheid van de tekst\/Logo rand bereikt \u00b10,1 mm, wat de edele textuur benadrukt.<\/li>\n<\/ul>\n<h2 id=\"5-eva-velvet-composite-inner-support-\">5.\u00a0<strong>EVA+velours composiet binnenondersteuning<\/strong><\/h2>\n<ul>\n<li>De binnenvoering maakt gebruik van\u00a0<strong>EVA-spons met hoge dichtheid<\/strong>\u00a0(hardheid 40\u00b15 Shore C) en\u00a0<strong>600D fluweel<\/strong>\u00a0composietstructuur, die zacht aanvoelt en een sterke drukweerstand heeft, waardoor de sieraden tegen stoten worden beschermd.<\/li>\n<li><strong>Modulair kaartslotontwerp<\/strong>:<\/li>\n<li><strong>Kettinggleuf<\/strong>: U-vormige groefdiepte 15 mm, geschikt voor kettingen met een kettinglengte van 40-70 cm;<\/li>\n<li><strong>Ringhouder<\/strong>: Verstelbare siliconen ringbevestigingspositie, compatibel met ringen 4-20;<\/li>\n<li><strong>Oorsieraden aansluiting<\/strong>Combinatie van een pengat met een diameter van 2 mm en een magnetische opbergsleuf voor oordopjes.<\/li>\n<\/ul>\n<h2 id=\"6-highly-customized-solutions-\">6.\u00a0<strong>Oplossingen op maat<\/strong><\/h2>\n<ul>\n<li><strong>Maat aanpassen<\/strong>: Ondersteunt aanpassing van het doosformaat van 5cm\u00d75cm tot 30cm\u00d730cm, geschikt voor huwelijkssets, geschenkdozen voor een enkel item en andere scenario's;<\/li>\n<li><strong>Integratie van merkelementen<\/strong>: Kan RFID-chips inbouwen, merklogo's lasergraveren of reli\u00ebfpatronen en warmdrukposities aanpassen in combinatie met VI-systemen van de klant;<\/li>\n<li><strong>Massaproductie en verpakking<\/strong>: Ondersteunt een minimumorder van 500 stuks en biedt ge\u00efntegreerde verpakkingsoplossingen zoals stofzakken, geschenkdozen en transportpallets.<\/li>\n<\/ul>\n<h2 id=\"7-technical-parameters-and-environmental-standards-\">7.\u00a0<strong>Technische parameters en milieunormen<\/strong><\/h2>\n<ul>\n<li><strong>Materiaal<\/strong>: ABS-kunststof substraat van levensmiddelenkwaliteit + milieuvriendelijke PU-coating (REACH\/SVHC-gecertificeerd);<\/li>\n<li><strong>Procesnormen<\/strong>: ISO 9001 kwaliteitsmanagementsysteem, hete stempelen nauwkeurigheid fout \u2264 0,2 mm;<\/li>\n<li><strong>Toepasselijke scenario's<\/strong>: Vlaggenschipstores van juweliersmerken, hoogwaardige geschenkaanpassingen, juwelenverpakkingen voor veilinghuizen.<\/li>\n<\/ul>","protected":false},"excerpt":{"rendered":"<p>Cre\u00eber een juwelenlade-oplossing die zowel praktisch als artistiek is en voldoet aan de behoefte van luxe juwelenmerken aan verfijnde, functionele en op maat gemaakte verpakkingen.<\/p>","protected":false},"featured_media":813,"template":"","meta":{"_kad_post_transparent":"default","_kad_post_title":"","_kad_post_layout":"default","_kad_post_sidebar_id":"","_kad_post_content_style":"default","_kad_post_vertical_padding":"default","_kad_post_feature":"","_kad_post_feature_position":"","_kad_post_header":false,"_kad_post_footer":false,"_kad_post_classname":""},"product_brand":[],"product_cat":[15,20,17],"product_tag":[303,305,304],"class_list":{"0":"post-812","1":"product","2":"type-product","3":"status-publish","4":"has-post-thumbnail","6":"product_cat-red-light-therapy","7":"product_cat-led-face-light-therapy","8":"product_cat-services","9":"product_tag-bespoke-necklaces-box","10":"product_tag-match-style-necklaces-box","11":"product_tag-soft-touch-lamination-necklaces-box","13":"first","14":"instock","15":"shipping-taxable","16":"product-type-simple","17":"entry","18":"content-bg","19":"loop-entry"},"_links":{"self":[{"href":"https:\/\/red-lighttherapy.com\/nl_nl\/wp-json\/wp\/v2\/product\/812","targetHints":{"allow":["GET"]}}],"collection":[{"href":"https:\/\/red-lighttherapy.com\/nl_nl\/wp-json\/wp\/v2\/product"}],"about":[{"href":"https:\/\/red-lighttherapy.com\/nl_nl\/wp-json\/wp\/v2\/types\/product"}],"wp:featuredmedia":[{"embeddable":true,"href":"https:\/\/red-lighttherapy.com\/nl_nl\/wp-json\/wp\/v2\/media\/813"}],"wp:attachment":[{"href":"https:\/\/red-lighttherapy.com\/nl_nl\/wp-json\/wp\/v2\/media?parent=812"}],"wp:term":[{"taxonomy":"product_brand","embeddable":true,"href":"https:\/\/red-lighttherapy.com\/nl_nl\/wp-json\/wp\/v2\/product_brand?post=812"},{"taxonomy":"product_cat","embeddable":true,"href":"https:\/\/red-lighttherapy.com\/nl_nl\/wp-json\/wp\/v2\/product_cat?post=812"},{"taxonomy":"product_tag","embeddable":true,"href":"https:\/\/red-lighttherapy.com\/nl_nl\/wp-json\/wp\/v2\/product_tag?post=812"}],"curies":[{"name":"wp","href":"https:\/\/api.w.org\/{rel}","templated":true}]}}