{"id":308,"date":"2025-04-11T01:44:45","date_gmt":"2025-04-11T01:44:45","guid":{"rendered":"https:\/\/red-lighttherapy.com\/?post_type=product&#038;p=308"},"modified":"2025-04-11T02:01:12","modified_gmt":"2025-04-11T02:01:12","slug":"premium-quality-custom-tea-packaging-pouches-boxes-wholesale","status":"publish","type":"product","link":"https:\/\/red-lighttherapy.com\/nl_nl\/premium-quality-custom-tea-packaging-pouches-boxes-wholesale\/","title":{"rendered":"Hoogwaardige kwaliteit aangepaste thee verpakking zakjes dozen groothandel"},"content":{"rendered":"<h2 id=\"-high-end-customized-tea-gift-box-a-packaging-solution-that-combines-traditional-aesthetics-with-modern-practicality-\"><strong>Hoogwaardige theeverpakkingszakjes groothandel - een verpakkingsoplossing die traditionele esthetiek combineert met moderne functionaliteit<\/strong><\/h2>\n<h2 id=\"-1-core-material-a-perfect-balance-between-environmental-protection-and-pressure-resistance-\"><strong>1. Kernmateriaal: een perfecte balans tussen milieubescherming en drukbestendigheid<\/strong><\/h2>\n<p>Deze theeverpakkingsdoos heeft een\u00a0<strong>Ontwerp dubbellaagse composietstructuur\u00a0<\/strong>: de buitenste laag is\u00a0<strong>FSC gecertificeerd rood karton\u00a0<\/strong>en de binnenlaag is aangevuld met\u00a0<strong>grijs karton met hoge dichtheid\u00a0<\/strong>een dubbele doorbraak op het gebied van milieubescherming en functionaliteit.<\/p>\n<ul>\n<li><strong>Milieucertificering\u00a0<\/strong>: Voldoet aan de SGS-tests en EN71-veiligheidsnormen, maakt gebruik van zuivere houtpulp en kleurstoffen van levensmiddelenkwaliteit om direct contact met theebladeren te garanderen.<\/li>\n<li><strong>Weerstand tegen compressie\u00a0<\/strong>: Volgens laboratoriumtests kan de doos 15 kg dragen zonder te vervormen en zijn antiseismische prestaties zijn 30% beter dan de industrienorm (gegevens uit het witboek van de Packaging Industry Association).<\/li>\n<li><strong>Detailverwerking\u00a0<\/strong>: Het oppervlak is bedekt met matte filmtechnologie, die een delicate touch en anti-vingerafdruk residu heeft, het verbeteren van de high-end textuur.<\/li>\n<\/ul>\n<h2 id=\"-ii-humanized-design-innovative-experience-of-pull-out-opening-and-closing-\"><strong>2. Gehumaniseerd ontwerp: innovatieve ervaring van uittrekbaar openen en sluiten<\/strong><\/h2>\n<p>adopteren\u00a0<strong>uittreksysteem met zwaartekrachtkern<\/strong>Het zorgt voor een soepele werking van \"openen met \u00e9\u00e9n keer tillen en sluiten met \u00e9\u00e9n keer duwen\":<\/p>\n<ul>\n<li><strong>Verbeterd gevoel voor ceremonie<\/strong>: Het dempende ontwerp van 3 mm maakt het uittrekproces als het openen van een dierbaar boek, wat de interactieve ervaring van consumenten verbetert.<\/li>\n<li><strong>Stabiele structuur<\/strong>: Het spoor maakt gebruik van 45\u00b0 schuine versterkingstechnologie en blijft soepel als voorheen na 5000 openings- en sluitingstests (in overeenstemming met de GB\/T 4857-norm).<\/li>\n<li><strong>Ruimteoptimalisatie<\/strong>: De diepte van de doos is 20% minder dan die van het traditionele clamshell type, wat geschikter is voor supermarktdisplay en opslag en transport.<\/li>\n<\/ul>\n<h2 id=\"-iii-visual-communication-modern-expression-of-oriental-aesthetics-\"><strong>3. Visuele communicatie: moderne uitdrukking van oosterse esthetiek<\/strong><\/h2>\n<p><strong>Ontwerptaal<\/strong>\u00a0neemt \"minder is meer\" als kernconcept:<\/p>\n<ul>\n<li><strong>Kleurensysteem<\/strong>: De hoofdkleur is\u00a0<strong>Verboden Stad Rode Muur (Pantone 18-1663TPX)<\/strong>die waardigheid en voorspoed symboliseert. Kleurenpsychologie heeft aangetoond dat het de bereidheid om cadeaus te kopen met 32% kan verhogen.<\/li>\n<li><strong>Visuele focus<\/strong>2 mm gecentreerd ontwerp met mat gouden logo, gecombineerd met een ultrafijn hol frame van 0,3 mm, verhoogt de merkherkenning met 57% (gegevens uit onderzoek van de China Packaging Design Association).<\/li>\n<li><strong>Culturele symbolen<\/strong>: Optioneel 24 zonne-termen hot stamping patronen of Tea Horse Ancient Road reli\u00ebf vakmanschap om culturele attributen te verdiepen.<\/li>\n<\/ul>\n<h2 id=\"-fourth-lining-protection-dual-upgrade-of-function-and-aesthetics-\"><strong>4. Bescherming van de voering: dubbele opwaardering van functie en esthetiek<\/strong><\/h2>\n<p>Innovatief\u00a0<strong>drietraps buffersysteem<\/strong>\u00a0garandeert de veiligheid van thee:<\/p>\n<ol>\n<li><strong>Eerste laag bescherming<\/strong>: 2 mm zwart EVA-schuim binnensteun, geslaagd voor ISTA 3A vervoerstest standaard<\/li>\n<li><strong>Stabiliteit van de middelste laag<\/strong>: golvende kartonnen afscheiding, verspreidt effectief extern krachteffect<\/li>\n<li><strong>Onderste laag ondersteuning<\/strong>: voedselveilig zwavelzuurpapier is onafhankelijk verpakt, met een vochtbestendigheidsgraad van 98,7%\u00a0<em>Opmerking: De zwarte kartonnen voering is gekalibreerd door LAB colorimeter, die het kleurcontrast van thee kan verhogen met 41%<\/em><\/li>\n<\/ol>\n<h2 id=\"-five-flexible-customization-adapt-to-full-scene-needs-\"><strong>5. Flexibele aanpassing: aan te passen aan alle sc\u00e8nebehoeften<\/strong><\/h2>\n<p>Wij bieden\u00a0<strong>modulaire aanpassingsdiensten<\/strong>:<\/p>\n<ul>\n<li><strong>Aanpassing grootte<\/strong>: ondersteuning 50g-5kg volledige specificatie dekking, speciale doos type 3D proofing cyclus is slechts 24 uur<\/li>\n<li><strong>Functie-uitbreiding<\/strong>: optionele NFC anti-vervalsingschip magazijn\/AR scanvenster en andere intelligente modules<\/li>\n<li><strong>Service met toegevoegde waarde<\/strong>gratis pakket sc\u00e8nemarketingmateriaal (inclusief korte unboxing-videoscript, e-commercesjabloon voor detailpagina)<\/li>\n<\/ul>\n<h2 id=\"-cooperation-process-\"><strong>Samenwerkingsproces<\/strong><\/h2>\n<ol>\n<li><strong>Eisbevestiging<\/strong>: Zorg voor productgrootte\/sc\u00e8nepositionering\/cultuurelementvereisten<\/li>\n<li><strong>Oplossing uitgang<\/strong>: Lever 3 sets ontwerpvoorstellen binnen 3 werkdagen<\/li>\n<li><strong>Bevestiging van proefafdrukken<\/strong>: Ondersteuning fysieke\/3D model dubbele verificatie<\/li>\n<li><strong>Massaproductie<\/strong>: Minimumorde van 1.000 stukken, steun directe verzending van drie pakhuizen in Oost-China\/Zuid-China\/Zuidwest-China<\/li>\n<\/ol>","protected":false},"excerpt":{"rendered":"<p>Deze doos heeft een klassiek lade-openings- en sluitingsontwerp. Hij is gemaakt van rood stevig karton en grijs kunstkarton, wat duurzame en milieuvriendelijke materialen zijn die de producten in de doos kunnen beschermen.<\/p>","protected":false},"featured_media":311,"template":"","meta":{"_kad_post_transparent":"default","_kad_post_title":"","_kad_post_layout":"default","_kad_post_sidebar_id":"","_kad_post_content_style":"default","_kad_post_vertical_padding":"default","_kad_post_feature":"","_kad_post_feature_position":"","_kad_post_header":false,"_kad_post_footer":false,"_kad_post_classname":""},"product_brand":[],"product_cat":[15,20,17],"product_tag":[98,96,97],"class_list":{"0":"post-308","1":"product","2":"type-product","3":"status-publish","4":"has-post-thumbnail","6":"product_cat-red-light-therapy","7":"product_cat-led-face-light-therapy","8":"product_cat-services","9":"product_tag-custom-tea-packaging-wholesale","10":"product_tag-tea-packaging-boxes","11":"product_tag-tea-pouches-boxes","13":"first","14":"instock","15":"shipping-taxable","16":"product-type-simple","17":"entry","18":"content-bg","19":"loop-entry"},"_links":{"self":[{"href":"https:\/\/red-lighttherapy.com\/nl_nl\/wp-json\/wp\/v2\/product\/308","targetHints":{"allow":["GET"]}}],"collection":[{"href":"https:\/\/red-lighttherapy.com\/nl_nl\/wp-json\/wp\/v2\/product"}],"about":[{"href":"https:\/\/red-lighttherapy.com\/nl_nl\/wp-json\/wp\/v2\/types\/product"}],"wp:featuredmedia":[{"embeddable":true,"href":"https:\/\/red-lighttherapy.com\/nl_nl\/wp-json\/wp\/v2\/media\/311"}],"wp:attachment":[{"href":"https:\/\/red-lighttherapy.com\/nl_nl\/wp-json\/wp\/v2\/media?parent=308"}],"wp:term":[{"taxonomy":"product_brand","embeddable":true,"href":"https:\/\/red-lighttherapy.com\/nl_nl\/wp-json\/wp\/v2\/product_brand?post=308"},{"taxonomy":"product_cat","embeddable":true,"href":"https:\/\/red-lighttherapy.com\/nl_nl\/wp-json\/wp\/v2\/product_cat?post=308"},{"taxonomy":"product_tag","embeddable":true,"href":"https:\/\/red-lighttherapy.com\/nl_nl\/wp-json\/wp\/v2\/product_tag?post=308"}],"curies":[{"name":"wp","href":"https:\/\/api.w.org\/{rel}","templated":true}]}}