{"id":994,"date":"2025-04-16T01:44:55","date_gmt":"2025-04-16T01:44:55","guid":{"rendered":"https:\/\/red-lighttherapy.com\/?post_type=product&#038;p=994"},"modified":"2025-04-16T02:03:53","modified_gmt":"2025-04-16T02:03:53","slug":"sourcing-luxury-jewelry-shopping-paper-gift-bag-with-ribbon","status":"publish","type":"product","link":"https:\/\/red-lighttherapy.com\/it\/sourcing-luxury-jewelry-shopping-paper-gift-bag-with-ribbon\/","title":{"rendered":"Sourcing gioielli di lusso Shopping Paper Gift Bag con nastro"},"content":{"rendered":"<h2 id=\"product-description-of-luxury-jewelry-shopping-paper-gift-bag\">Descrizione del prodotto di Gioielli di lusso Shopping Paper Gift Bag<\/h2>\n<h2 id=\"-1-double-rope-handle-design-a-balance-between-practicality-and-aesthetics-\"><strong>1. Design del manico a doppia corda: un equilibrio tra praticit\u00e0 ed estetica<\/strong><\/h2>\n<p>La maniglia adotta una struttura a doppia corda intrecciata ad alta densit\u00e0 e il corpo della corda \u00e8 realizzato in materiale a nastro opaco dello stesso colore del corpo della borsa, per garantire una distribuzione uniforme della forza e non schiacciare la mano durante la trazione. Buone prestazioni di carico.<\/p>\n<h2 id=\"-2-stiff-angular-lines-three-dimensional-expression-of-high-end-tone-\"><strong>2. Linee angolari rigide: espressione tridimensionale del tono di fascia alta<\/strong><\/h2>\n<p>Il corpo della borsa adotta un processo brevettato di rientranza tridimensionale e utilizza la tecnologia di piegatura a V a 120\u00b0 e di sigillatura dei bordi ad angolo retto per creare bordi taglienti come quelli dei gioielli. La carta \u00e8 realizzata in cartone bianco spesso certificato FSC e il suo strato di fibre \u00e8 trattato con una struttura composita a 7 strati. La rigidit\u00e0 \u00e8 aumentata di 23% rispetto al cartone ordinario, garantendo che il corpo della borsa sia affilato e non crolli quando \u00e8 in piedi. La fodera \u00e8 dotata di uno strato tampone in EVA di 3 mm, che rafforza ulteriormente la durezza della linea attraverso il supporto fisico e protegge i gioielli dallo schiacciamento.<\/p>\n<h2 id=\"-3-symmetrical-mechanical-structure-high-value-support-stability-\"><strong>3. Struttura meccanica simmetrica: stabilit\u00e0 del supporto ad alto valore aggiunto.<\/strong><\/h2>\n<p>La struttura simmetrica a scatola \u00e8 progettata in base al rapporto aureo e il fondo adotta il processo di rinforzo incrociato \"a pozzetto\", con una capacit\u00e0 di carico superiore a 3 kg. I fogli di supporto in plastica ABS alimentare sono incastonati nei quattro angoli del corpo del sacchetto e viene utilizzata la tecnologia di incollaggio a ultrasuoni con pressatura a caldo per evitare il rischio di deformazione causato dall'incollaggio tradizionale. Secondo i test di simulazione di laboratorio, l'angolo di inclinazione del corpo del sacco \u00e8 \u22641,5\u00b0 dopo una vibrazione continua di 2 ore a pieno carico, un valore di gran lunga superiore allo standard industriale.<\/p>\n<h2 id=\"-4-open-lacing-design-a-fusion-of-ritual-sense-and-convenience-\"><strong>4. Design aperto dell'allacciatura: una fusione di senso rituale e convenienza.<\/strong><\/h2>\n<p>La parte superiore adotta l'innovativo sistema di allacciatura aperta \"doppio binario + fibbia magnetica\":<\/p>\n<ul>\n<li><strong>Funzionalit\u00e0<\/strong>: La guida \u00e8 dotata di magneti invisibili incorporati, che possono essere aperti e chiusi in pochi secondi con una sola pressione, risolvendo il problema ingombrante dell'avvolgimento tradizionale del nastro;<\/li>\n<li><strong>Senso del rituale<\/strong>: Con un nastro di raso rosa largo 25 mm, attraverso il dispositivo di fissaggio del fiocco tridimensionale (numero di brevetto ZL20253001.2), \u00e8 possibile formare rapidamente una forma di fiocco 3D completa, con un'altezza del nodo di 4 cm, e l'impatto visivo \u00e8 aumentato di 60%.<\/li>\n<\/ul>\n<h2 id=\"-5-sustainable-material-selection-fsc-certification-and-environmentally-friendly-technology-\"><strong>5. Selezione di materiali sostenibili: Certificazione FSC e tecnologia ecologica<\/strong><\/h2>\n<ul>\n<li><strong>Materiale di base<\/strong>: 100% cartone bianco certificato FSC, 90% bianchezza e superato il test tedesco LFGB per gli odori alimentari, nessun rischio di contaminazione a contatto con i gioielli;<\/li>\n<li><strong>Rivestimento<\/strong>: Viene utilizzata una vernice ecologica a base d'acqua, con una brillantezza di 85GU (standard ISO 8254-1), che consente di ottenere una stampa UV inversa senza screpolature;<\/li>\n<li><strong>Riciclaggio<\/strong>: Il corpo della borsa pu\u00f2 essere completamente smontato in tre componenti: carta, plastica e metallo, favorendo il riciclaggio della classificazione comunitaria e riducendo l'impronta di carbonio di 37% rispetto all'imballaggio tradizionale.<\/li>\n<\/ul>\n<h2 id=\"-6-brand-visual-enhancement-system-marketing-empowerment-of-pink-and-bow-\"><strong>6. Sistema di valorizzazione visiva del marchio: Potenziamento del marketing del rosa e del fiocco<\/strong><\/h2>\n<ul>\n<li><strong>Strategia del colore<\/strong>: Il colore principale \u00e8 Pantone 13-2807TPX (rosa tenue opaco). Il test di solidit\u00e0 del colore mostra che la differenza di colore \u00e8 \u0394E\u22641,2 dopo 6 mesi di esposizione alla luce, e il rivestimento perlescente presenta una texture vellutata sfumata;<\/li>\n<li><strong>Configurazione della prua<\/strong>: Il nastro contiene seta di gelso 32% e la larghezza \u00e8 progettata in base al rapporto della sequenza di Fibonacci (25mm:15mm:9mm). Il corpo \u00e8 dotato di uno scheletro in filo d'acciaio a memoria di forma, in grado di mantenere la forma tridimensionale per 72 ore senza deformazioni;<\/li>\n<li><strong>Esposizione del marchio<\/strong>: Il lato della borsa \u00e8 riservato alle scanalature per la stampa a caldo, supporta l'incisione laser di loghi di marca (precisione 0,1 mm) e sul retro \u00e8 presente un'area con chip NFC invisibile, che permette di passare all'applet di marca toccandola.<\/li>\n<\/ul>\n<h2 id=\"-technical-parameters-\"><strong>Parametri tecnici<\/strong><\/h2>\n<table>\n<thead>\n<tr>\n<th>Progetto<\/th>\n<th>Indice<\/th>\n<th>Standard di prova<\/th>\n<\/tr>\n<\/thead>\n<tbody>\n<tr>\n<td>Capacit\u00e0 di carico<\/td>\n<td>3,2 kg (statico)\/2,5 kg (dinamico)<\/td>\n<td>ASTM D5276<\/td>\n<\/tr>\n<tr>\n<td>Durata di apertura e chiusura<\/td>\n<td>\u2265500 volte<\/td>\n<td>GB\/T 2679.7<\/td>\n<\/tr>\n<tr>\n<td>Solidit\u00e0 del colore<\/td>\n<td>Grado 4-5 (leggero)<\/td>\n<td>ISO 105-B02<\/td>\n<\/tr>\n<tr>\n<td>Certificazione ambientale<\/td>\n<td>FSC, LFGB, REACH<\/td>\n<td>Rapporto di prova di terzi<\/td>\n<\/tr>\n<\/tbody>\n<\/table>","protected":false},"excerpt":{"rendered":"<p>Questo sacchetto regalo in carta utilizza il colore rosa come colore principale ed \u00e8 dotato di un nastro a fiocco per creare un effetto tridimensionale completo. \u00c8 abbinato a doppi manici in corda per combinare praticit\u00e0 ed estetica artistica. La struttura simmetrica garantisce una forza uniforme e pu\u00f2 sostenere stabilmente prodotti di gioielleria di alto valore.<\/p>","protected":false},"featured_media":995,"template":"","meta":{"_kad_post_transparent":"default","_kad_post_title":"","_kad_post_layout":"default","_kad_post_sidebar_id":"","_kad_post_content_style":"default","_kad_post_vertical_padding":"default","_kad_post_feature":"","_kad_post_feature_position":"","_kad_post_header":false,"_kad_post_footer":false,"_kad_post_classname":""},"product_brand":[],"product_cat":[15,17],"product_tag":[378,377,379],"class_list":{"0":"post-994","1":"product","2":"type-product","3":"status-publish","4":"has-post-thumbnail","6":"product_cat-red-light-therapy","7":"product_cat-services","8":"product_tag-jewelry-paper-gift-bag","9":"product_tag-luxury-jewelry-shopping-bag","10":"product_tag-sourcing-jewelry-gift-bag","12":"first","13":"instock","14":"shipping-taxable","15":"product-type-simple","16":"entry","17":"content-bg","18":"loop-entry"},"_links":{"self":[{"href":"https:\/\/red-lighttherapy.com\/it\/wp-json\/wp\/v2\/product\/994","targetHints":{"allow":["GET"]}}],"collection":[{"href":"https:\/\/red-lighttherapy.com\/it\/wp-json\/wp\/v2\/product"}],"about":[{"href":"https:\/\/red-lighttherapy.com\/it\/wp-json\/wp\/v2\/types\/product"}],"wp:featuredmedia":[{"embeddable":true,"href":"https:\/\/red-lighttherapy.com\/it\/wp-json\/wp\/v2\/media\/995"}],"wp:attachment":[{"href":"https:\/\/red-lighttherapy.com\/it\/wp-json\/wp\/v2\/media?parent=994"}],"wp:term":[{"taxonomy":"product_brand","embeddable":true,"href":"https:\/\/red-lighttherapy.com\/it\/wp-json\/wp\/v2\/product_brand?post=994"},{"taxonomy":"product_cat","embeddable":true,"href":"https:\/\/red-lighttherapy.com\/it\/wp-json\/wp\/v2\/product_cat?post=994"},{"taxonomy":"product_tag","embeddable":true,"href":"https:\/\/red-lighttherapy.com\/it\/wp-json\/wp\/v2\/product_tag?post=994"}],"curies":[{"name":"wp","href":"https:\/\/api.w.org\/{rel}","templated":true}]}}