{"id":988,"date":"2025-04-16T01:18:51","date_gmt":"2025-04-16T01:18:51","guid":{"rendered":"https:\/\/red-lighttherapy.com\/?post_type=product&#038;p=988"},"modified":"2025-04-20T06:05:30","modified_gmt":"2025-04-20T06:05:30","slug":"luxury-paper-gift-bags-for-cosmetics-perfume-distributors","status":"publish","type":"product","link":"https:\/\/red-lighttherapy.com\/it\/luxury-paper-gift-bags-for-cosmetics-perfume-distributors\/","title":{"rendered":"Sacchetti regalo di carta di lusso per i distributori di profumi e cosmetici"},"content":{"rendered":"<h2 id=\"-product-description-of-high-end-perfume-gift-bag-\"><strong>Descrizione del prodotto di alta gamma cosmetici profumo carta borsa regalo<\/strong><\/h2>\n<h2 id=\"-1-double-strand-twisted-cotton-rope-handle-tensile-strength-and-ergonomic-design-\"><strong>1. Manico in corda di cotone ritorta a doppio filo: resistenza alla trazione e design ergonomico.<\/strong><\/h2>\n<p>Adottare\u00a0<strong>processo di ritorcitura della corda di cotone ad alta densit\u00e0 a doppio filo<\/strong>Grazie all'intreccio di pi\u00f9 fili di fibre per migliorare la resistenza alla trazione (pu\u00f2 sopportare \u226510 kg), ottimizzando al contempo la sensazione di presa. La superficie della corda \u00e8 trattata in modo antisdrucciolo, insieme alla misurazione precisa del diametro e dell'arco, per garantire che la pressione del palmo sia distribuita in modo uniforme e che non vi siano segni sulla presa a lungo termine. Le due estremit\u00e0 della corda di cotone sono fissate con una fibbia a ferro di cavallo, con un design a rivetti rinforzati per evitare il rischio di caduta.<\/p>\n<h2 id=\"-2-artistic-visual-rhythm-geometric-relief-pattern-design-\"><strong>2. Ritmo visivo artistico: disegno geometrico in rilievo<\/strong><\/h2>\n<p>La visuale principale del corpo della borsa utilizza\u00a0<strong>motivo geometrico fluido a rilievo<\/strong>e il processo di goffratura tridimensionale presenta una texture a increspature con alternanza di profondit\u00e0 e profondit\u00e0. Il motivo \u00e8 ispirato alla traiettoria di movimento delle molecole di profumo, combinato con il processo di rivestimento opaco, e si forma un ritmo visivo dinamico sotto la rifrazione di luci e ombre, rafforzando la tonalit\u00e0 artistica del marchio. Il lato \u00e8 completato da un processo di sbavatura sfumata per collegare il motivo principale e l'area vuota, riflettendo l'equilibrio estetico di fascia alta.<\/p>\n<h2 id=\"-3-brand-logo-enhancement-dark-blue-base-and-hot-stamping-process-\"><strong>3. Valorizzazione del logo del marchio: base blu scuro e processo di stampa a caldo<\/strong><\/h2>\n<p>Il principale\u00a0<strong>modello blu mare profondo<\/strong>\u00a0adotta il classico numero di colore Pantone 19-4052, con un logo centrale stampato a caldo. Attraverso\u00a0<strong>Tecnologia di stampaggio a freddo di importazione tedesca<\/strong>Il restauro delle linee con precisione di 0,1 mm e lo spessore dello strato di lamina metallica raggiunge i 12\u03bcm, formando un forte contrasto visivo sulla superficie opaca della borsa. Secondo i test di laboratorio, lo strato di stampa a caldo non si \u00e8 staccato dopo 5.000 sfregamenti, soddisfacendo gli standard di durata del lusso.<\/p>\n<h2 id=\"-4-hidden-triangular-support-structure-no-load-shape-management-\"><strong>4. Struttura di supporto triangolare nascosta: gestione della forma senza carico.<\/strong><\/h2>\n<p>Innovativo incorporato\u00a0<strong>sistema di rivestimento triangolare pieghevole<\/strong>Utilizza il taglio laser di pannelli grigi da 1,2 mm di spessore. Quando \u00e8 vuota, si apre automaticamente per formare un telaio di supporto a prisma triangolare per mantenere la forma rettilinea della borsa; dopo il caricamento, si restringe in modo adattativo con il contenuto. Il bordo della fodera \u00e8 pre-interrato con fessure per l'inserimento senza colla. Dopo che i consumatori l'hanno rimossa, possono essere riassemblati in una scatola da tavolo attraverso le fibbie per ottenere un imballaggio secondario.<\/p>\n<h2 id=\"-5-fsc-certified-environmentally-friendly-material-system-\"><strong>5. Sistema di materiali ecologici certificati FSC<\/strong><\/h2>\n<p>Il corpo principale \u00e8 realizzato in\u00a0<strong>Cartone bianco certificato FSC Mix<\/strong>\u00a0(quantit\u00e0 300g\/\u33a1, spessore 0,4mm), e la superficie \u00e8 ricoperta da un rivestimento vegetale a base d'acqua, che ha superato i test SGS e ha raggiunto gli standard di sicurezza per il contatto con gli alimenti. Il rivestimento \u00e8 costituito da una pellicola sintetica di amido di mais degradabile; il ciclo di degradazione dell'intero sacchetto \u00e8 di \u2264180 giorni e l'impronta di carbonio \u00e8 ridotta di 42% rispetto all'imballaggio tradizionale.<\/p>\n<h2 id=\"-6-magnetic-safety-closure-system-\"><strong>6. Sistema di chiusura magnetica di sicurezza<\/strong><\/h2>\n<p>La parte superiore \u00e8 dotata di\u00a0<strong>Gruppo di pulsanti magnetici NdFeB<\/strong>e la forza di chiusura \u00e8 ottimizzata a 0,8N-m dalla simulazione meccanica ANSYS. Il design a doppio polo magnetico con disposizione sfalsata consente di ottenere un allineamento preciso e il test di vibrazione del trasporto dimostra che il decadimento della forza magnetica \u00e8 inferiore a 3% dopo 10.000 aperture e chiusure. La parte di apertura e chiusura \u00e8 pre-interrata con un rivestimento in velluto antigraffio per proteggere la bottiglia cosmetica verniciata.<\/p>\n<h2 id=\"-7-die-cutting-and-indentation-rapid-prototyping-technology-\"><strong>7. Tecnologia di prototipazione rapida con fustellatura e dentellatura<\/strong><\/h2>\n<p>Il\u00a0<strong>sistema di fustellatura digitale<\/strong>\u00a0viene utilizzato per completare l'intaglio preciso a V di 85\u00b0, integrato dal segno di guida della linea di pre-piegatura. Il personale del distributore pu\u00f2 completare la sagomatura tridimensionale del sacchetto in 30 secondi, riducendo i costi di manodopera di 60%. Viene fornita una guida alla trasformazione fai-da-te. Dopo aver conservato il sacchetto, i consumatori possono trasformarlo in un portagioie a sei griglie piegando le linee pre-tagliate, prolungando cos\u00ec il ciclo di vita dell'imballaggio.<\/p>","protected":false},"excerpt":{"rendered":"<p>Questo sacchetto regalo in carta blu scuro presenta un logo in lamina d'oro stampata a caldo al centro della parte anteriore per migliorare il ricordo del marchio. La corda di cotone a doppia torsione migliora la resistenza alla trazione e garantisce una distribuzione uniforme della pressione sul palmo della mano durante il trasporto. \u00c8 un sacchetto regalo di carta speciale di alta gamma per cosmetici e profumi.<\/p>","protected":false},"featured_media":989,"template":"","meta":{"_kad_post_transparent":"default","_kad_post_title":"","_kad_post_layout":"default","_kad_post_sidebar_id":"","_kad_post_content_style":"default","_kad_post_vertical_padding":"default","_kad_post_feature":"","_kad_post_feature_position":"","_kad_post_header":false,"_kad_post_footer":false,"_kad_post_classname":""},"product_brand":[],"product_cat":[15,28,17],"product_tag":[376,374,375],"class_list":{"0":"post-988","1":"product","2":"type-product","3":"status-publish","4":"has-post-thumbnail","6":"product_cat-red-light-therapy","7":"product_cat-customize","8":"product_cat-services","9":"product_tag-luxury-cosmetics-perfume-gift-bags","10":"product_tag-paper-gift-bags-for-cosmetics","11":"product_tag-perfume-shopping-bags","13":"first","14":"instock","15":"shipping-taxable","16":"product-type-simple","17":"entry","18":"content-bg","19":"loop-entry"},"_links":{"self":[{"href":"https:\/\/red-lighttherapy.com\/it\/wp-json\/wp\/v2\/product\/988","targetHints":{"allow":["GET"]}}],"collection":[{"href":"https:\/\/red-lighttherapy.com\/it\/wp-json\/wp\/v2\/product"}],"about":[{"href":"https:\/\/red-lighttherapy.com\/it\/wp-json\/wp\/v2\/types\/product"}],"wp:featuredmedia":[{"embeddable":true,"href":"https:\/\/red-lighttherapy.com\/it\/wp-json\/wp\/v2\/media\/989"}],"wp:attachment":[{"href":"https:\/\/red-lighttherapy.com\/it\/wp-json\/wp\/v2\/media?parent=988"}],"wp:term":[{"taxonomy":"product_brand","embeddable":true,"href":"https:\/\/red-lighttherapy.com\/it\/wp-json\/wp\/v2\/product_brand?post=988"},{"taxonomy":"product_cat","embeddable":true,"href":"https:\/\/red-lighttherapy.com\/it\/wp-json\/wp\/v2\/product_cat?post=988"},{"taxonomy":"product_tag","embeddable":true,"href":"https:\/\/red-lighttherapy.com\/it\/wp-json\/wp\/v2\/product_tag?post=988"}],"curies":[{"name":"wp","href":"https:\/\/api.w.org\/{rel}","templated":true}]}}